{"id":28491,"date":"2024-09-20T13:40:42","date_gmt":"2024-09-20T13:40:42","guid":{"rendered":"https:\/\/be-accepted.com\/gtc\/"},"modified":"2024-12-21T16:15:00","modified_gmt":"2024-12-21T16:15:00","slug":"gtc","status":"publish","type":"page","link":"https:\/\/be-accepted.com\/es\/gtc\/","title":{"rendered":"GTC"},"content":{"rendered":"\t\t<div data-elementor-type=\"wp-page\" data-elementor-id=\"28491\" class=\"elementor elementor-28491 elementor-2223\" data-elementor-post-type=\"page\">\n\t\t\t\t\t\t<section class=\"elementor-section elementor-top-section elementor-element elementor-element-12c180f elementor-section-boxed elementor-section-height-default elementor-section-height-default\" data-id=\"12c180f\" data-element_type=\"section\" data-e-type=\"section\" data-settings=\"{&quot;background_background&quot;:&quot;classic&quot;}\">\n\t\t\t\t\t\t\t<div class=\"elementor-background-overlay\"><\/div>\n\t\t\t\t\t\t\t<div class=\"elementor-container elementor-column-gap-default\">\n\t\t\t\t\t<div class=\"elementor-column elementor-col-100 elementor-top-column elementor-element elementor-element-ab14188\" data-id=\"ab14188\" data-element_type=\"column\" data-e-type=\"column\">\n\t\t\t<div class=\"elementor-widget-wrap elementor-element-populated\">\n\t\t\t\t\t\t\t<\/div>\n\t\t<\/div>\n\t\t\t\t\t<\/div>\n\t\t<\/section>\n\t\t\t\t<section class=\"elementor-section elementor-top-section elementor-element elementor-element-1a638ad elementor-section-boxed elementor-section-height-default elementor-section-height-default\" data-id=\"1a638ad\" data-element_type=\"section\" data-e-type=\"section\">\n\t\t\t\t\t\t<div class=\"elementor-container elementor-column-gap-default\">\n\t\t\t\t\t<div class=\"elementor-column elementor-col-100 elementor-top-column elementor-element elementor-element-654ee67\" data-id=\"654ee67\" data-element_type=\"column\" data-e-type=\"column\">\n\t\t\t<div class=\"elementor-widget-wrap elementor-element-populated\">\n\t\t\t\t\t\t<div class=\"elementor-element elementor-element-d3d6f16 elementor-widget elementor-widget-heading\" data-id=\"d3d6f16\" data-element_type=\"widget\" data-e-type=\"widget\" data-widget_type=\"heading.default\">\n\t\t\t\t\t<h2 class=\"elementor-heading-title elementor-size-default\">Condiciones generales  <\/h2>\t\t\t\t<\/div>\n\t\t\t\t<div class=\"elementor-element elementor-element-06c853c elementor-widget elementor-widget-text-editor\" data-id=\"06c853c\" data-element_type=\"widget\" data-e-type=\"widget\" data-widget_type=\"text-editor.default\">\n\t\t\t\t\t\t\t\t\t<p>\u00a0<\/p><h2><span style=\"color: var( --e-global-color-text ); font-family: var( --e-global-typography-d3dae9a-font-family ), Sans-serif; font-size: var( --e-global-typography-d3dae9a-font-size ); font-weight: var( --e-global-typography-d3dae9a-font-weight );\">\u00a7 1 Aplicaci\u00f3n de los T\u00e9rminos y Condiciones Generales<\/span><\/h2><p>Estos T\u00e9rminos y Condiciones Generales (TCG) se aplican a todos los contratos y pedidos con y en Be accepted. Tambi\u00e9n se aplican las posibles disposiciones contractuales especiales complementarias a las respectivas ofertas, sobre las cuales el cliente ser\u00e1 informado por separado. No se han realizado acuerdos verbales adicionales. Usted puede guardar y\/o imprimir los TCG en su ordenador. Los TCG de Be accepted son exclusivamente aplicables.<\/p><h3>\u00a7 2 Contrapartes del Contrato<\/h3><p>En todos los contratos sobre productos de Be accepted, su contraparte contractual es:<\/p><p><strong>Be accepted GmbH<\/strong>, representada por la Directora Ejecutiva <strong>Mag.  Caroline Justich<\/strong>, Vegagasse 4\/2, 1190 Viena, Tel\u00e9fono: +43 664 , Correo electr\u00f3nico: <a href=\"mailto:office@be-accepted.com\">office@be-accepted.com<\/a>.<\/p><h3>\u00a7 3 Conclusi\u00f3n del Contrato<\/h3><p>Las ofertas en Internet constituyen una invitaci\u00f3n no vinculante para usted para comprar los productos. Despu\u00e9s de ingresar sus datos y hacer clic en el bot\u00f3n de pedido, usted realiza una oferta vinculante para la celebraci\u00f3n de un contrato de compra. El contrato se celebra a m\u00e1s tardar cuando haya recibido nuestra oferta o su pedido.<\/p><h3>\u00a7 4 Informaci\u00f3n sobre el Derecho de Retracto<\/h3><p>Si usted celebra el contrato como consumidor, tiene el siguiente derecho legal de retracto:<\/p><p><strong>Derecho de Retracto<\/strong><\/p><p>Usted tiene el derecho de retractarse de este contrato dentro de los catorce d\u00edas sin necesidad de dar ninguna justificaci\u00f3n. El plazo de retracto es de catorce d\u00edas a partir del d\u00eda de la celebraci\u00f3n del contrato en el caso de una membres\u00eda, y de catorce d\u00edas a partir del d\u00eda en que usted o un tercero designado por usted, que no sea el transportista, hayan tomado posesi\u00f3n de los bienes o en el caso de un pedido de varios bienes, del \u00faltimo bien. Para ejercer su derecho de retracto, debe informarnos (Be accepted GmbH, Vegagasse 4\/2, 1190 Viena, <a href=\"mailto:office@be-accepted.com\">office@be-accepted.com<\/a>) mediante una declaraci\u00f3n inequ\u00edvoca (por ejemplo, una carta enviada por correo postal, fax o correo electr\u00f3nico) de su decisi\u00f3n de retractarse de este contrato. Puede utilizar el siguiente formulario de retracto modelo, que no es obligatorio.<\/p><p>Para cumplir con el plazo de retracto, basta con que usted env\u00ede su comunicaci\u00f3n sobre el ejercicio del derecho de retracto antes de que expire el plazo de catorce d\u00edas.<\/p><p><strong>Consecuencias del Retracto<\/strong><\/p><p>Si usted se retracta de este contrato, nosotros le reembolsaremos todos los pagos que hayamos recibido de usted, sin demora y a m\u00e1s tardar catorce d\u00edas a partir del d\u00eda en que recibamos su comunicaci\u00f3n sobre el ejercicio del derecho de retracto. Para este reembolso utilizaremos el mismo medio de pago que usted emple\u00f3 para la transacci\u00f3n original, a menos que usted haya acordado expresamente otro; en ning\u00fan caso incurrir\u00e1 en costes por este reembolso. Podemos retrasar el reembolso hasta que hayamos recibido los bienes de vuelta o hasta que usted haya proporcionado una prueba de que los ha enviado de vuelta, lo que ocurra primero.<\/p><p>Usted debe devolver los bienes sin demoras y, en todo caso, a m\u00e1s tardar catorce d\u00edas a partir del d\u00eda en que nos informe de su decisi\u00f3n de retractarse de este contrato. El plazo se cumple si usted env\u00eda los bienes antes de que finalice el plazo de catorce d\u00edas. Usted soporta los costes directos de la devoluci\u00f3n de los bienes.<\/p><p><strong>Formulario de Retracto Modelo<\/strong><\/p><p>Si desea retractarse de este contrato, puede utilizar el siguiente formulario y enviarlo de vuelta a:<\/p><p><strong>Be accepted GmbH<\/strong>, Vegagasse 4\/2, 1190 Viena, <a href=\"mailto:office@be-accepted.com\">office@be-accepted.com<\/a><\/p><p>Por la presente, yo\/nosotros (<em>) retracto(n) el contrato celebrado por m\u00ed\/nosotros (<\/em>) para la compra de los siguientes bienes (<em>) \/ la prestaci\u00f3n de la siguiente(s) servicio(s) (<\/em>)<\/p><p>Pedido el (<em>) \/ recibido el (<\/em>)<\/p><p>Nombre del\/de los consumidor(es)<\/p><p>Direcci\u00f3n del\/de los consumidor(es)<\/p><p>Firma del\/de los consumidor(es) (solo si la comunicaci\u00f3n se realiza por escrito)<\/p><p>Fecha<\/p><p><strong>Consecuencias del Retracto de la Membres\u00eda<\/strong><\/p><p>Si usted ha solicitado que el servicio comience durante el plazo de retracto, usted deber\u00e1 pagarnos un monto razonable, que corresponde a la proporci\u00f3n de los servicios ya prestados hasta el momento en que nos informa de su decisi\u00f3n de ejercer el derecho de retracto respecto a este contrato, en comparaci\u00f3n con el alcance total de los servicios previstos en el contrato.<\/p><h3>\u00a7 5 Exenci\u00f3n de Responsabilidad y Garant\u00eda<\/h3><p><strong>Exenci\u00f3n de Responsabilidad<\/strong><\/p><p>Por favor, tenga en cuenta que todos los contenidos de la p\u00e1gina web, la revista y otros productos de Be accepted GmbH tienen un car\u00e1cter puramente pedag\u00f3gico y educativo y no est\u00e1n destinados de ninguna manera a sustituir el asesoramiento m\u00e9dico profesional.<\/p><p>Al comprar la membres\u00eda de este sitio web (<a href=\"http:\/\/www.be-accepted.com\/\">www.be-accepted.com<\/a>), usted acepta, est\u00e1 de acuerdo y entiende que nosotros no damos garant\u00edas, promesas o representaciones verbales o escritas respecto a su salud o resultados de salud.<\/p><p>Al comprar la membres\u00eda, usted tambi\u00e9n reconoce que debido a la naturaleza de los contenidos de la secci\u00f3n de membres\u00eda y el alcance de estos, todos los testimonios o apoyos de nuestros clientes o del p\u00fablico que se muestran en nuestros programas, sitios web, contenidos, p\u00e1ginas de aterrizaje, p\u00e1ginas de venta u ofertas no han sido evaluados cient\u00edficamente por nosotros y los resultados experimentados por individuos pueden variar considerablemente.<\/p><p>Todas las declaraciones o representaciones en y en nuestros productos, sitios web, revistas, programas, contenidos y otras ofertas son meramente nuestra opini\u00f3n y, por lo tanto, no constituyen garant\u00edas o promesas de un cambio en su estado de salud.<\/p><p>Todas las ofertas nuestras no son un asesoramiento m\u00e9dico o psicol\u00f3gico profesional, sino meramente informaci\u00f3n pedag\u00f3gica.<\/p><p>Todos los contenidos en este sitio web, incluyendo texto, im\u00e1genes, audio u otros formatos, han sido creados solo con fines informativos. El contenido no est\u00e1 destinado a sustituir asesoramiento m\u00e9dico profesional, diagn\u00f3stico o tratamiento. En caso de dudas sobre su estado de salud, siempre debe consultar a su m\u00e9dico o a otro profesional de salud calificado. Nunca ignore un consejo m\u00e9dico profesional ni dude en obtenerlo solo porque ha le\u00eddo algo en este sitio web.<\/p><p>Si cree que tiene una emergencia m\u00e9dica, llame a su m\u00e9dico, vaya a la sala de urgencias o llame inmediatamente al 112. Ni el sitio web ni la revista de Be accepted GmbH recomiendan o respaldan pruebas, m\u00e9dicos, productos, procedimientos, opiniones u otra informaci\u00f3n espec\u00edfica. La confianza en la informaci\u00f3n publicada en los productos de Be accepted GmbH, especialmente en la revista Be accepted, el sitio web <a href=\"http:\/\/www.be-accepted.com\/\">www.be-accepted.com<\/a>, la secci\u00f3n de miembros de Be-accepted.com, se realiza \u00fanicamente bajo su propio riesgo. Esto incluye informaci\u00f3n creada por empleados de Be accepted, redactores de contratos y profesionales m\u00e9dicos para los productos de Be accepted GmbH, y proporcionada a los lectores y miembros mediante publicaciones.<\/p><p>Los enlaces a contenidos educativos que no han sido creados por <a href=\"http:\/\/www.be-accepted.com\/\">www.be-accepted.com<\/a> se realizan bajo su propio riesgo. Be-accepted.com no es responsable de las afirmaciones de sitios web externos y empresas educativas.<\/p><p><strong>Garant\u00eda<\/strong><\/p><p>La garant\u00eda se rige por las disposiciones legales. Si no es posible un intercambio o mejora (no factible, demasiado laborioso, poco razonable, retraso en el plazo), el comprador tiene derecho a una reducci\u00f3n del precio o, si el defecto no es menor, a la resoluci\u00f3n del contrato. La compensaci\u00f3n por da\u00f1os (defectuosos) y dem\u00e1s da\u00f1os materiales, patrimoniales y da\u00f1os a terceros contra el cliente, salvo que se trate de una transacci\u00f3n de consumo, est\u00e1 excluida.<\/p><h3>\u00a7 6 Reserva de Propiedad y Asunci\u00f3n de Riesgo en la Entrega<\/h3><p>El objeto de la compra permanece como nuestra propiedad hasta el completo pago.<\/p><p>En el env\u00edo de la mercanc\u00eda, el riesgo de p\u00e9rdida o da\u00f1o de la mercanc\u00eda pasa al consumidor \u00fanicamente cuando la mercanc\u00eda ha sido entregada al consumidor o a un tercero designado por \u00e9l que no sea el transportista. Sin embargo, si el consumidor ha celebrado el contrato de transporte por s\u00ed mismo sin utilizar una opci\u00f3n de selecci\u00f3n propuesta por nosotros, el riesgo pasa ya con la entrega de la mercanc\u00eda al transportista.<\/p><h3>\u00a7 7 Pago<\/h3><p>El precio de compra o la cuota mensual de membres\u00eda debe ser pagada por usted conforme al pedido realizado mediante tarjeta de cr\u00e9dito (Visa o Mastercard) o Paypal.<\/p><h3>\u00a7 8 Terminaci\u00f3n del Contrato en Caso de Membres\u00eda<\/h3><p>En caso de que desee continuar con su membres\u00eda m\u00e1s all\u00e1 del per\u00edodo originalmente acordado, no necesita hacer nada m\u00e1s, la suscripci\u00f3n se renueva autom\u00e1ticamente por un a\u00f1o (suscripci\u00f3n anual).<\/p><p>Su suscripci\u00f3n anual puede cancelarse en cualquier momento con un plazo de cuatro semanas antes del final del a\u00f1o de suscripci\u00f3n. Env\u00ede su declaraci\u00f3n de cancelaci\u00f3n ya sea por correo postal o por correo electr\u00f3nico a:<\/p><p><strong>Be accepted GmbH<\/strong>, Vegagasse 4\/2, 1190 Viena, Austria<\/p><p>Correo electr\u00f3nico: <a href=\"mailto:office@be-accepted.com\">office@be-accepted.com<\/a><\/p><h3>\u00a7 9 Suscripciones de Prueba<\/h3><p>Las membres\u00edas de prueba y test ofrecidas por Be accepted GmbH tienen como objetivo darle la oportunidad de conocer nuestros productos tranquilamente. Be accepted GmbH se reserva expresamente el derecho de excluir de estas ofertas a consumidores que las contraten repetidamente.<\/p><h3>\u00a7 10 Cambios en los T\u00e9rminos y Condiciones<\/h3><p>Be accepted GmbH se reserva el derecho de cambiar estos T\u00e9rminos y Condiciones Generales si es necesario. Los TCG modificados ser\u00e1n efectivos para usted si no se opone expresamente a la modificaci\u00f3n dentro de un plazo de un mes. Be accepted GmbH est\u00e1 obligada a informarle sobre el cambio y la relevancia prevista de su relaci\u00f3n al inicio del plazo de un mes.<\/p><h3>\u00a7 11 Idioma<\/h3><p>El idioma contractual, de pedidos y comercial es el alem\u00e1n.<\/p><h3>\u00a7 12 Protecci\u00f3n de Datos<\/h3><p>En el manejo de sus datos personales, cumplimos con todas las disposiciones legales aplicables.<\/p><h3>\u00a7 13 Plataforma Online de Resoluci\u00f3n de Disputas<\/h3><p>Para la resoluci\u00f3n extrajudicial de disputas relacionadas con el derecho de consumo, la Uni\u00f3n Europea proporciona la Plataforma Online de Resoluci\u00f3n de Disputas (\u00abOS-Plattform\u00bb) en <a href=\"https:\/\/ec.europa.eu\/consumers\/odreine\">https:\/\/ec.europa.eu\/consumers\/odreine<\/a>. No estamos obligados a participar en procedimientos de resoluci\u00f3n de disputas ante organismos de conciliaci\u00f3n de consumo. Le informamos que hemos decidido no participar en procedimientos de resoluci\u00f3n de disputas ante organismos de conciliaci\u00f3n de consumo.<\/p><h3>\u00a7 14 Disposiciones Generales<\/h3><p>Si alguna disposici\u00f3n de estos T\u00e9rminos y Condiciones Generales o del contrato complementado por ellos es o se vuelve inv\u00e1lida, la validez de las dem\u00e1s disposiciones no se ver\u00e1 afectada, y el contrato y estos T\u00e9rminos y Condiciones Generales permanecen plenamente v\u00e1lidos para ambas partes.<\/p><p>El comprador solo tiene derecho a compensar si la contraparte ha establecido o no disputado por la ley reclamaciones. El derecho de retenci\u00f3n del comprador solo existe en la medida en que la reclamaci\u00f3n opuesta est\u00e1 basada en el mismo contrato.<\/p><p>Si los compradores son comerciantes, entidades jur\u00eddicas de derecho p\u00fablico o fondos especiales de derecho p\u00fablico, el lugar de competencia ser\u00e1 Viena.<\/p><p>Las partes contractuales acuerdan la aplicaci\u00f3n de la ley austriaca. Si el consumidor tiene su residencia habitual, su lugar de trabajo en el pa\u00eds o est\u00e1 empleado en el pa\u00eds, se puede establecer la competencia del tribunal en cuya circunscripci\u00f3n se encuentran la residencia habitual, el lugar de trabajo o el lugar de empleo; esto no aplica para disputas legales ya surgidas.<\/p><p><strong>Fecha de vigencia:<\/strong> abril de 2023<\/p><hr \/><h3><strong>Notas Adicionales para la Traducci\u00f3n:<\/strong><\/h3><ol><li><p><strong>Consistencia en Terminolog\u00eda Legal:<\/strong><\/p><ul><li>Aseg\u00farate de que todos los t\u00e9rminos legales est\u00e9n traducidos de manera consistente a lo largo del documento. Por ejemplo, <strong>\u00abresponsable del tratamiento\u00bb<\/strong> para <strong>\u00abVerantwortliche Stelle\u00bb<\/strong>.<\/li><\/ul><\/li><li><p><strong>Formato y Estructura:<\/strong><\/p><ul><li>Mant\u00e9n la misma estructura de secciones y subsecciones para facilitar la navegaci\u00f3n y comprensi\u00f3n del documento en espa\u00f1ol.<\/li><\/ul><\/li><li><p><strong>Revisi\u00f3n Legal:<\/strong><\/p><ul><li>Aunque la traducci\u00f3n es precisa, es altamente recomendable que un <strong>experto en derecho<\/strong> o un <strong>especialista en protecci\u00f3n de datos<\/strong> revise la versi\u00f3n final para garantizar la conformidad con las leyes locales y espec\u00edficas de protecci\u00f3n de datos en los pa\u00edses hispanohablantes.<\/li><\/ul><\/li><li><p><strong>Enlaces y Referencias:<\/strong><\/p><ul><li>Verifica que todos los enlaces (URLs) est\u00e9n correctos y accesibles en la versi\u00f3n final en espa\u00f1ol.<\/li><\/ul><\/li><li><p><strong>Adaptaciones Culturales:<\/strong><\/p><ul><li>Algunas expresiones pueden requerir adaptaci\u00f3n cultural para que sean m\u00e1s comprensibles para el p\u00fablico objetivo hispanohablante.<\/li><\/ul><\/li><\/ol><hr \/><p><strong>Advertencia Legal:<\/strong> Esta traducci\u00f3n es solo para fines informativos y no constituye asesoramiento legal. Se recomienda encarecidamente que un profesional legal revise la traducci\u00f3n final para asegurar su exactitud y conformidad con las leyes aplicables.<\/p><p>Si necesitas ayuda adicional con alguna secci\u00f3n espec\u00edfica o tienes alguna otra solicitud, no dudes en hac\u00e9rmelo saber.<\/p>\t\t\t\t\t\t\t\t<\/div>\n\t\t\t\t\t<\/div>\n\t\t<\/div>\n\t\t\t\t\t<\/div>\n\t\t<\/section>\n\t\t\t\t<\/div>\n\t\t","protected":false},"excerpt":{"rendered":"<p>Condiciones generales \u00a0 \u00a7 1 Aplicaci\u00f3n de los T\u00e9rminos y Condiciones Generales Estos T\u00e9rminos y Condiciones Generales (TCG) se aplican a todos los contratos y pedidos con y en Be accepted. Tambi\u00e9n se aplican las posibles disposiciones contractuales especiales complementarias a las respectivas ofertas, sobre las cuales el cliente ser\u00e1 informado por separado. No se [&hellip;]<\/p>\n","protected":false},"author":14,"featured_media":0,"parent":0,"menu_order":0,"comment_status":"closed","ping_status":"closed","template":"elementor_header_footer","meta":{"_acf_changed":false,"footnotes":""},"class_list":["post-28491","page","type-page","status-publish","hentry"],"acf":[],"yoast_head":"<!-- This site is optimized with the Yoast SEO plugin v27.5 - https:\/\/yoast.com\/product\/yoast-seo-wordpress\/ -->\n<title>GTC - Be accepted<\/title>\n<meta name=\"robots\" content=\"index, follow, max-snippet:-1, max-image-preview:large, max-video-preview:-1\" \/>\n<link rel=\"canonical\" href=\"https:\/\/be-accepted.com\/es\/gtc\/\" \/>\n<meta property=\"og:locale\" content=\"es_ES\" \/>\n<meta property=\"og:type\" content=\"article\" \/>\n<meta property=\"og:title\" content=\"GTC - Be accepted\" \/>\n<meta property=\"og:description\" content=\"Condiciones generales \u00a0 \u00a7 1 Aplicaci\u00f3n de los T\u00e9rminos y Condiciones Generales Estos T\u00e9rminos y Condiciones Generales (TCG) se aplican a todos los contratos y pedidos con y en Be accepted. Tambi\u00e9n se aplican las posibles disposiciones contractuales especiales complementarias a las respectivas ofertas, sobre las cuales el cliente ser\u00e1 informado por separado. No se [&hellip;]\" \/>\n<meta property=\"og:url\" content=\"https:\/\/be-accepted.com\/es\/gtc\/\" \/>\n<meta property=\"og:site_name\" content=\"Be accepted\" \/>\n<meta property=\"article:modified_time\" content=\"2024-12-21T16:15:00+00:00\" \/>\n<meta name=\"twitter:card\" content=\"summary_large_image\" \/>\n<meta name=\"twitter:label1\" content=\"Tiempo de lectura\" \/>\n\t<meta name=\"twitter:data1\" content=\"10 minutos\" \/>\n<script type=\"application\/ld+json\" class=\"yoast-schema-graph\">{\"@context\":\"https:\\\/\\\/schema.org\",\"@graph\":[{\"@type\":\"WebPage\",\"@id\":\"https:\\\/\\\/be-accepted.com\\\/es\\\/gtc\\\/\",\"url\":\"https:\\\/\\\/be-accepted.com\\\/es\\\/gtc\\\/\",\"name\":\"GTC - Be accepted\",\"isPartOf\":{\"@id\":\"https:\\\/\\\/be-accepted.com\\\/es\\\/#website\"},\"datePublished\":\"2024-09-20T13:40:42+00:00\",\"dateModified\":\"2024-12-21T16:15:00+00:00\",\"breadcrumb\":{\"@id\":\"https:\\\/\\\/be-accepted.com\\\/es\\\/gtc\\\/#breadcrumb\"},\"inLanguage\":\"es\",\"potentialAction\":[{\"@type\":\"ReadAction\",\"target\":[\"https:\\\/\\\/be-accepted.com\\\/es\\\/gtc\\\/\"]}]},{\"@type\":\"BreadcrumbList\",\"@id\":\"https:\\\/\\\/be-accepted.com\\\/es\\\/gtc\\\/#breadcrumb\",\"itemListElement\":[{\"@type\":\"ListItem\",\"position\":1,\"name\":\"Startseite\",\"item\":\"https:\\\/\\\/be-accepted.com\\\/es\\\/ser-aceptado\\\/\"},{\"@type\":\"ListItem\",\"position\":2,\"name\":\"GTC\"}]},{\"@type\":\"WebSite\",\"@id\":\"https:\\\/\\\/be-accepted.com\\\/es\\\/#website\",\"url\":\"https:\\\/\\\/be-accepted.com\\\/es\\\/\",\"name\":\"Be accepted\",\"description\":\"Be accepted by Caro\",\"publisher\":{\"@id\":\"https:\\\/\\\/be-accepted.com\\\/es\\\/#organization\"},\"potentialAction\":[{\"@type\":\"SearchAction\",\"target\":{\"@type\":\"EntryPoint\",\"urlTemplate\":\"https:\\\/\\\/be-accepted.com\\\/es\\\/?s={search_term_string}\"},\"query-input\":{\"@type\":\"PropertyValueSpecification\",\"valueRequired\":true,\"valueName\":\"search_term_string\"}}],\"inLanguage\":\"es\"},{\"@type\":\"Organization\",\"@id\":\"https:\\\/\\\/be-accepted.com\\\/es\\\/#organization\",\"name\":\"BE accepted\",\"url\":\"https:\\\/\\\/be-accepted.com\\\/es\\\/\",\"logo\":{\"@type\":\"ImageObject\",\"inLanguage\":\"es\",\"@id\":\"https:\\\/\\\/be-accepted.com\\\/es\\\/#\\\/schema\\\/logo\\\/image\\\/\",\"url\":\"\",\"contentUrl\":\"\",\"caption\":\"BE accepted\"},\"image\":{\"@id\":\"https:\\\/\\\/be-accepted.com\\\/es\\\/#\\\/schema\\\/logo\\\/image\\\/\"}}]}<\/script>\n<!-- \/ Yoast SEO plugin. -->","yoast_head_json":{"title":"GTC - Be accepted","robots":{"index":"index","follow":"follow","max-snippet":"max-snippet:-1","max-image-preview":"max-image-preview:large","max-video-preview":"max-video-preview:-1"},"canonical":"https:\/\/be-accepted.com\/es\/gtc\/","og_locale":"es_ES","og_type":"article","og_title":"GTC - Be accepted","og_description":"Condiciones generales \u00a0 \u00a7 1 Aplicaci\u00f3n de los T\u00e9rminos y Condiciones Generales Estos T\u00e9rminos y Condiciones Generales (TCG) se aplican a todos los contratos y pedidos con y en Be accepted. Tambi\u00e9n se aplican las posibles disposiciones contractuales especiales complementarias a las respectivas ofertas, sobre las cuales el cliente ser\u00e1 informado por separado. No se [&hellip;]","og_url":"https:\/\/be-accepted.com\/es\/gtc\/","og_site_name":"Be accepted","article_modified_time":"2024-12-21T16:15:00+00:00","twitter_card":"summary_large_image","twitter_misc":{"Tiempo de lectura":"10 minutos"},"schema":{"@context":"https:\/\/schema.org","@graph":[{"@type":"WebPage","@id":"https:\/\/be-accepted.com\/es\/gtc\/","url":"https:\/\/be-accepted.com\/es\/gtc\/","name":"GTC - Be accepted","isPartOf":{"@id":"https:\/\/be-accepted.com\/es\/#website"},"datePublished":"2024-09-20T13:40:42+00:00","dateModified":"2024-12-21T16:15:00+00:00","breadcrumb":{"@id":"https:\/\/be-accepted.com\/es\/gtc\/#breadcrumb"},"inLanguage":"es","potentialAction":[{"@type":"ReadAction","target":["https:\/\/be-accepted.com\/es\/gtc\/"]}]},{"@type":"BreadcrumbList","@id":"https:\/\/be-accepted.com\/es\/gtc\/#breadcrumb","itemListElement":[{"@type":"ListItem","position":1,"name":"Startseite","item":"https:\/\/be-accepted.com\/es\/ser-aceptado\/"},{"@type":"ListItem","position":2,"name":"GTC"}]},{"@type":"WebSite","@id":"https:\/\/be-accepted.com\/es\/#website","url":"https:\/\/be-accepted.com\/es\/","name":"Be accepted","description":"Be accepted by Caro","publisher":{"@id":"https:\/\/be-accepted.com\/es\/#organization"},"potentialAction":[{"@type":"SearchAction","target":{"@type":"EntryPoint","urlTemplate":"https:\/\/be-accepted.com\/es\/?s={search_term_string}"},"query-input":{"@type":"PropertyValueSpecification","valueRequired":true,"valueName":"search_term_string"}}],"inLanguage":"es"},{"@type":"Organization","@id":"https:\/\/be-accepted.com\/es\/#organization","name":"BE accepted","url":"https:\/\/be-accepted.com\/es\/","logo":{"@type":"ImageObject","inLanguage":"es","@id":"https:\/\/be-accepted.com\/es\/#\/schema\/logo\/image\/","url":"","contentUrl":"","caption":"BE accepted"},"image":{"@id":"https:\/\/be-accepted.com\/es\/#\/schema\/logo\/image\/"}}]}},"_links":{"self":[{"href":"https:\/\/be-accepted.com\/es\/wp-json\/wp\/v2\/pages\/28491","targetHints":{"allow":["GET"]}}],"collection":[{"href":"https:\/\/be-accepted.com\/es\/wp-json\/wp\/v2\/pages"}],"about":[{"href":"https:\/\/be-accepted.com\/es\/wp-json\/wp\/v2\/types\/page"}],"author":[{"embeddable":true,"href":"https:\/\/be-accepted.com\/es\/wp-json\/wp\/v2\/users\/14"}],"replies":[{"embeddable":true,"href":"https:\/\/be-accepted.com\/es\/wp-json\/wp\/v2\/comments?post=28491"}],"version-history":[{"count":0,"href":"https:\/\/be-accepted.com\/es\/wp-json\/wp\/v2\/pages\/28491\/revisions"}],"wp:attachment":[{"href":"https:\/\/be-accepted.com\/es\/wp-json\/wp\/v2\/media?parent=28491"}],"curies":[{"name":"wp","href":"https:\/\/api.w.org\/{rel}","templated":true}]}}