{"id":28691,"date":"2024-09-20T13:45:27","date_gmt":"2024-09-20T13:45:27","guid":{"rendered":"https:\/\/be-accepted.com\/inteligente-8\/"},"modified":"2025-02-25T15:36:39","modified_gmt":"2025-02-25T15:36:39","slug":"redaccion","status":"publish","type":"page","link":"https:\/\/be-accepted.com\/es\/redaccion\/","title":{"rendered":"REDACCI\u00d3N"},"content":{"rendered":"\t\t<div data-elementor-type=\"wp-page\" data-elementor-id=\"28691\" class=\"elementor elementor-28691 elementor-1973\" data-elementor-post-type=\"page\">\n\t\t\t\t<div class=\"elementor-element elementor-element-d10c5f2 e-flex e-con-boxed e-con e-parent\" data-id=\"d10c5f2\" data-element_type=\"container\" data-e-type=\"container\" data-settings=\"{&quot;background_background&quot;:&quot;classic&quot;}\">\n\t\t\t\t\t<div class=\"e-con-inner\">\n\t\t<div class=\"elementor-element elementor-element-329c9e1 e-con-full e-flex e-con e-child\" data-id=\"329c9e1\" data-element_type=\"container\" data-e-type=\"container\">\n\t\t\t\t<div class=\"elementor-element elementor-element-460dfdf elementor-invisible elementor-widget elementor-widget-heading\" data-id=\"460dfdf\" data-element_type=\"widget\" data-e-type=\"widget\" data-settings=\"{&quot;_animation&quot;:&quot;fadeInDown&quot;}\" data-widget_type=\"heading.default\">\n\t\t\t\t\t<h2 class=\"elementor-heading-title elementor-size-default\">Sobre nosotros<\/h2>\t\t\t\t<\/div>\n\t\t\t\t<\/div>\n\t\t\t\t\t<\/div>\n\t\t\t\t<\/div>\n\t\t<div class=\"elementor-element elementor-element-5577a4f e-flex e-con-boxed e-con e-parent\" data-id=\"5577a4f\" data-element_type=\"container\" data-e-type=\"container\">\n\t\t\t\t\t<div class=\"e-con-inner\">\n\t\t<div class=\"elementor-element elementor-element-7cb1237 e-con-full e-flex e-con e-child\" data-id=\"7cb1237\" data-element_type=\"container\" data-e-type=\"container\">\n\t\t\t\t<div class=\"elementor-element elementor-element-44d2ab0 elementor-widget__width-initial elementor-widget elementor-widget-text-editor\" data-id=\"44d2ab0\" data-element_type=\"widget\" data-e-type=\"widget\" data-widget_type=\"text-editor.default\">\n\t\t\t\t\t\t\t\t\t<p>Caro sabe lo que significa que te diagnostiquen un c\u00e1ncer.  conoce el tema de cerca porque lo padece alguien de su familia.<\/p><p>A las dos nos encanta re\u00edr y vivir, y conseguimos centrarnos en lo positivo, por dif\u00edcil que parezca.<\/p><p>Queremos acompa\u00f1arte, motivarte e informarte a lo largo de esta monta\u00f1a rusa personal, tanto en los d\u00edas buenos como en los malos. No podemos prometerte una cura, pero podemos ayudarte a que esta etapa, tu \u00abnueva\u00bb vida, resulte lo m\u00e1s positiva y bonita posible.<\/p><p>El \u00e9xito del tratamiento suele ser el fruto de la colaboraci\u00f3n entre un buen equipo m\u00e9dico, el entorno y el compromiso y la constancia de las pacientes.<\/p><p>Esta revista tiende puentes entre la medicina convencional y otras terapias complementarias, y te ofrece informaci\u00f3n precisa para que puedas tomar decisiones bien fundamentadas.<\/p>\t\t\t\t\t\t\t\t<\/div>\n\t\t\t\t<div class=\"elementor-element elementor-element-c8d8aa9 elementor-widget__width-initial elementor-widget elementor-widget-text-editor\" data-id=\"c8d8aa9\" data-element_type=\"widget\" data-e-type=\"widget\" data-widget_type=\"text-editor.default\">\n\t\t\t\t\t\t\t\t\t<p>Be accepted te ofrece los recursos que necesitas para tomar desde ya las riendas de tu salud.<\/p><p><strong>ACEPTA \u2013 VISUALIZA \u2013 ACT\u00daA \u2013 SIGUE ACTUANDO<\/strong><\/p><p>\u00a1Esto es lo que importa ahora mismo!<\/p><p>El objetivo es recibir una atenci\u00f3n m\u00e9dica convencional integral. Para ello, debes cuidar tanto tu cuerpo como tu mente, ya que deben rendir al mismo nivel que el de cualquier deportista de \u00e9lite. Te presentaremos varias opciones para que escojas las mejores en tu caso.Todas y cada una de ellas son eficaces y pueden incorporarse f\u00e1cilmente a tu rutina diaria. La idea es aplicarlas conjuntamente.<\/p><p>Muchos estudios a escala global, entre ellos uno de la Universidad de Stanford, demuestran que un enfoque combinado y espec\u00edfico de medicina convencional y tratamientos complementarios aumenta las probabilidades de recuperaci\u00f3n.<\/p><p>Adem\u00e1s de la revista impresa, en nuestra p\u00e1gina web www.be-accepted.com encontrar\u00e1s una fuente inagotable de inspiraci\u00f3n para seguir adelante. Con ella, queremos poner a disposici\u00f3n de todas los conocimientos especializados de las mentes m\u00e1s destacadas y un universo de posibilidades, todo ello a un m\u00f3dico precio. Encontrar\u00e1s de todo: desde cursos, charlas y p\u00f3dcasts hasta v\u00eddeos de equipos expertos, una sala de chat, recetas \u00a1e incluso una tienda!<\/p><p>Nuestra esencia como mujeres es algo que nos toca especialmente la fibra sensible. Porque aunque el c\u00e1ncer nos golpee en lo m\u00e1s \u00edntimo, seguimos queriendo vivir plenamente nuestra feminidad.<\/p><p>Es tu vida, aunque ahora el c\u00e1ncer forme parte de ella. \u00a1Toma las riendas y descubre de lo que eres capaz! Estamos aqu\u00ed para apoyarte y sabemos que eres m\u00e1s fuerte que el enemigo al que te enfrentas.<\/p><p style=\"text-align: justify;\">\u00a0<\/p>\t\t\t\t\t\t\t\t<\/div>\n\t\t\t\t<\/div>\n\t\t\t\t\t<\/div>\n\t\t\t\t<\/div>\n\t\t<div class=\"elementor-element elementor-element-0ba102b elementor-hidden-desktop elementor-hidden-tablet elementor-hidden-mobile e-flex e-con-boxed e-con e-parent\" data-id=\"0ba102b\" data-element_type=\"container\" data-e-type=\"container\">\n\t\t\t\t\t<div class=\"e-con-inner\">\n\t\t<div class=\"elementor-element elementor-element-85b7541 e-con-full e-flex e-con e-child\" data-id=\"85b7541\" data-element_type=\"container\" data-e-type=\"container\">\n\t\t\t\t<div class=\"elementor-element elementor-element-31ac201 elementor-align-center elementor-widget elementor-widget-button\" data-id=\"31ac201\" data-element_type=\"widget\" data-e-type=\"widget\" data-widget_type=\"button.default\">\n\t\t\t\t\t\t\t\t\t\t<a class=\"elementor-button elementor-button-link elementor-size-sm\" href=\"https:\/\/be-accepted.com\/es\/?page_id=28411\">\n\t\t\t\t\t\t<span class=\"elementor-button-content-wrapper\">\n\t\t\t\t\t\t\t\t\t<span class=\"elementor-button-text\">Nuestros expertos<\/span>\n\t\t\t\t\t<\/span>\n\t\t\t\t\t<\/a>\n\t\t\t\t\t\t\t\t<\/div>\n\t\t\t\t<\/div>\n\t\t\t\t\t<\/div>\n\t\t\t\t<\/div>\n\t\t<div class=\"elementor-element elementor-element-3e5185a e-flex e-con-boxed e-con e-parent\" data-id=\"3e5185a\" data-element_type=\"container\" data-e-type=\"container\" data-settings=\"{&quot;background_background&quot;:&quot;classic&quot;}\">\n\t\t\t\t\t<div class=\"e-con-inner\">\n\t\t<div class=\"elementor-element elementor-element-7560994 e-con-full e-flex e-con e-child\" data-id=\"7560994\" data-element_type=\"container\" data-e-type=\"container\">\n\t\t\t\t<div class=\"elementor-element elementor-element-0938d66 elementor-widget elementor-widget-image\" data-id=\"0938d66\" data-element_type=\"widget\" data-e-type=\"widget\" data-widget_type=\"image.default\">\n\t\t\t\t\t\t\t\t\t\t\t\t\t\t\t\t<a href=\"https:\/\/be-accepted.com\/smart-8\/\">\n\t\t\t\t\t\t\t<img fetchpriority=\"high\" decoding=\"async\" width=\"549\" height=\"471\" src=\"https:\/\/be-accepted.com\/wp-content\/uploads\/2022\/07\/Be_Accepted_Octopus_Blue-1.png\" class=\"attachment-large size-large wp-image-2261\" alt=\"\" srcset=\"https:\/\/be-accepted.com\/wp-content\/uploads\/2022\/07\/Be_Accepted_Octopus_Blue-1.png 549w, https:\/\/be-accepted.com\/wp-content\/uploads\/2022\/07\/Be_Accepted_Octopus_Blue-1-450x386.png 450w, https:\/\/be-accepted.com\/wp-content\/uploads\/2022\/07\/Be_Accepted_Octopus_Blue-1-300x257.png 300w\" sizes=\"(max-width: 549px) 100vw, 549px\" \/>\t\t\t\t\t\t\t\t<\/a>\n\t\t\t\t\t\t\t\t\t\t\t\t\t\t\t<\/div>\n\t\t\t\t<div class=\"elementor-element elementor-element-e986412 elementor-widget elementor-widget-heading\" data-id=\"e986412\" data-element_type=\"widget\" data-e-type=\"widget\" data-widget_type=\"heading.default\">\n\t\t\t\t\t<h2 class=\"elementor-heading-title elementor-size-default\">El hogar de los 8 inteligentes<\/h2>\t\t\t\t<\/div>\n\t\t\t\t<div class=\"elementor-element elementor-element-ca46565 elementor-widget__width-inherit elementor-widget elementor-widget-text-editor\" data-id=\"ca46565\" data-element_type=\"widget\" data-e-type=\"widget\" data-widget_type=\"text-editor.default\">\n\t\t\t\t\t\t\t\t\t<p style=\"text-align: justify;\">Los 8 tent\u00e1culos del pulpo representan las categor\u00edas de Ser aceptado.<br \/>\nTodos funcionan bien por separado, pero el pulpo s\u00f3lo puede rendir al m\u00e1ximo si los utiliza juntos.<br \/>\nCon nuestro cuerpo ocurre exactamente lo mismo.<br \/>\nCada vez hay m\u00e1s estudios en todo el mundo, incluida la Universidad de Stanford, que demuestran que las posibilidades de curaci\u00f3n aumentan con una combinaci\u00f3n sensata de medicina convencional y complementaria.<br \/>\nEn nuestras 8 secciones, te mostramos c\u00f3mo puedes fortalecerte mental y f\u00edsicamente para recibir el mayor n\u00famero posible de tratamientos m\u00e9dicos convencionales.<br \/>\nCada secci\u00f3n muestra distintas opciones entre las que puedes elegir la que m\u00e1s te convenga.<br \/>\nNo importa cu\u00e1l elijas, s\u00f3lo que pases a la acci\u00f3n y utilices el poder de la combinaci\u00f3n de todas ellas.      <\/p>\n\t\t\t\t\t\t\t\t<\/div>\n\t\t\t\t<\/div>\n\t\t\t\t\t<\/div>\n\t\t\t\t<\/div>\n\t\t\t\t<\/div>\n\t\t","protected":false},"excerpt":{"rendered":"<p>Sobre nosotros Caro sabe lo que significa que te diagnostiquen un c\u00e1ncer. conoce el tema de cerca porque lo padece alguien de su familia. A las dos nos encanta re\u00edr y vivir, y conseguimos centrarnos en lo positivo, por dif\u00edcil que parezca. Queremos acompa\u00f1arte, motivarte e informarte a lo largo de esta monta\u00f1a rusa personal, [&hellip;]<\/p>\n","protected":false},"author":14,"featured_media":0,"parent":0,"menu_order":0,"comment_status":"closed","ping_status":"closed","template":"elementor_header_footer","meta":{"_acf_changed":false,"footnotes":""},"class_list":["post-28691","page","type-page","status-publish","hentry"],"acf":[],"yoast_head":"<!-- This site is optimized with the Yoast SEO plugin v27.5 - https:\/\/yoast.com\/product\/yoast-seo-wordpress\/ -->\n<title>REDACCI\u00d3N - Be accepted<\/title>\n<meta name=\"description\" content=\"REDACCI\u00d3N\" \/>\n<meta name=\"robots\" content=\"index, follow, max-snippet:-1, max-image-preview:large, max-video-preview:-1\" \/>\n<link rel=\"canonical\" href=\"https:\/\/be-accepted.com\/es\/redaccion\/\" \/>\n<meta property=\"og:locale\" content=\"es_ES\" \/>\n<meta property=\"og:type\" content=\"article\" \/>\n<meta property=\"og:title\" content=\"REDACCI\u00d3N - Be accepted\" \/>\n<meta property=\"og:description\" content=\"REDACCI\u00d3N\" \/>\n<meta property=\"og:url\" content=\"https:\/\/be-accepted.com\/es\/redaccion\/\" \/>\n<meta property=\"og:site_name\" content=\"Be accepted\" \/>\n<meta property=\"article:modified_time\" content=\"2025-02-25T15:36:39+00:00\" \/>\n<meta property=\"og:image\" content=\"https:\/\/be-accepted.com\/wp-content\/uploads\/2022\/07\/Be_Accepted_Octopus_Blue-1.png\" \/>\n\t<meta property=\"og:image:width\" content=\"549\" \/>\n\t<meta property=\"og:image:height\" content=\"471\" \/>\n\t<meta property=\"og:image:type\" content=\"image\/png\" \/>\n<meta name=\"twitter:card\" content=\"summary_large_image\" \/>\n<meta name=\"twitter:label1\" content=\"Tiempo de lectura\" \/>\n\t<meta name=\"twitter:data1\" content=\"3 minutos\" \/>\n<script type=\"application\/ld+json\" class=\"yoast-schema-graph\">{\"@context\":\"https:\\\/\\\/schema.org\",\"@graph\":[{\"@type\":\"WebPage\",\"@id\":\"https:\\\/\\\/be-accepted.com\\\/es\\\/redaccion\\\/\",\"url\":\"https:\\\/\\\/be-accepted.com\\\/es\\\/redaccion\\\/\",\"name\":\"REDACCI\u00d3N - Be accepted\",\"isPartOf\":{\"@id\":\"https:\\\/\\\/be-accepted.com\\\/es\\\/#website\"},\"primaryImageOfPage\":{\"@id\":\"https:\\\/\\\/be-accepted.com\\\/es\\\/redaccion\\\/#primaryimage\"},\"image\":{\"@id\":\"https:\\\/\\\/be-accepted.com\\\/es\\\/redaccion\\\/#primaryimage\"},\"thumbnailUrl\":\"https:\\\/\\\/be-accepted.com\\\/wp-content\\\/uploads\\\/2022\\\/07\\\/Be_Accepted_Octopus_Blue-1.png\",\"datePublished\":\"2024-09-20T13:45:27+00:00\",\"dateModified\":\"2025-02-25T15:36:39+00:00\",\"description\":\"REDACCI\u00d3N\",\"breadcrumb\":{\"@id\":\"https:\\\/\\\/be-accepted.com\\\/es\\\/redaccion\\\/#breadcrumb\"},\"inLanguage\":\"es\",\"potentialAction\":[{\"@type\":\"ReadAction\",\"target\":[\"https:\\\/\\\/be-accepted.com\\\/es\\\/redaccion\\\/\"]}]},{\"@type\":\"ImageObject\",\"inLanguage\":\"es\",\"@id\":\"https:\\\/\\\/be-accepted.com\\\/es\\\/redaccion\\\/#primaryimage\",\"url\":\"https:\\\/\\\/be-accepted.com\\\/wp-content\\\/uploads\\\/2022\\\/07\\\/Be_Accepted_Octopus_Blue-1.png\",\"contentUrl\":\"https:\\\/\\\/be-accepted.com\\\/wp-content\\\/uploads\\\/2022\\\/07\\\/Be_Accepted_Octopus_Blue-1.png\"},{\"@type\":\"BreadcrumbList\",\"@id\":\"https:\\\/\\\/be-accepted.com\\\/es\\\/redaccion\\\/#breadcrumb\",\"itemListElement\":[{\"@type\":\"ListItem\",\"position\":1,\"name\":\"Startseite\",\"item\":\"https:\\\/\\\/be-accepted.com\\\/es\\\/ser-aceptado\\\/\"},{\"@type\":\"ListItem\",\"position\":2,\"name\":\"REDACCI\u00d3N\"}]},{\"@type\":\"WebSite\",\"@id\":\"https:\\\/\\\/be-accepted.com\\\/es\\\/#website\",\"url\":\"https:\\\/\\\/be-accepted.com\\\/es\\\/\",\"name\":\"Be accepted\",\"description\":\"Be accepted by Caro\",\"publisher\":{\"@id\":\"https:\\\/\\\/be-accepted.com\\\/es\\\/#organization\"},\"potentialAction\":[{\"@type\":\"SearchAction\",\"target\":{\"@type\":\"EntryPoint\",\"urlTemplate\":\"https:\\\/\\\/be-accepted.com\\\/es\\\/?s={search_term_string}\"},\"query-input\":{\"@type\":\"PropertyValueSpecification\",\"valueRequired\":true,\"valueName\":\"search_term_string\"}}],\"inLanguage\":\"es\"},{\"@type\":\"Organization\",\"@id\":\"https:\\\/\\\/be-accepted.com\\\/es\\\/#organization\",\"name\":\"BE accepted\",\"url\":\"https:\\\/\\\/be-accepted.com\\\/es\\\/\",\"logo\":{\"@type\":\"ImageObject\",\"inLanguage\":\"es\",\"@id\":\"https:\\\/\\\/be-accepted.com\\\/es\\\/#\\\/schema\\\/logo\\\/image\\\/\",\"url\":\"\",\"contentUrl\":\"\",\"caption\":\"BE accepted\"},\"image\":{\"@id\":\"https:\\\/\\\/be-accepted.com\\\/es\\\/#\\\/schema\\\/logo\\\/image\\\/\"}}]}<\/script>\n<!-- \/ Yoast SEO plugin. -->","yoast_head_json":{"title":"REDACCI\u00d3N - Be accepted","description":"REDACCI\u00d3N","robots":{"index":"index","follow":"follow","max-snippet":"max-snippet:-1","max-image-preview":"max-image-preview:large","max-video-preview":"max-video-preview:-1"},"canonical":"https:\/\/be-accepted.com\/es\/redaccion\/","og_locale":"es_ES","og_type":"article","og_title":"REDACCI\u00d3N - Be accepted","og_description":"REDACCI\u00d3N","og_url":"https:\/\/be-accepted.com\/es\/redaccion\/","og_site_name":"Be accepted","article_modified_time":"2025-02-25T15:36:39+00:00","og_image":[{"width":549,"height":471,"url":"https:\/\/be-accepted.com\/wp-content\/uploads\/2022\/07\/Be_Accepted_Octopus_Blue-1.png","type":"image\/png"}],"twitter_card":"summary_large_image","twitter_misc":{"Tiempo de lectura":"3 minutos"},"schema":{"@context":"https:\/\/schema.org","@graph":[{"@type":"WebPage","@id":"https:\/\/be-accepted.com\/es\/redaccion\/","url":"https:\/\/be-accepted.com\/es\/redaccion\/","name":"REDACCI\u00d3N - Be accepted","isPartOf":{"@id":"https:\/\/be-accepted.com\/es\/#website"},"primaryImageOfPage":{"@id":"https:\/\/be-accepted.com\/es\/redaccion\/#primaryimage"},"image":{"@id":"https:\/\/be-accepted.com\/es\/redaccion\/#primaryimage"},"thumbnailUrl":"https:\/\/be-accepted.com\/wp-content\/uploads\/2022\/07\/Be_Accepted_Octopus_Blue-1.png","datePublished":"2024-09-20T13:45:27+00:00","dateModified":"2025-02-25T15:36:39+00:00","description":"REDACCI\u00d3N","breadcrumb":{"@id":"https:\/\/be-accepted.com\/es\/redaccion\/#breadcrumb"},"inLanguage":"es","potentialAction":[{"@type":"ReadAction","target":["https:\/\/be-accepted.com\/es\/redaccion\/"]}]},{"@type":"ImageObject","inLanguage":"es","@id":"https:\/\/be-accepted.com\/es\/redaccion\/#primaryimage","url":"https:\/\/be-accepted.com\/wp-content\/uploads\/2022\/07\/Be_Accepted_Octopus_Blue-1.png","contentUrl":"https:\/\/be-accepted.com\/wp-content\/uploads\/2022\/07\/Be_Accepted_Octopus_Blue-1.png"},{"@type":"BreadcrumbList","@id":"https:\/\/be-accepted.com\/es\/redaccion\/#breadcrumb","itemListElement":[{"@type":"ListItem","position":1,"name":"Startseite","item":"https:\/\/be-accepted.com\/es\/ser-aceptado\/"},{"@type":"ListItem","position":2,"name":"REDACCI\u00d3N"}]},{"@type":"WebSite","@id":"https:\/\/be-accepted.com\/es\/#website","url":"https:\/\/be-accepted.com\/es\/","name":"Be accepted","description":"Be accepted by Caro","publisher":{"@id":"https:\/\/be-accepted.com\/es\/#organization"},"potentialAction":[{"@type":"SearchAction","target":{"@type":"EntryPoint","urlTemplate":"https:\/\/be-accepted.com\/es\/?s={search_term_string}"},"query-input":{"@type":"PropertyValueSpecification","valueRequired":true,"valueName":"search_term_string"}}],"inLanguage":"es"},{"@type":"Organization","@id":"https:\/\/be-accepted.com\/es\/#organization","name":"BE accepted","url":"https:\/\/be-accepted.com\/es\/","logo":{"@type":"ImageObject","inLanguage":"es","@id":"https:\/\/be-accepted.com\/es\/#\/schema\/logo\/image\/","url":"","contentUrl":"","caption":"BE accepted"},"image":{"@id":"https:\/\/be-accepted.com\/es\/#\/schema\/logo\/image\/"}}]}},"_links":{"self":[{"href":"https:\/\/be-accepted.com\/es\/wp-json\/wp\/v2\/pages\/28691","targetHints":{"allow":["GET"]}}],"collection":[{"href":"https:\/\/be-accepted.com\/es\/wp-json\/wp\/v2\/pages"}],"about":[{"href":"https:\/\/be-accepted.com\/es\/wp-json\/wp\/v2\/types\/page"}],"author":[{"embeddable":true,"href":"https:\/\/be-accepted.com\/es\/wp-json\/wp\/v2\/users\/14"}],"replies":[{"embeddable":true,"href":"https:\/\/be-accepted.com\/es\/wp-json\/wp\/v2\/comments?post=28691"}],"version-history":[{"count":0,"href":"https:\/\/be-accepted.com\/es\/wp-json\/wp\/v2\/pages\/28691\/revisions"}],"wp:attachment":[{"href":"https:\/\/be-accepted.com\/es\/wp-json\/wp\/v2\/media?parent=28691"}],"curies":[{"name":"wp","href":"https:\/\/api.w.org\/{rel}","templated":true}]}}