{"id":28698,"date":"2024-09-20T13:45:33","date_gmt":"2024-09-20T13:45:33","guid":{"rendered":"https:\/\/be-accepted.com\/pie-de-imprenta\/"},"modified":"2025-05-15T15:11:32","modified_gmt":"2025-05-15T15:11:32","slug":"pie-de-imprenta","status":"publish","type":"page","link":"https:\/\/be-accepted.com\/es\/pie-de-imprenta\/","title":{"rendered":"Pie de imprenta"},"content":{"rendered":"\t\t<div data-elementor-type=\"wp-page\" data-elementor-id=\"28698\" class=\"elementor elementor-28698 elementor-2218\" data-elementor-post-type=\"page\">\n\t\t\t\t\t\t<section class=\"elementor-section elementor-top-section elementor-element elementor-element-322ac21 elementor-section-boxed elementor-section-height-default elementor-section-height-default\" data-id=\"322ac21\" data-element_type=\"section\" data-e-type=\"section\" data-settings=\"{&quot;background_background&quot;:&quot;classic&quot;}\">\n\t\t\t\t\t\t\t<div class=\"elementor-background-overlay\"><\/div>\n\t\t\t\t\t\t\t<div class=\"elementor-container elementor-column-gap-default\">\n\t\t\t\t\t<div class=\"elementor-column elementor-col-100 elementor-top-column elementor-element elementor-element-e7839dc\" data-id=\"e7839dc\" data-element_type=\"column\" data-e-type=\"column\">\n\t\t\t<div class=\"elementor-widget-wrap elementor-element-populated\">\n\t\t\t\t\t\t\t<\/div>\n\t\t<\/div>\n\t\t\t\t\t<\/div>\n\t\t<\/section>\n\t\t\t\t<section class=\"elementor-section elementor-top-section elementor-element elementor-element-1a638ad elementor-section-boxed elementor-section-height-default elementor-section-height-default\" data-id=\"1a638ad\" data-element_type=\"section\" data-e-type=\"section\">\n\t\t\t\t\t\t<div class=\"elementor-container elementor-column-gap-default\">\n\t\t\t\t\t<div class=\"elementor-column elementor-col-100 elementor-top-column elementor-element elementor-element-654ee67\" data-id=\"654ee67\" data-element_type=\"column\" data-e-type=\"column\">\n\t\t\t<div class=\"elementor-widget-wrap elementor-element-populated\">\n\t\t\t\t\t\t<div class=\"elementor-element elementor-element-3b2b6e5 elementor-widget elementor-widget-text-editor\" data-id=\"3b2b6e5\" data-element_type=\"widget\" data-e-type=\"widget\" data-widget_type=\"text-editor.default\">\n\t\t\t\t\t\t\t\t\t<p><strong>Propietario y editor de medios de comunicaci\u00f3n<\/strong><\/p><p>Ser aceptado GmbH<\/p><p>Vegagasse 4\/2, 1190 Viena<\/p><p><strong>Datos de contacto:<\/strong><\/p><p>Durante nuestro horario de oficina, de lunes a viernes de 9.00 a 13.00, puedes ponerte en contacto con nosotros en<\/p><p>Tel\u00e9fono: 0676 \/ 7766628<\/p><p>Puedes enviarnos un correo electr\u00f3nico en cualquier momento a la siguiente direcci\u00f3n de correo electr\u00f3nico:<\/p><p>Correo electr\u00f3nico: <a href=\"mailto:office@be-accepted.com\">office@be-accepted.com<\/a><\/p><p><strong>Forma jur\u00eddica<\/strong>: Sociedad de responsabilidad limitada<\/p><p>FN 581324 p<\/p><p>Tribunal competente: Tribunal de Comercio de Viena<\/p><p><strong>UID: <\/strong>ATU 78176368<\/p><p><strong>Gesti\u00f3n:<\/strong><\/p><p>Stephanie Bruggraber<\/p><h5><span style=\"color: var( --e-global-color-text );\">Vegagasse 4<\/span><\/h5><p>1190 Viena<\/p><p><strong>Responsabilidad editorial:<\/strong><\/p><p>Caroline Justich<\/p><p><strong>l\u00ednea de negocio:<\/strong><\/p><p>Empresa de medios de comunicaci\u00f3n<\/p><p><strong>Alineaci\u00f3n de la l\u00ednea media\/hoja:<\/strong><\/p><p>S\u00e9 aceptada es una gu\u00eda para mujeres con un primer diagn\u00f3stico de c\u00e1ncer. Su objetivo es proporcionar informaci\u00f3n sobre medicina convencional y medicina complementaria seleccionada.<\/p><p>Libre comercio<\/p><p>Miembro del WKO de Viena<\/p><p><strong>Programaci\u00f3n:<\/strong><\/p><p><a href=\"https:\/\/webmando.at\" target=\"_blank\" rel=\"noopener\">Webmando Websolutions KG<\/a><\/p><p>\u00a0<\/p><p><strong>Descargo de responsabilidad (Disclaimer):<\/strong><\/p><p>Esta revista ha sido preparada con el mayor cuidado posible. No obstante, no podemos garantizar la exactitud, integridad o actualidad de su contenido. El uso de la informaci\u00f3n contenida en esta revista corre por cuenta y riesgo del lector. Declaramos expresamente que todo el contenido tiene \u00fanicamente fines informativos y en ning\u00fan caso pretende sustituir el asesoramiento m\u00e9dico profesional.<\/p><p>Cualquier declaraci\u00f3n u opini\u00f3n expresada representa \u00fanicamente nuestro punto de vista y no constituye garant\u00edas, promesas ni compromisos respecto a su salud, resultados m\u00e9dicos o cambios en su estado de salud.<\/p><p>Declaramos de forma expl\u00edcita que la informaci\u00f3n contenida en esta revista no puede considerarse asesoramiento m\u00e9dico o psicol\u00f3gico profesional, sino que es exclusivamente material educativo.<\/p><p>Si tiene preguntas sobre su salud, consulte siempre a un profesional sanitario cualificado. Nunca ignore el consejo m\u00e9dico profesional ni retrase la b\u00fasqueda de atenci\u00f3n m\u00e9dica solo porque haya le\u00eddo algo en esta revista.<\/p><p>A pesar de que se han realizado todos los esfuerzos razonables para proporcionar traducciones precisas conforme a los est\u00e1ndares profesionales, pueden existir errores, omisiones o ambig\u00fcedades. No asumimos ninguna responsabilidad por errores en la traducci\u00f3n al ingl\u00e9s. Be accepted no se hace responsable de ninguna p\u00e9rdida derivada de la confianza en la precisi\u00f3n o fiabilidad de la informaci\u00f3n traducida.<\/p>\t\t\t\t\t\t\t\t<\/div>\n\t\t\t\t\t<\/div>\n\t\t<\/div>\n\t\t\t\t\t<\/div>\n\t\t<\/section>\n\t\t\t\t<\/div>\n\t\t","protected":false},"excerpt":{"rendered":"<p>Propietario y editor de medios de comunicaci\u00f3n Ser aceptado GmbH Vegagasse 4\/2, 1190 Viena Datos de contacto: Durante nuestro horario de oficina, de lunes a viernes de 9.00 a 13.00, puedes ponerte en contacto con nosotros en Tel\u00e9fono: 0676 \/ 7766628 Puedes enviarnos un correo electr\u00f3nico en cualquier momento a la siguiente direcci\u00f3n de correo [&hellip;]<\/p>\n","protected":false},"author":14,"featured_media":0,"parent":0,"menu_order":0,"comment_status":"closed","ping_status":"closed","template":"elementor_header_footer","meta":{"_acf_changed":false,"footnotes":""},"class_list":["post-28698","page","type-page","status-publish","hentry"],"acf":[],"yoast_head":"<!-- This site is optimized with the Yoast SEO plugin v27.5 - https:\/\/yoast.com\/product\/yoast-seo-wordpress\/ -->\n<title>Pie de imprenta - Be accepted<\/title>\n<meta name=\"robots\" content=\"index, follow, max-snippet:-1, max-image-preview:large, max-video-preview:-1\" \/>\n<link rel=\"canonical\" href=\"https:\/\/be-accepted.com\/es\/pie-de-imprenta\/\" \/>\n<meta property=\"og:locale\" content=\"es_ES\" \/>\n<meta property=\"og:type\" content=\"article\" \/>\n<meta property=\"og:title\" content=\"Pie de imprenta - Be accepted\" \/>\n<meta property=\"og:description\" content=\"Propietario y editor de medios de comunicaci\u00f3n Ser aceptado GmbH Vegagasse 4\/2, 1190 Viena Datos de contacto: Durante nuestro horario de oficina, de lunes a viernes de 9.00 a 13.00, puedes ponerte en contacto con nosotros en Tel\u00e9fono: 0676 \/ 7766628 Puedes enviarnos un correo electr\u00f3nico en cualquier momento a la siguiente direcci\u00f3n de correo [&hellip;]\" \/>\n<meta property=\"og:url\" content=\"https:\/\/be-accepted.com\/es\/pie-de-imprenta\/\" \/>\n<meta property=\"og:site_name\" content=\"Be accepted\" \/>\n<meta property=\"article:modified_time\" content=\"2025-05-15T15:11:32+00:00\" \/>\n<meta name=\"twitter:card\" content=\"summary_large_image\" \/>\n<meta name=\"twitter:label1\" content=\"Tiempo de lectura\" \/>\n\t<meta name=\"twitter:data1\" content=\"2 minutos\" \/>\n<script type=\"application\/ld+json\" class=\"yoast-schema-graph\">{\"@context\":\"https:\\\/\\\/schema.org\",\"@graph\":[{\"@type\":\"WebPage\",\"@id\":\"https:\\\/\\\/be-accepted.com\\\/es\\\/pie-de-imprenta\\\/\",\"url\":\"https:\\\/\\\/be-accepted.com\\\/es\\\/pie-de-imprenta\\\/\",\"name\":\"Pie de imprenta - Be accepted\",\"isPartOf\":{\"@id\":\"https:\\\/\\\/be-accepted.com\\\/es\\\/#website\"},\"datePublished\":\"2024-09-20T13:45:33+00:00\",\"dateModified\":\"2025-05-15T15:11:32+00:00\",\"breadcrumb\":{\"@id\":\"https:\\\/\\\/be-accepted.com\\\/es\\\/pie-de-imprenta\\\/#breadcrumb\"},\"inLanguage\":\"es\",\"potentialAction\":[{\"@type\":\"ReadAction\",\"target\":[\"https:\\\/\\\/be-accepted.com\\\/es\\\/pie-de-imprenta\\\/\"]}]},{\"@type\":\"BreadcrumbList\",\"@id\":\"https:\\\/\\\/be-accepted.com\\\/es\\\/pie-de-imprenta\\\/#breadcrumb\",\"itemListElement\":[{\"@type\":\"ListItem\",\"position\":1,\"name\":\"Startseite\",\"item\":\"https:\\\/\\\/be-accepted.com\\\/es\\\/ser-aceptado\\\/\"},{\"@type\":\"ListItem\",\"position\":2,\"name\":\"Pie de imprenta\"}]},{\"@type\":\"WebSite\",\"@id\":\"https:\\\/\\\/be-accepted.com\\\/es\\\/#website\",\"url\":\"https:\\\/\\\/be-accepted.com\\\/es\\\/\",\"name\":\"Be accepted\",\"description\":\"Be accepted by Caro\",\"publisher\":{\"@id\":\"https:\\\/\\\/be-accepted.com\\\/es\\\/#organization\"},\"potentialAction\":[{\"@type\":\"SearchAction\",\"target\":{\"@type\":\"EntryPoint\",\"urlTemplate\":\"https:\\\/\\\/be-accepted.com\\\/es\\\/?s={search_term_string}\"},\"query-input\":{\"@type\":\"PropertyValueSpecification\",\"valueRequired\":true,\"valueName\":\"search_term_string\"}}],\"inLanguage\":\"es\"},{\"@type\":\"Organization\",\"@id\":\"https:\\\/\\\/be-accepted.com\\\/es\\\/#organization\",\"name\":\"BE accepted\",\"url\":\"https:\\\/\\\/be-accepted.com\\\/es\\\/\",\"logo\":{\"@type\":\"ImageObject\",\"inLanguage\":\"es\",\"@id\":\"https:\\\/\\\/be-accepted.com\\\/es\\\/#\\\/schema\\\/logo\\\/image\\\/\",\"url\":\"\",\"contentUrl\":\"\",\"caption\":\"BE accepted\"},\"image\":{\"@id\":\"https:\\\/\\\/be-accepted.com\\\/es\\\/#\\\/schema\\\/logo\\\/image\\\/\"}}]}<\/script>\n<!-- \/ Yoast SEO plugin. -->","yoast_head_json":{"title":"Pie de imprenta - Be accepted","robots":{"index":"index","follow":"follow","max-snippet":"max-snippet:-1","max-image-preview":"max-image-preview:large","max-video-preview":"max-video-preview:-1"},"canonical":"https:\/\/be-accepted.com\/es\/pie-de-imprenta\/","og_locale":"es_ES","og_type":"article","og_title":"Pie de imprenta - Be accepted","og_description":"Propietario y editor de medios de comunicaci\u00f3n Ser aceptado GmbH Vegagasse 4\/2, 1190 Viena Datos de contacto: Durante nuestro horario de oficina, de lunes a viernes de 9.00 a 13.00, puedes ponerte en contacto con nosotros en Tel\u00e9fono: 0676 \/ 7766628 Puedes enviarnos un correo electr\u00f3nico en cualquier momento a la siguiente direcci\u00f3n de correo [&hellip;]","og_url":"https:\/\/be-accepted.com\/es\/pie-de-imprenta\/","og_site_name":"Be accepted","article_modified_time":"2025-05-15T15:11:32+00:00","twitter_card":"summary_large_image","twitter_misc":{"Tiempo de lectura":"2 minutos"},"schema":{"@context":"https:\/\/schema.org","@graph":[{"@type":"WebPage","@id":"https:\/\/be-accepted.com\/es\/pie-de-imprenta\/","url":"https:\/\/be-accepted.com\/es\/pie-de-imprenta\/","name":"Pie de imprenta - Be accepted","isPartOf":{"@id":"https:\/\/be-accepted.com\/es\/#website"},"datePublished":"2024-09-20T13:45:33+00:00","dateModified":"2025-05-15T15:11:32+00:00","breadcrumb":{"@id":"https:\/\/be-accepted.com\/es\/pie-de-imprenta\/#breadcrumb"},"inLanguage":"es","potentialAction":[{"@type":"ReadAction","target":["https:\/\/be-accepted.com\/es\/pie-de-imprenta\/"]}]},{"@type":"BreadcrumbList","@id":"https:\/\/be-accepted.com\/es\/pie-de-imprenta\/#breadcrumb","itemListElement":[{"@type":"ListItem","position":1,"name":"Startseite","item":"https:\/\/be-accepted.com\/es\/ser-aceptado\/"},{"@type":"ListItem","position":2,"name":"Pie de imprenta"}]},{"@type":"WebSite","@id":"https:\/\/be-accepted.com\/es\/#website","url":"https:\/\/be-accepted.com\/es\/","name":"Be accepted","description":"Be accepted by Caro","publisher":{"@id":"https:\/\/be-accepted.com\/es\/#organization"},"potentialAction":[{"@type":"SearchAction","target":{"@type":"EntryPoint","urlTemplate":"https:\/\/be-accepted.com\/es\/?s={search_term_string}"},"query-input":{"@type":"PropertyValueSpecification","valueRequired":true,"valueName":"search_term_string"}}],"inLanguage":"es"},{"@type":"Organization","@id":"https:\/\/be-accepted.com\/es\/#organization","name":"BE accepted","url":"https:\/\/be-accepted.com\/es\/","logo":{"@type":"ImageObject","inLanguage":"es","@id":"https:\/\/be-accepted.com\/es\/#\/schema\/logo\/image\/","url":"","contentUrl":"","caption":"BE accepted"},"image":{"@id":"https:\/\/be-accepted.com\/es\/#\/schema\/logo\/image\/"}}]}},"_links":{"self":[{"href":"https:\/\/be-accepted.com\/es\/wp-json\/wp\/v2\/pages\/28698","targetHints":{"allow":["GET"]}}],"collection":[{"href":"https:\/\/be-accepted.com\/es\/wp-json\/wp\/v2\/pages"}],"about":[{"href":"https:\/\/be-accepted.com\/es\/wp-json\/wp\/v2\/types\/page"}],"author":[{"embeddable":true,"href":"https:\/\/be-accepted.com\/es\/wp-json\/wp\/v2\/users\/14"}],"replies":[{"embeddable":true,"href":"https:\/\/be-accepted.com\/es\/wp-json\/wp\/v2\/comments?post=28698"}],"version-history":[{"count":0,"href":"https:\/\/be-accepted.com\/es\/wp-json\/wp\/v2\/pages\/28698\/revisions"}],"wp:attachment":[{"href":"https:\/\/be-accepted.com\/es\/wp-json\/wp\/v2\/media?parent=28698"}],"curies":[{"name":"wp","href":"https:\/\/api.w.org\/{rel}","templated":true}]}}