{"id":20790,"date":"2023-08-21T09:09:06","date_gmt":"2023-08-21T09:09:06","guid":{"rendered":"https:\/\/be-accepted.com\/essere-accettati\/"},"modified":"2026-05-11T13:28:15","modified_gmt":"2026-05-11T13:28:15","slug":"essere-accettati","status":"publish","type":"page","link":"https:\/\/be-accepted.com\/it\/","title":{"rendered":"Be accepted"},"content":{"rendered":"<div class=\"swpm-post-not-logged-in-msg\">Devi eseguire l&#39;accesso per visualizzare questo contenuto. Si prega <a class=\"swpm-login-link\" href=\"https:\/\/be-accepted.com\/my-account\/?swpm_redirect_to=https%3A%2F%2Fbe-accepted.com%2Fit%2Fwp-json%2Fwp%2Fv2%2Fpages%2F20790\">Log In<\/a>. Non sei un membro? <a href=\"https:\/\/be-accepted.com\/produkt\/be-accepted-mitglied-werden\/\">Registrati<\/a><\/div>","protected":false},"excerpt":{"rendered":"<p>Devi eseguire l&#39;accesso per visualizzare questo contenuto. Si prega Log In. Non sei un membro? Registrati<\/p>\n","protected":false},"author":14,"featured_media":0,"parent":0,"menu_order":0,"comment_status":"closed","ping_status":"closed","template":"","meta":{"_acf_changed":false,"footnotes":""},"class_list":["post-20790","page","type-page","status-publish","hentry"],"acf":[],"yoast_head":"<!-- This site is optimized with the Yoast SEO plugin v27.6 - https:\/\/yoast.com\/product\/yoast-seo-wordpress\/ -->\n<title>Be accepted - Be accepted<\/title>\n<meta name=\"description\" content=\"Be accepted vi d\u00e0 accesso al know-how dei pi\u00f9 stimati esperti di medicina convenzionale, nonch\u00e9 ai metodi che vi rafforzano fisicamente e psicologicamente!\" \/>\n<meta name=\"robots\" content=\"index, follow, max-snippet:-1, max-image-preview:large, max-video-preview:-1\" \/>\n<link rel=\"canonical\" href=\"https:\/\/be-accepted.com\/it\/\" \/>\n<meta property=\"og:locale\" content=\"it_IT\" \/>\n<meta property=\"og:type\" content=\"article\" \/>\n<meta property=\"og:title\" content=\"Be accepted - Be accepted\" \/>\n<meta property=\"og:description\" content=\"Be accepted vi d\u00e0 accesso al know-how dei pi\u00f9 stimati esperti di medicina convenzionale, nonch\u00e9 ai metodi che vi rafforzano fisicamente e psicologicamente!\" \/>\n<meta property=\"og:url\" content=\"https:\/\/be-accepted.com\/it\/\" \/>\n<meta property=\"og:site_name\" content=\"Be accepted\" \/>\n<meta property=\"article:modified_time\" content=\"2026-05-11T13:28:15+00:00\" \/>\n<meta property=\"og:image\" content=\"https:\/\/be-accepted.com\/wp-content\/uploads\/2022\/10\/6B47.jpg\" \/>\n<meta name=\"twitter:card\" content=\"summary_large_image\" \/>\n<meta name=\"twitter:label1\" content=\"Tempo di lettura stimato\" \/>\n\t<meta name=\"twitter:data1\" content=\"2 minuti\" \/>\n<script type=\"application\/ld+json\" class=\"yoast-schema-graph\">{\"@context\":\"https:\\\/\\\/schema.org\",\"@graph\":[{\"@type\":\"WebPage\",\"@id\":\"https:\\\/\\\/be-accepted.com\\\/it\\\/\",\"url\":\"https:\\\/\\\/be-accepted.com\\\/it\\\/\",\"name\":\"Be accepted - Be accepted\",\"isPartOf\":{\"@id\":\"https:\\\/\\\/be-accepted.com\\\/it\\\/#website\"},\"primaryImageOfPage\":{\"@id\":\"https:\\\/\\\/be-accepted.com\\\/it\\\/#primaryimage\"},\"image\":{\"@id\":\"https:\\\/\\\/be-accepted.com\\\/it\\\/#primaryimage\"},\"thumbnailUrl\":\"https:\\\/\\\/be-accepted.com\\\/wp-content\\\/uploads\\\/2022\\\/10\\\/6B47.jpg\",\"datePublished\":\"2023-08-21T09:09:06+00:00\",\"dateModified\":\"2026-05-11T13:28:15+00:00\",\"description\":\"Be accepted vi d\u00e0 accesso al know-how dei pi\u00f9 stimati esperti di medicina convenzionale, nonch\u00e9 ai metodi che vi rafforzano fisicamente e psicologicamente!\",\"breadcrumb\":{\"@id\":\"https:\\\/\\\/be-accepted.com\\\/it\\\/#breadcrumb\"},\"inLanguage\":\"it-IT\",\"potentialAction\":[{\"@type\":\"ReadAction\",\"target\":[\"https:\\\/\\\/be-accepted.com\\\/it\\\/\"]}]},{\"@type\":\"ImageObject\",\"inLanguage\":\"it-IT\",\"@id\":\"https:\\\/\\\/be-accepted.com\\\/it\\\/#primaryimage\",\"url\":\"https:\\\/\\\/be-accepted.com\\\/wp-content\\\/uploads\\\/2022\\\/10\\\/6B47.jpg\",\"contentUrl\":\"https:\\\/\\\/be-accepted.com\\\/wp-content\\\/uploads\\\/2022\\\/10\\\/6B47.jpg\"},{\"@type\":\"BreadcrumbList\",\"@id\":\"https:\\\/\\\/be-accepted.com\\\/it\\\/#breadcrumb\",\"itemListElement\":[{\"@type\":\"ListItem\",\"position\":1,\"name\":\"Startseite\",\"item\":\"https:\\\/\\\/be-accepted.com\\\/it\\\/essere-accettati\\\/\"},{\"@type\":\"ListItem\",\"position\":2,\"name\":\"Be accepted\"}]},{\"@type\":\"WebSite\",\"@id\":\"https:\\\/\\\/be-accepted.com\\\/it\\\/#website\",\"url\":\"https:\\\/\\\/be-accepted.com\\\/it\\\/\",\"name\":\"Be accepted\",\"description\":\"Be accepted by Caro\",\"publisher\":{\"@id\":\"https:\\\/\\\/be-accepted.com\\\/it\\\/#organization\"},\"potentialAction\":[{\"@type\":\"SearchAction\",\"target\":{\"@type\":\"EntryPoint\",\"urlTemplate\":\"https:\\\/\\\/be-accepted.com\\\/it\\\/?s={search_term_string}\"},\"query-input\":{\"@type\":\"PropertyValueSpecification\",\"valueRequired\":true,\"valueName\":\"search_term_string\"}}],\"inLanguage\":\"it-IT\"},{\"@type\":\"Organization\",\"@id\":\"https:\\\/\\\/be-accepted.com\\\/it\\\/#organization\",\"name\":\"BE accepted\",\"url\":\"https:\\\/\\\/be-accepted.com\\\/it\\\/\",\"logo\":{\"@type\":\"ImageObject\",\"inLanguage\":\"it-IT\",\"@id\":\"https:\\\/\\\/be-accepted.com\\\/it\\\/#\\\/schema\\\/logo\\\/image\\\/\",\"url\":\"\",\"contentUrl\":\"\",\"caption\":\"BE accepted\"},\"image\":{\"@id\":\"https:\\\/\\\/be-accepted.com\\\/it\\\/#\\\/schema\\\/logo\\\/image\\\/\"}}]}<\/script>\n<!-- \/ Yoast SEO plugin. -->","yoast_head_json":{"title":"Be accepted - Be accepted","description":"Be accepted vi d\u00e0 accesso al know-how dei pi\u00f9 stimati esperti di medicina convenzionale, nonch\u00e9 ai metodi che vi rafforzano fisicamente e psicologicamente!","robots":{"index":"index","follow":"follow","max-snippet":"max-snippet:-1","max-image-preview":"max-image-preview:large","max-video-preview":"max-video-preview:-1"},"canonical":"https:\/\/be-accepted.com\/it\/","og_locale":"it_IT","og_type":"article","og_title":"Be accepted - Be accepted","og_description":"Be accepted vi d\u00e0 accesso al know-how dei pi\u00f9 stimati esperti di medicina convenzionale, nonch\u00e9 ai metodi che vi rafforzano fisicamente e psicologicamente!","og_url":"https:\/\/be-accepted.com\/it\/","og_site_name":"Be accepted","article_modified_time":"2026-05-11T13:28:15+00:00","og_image":[{"url":"https:\/\/be-accepted.com\/wp-content\/uploads\/2022\/10\/6B47.jpg","type":"","width":"","height":""}],"twitter_card":"summary_large_image","twitter_misc":{"Tempo di lettura stimato":"2 minuti"},"schema":{"@context":"https:\/\/schema.org","@graph":[{"@type":"WebPage","@id":"https:\/\/be-accepted.com\/it\/","url":"https:\/\/be-accepted.com\/it\/","name":"Be accepted - Be accepted","isPartOf":{"@id":"https:\/\/be-accepted.com\/it\/#website"},"primaryImageOfPage":{"@id":"https:\/\/be-accepted.com\/it\/#primaryimage"},"image":{"@id":"https:\/\/be-accepted.com\/it\/#primaryimage"},"thumbnailUrl":"https:\/\/be-accepted.com\/wp-content\/uploads\/2022\/10\/6B47.jpg","datePublished":"2023-08-21T09:09:06+00:00","dateModified":"2026-05-11T13:28:15+00:00","description":"Be accepted vi d\u00e0 accesso al know-how dei pi\u00f9 stimati esperti di medicina convenzionale, nonch\u00e9 ai metodi che vi rafforzano fisicamente e psicologicamente!","breadcrumb":{"@id":"https:\/\/be-accepted.com\/it\/#breadcrumb"},"inLanguage":"it-IT","potentialAction":[{"@type":"ReadAction","target":["https:\/\/be-accepted.com\/it\/"]}]},{"@type":"ImageObject","inLanguage":"it-IT","@id":"https:\/\/be-accepted.com\/it\/#primaryimage","url":"https:\/\/be-accepted.com\/wp-content\/uploads\/2022\/10\/6B47.jpg","contentUrl":"https:\/\/be-accepted.com\/wp-content\/uploads\/2022\/10\/6B47.jpg"},{"@type":"BreadcrumbList","@id":"https:\/\/be-accepted.com\/it\/#breadcrumb","itemListElement":[{"@type":"ListItem","position":1,"name":"Startseite","item":"https:\/\/be-accepted.com\/it\/essere-accettati\/"},{"@type":"ListItem","position":2,"name":"Be accepted"}]},{"@type":"WebSite","@id":"https:\/\/be-accepted.com\/it\/#website","url":"https:\/\/be-accepted.com\/it\/","name":"Be accepted","description":"Be accepted by Caro","publisher":{"@id":"https:\/\/be-accepted.com\/it\/#organization"},"potentialAction":[{"@type":"SearchAction","target":{"@type":"EntryPoint","urlTemplate":"https:\/\/be-accepted.com\/it\/?s={search_term_string}"},"query-input":{"@type":"PropertyValueSpecification","valueRequired":true,"valueName":"search_term_string"}}],"inLanguage":"it-IT"},{"@type":"Organization","@id":"https:\/\/be-accepted.com\/it\/#organization","name":"BE accepted","url":"https:\/\/be-accepted.com\/it\/","logo":{"@type":"ImageObject","inLanguage":"it-IT","@id":"https:\/\/be-accepted.com\/it\/#\/schema\/logo\/image\/","url":"","contentUrl":"","caption":"BE accepted"},"image":{"@id":"https:\/\/be-accepted.com\/it\/#\/schema\/logo\/image\/"}}]}},"_links":{"self":[{"href":"https:\/\/be-accepted.com\/it\/wp-json\/wp\/v2\/pages\/20790","targetHints":{"allow":["GET"]}}],"collection":[{"href":"https:\/\/be-accepted.com\/it\/wp-json\/wp\/v2\/pages"}],"about":[{"href":"https:\/\/be-accepted.com\/it\/wp-json\/wp\/v2\/types\/page"}],"author":[{"embeddable":true,"href":"https:\/\/be-accepted.com\/it\/wp-json\/wp\/v2\/users\/14"}],"replies":[{"embeddable":true,"href":"https:\/\/be-accepted.com\/it\/wp-json\/wp\/v2\/comments?post=20790"}],"version-history":[{"count":3,"href":"https:\/\/be-accepted.com\/it\/wp-json\/wp\/v2\/pages\/20790\/revisions"}],"predecessor-version":[{"id":37646,"href":"https:\/\/be-accepted.com\/it\/wp-json\/wp\/v2\/pages\/20790\/revisions\/37646"}],"wp:attachment":[{"href":"https:\/\/be-accepted.com\/it\/wp-json\/wp\/v2\/media?parent=20790"}],"curies":[{"name":"wp","href":"https:\/\/api.w.org\/{rel}","templated":true}]}}