{"id":21467,"date":"2023-08-21T09:13:08","date_gmt":"2023-08-21T09:13:08","guid":{"rendered":"https:\/\/be-accepted.com\/agb\/"},"modified":"2023-08-21T09:13:11","modified_gmt":"2023-08-21T09:13:11","slug":"agb","status":"publish","type":"page","link":"https:\/\/be-accepted.com\/it\/agb\/","title":{"rendered":"AGB"},"content":{"rendered":"\t\t<div data-elementor-type=\"wp-page\" data-elementor-id=\"21467\" class=\"elementor elementor-21467 elementor-2223\" data-elementor-post-type=\"page\">\n\t\t\t\t\t\t<section class=\"elementor-section elementor-top-section elementor-element elementor-element-12c180f elementor-section-boxed elementor-section-height-default elementor-section-height-default\" data-id=\"12c180f\" data-element_type=\"section\" data-e-type=\"section\" data-settings=\"{&quot;background_background&quot;:&quot;classic&quot;}\">\n\t\t\t\t\t\t\t<div class=\"elementor-background-overlay\"><\/div>\n\t\t\t\t\t\t\t<div class=\"elementor-container elementor-column-gap-default\">\n\t\t\t\t\t<div class=\"elementor-column elementor-col-100 elementor-top-column elementor-element elementor-element-ab14188\" data-id=\"ab14188\" data-element_type=\"column\" data-e-type=\"column\">\n\t\t\t<div class=\"elementor-widget-wrap elementor-element-populated\">\n\t\t\t\t\t\t\t<\/div>\n\t\t<\/div>\n\t\t\t\t\t<\/div>\n\t\t<\/section>\n\t\t\t\t<section class=\"elementor-section elementor-top-section elementor-element elementor-element-1a638ad elementor-section-boxed elementor-section-height-default elementor-section-height-default\" data-id=\"1a638ad\" data-element_type=\"section\" data-e-type=\"section\">\n\t\t\t\t\t\t<div class=\"elementor-container elementor-column-gap-default\">\n\t\t\t\t\t<div class=\"elementor-column elementor-col-100 elementor-top-column elementor-element elementor-element-654ee67\" data-id=\"654ee67\" data-element_type=\"column\" data-e-type=\"column\">\n\t\t\t<div class=\"elementor-widget-wrap elementor-element-populated\">\n\t\t\t\t\t\t<div class=\"elementor-element elementor-element-d3d6f16 elementor-widget elementor-widget-heading\" data-id=\"d3d6f16\" data-element_type=\"widget\" data-e-type=\"widget\" data-widget_type=\"heading.default\">\n\t\t\t\t\t<h2 class=\"elementor-heading-title elementor-size-default\">Termini e condizioni generali  <\/h2>\t\t\t\t<\/div>\n\t\t\t\t<div class=\"elementor-element elementor-element-3b2b6e5 elementor-widget elementor-widget-text-editor\" data-id=\"3b2b6e5\" data-element_type=\"widget\" data-e-type=\"widget\" data-widget_type=\"text-editor.default\">\n\t\t\t\t\t\t\t\t\t<p><strong>  \u00a7 1 Validit\u00e0 delle CGC<\/strong><\/p>\n<p>Le presenti CGV si applicano a tutti i contratti e agli ordini effettuati con Be accepted. Inoltre, alle rispettive offerte si applicano eventuali disposizioni contrattuali speciali supplementari, di cui il cliente verr\u00e0 informato separatamente. Non sono stati presi accordi verbali collaterali. \u00c8 possibile salvare le GTC sul computer e\/o stamparle. Si applicano esclusivamente le Condizioni generali di contratto di Be accepted.<\/p>\n<p><strong>  \u00a7 2 Partner contrattuale<\/strong><\/p>\n<p>Per tutti i contratti relativi ai prodotti accettati da Be, il vostro partner contrattuale \u00e8 il<\/p>\n<p>Be accepted GmbH, rappresentata dall&#8217;amministratore delegato Mag.  Caroline Justich, Vegagasse 4\/2, 1190 Vienna, telefono: +43 664 , e-mail <a href=\"mailto:office@be-accepted.com\">office@be-accepted.com.<\/a><\/p>\n<p><strong>\u00a7 3 Conclusione del contratto<\/strong><\/p>\n<p>Le offerte su Internet rappresentano un invito non vincolante all&#8217;acquisto dei prodotti. Dopo aver inserito i vostri dati e aver cliccato sul pulsante dell&#8217;ordine, inviate un&#8217;offerta vincolante per la stipula di un contratto d&#8217;acquisto. Il contratto \u00e8 concluso al pi\u00f9 tardi quando avete ricevuto l&#8217;accesso alla nostra offerta o il vostro ordine.<\/p>\n<p><strong>  \u00a7 4 Politica di cancellazione<\/strong><\/p>\n<p>Se il cliente conclude il contratto in qualit\u00e0 di consumatore, ha diritto al seguente diritto di recesso previsto dalla legge:<\/p>\n<p><u>Diritto di recesso<\/u><\/p>\n<p>Il cliente ha il diritto di recedere dal contratto entro quattordici giorni senza fornire alcuna motivazione. Il termine di cancellazione \u00e8 di 14 giorni a partire dal giorno della conclusione del contratto in caso di adesione, e di 14 giorni a partire dal giorno in cui il cliente o un terzo da lui nominato che non sia il vettore ha preso possesso della merce o, in caso di ordine di pi\u00f9 merci, ha preso possesso dell&#8217;ultima merce in caso di contratto di acquisto. Per esercitare il diritto di recesso, l&#8217;utente \u00e8 tenuto a informarci (Be accepted GmbH, Vegagasse 4\/2, 1190 Vienna, <a href=\"mailto:office@be-accepted.com\">office@be-accepted.com)<\/a> della sua decisione di recedere dal presente contratto mediante una dichiarazione chiara (ad esempio, una lettera inviata per posta, fax o e-mail). A tal fine \u00e8 possibile utilizzare il seguente modello di modulo di cancellazione, che tuttavia non \u00e8 obbligatorio.<\/p>\n<p>Per rispettare il termine di cancellazione, \u00e8 sufficiente che l&#8217;utente invii la notifica dell&#8217;esercizio del diritto di cancellazione prima della scadenza del periodo di cancellazione.<\/p>\n<p><u>Conseguenze della revoca<\/u><\/p>\n<p>Se l&#8217;utente recede dal presente contratto, dobbiamo restituire tutti i pagamenti ricevuti dall&#8217;utente immediatamente e al pi\u00f9 tardi entro quattordici giorni dal giorno in cui abbiamo ricevuto la notifica del suo recesso dal contratto. Per questo rimborso, utilizziamo lo stesso mezzo di pagamento che avete usato per la transazione originale, a meno che non sia stato espressamente concordato diversamente con voi; in nessun caso vi sar\u00e0 addebitato un costo per questo rimborso. Potremmo rifiutare un rimborso finch\u00e9 non avremo ricevuto la merce o finch\u00e9 il cliente non avr\u00e0 fornito la prova di averla restituita, a seconda di quale delle due condizioni si verifichi per prima.<\/p>\n<p>Il cliente deve restituire o consegnare la merce immediatamente e in ogni caso non oltre 14 giorni dal giorno in cui ci ha comunicato l&#8217;annullamento del contratto. Il termine \u00e8 rispettato se si spedisce la merce prima della scadenza del periodo di 14 giorni. I costi diretti della restituzione della merce sono a carico del cliente.<\/p>\n<p>Esempio di modulo di cancellazione<\/p>\n<p>Se si desidera annullare il contratto, \u00e8 possibile utilizzare il modulo riportato di seguito e rispedirlo a:<\/p>\n<p>Be accepted GmbH, Vegagasse 4\/2, 1190 Vienna, <a href=\"mailto:office@be-accepted.com\">office@be-accepted.com<\/a><\/p>\n<p>Io\/noi (*) revochiamo il contratto da me\/noi (*) stipulato per l&#8217;acquisto dei seguenti beni (*)\/la fornitura del seguente servizio (*)<\/p>\n<p>Ordinato il (*) \/ ricevuto il (*)<\/p>\n<p>Nome del\/i consumatore\/i<\/p>\n<p>Indirizzo del\/i consumatore\/i<\/p>\n<p>Firma del\/i consumatore\/i (solo in caso di notifica su carta)<\/p>\n<p>Data<\/p>\n<p><span style=\"text-decoration: underline;\">Conseguenze della revoca dell&#8217;affiliazione<\/span><\/p>\n<p>Se avete richiesto l&#8217;inizio del servizio durante il periodo di recesso, siete tenuti a pagarci un importo ragionevole corrispondente alla proporzione dei servizi gi\u00e0 forniti fino al momento in cui ci notificate l&#8217;esercizio del diritto di recesso rispetto al presente contratto rispetto alla portata totale del servizio previsto dal contratto.<\/p>\n<p><strong>  \u00a7 5 Esclusione di responsabilit\u00e0 e garanzia<\/strong><\/p>\n<ol>\n<li>Dichiarazione di non responsabilit\u00e0<\/li>\n<\/ol>\n<p>Si prega di notare che tutti i contenuti della pagina web, della rivista e degli altri prodotti di Be accepted GmbH hanno un carattere puramente educativo e non intendono in alcun modo sostituire la consulenza medica professionale.<\/p>\n<p>Acquistando l&#8217;iscrizione a questo sito web (www.be-accepted.com), l&#8217;utente accetta, concorda e comprende che non forniamo alcuna dichiarazione, garanzia o assicurazione, orale o scritta, in merito alla sua salute o ai suoi risultati.<\/p>\n<p>Acquistando l&#8217;iscrizione, l&#8217;utente riconosce inoltre che, a causa della natura del contenuto dell&#8217;area di iscrizione e dell&#8217;ambito di applicazione, qualsiasi testimonianza o approvazione da parte dei nostri clienti o del pubblico visualizzata sui nostri programmi, siti web, contenuti, landing page, pagine di vendita o offerte non \u00e8 stata valutata scientificamente da noi e i risultati sperimentati dagli individui possono variare in modo significativo.  <\/p>\n<p>Tutte le dichiarazioni o affermazioni contenute nei nostri prodotti, nel sito web, nella rivista, nei programmi, nei contenuti e in altre offerte sono solo la nostra opinione e non sono quindi garanzie o promesse di cambiamenti nella vostra salute. Nessuno dei nostri servizi \u00e8 una consulenza medica o psicologica professionale, ma fornisce solo informazioni di carattere educativo.<\/p>\n<p>Tutti i contenuti di questo sito web, compresi: testo, immagini, audio o altri formati, sono stati creati solo a scopo informativo. Il contenuto non \u00e8 inteso come sostituto di una consulenza medica professionale, di una diagnosi o di un trattamento. Per qualsiasi domanda sulla propria salute, consultare sempre il medico o un altro operatore sanitario qualificato. Non ignorate o esitate a chiedere un parere medico professionale solo perch\u00e9 avete letto qualcosa su questo sito.<\/p>\n<p>Se pensate di avere un&#8217;emergenza medica, chiamate il vostro medico, recatevi al pronto soccorso o chiamate il 112 immediatamente. N\u00e9 il sito web n\u00e9 la rivista di Be accepted GmbH raccomandano o approvano test, medici, prodotti, procedure, opinioni o altre informazioni specifiche. La fiducia nelle informazioni pubblicate nei prodotti di Be accepted GmbH, in particolare nella e sulla rivista Be accepted, nel sito web www.be-accepted.com, nell&#8217;area riservata ai membri di Be-accepted.com \u00e8 esclusivamente a proprio rischio. Questo include le informazioni preparate dai dipendenti di Be accepted, dai redattori a contratto e dagli esperti medici per i prodotti di Be accepted Gmbh e messe a disposizione dei lettori e dei membri attraverso la pubblicazione.<\/p>\n<p>I collegamenti a contenuti educativi non creati da www.be-accpted.com sono a rischio dell&#8217;utente. Be-accepted.com non \u00e8 responsabile delle affermazioni fatte da siti web esterni e da societ\u00e0 di formazione.<\/p>\n<p>2. Garanzia<\/p>\n<p>La garanzia viene fornita in conformit\u00e0 alle disposizioni di legge. Se la sostituzione o il miglioramento non sono possibili (impossibilit\u00e0, sforzo eccessivo, irragionevolezza, ritardo), l&#8217;acquirente ha diritto a una riduzione del prezzo o, se il difetto non \u00e8 di lieve entit\u00e0, alla risoluzione del contratto. \u00c8 escluso il risarcimento di danni conseguenti (difetti), nonch\u00e9 di altri danni materiali, perdite finanziarie e danni a terzi nei confronti del cliente, nella misura in cui non si tratta di una transazione di consumo.<\/p>\n<p><strong>  \u00a7 6 Riserva di propriet\u00e0 e trasferimento del rischio in caso di consegna<\/strong><\/p>\n<p>L&#8217;oggetto dell&#8217;acquisto rimane di nostra propriet\u00e0 fino al completo pagamento.  <\/p>\n<p>Quando i beni vengono spediti, il rischio di perdita o danneggiamento dei beni non passa al consumatore finch\u00e9 i beni non vengono consegnati al consumatore o a un terzo designato dal consumatore e diverso dal vettore. Se, tuttavia, il consumatore ha concluso il contratto di trasporto da solo senza avvalersi di una scelta da noi suggerita, il rischio passa al vettore non appena la merce viene consegnata.<\/p>\n<p><strong>  \u00a7 7 Pagamento<\/strong><\/p>\n<p>Il prezzo di acquisto o l&#8217;importo mensile dell&#8217;abbonamento devono essere pagati dall&#8217;utente in base all&#8217;ordine chiuso con carta di credito (Visa o Mastercard) o Paypal.  <\/p>\n<p><strong>  \u00a7 8 Risoluzione del contratto in caso di affiliazione<\/strong><\/p>\n<p>Nel caso in cui si desideri proseguire l&#8217;iscrizione oltre il periodo inizialmente concordato, non \u00e8 necessario fare altro, l&#8217;abbonamento si rinnover\u00e0 automaticamente per un anno (abbonamento annuale).<\/p>\n<p>L&#8217;abbonamento annuale pu\u00f2 essere annullato in qualsiasi momento con un preavviso di 4 settimane dalla fine dell&#8217;anno di abbonamento. Inviare la comunicazione di recesso per posta o per e-mail a:<\/p>\n<p>Be accepted GmbH, Vegagasse 4\/2, 1190 Vienna, Austria<\/p>\n<p>E-mail: <a href=\"mailto:office@be-accepted.com\">office@be-accepted.com<\/a><\/p>\n<p><strong>  \u00a7 9 Abbonamenti di prova<\/strong><\/p>\n<p>Le iscrizioni di prova e i test offerti da Be accepted GmbH hanno lo scopo di darvi l&#8217;opportunit\u00e0 di conoscere i nostri prodotti a vostro piacimento. Be accepted GmbH si riserva espressamente il diritto di escludere i consumatori che concludono ripetutamente queste offerte.<\/p>\n<p><strong>  \u00a7 10 Modifiche al contratto<\/strong><\/p>\n<p>Be accepted GmbH si riserva il diritto di modificare le presenti Condizioni Generali se necessario. I termini e le condizioni modificati diventeranno efficaci nei vostri confronti se non vi opporrete espressamente alla modifica entro un mese. Be accepted GmbH ha l&#8217;obbligo di informarvi specificamente del cambiamento e del significato previsto del vostro rapporto all&#8217;inizio del periodo.<\/p>\n<p><strong>\u00a7 11 Lingua<\/strong><\/p>\n<p>La lingua dei contratti, degli ordini e degli affari \u00e8 il tedesco.<\/p>\n<p><strong>  \u00a7 12 Protezione dei dati<\/strong><\/p>\n<p>Nel trattare i vostri dati personali, ci atteniamo a tutte le disposizioni di legge a noi applicabili.  <\/p>\n<p><strong>  \u00a7 13 Piattaforma di risoluzione delle controversie online<\/strong><\/p>\n<p>Per la risoluzione extragiudiziale delle controversie dei consumatori, l&#8217;Unione europea mette a disposizione una piattaforma online (&#8220;piattaforma ODR&#8221;) all&#8217;indirizzo https:\/\/ec.europa.eu\/consumers\/odreine. Non siamo obbligati a partecipare a una procedura di risoluzione delle controversie davanti a un collegio arbitrale dei consumatori. Desideriamo sottolineare che abbiamo deciso di non partecipare ai procedimenti di risoluzione delle controversie presso i collegi arbitrali dei consumatori.<\/p>\n<p><strong>  \u00a7 14 Varie<\/strong><\/p>\n<p>L&#8217;eventuale invalidit\u00e0 di singole disposizioni delle presenti Condizioni Generali e\/o del contratto da esse integrato non pregiudica la validit\u00e0 delle altre disposizioni e il contratto e le presenti Condizioni Generali restano comunque validi per entrambe le parti.<\/p>\n<p>L&#8217;Acquirente avr\u00e0 diritto alla compensazione solo se le contropretese sono state legalmente stabilite o sono incontestate. Il cliente ha diritto a un diritto di ritenzione solo se la domanda riconvenzionale si basa sullo stesso rapporto contrattuale.<\/p>\n<p>Se gli acquirenti sono commercianti, persone giuridiche di diritto pubblico o fondi speciali di diritto pubblico, il foro competente \u00e8 Vienna.<\/p>\n<p>Le parti contraenti concordano sull&#8217;applicazione del diritto austriaco. Se il consumatore ha il domicilio o la residenza abituale in Austria o se svolge un&#8217;attivit\u00e0 lavorativa in Austria, l&#8217;azione nei suoi confronti pu\u00f2 essere promossa solo davanti al giudice nella cui giurisdizione si trova il domicilio, la residenza abituale o la sede di lavoro; ci\u00f2 non si applica alle controversie gi\u00e0 sorte.<\/p>\n<p>Stato Aprile 2023<\/p>\n\t\t\t\t\t\t\t\t<\/div>\n\t\t\t\t\t<\/div>\n\t\t<\/div>\n\t\t\t\t\t<\/div>\n\t\t<\/section>\n\t\t\t\t<\/div>\n\t\t","protected":false},"excerpt":{"rendered":"<p>Termini e condizioni generali \u00a7 1 Validit\u00e0 delle CGC Le presenti CGV si applicano a tutti i contratti e agli ordini effettuati con Be accepted. Inoltre, alle rispettive offerte si applicano eventuali disposizioni contrattuali speciali supplementari, di cui il cliente verr\u00e0 informato separatamente. Non sono stati presi accordi verbali collaterali. \u00c8 possibile salvare le GTC [&hellip;]<\/p>\n","protected":false},"author":14,"featured_media":0,"parent":0,"menu_order":0,"comment_status":"closed","ping_status":"closed","template":"elementor_header_footer","meta":{"_acf_changed":false,"footnotes":""},"class_list":["post-21467","page","type-page","status-publish","hentry"],"acf":[],"yoast_head":"<!-- This site is optimized with the Yoast SEO plugin v27.6 - https:\/\/yoast.com\/product\/yoast-seo-wordpress\/ -->\n<title>AGB - Be accepted<\/title>\n<meta name=\"robots\" content=\"index, follow, max-snippet:-1, max-image-preview:large, max-video-preview:-1\" \/>\n<link rel=\"canonical\" href=\"https:\/\/be-accepted.com\/it\/agb\/\" \/>\n<meta property=\"og:locale\" content=\"it_IT\" \/>\n<meta property=\"og:type\" content=\"article\" \/>\n<meta property=\"og:title\" content=\"AGB - Be accepted\" \/>\n<meta property=\"og:description\" content=\"Termini e condizioni generali \u00a7 1 Validit\u00e0 delle CGC Le presenti CGV si applicano a tutti i contratti e agli ordini effettuati con Be accepted. Inoltre, alle rispettive offerte si applicano eventuali disposizioni contrattuali speciali supplementari, di cui il cliente verr\u00e0 informato separatamente. Non sono stati presi accordi verbali collaterali. \u00c8 possibile salvare le GTC [&hellip;]\" \/>\n<meta property=\"og:url\" content=\"https:\/\/be-accepted.com\/it\/agb\/\" \/>\n<meta property=\"og:site_name\" content=\"Be accepted\" \/>\n<meta property=\"article:modified_time\" content=\"2023-08-21T09:13:11+00:00\" \/>\n<meta name=\"twitter:card\" content=\"summary_large_image\" \/>\n<meta name=\"twitter:label1\" content=\"Tempo di lettura stimato\" \/>\n\t<meta name=\"twitter:data1\" content=\"8 minuti\" \/>\n<script type=\"application\/ld+json\" class=\"yoast-schema-graph\">{\"@context\":\"https:\\\/\\\/schema.org\",\"@graph\":[{\"@type\":\"WebPage\",\"@id\":\"https:\\\/\\\/be-accepted.com\\\/it\\\/agb\\\/\",\"url\":\"https:\\\/\\\/be-accepted.com\\\/it\\\/agb\\\/\",\"name\":\"AGB - Be accepted\",\"isPartOf\":{\"@id\":\"https:\\\/\\\/be-accepted.com\\\/it\\\/#website\"},\"datePublished\":\"2023-08-21T09:13:08+00:00\",\"dateModified\":\"2023-08-21T09:13:11+00:00\",\"breadcrumb\":{\"@id\":\"https:\\\/\\\/be-accepted.com\\\/it\\\/agb\\\/#breadcrumb\"},\"inLanguage\":\"it-IT\",\"potentialAction\":[{\"@type\":\"ReadAction\",\"target\":[\"https:\\\/\\\/be-accepted.com\\\/it\\\/agb\\\/\"]}]},{\"@type\":\"BreadcrumbList\",\"@id\":\"https:\\\/\\\/be-accepted.com\\\/it\\\/agb\\\/#breadcrumb\",\"itemListElement\":[{\"@type\":\"ListItem\",\"position\":1,\"name\":\"Startseite\",\"item\":\"https:\\\/\\\/be-accepted.com\\\/it\\\/essere-accettati\\\/\"},{\"@type\":\"ListItem\",\"position\":2,\"name\":\"AGB\"}]},{\"@type\":\"WebSite\",\"@id\":\"https:\\\/\\\/be-accepted.com\\\/it\\\/#website\",\"url\":\"https:\\\/\\\/be-accepted.com\\\/it\\\/\",\"name\":\"Be accepted\",\"description\":\"Be accepted by Caro\",\"publisher\":{\"@id\":\"https:\\\/\\\/be-accepted.com\\\/it\\\/#organization\"},\"potentialAction\":[{\"@type\":\"SearchAction\",\"target\":{\"@type\":\"EntryPoint\",\"urlTemplate\":\"https:\\\/\\\/be-accepted.com\\\/it\\\/?s={search_term_string}\"},\"query-input\":{\"@type\":\"PropertyValueSpecification\",\"valueRequired\":true,\"valueName\":\"search_term_string\"}}],\"inLanguage\":\"it-IT\"},{\"@type\":\"Organization\",\"@id\":\"https:\\\/\\\/be-accepted.com\\\/it\\\/#organization\",\"name\":\"BE accepted\",\"url\":\"https:\\\/\\\/be-accepted.com\\\/it\\\/\",\"logo\":{\"@type\":\"ImageObject\",\"inLanguage\":\"it-IT\",\"@id\":\"https:\\\/\\\/be-accepted.com\\\/it\\\/#\\\/schema\\\/logo\\\/image\\\/\",\"url\":\"\",\"contentUrl\":\"\",\"caption\":\"BE accepted\"},\"image\":{\"@id\":\"https:\\\/\\\/be-accepted.com\\\/it\\\/#\\\/schema\\\/logo\\\/image\\\/\"}}]}<\/script>\n<!-- \/ Yoast SEO plugin. -->","yoast_head_json":{"title":"AGB - Be accepted","robots":{"index":"index","follow":"follow","max-snippet":"max-snippet:-1","max-image-preview":"max-image-preview:large","max-video-preview":"max-video-preview:-1"},"canonical":"https:\/\/be-accepted.com\/it\/agb\/","og_locale":"it_IT","og_type":"article","og_title":"AGB - Be accepted","og_description":"Termini e condizioni generali \u00a7 1 Validit\u00e0 delle CGC Le presenti CGV si applicano a tutti i contratti e agli ordini effettuati con Be accepted. Inoltre, alle rispettive offerte si applicano eventuali disposizioni contrattuali speciali supplementari, di cui il cliente verr\u00e0 informato separatamente. Non sono stati presi accordi verbali collaterali. \u00c8 possibile salvare le GTC [&hellip;]","og_url":"https:\/\/be-accepted.com\/it\/agb\/","og_site_name":"Be accepted","article_modified_time":"2023-08-21T09:13:11+00:00","twitter_card":"summary_large_image","twitter_misc":{"Tempo di lettura stimato":"8 minuti"},"schema":{"@context":"https:\/\/schema.org","@graph":[{"@type":"WebPage","@id":"https:\/\/be-accepted.com\/it\/agb\/","url":"https:\/\/be-accepted.com\/it\/agb\/","name":"AGB - Be accepted","isPartOf":{"@id":"https:\/\/be-accepted.com\/it\/#website"},"datePublished":"2023-08-21T09:13:08+00:00","dateModified":"2023-08-21T09:13:11+00:00","breadcrumb":{"@id":"https:\/\/be-accepted.com\/it\/agb\/#breadcrumb"},"inLanguage":"it-IT","potentialAction":[{"@type":"ReadAction","target":["https:\/\/be-accepted.com\/it\/agb\/"]}]},{"@type":"BreadcrumbList","@id":"https:\/\/be-accepted.com\/it\/agb\/#breadcrumb","itemListElement":[{"@type":"ListItem","position":1,"name":"Startseite","item":"https:\/\/be-accepted.com\/it\/essere-accettati\/"},{"@type":"ListItem","position":2,"name":"AGB"}]},{"@type":"WebSite","@id":"https:\/\/be-accepted.com\/it\/#website","url":"https:\/\/be-accepted.com\/it\/","name":"Be accepted","description":"Be accepted by Caro","publisher":{"@id":"https:\/\/be-accepted.com\/it\/#organization"},"potentialAction":[{"@type":"SearchAction","target":{"@type":"EntryPoint","urlTemplate":"https:\/\/be-accepted.com\/it\/?s={search_term_string}"},"query-input":{"@type":"PropertyValueSpecification","valueRequired":true,"valueName":"search_term_string"}}],"inLanguage":"it-IT"},{"@type":"Organization","@id":"https:\/\/be-accepted.com\/it\/#organization","name":"BE accepted","url":"https:\/\/be-accepted.com\/it\/","logo":{"@type":"ImageObject","inLanguage":"it-IT","@id":"https:\/\/be-accepted.com\/it\/#\/schema\/logo\/image\/","url":"","contentUrl":"","caption":"BE accepted"},"image":{"@id":"https:\/\/be-accepted.com\/it\/#\/schema\/logo\/image\/"}}]}},"_links":{"self":[{"href":"https:\/\/be-accepted.com\/it\/wp-json\/wp\/v2\/pages\/21467","targetHints":{"allow":["GET"]}}],"collection":[{"href":"https:\/\/be-accepted.com\/it\/wp-json\/wp\/v2\/pages"}],"about":[{"href":"https:\/\/be-accepted.com\/it\/wp-json\/wp\/v2\/types\/page"}],"author":[{"embeddable":true,"href":"https:\/\/be-accepted.com\/it\/wp-json\/wp\/v2\/users\/14"}],"replies":[{"embeddable":true,"href":"https:\/\/be-accepted.com\/it\/wp-json\/wp\/v2\/comments?post=21467"}],"version-history":[{"count":0,"href":"https:\/\/be-accepted.com\/it\/wp-json\/wp\/v2\/pages\/21467\/revisions"}],"wp:attachment":[{"href":"https:\/\/be-accepted.com\/it\/wp-json\/wp\/v2\/media?parent=21467"}],"curies":[{"name":"wp","href":"https:\/\/api.w.org\/{rel}","templated":true}]}}