{"id":21506,"date":"2023-08-21T09:13:10","date_gmt":"2023-08-21T09:13:10","guid":{"rendered":"https:\/\/be-accepted.com\/impronta\/"},"modified":"2025-05-15T15:09:02","modified_gmt":"2025-05-15T15:09:02","slug":"impronta","status":"publish","type":"page","link":"https:\/\/be-accepted.com\/it\/impronta\/","title":{"rendered":"impronta"},"content":{"rendered":"\t\t<div data-elementor-type=\"wp-page\" data-elementor-id=\"21506\" class=\"elementor elementor-21506 elementor-2218\" data-elementor-post-type=\"page\">\n\t\t\t\t\t\t<section class=\"elementor-section elementor-top-section elementor-element elementor-element-322ac21 elementor-section-boxed elementor-section-height-default elementor-section-height-default\" data-id=\"322ac21\" data-element_type=\"section\" data-e-type=\"section\" data-settings=\"{&quot;background_background&quot;:&quot;classic&quot;}\">\n\t\t\t\t\t\t\t<div class=\"elementor-background-overlay\"><\/div>\n\t\t\t\t\t\t\t<div class=\"elementor-container elementor-column-gap-default\">\n\t\t\t\t\t<div class=\"elementor-column elementor-col-100 elementor-top-column elementor-element elementor-element-e7839dc\" data-id=\"e7839dc\" data-element_type=\"column\" data-e-type=\"column\">\n\t\t\t<div class=\"elementor-widget-wrap elementor-element-populated\">\n\t\t\t\t\t\t\t<\/div>\n\t\t<\/div>\n\t\t\t\t\t<\/div>\n\t\t<\/section>\n\t\t\t\t<section class=\"elementor-section elementor-top-section elementor-element elementor-element-1a638ad elementor-section-boxed elementor-section-height-default elementor-section-height-default\" data-id=\"1a638ad\" data-element_type=\"section\" data-e-type=\"section\">\n\t\t\t\t\t\t<div class=\"elementor-container elementor-column-gap-default\">\n\t\t\t\t\t<div class=\"elementor-column elementor-col-100 elementor-top-column elementor-element elementor-element-654ee67\" data-id=\"654ee67\" data-element_type=\"column\" data-e-type=\"column\">\n\t\t\t<div class=\"elementor-widget-wrap elementor-element-populated\">\n\t\t\t\t\t\t<div class=\"elementor-element elementor-element-3b2b6e5 elementor-widget elementor-widget-text-editor\" data-id=\"3b2b6e5\" data-element_type=\"widget\" data-e-type=\"widget\" data-widget_type=\"text-editor.default\">\n\t\t\t\t\t\t\t\t\t<p><strong>Proprietario ed editore di media<\/strong><\/p><p>Essere accettati GmbH<\/p><p>Vegagasse 4\/2, 1190 Vienna<\/p><p><strong>Dettagli di contatto:<\/strong><\/p><p>Durante gli orari d&#8217;ufficio, dal luned\u00ec al venerd\u00ec dalle 9.00 alle 13.00, potete contattarci all&#8217;indirizzo:<\/p><p>Telefono: 0676 \/ 7766628<\/p><p>Potete inviarci un&#8217;e-mail in qualsiasi momento al seguente indirizzo:<\/p><p>E-mail: <a href=\"mailto:office@be-accepted.com\">office@be-accepted.com<\/a><\/p><p><strong>Forma giuridica<\/strong>: Societ\u00e0 a responsabilit\u00e0 limitata<\/p><p>FN 581324 p<\/p><p>Tribunale competente: Tribunale commerciale di Vienna<\/p><p><strong>UID: <\/strong>ATU 78176368<\/p><p><strong>Gestione:<\/strong><\/p><p>Stephanie Bruggraber<\/p><h5><span style=\"color: var( --e-global-color-text );\">Vegagasse 4<\/span><\/h5><p>1190 Vienna<\/p><p><strong>Responsabilit\u00e0 editoriale:<\/strong><\/p><p>Caroline Justich<\/p><p><strong>Linea di business:<\/strong><\/p><p>Societ\u00e0 di media<\/p><p><strong>Allineamento della linea media\/foglia:<\/strong><\/p><p>Be accepted \u00e8 una guida per le donne che hanno ricevuto una prima diagnosi di cancro. Lo scopo \u00e8 quello di fornire informazioni sulla medicina ortodossa e su alcune medicine complementari.<\/p><p>Il libero scambio<\/p><p>Membro della WKO Vienna<\/p><p><strong>Programmazione:<\/strong><\/p><p><a href=\"https:\/\/webmando.at\" target=\"_blank\" rel=\"noopener\">Webmando Websolutions KG<\/a><\/p><p>\u00a0<\/p><p><strong>Disclaimer (Esclusione di responsabilit\u00e0):<\/strong><\/p><p>Questa rivista \u00e8 stata realizzata con la massima cura possibile. Tuttavia, non possiamo garantire l&#8217;esattezza, la completezza o l&#8217;attualit\u00e0 dei contenuti. L&#8217;utilizzo delle informazioni avviene a proprio rischio e pericolo dell&#8217;utente. Dichiariamo espressamente che tutti i contenuti della rivista hanno esclusivamente scopo informativo e non intendono in alcun modo sostituire una consulenza medica professionale.<\/p><p>Eventuali affermazioni o opinioni espresse rappresentano esclusivamente il nostro punto di vista e non costituiscono garanzie, promesse o assicurazioni riguardo alla salute dell&#8217;utente, ai risultati in ambito sanitario o a cambiamenti nello stato di salute.<\/p><p>Dichiariamo inoltre esplicitamente che le informazioni contenute in questa rivista non possono essere considerate consulenza medica o psicologica professionale, ma solo materiale a scopo educativo.<\/p><p>In caso di dubbi sulla propria salute, si consiglia sempre di consultare un professionista sanitario qualificato. Non ignorare mai un consiglio medico n\u00e9 ritardare la ricerca di assistenza professionale a causa di qualcosa letto in questa rivista.<\/p><p>Sebbene vengano fatti sforzi ragionevoli per fornire traduzioni accurate secondo gli standard professionali, alcune parti potrebbero contenere errori. Non ci assumiamo alcuna responsabilit\u00e0 per errori, omissioni o ambiguit\u00e0 nella traduzione in inglese. Be accepted non \u00e8 responsabile per eventuali perdite causate dall\u2019affidamento sull\u2019accuratezza o affidabilit\u00e0 delle informazioni tradotte.<\/p>\t\t\t\t\t\t\t\t<\/div>\n\t\t\t\t\t<\/div>\n\t\t<\/div>\n\t\t\t\t\t<\/div>\n\t\t<\/section>\n\t\t\t\t<\/div>\n\t\t","protected":false},"excerpt":{"rendered":"<p>Proprietario ed editore di media Essere accettati GmbH Vegagasse 4\/2, 1190 Vienna Dettagli di contatto: Durante gli orari d&#8217;ufficio, dal luned\u00ec al venerd\u00ec dalle 9.00 alle 13.00, potete contattarci all&#8217;indirizzo: Telefono: 0676 \/ 7766628 Potete inviarci un&#8217;e-mail in qualsiasi momento al seguente indirizzo: E-mail: office@be-accepted.com Forma giuridica: Societ\u00e0 a responsabilit\u00e0 limitata FN 581324 p Tribunale [&hellip;]<\/p>\n","protected":false},"author":14,"featured_media":0,"parent":0,"menu_order":0,"comment_status":"closed","ping_status":"closed","template":"elementor_header_footer","meta":{"_acf_changed":false,"footnotes":""},"class_list":["post-21506","page","type-page","status-publish","hentry"],"acf":[],"yoast_head":"<!-- This site is optimized with the Yoast SEO plugin v27.6 - https:\/\/yoast.com\/product\/yoast-seo-wordpress\/ -->\n<title>impronta - Be accepted<\/title>\n<meta name=\"robots\" content=\"index, follow, max-snippet:-1, max-image-preview:large, max-video-preview:-1\" \/>\n<link rel=\"canonical\" href=\"https:\/\/be-accepted.com\/it\/impronta\/\" \/>\n<meta property=\"og:locale\" content=\"it_IT\" \/>\n<meta property=\"og:type\" content=\"article\" \/>\n<meta property=\"og:title\" content=\"impronta - Be accepted\" \/>\n<meta property=\"og:description\" content=\"Proprietario ed editore di media Essere accettati GmbH Vegagasse 4\/2, 1190 Vienna Dettagli di contatto: Durante gli orari d&#8217;ufficio, dal luned\u00ec al venerd\u00ec dalle 9.00 alle 13.00, potete contattarci all&#8217;indirizzo: Telefono: 0676 \/ 7766628 Potete inviarci un&#8217;e-mail in qualsiasi momento al seguente indirizzo: E-mail: office@be-accepted.com Forma giuridica: Societ\u00e0 a responsabilit\u00e0 limitata FN 581324 p Tribunale [&hellip;]\" \/>\n<meta property=\"og:url\" content=\"https:\/\/be-accepted.com\/it\/impronta\/\" \/>\n<meta property=\"og:site_name\" content=\"Be accepted\" \/>\n<meta property=\"article:modified_time\" content=\"2025-05-15T15:09:02+00:00\" \/>\n<meta name=\"twitter:card\" content=\"summary_large_image\" \/>\n<meta name=\"twitter:label1\" content=\"Tempo di lettura stimato\" \/>\n\t<meta name=\"twitter:data1\" content=\"2 minuti\" \/>\n<script type=\"application\/ld+json\" class=\"yoast-schema-graph\">{\"@context\":\"https:\\\/\\\/schema.org\",\"@graph\":[{\"@type\":\"WebPage\",\"@id\":\"https:\\\/\\\/be-accepted.com\\\/it\\\/impronta\\\/\",\"url\":\"https:\\\/\\\/be-accepted.com\\\/it\\\/impronta\\\/\",\"name\":\"impronta - Be accepted\",\"isPartOf\":{\"@id\":\"https:\\\/\\\/be-accepted.com\\\/it\\\/#website\"},\"datePublished\":\"2023-08-21T09:13:10+00:00\",\"dateModified\":\"2025-05-15T15:09:02+00:00\",\"breadcrumb\":{\"@id\":\"https:\\\/\\\/be-accepted.com\\\/it\\\/impronta\\\/#breadcrumb\"},\"inLanguage\":\"it-IT\",\"potentialAction\":[{\"@type\":\"ReadAction\",\"target\":[\"https:\\\/\\\/be-accepted.com\\\/it\\\/impronta\\\/\"]}]},{\"@type\":\"BreadcrumbList\",\"@id\":\"https:\\\/\\\/be-accepted.com\\\/it\\\/impronta\\\/#breadcrumb\",\"itemListElement\":[{\"@type\":\"ListItem\",\"position\":1,\"name\":\"Startseite\",\"item\":\"https:\\\/\\\/be-accepted.com\\\/it\\\/essere-accettati\\\/\"},{\"@type\":\"ListItem\",\"position\":2,\"name\":\"impronta\"}]},{\"@type\":\"WebSite\",\"@id\":\"https:\\\/\\\/be-accepted.com\\\/it\\\/#website\",\"url\":\"https:\\\/\\\/be-accepted.com\\\/it\\\/\",\"name\":\"Be accepted\",\"description\":\"Be accepted by Caro\",\"publisher\":{\"@id\":\"https:\\\/\\\/be-accepted.com\\\/it\\\/#organization\"},\"potentialAction\":[{\"@type\":\"SearchAction\",\"target\":{\"@type\":\"EntryPoint\",\"urlTemplate\":\"https:\\\/\\\/be-accepted.com\\\/it\\\/?s={search_term_string}\"},\"query-input\":{\"@type\":\"PropertyValueSpecification\",\"valueRequired\":true,\"valueName\":\"search_term_string\"}}],\"inLanguage\":\"it-IT\"},{\"@type\":\"Organization\",\"@id\":\"https:\\\/\\\/be-accepted.com\\\/it\\\/#organization\",\"name\":\"BE accepted\",\"url\":\"https:\\\/\\\/be-accepted.com\\\/it\\\/\",\"logo\":{\"@type\":\"ImageObject\",\"inLanguage\":\"it-IT\",\"@id\":\"https:\\\/\\\/be-accepted.com\\\/it\\\/#\\\/schema\\\/logo\\\/image\\\/\",\"url\":\"\",\"contentUrl\":\"\",\"caption\":\"BE accepted\"},\"image\":{\"@id\":\"https:\\\/\\\/be-accepted.com\\\/it\\\/#\\\/schema\\\/logo\\\/image\\\/\"}}]}<\/script>\n<!-- \/ Yoast SEO plugin. -->","yoast_head_json":{"title":"impronta - Be accepted","robots":{"index":"index","follow":"follow","max-snippet":"max-snippet:-1","max-image-preview":"max-image-preview:large","max-video-preview":"max-video-preview:-1"},"canonical":"https:\/\/be-accepted.com\/it\/impronta\/","og_locale":"it_IT","og_type":"article","og_title":"impronta - Be accepted","og_description":"Proprietario ed editore di media Essere accettati GmbH Vegagasse 4\/2, 1190 Vienna Dettagli di contatto: Durante gli orari d&#8217;ufficio, dal luned\u00ec al venerd\u00ec dalle 9.00 alle 13.00, potete contattarci all&#8217;indirizzo: Telefono: 0676 \/ 7766628 Potete inviarci un&#8217;e-mail in qualsiasi momento al seguente indirizzo: E-mail: office@be-accepted.com Forma giuridica: Societ\u00e0 a responsabilit\u00e0 limitata FN 581324 p Tribunale [&hellip;]","og_url":"https:\/\/be-accepted.com\/it\/impronta\/","og_site_name":"Be accepted","article_modified_time":"2025-05-15T15:09:02+00:00","twitter_card":"summary_large_image","twitter_misc":{"Tempo di lettura stimato":"2 minuti"},"schema":{"@context":"https:\/\/schema.org","@graph":[{"@type":"WebPage","@id":"https:\/\/be-accepted.com\/it\/impronta\/","url":"https:\/\/be-accepted.com\/it\/impronta\/","name":"impronta - Be accepted","isPartOf":{"@id":"https:\/\/be-accepted.com\/it\/#website"},"datePublished":"2023-08-21T09:13:10+00:00","dateModified":"2025-05-15T15:09:02+00:00","breadcrumb":{"@id":"https:\/\/be-accepted.com\/it\/impronta\/#breadcrumb"},"inLanguage":"it-IT","potentialAction":[{"@type":"ReadAction","target":["https:\/\/be-accepted.com\/it\/impronta\/"]}]},{"@type":"BreadcrumbList","@id":"https:\/\/be-accepted.com\/it\/impronta\/#breadcrumb","itemListElement":[{"@type":"ListItem","position":1,"name":"Startseite","item":"https:\/\/be-accepted.com\/it\/essere-accettati\/"},{"@type":"ListItem","position":2,"name":"impronta"}]},{"@type":"WebSite","@id":"https:\/\/be-accepted.com\/it\/#website","url":"https:\/\/be-accepted.com\/it\/","name":"Be accepted","description":"Be accepted by Caro","publisher":{"@id":"https:\/\/be-accepted.com\/it\/#organization"},"potentialAction":[{"@type":"SearchAction","target":{"@type":"EntryPoint","urlTemplate":"https:\/\/be-accepted.com\/it\/?s={search_term_string}"},"query-input":{"@type":"PropertyValueSpecification","valueRequired":true,"valueName":"search_term_string"}}],"inLanguage":"it-IT"},{"@type":"Organization","@id":"https:\/\/be-accepted.com\/it\/#organization","name":"BE accepted","url":"https:\/\/be-accepted.com\/it\/","logo":{"@type":"ImageObject","inLanguage":"it-IT","@id":"https:\/\/be-accepted.com\/it\/#\/schema\/logo\/image\/","url":"","contentUrl":"","caption":"BE accepted"},"image":{"@id":"https:\/\/be-accepted.com\/it\/#\/schema\/logo\/image\/"}}]}},"_links":{"self":[{"href":"https:\/\/be-accepted.com\/it\/wp-json\/wp\/v2\/pages\/21506","targetHints":{"allow":["GET"]}}],"collection":[{"href":"https:\/\/be-accepted.com\/it\/wp-json\/wp\/v2\/pages"}],"about":[{"href":"https:\/\/be-accepted.com\/it\/wp-json\/wp\/v2\/types\/page"}],"author":[{"embeddable":true,"href":"https:\/\/be-accepted.com\/it\/wp-json\/wp\/v2\/users\/14"}],"replies":[{"embeddable":true,"href":"https:\/\/be-accepted.com\/it\/wp-json\/wp\/v2\/comments?post=21506"}],"version-history":[{"count":0,"href":"https:\/\/be-accepted.com\/it\/wp-json\/wp\/v2\/pages\/21506\/revisions"}],"wp:attachment":[{"href":"https:\/\/be-accepted.com\/it\/wp-json\/wp\/v2\/media?parent=21506"}],"curies":[{"name":"wp","href":"https:\/\/api.w.org\/{rel}","templated":true}]}}