{"id":21519,"date":"2023-08-21T09:13:11","date_gmt":"2023-08-21T09:13:11","guid":{"rendered":"https:\/\/be-accepted.com\/intelligente-8\/"},"modified":"2025-02-25T15:27:50","modified_gmt":"2025-02-25T15:27:50","slug":"intelligente-8","status":"publish","type":"page","link":"https:\/\/be-accepted.com\/it\/intelligente-8\/","title":{"rendered":"Intelligente 8"},"content":{"rendered":"\t\t<div data-elementor-type=\"wp-page\" data-elementor-id=\"21519\" class=\"elementor elementor-21519 elementor-1973\" data-elementor-post-type=\"page\">\n\t\t\t\t<div class=\"elementor-element elementor-element-d10c5f2 e-flex e-con-boxed e-con e-parent\" data-id=\"d10c5f2\" data-element_type=\"container\" data-e-type=\"container\" data-settings=\"{&quot;background_background&quot;:&quot;classic&quot;}\">\n\t\t\t\t\t<div class=\"e-con-inner\">\n\t\t<div class=\"elementor-element elementor-element-329c9e1 e-con-full e-flex e-con e-child\" data-id=\"329c9e1\" data-element_type=\"container\" data-e-type=\"container\">\n\t\t\t\t<div class=\"elementor-element elementor-element-460dfdf elementor-invisible elementor-widget elementor-widget-heading\" data-id=\"460dfdf\" data-element_type=\"widget\" data-e-type=\"widget\" data-settings=\"{&quot;_animation&quot;:&quot;fadeInDown&quot;}\" data-widget_type=\"heading.default\">\n\t\t\t\t\t<h2 class=\"elementor-heading-title elementor-size-default\">Chi siamo<\/h2>\t\t\t\t<\/div>\n\t\t\t\t<\/div>\n\t\t\t\t\t<\/div>\n\t\t\t\t<\/div>\n\t\t<div class=\"elementor-element elementor-element-5577a4f e-flex e-con-boxed e-con e-parent\" data-id=\"5577a4f\" data-element_type=\"container\" data-e-type=\"container\">\n\t\t\t\t\t<div class=\"e-con-inner\">\n\t\t<div class=\"elementor-element elementor-element-7cb1237 e-con-full e-flex e-con e-child\" data-id=\"7cb1237\" data-element_type=\"container\" data-e-type=\"container\">\n\t\t\t\t<div class=\"elementor-element elementor-element-44d2ab0 elementor-widget__width-initial elementor-widget elementor-widget-text-editor\" data-id=\"44d2ab0\" data-element_type=\"widget\" data-e-type=\"widget\" data-widget_type=\"text-editor.default\">\n\t\t\t\t\t\t\t\t\t<p style=\"text-align: justify;\">Caro sa cosa significa ricevere una diagnosi di cancro.<br \/> conosce il cancro in quanto parente.<\/p><p style=\"text-align: justify;\">Ad entrambi piace ridere e vivere e riusciamo a concentrarci sul positivo, per quanto difficile possa sembrare.<\/p><p style=\"text-align: justify;\">Vogliamo essere i tuoi compagni, i tuoi motivatori e i tuoi informatori nei giorni belli e brutti e accompagnarti nel tuo personale &#8220;giro sulle montagne russe&#8221;.<br \/>Non possiamo promettere una cura, ma ti aiuteremo a rendere questo periodo, la tua &#8220;nuova&#8221; vita, il pi\u00f9 positivo e bello possibile.<\/p><p style=\"text-align: justify;\">I successi terapeutici spesso non sono un miracolo, ma il risultato di un team ben funzionante di medici, ambiente e pazienti attivi e costanti.<\/p><p style=\"text-align: justify;\">La rivista \u00e8 la vostra guida che colma il divario tra la medicina convenzionale e quella complementare e vi offre un vantaggio in termini di tempo e conoscenza con informazioni valide.<\/p><p style=\"text-align: justify;\">\u00a0<\/p>\t\t\t\t\t\t\t\t<\/div>\n\t\t\t\t<div class=\"elementor-element elementor-element-c8d8aa9 elementor-widget__width-initial elementor-widget elementor-widget-text-editor\" data-id=\"c8d8aa9\" data-element_type=\"widget\" data-e-type=\"widget\" data-widget_type=\"text-editor.default\">\n\t\t\t\t\t\t\t\t\t<p style=\"text-align: justify;\"><strong>Con BE accepted vi diamo una prospettiva con la quale potete iniziare immediatamente a essere un paziente attivo.<\/strong><\/p>\n<p style=\"text-align: justify;\">&#8220;ACCETTARE &#8211; VISUALIZZARE &#8211; AGIRE &#8211; CONTINUARE AD AGIRE&#8221;.<\/p>\n<p style=\"text-align: justify;\">Questo \u00e8 il principio guida che riassume ci\u00f2 che conta ora!<\/p>\n<p style=\"text-align: justify;\">L&#8217;obiettivo \u00e8 quello di poter ricevere il maggior numero possibile di trattamenti medici convenzionali.<br>Per raggiungere questo obiettivo, devi sostenerti rafforzandoti costantemente fisicamente e mentalmente, perch\u00e9 il tuo corpo e la tua mente devono funzionare al meglio, proprio come i migliori atleti.<br>Ti presenteremo le possibilit\u00e0 tra cui potrai scegliere quella pi\u00f9 adatta a te.<br>Tutti i metodi che ti mostreremo sono efficaci e facili da applicare nella vita di tutti i giorni.<br>Tutto sta nella combinazione e nell&#8217;applicazione di tutte le categorie.<\/p>\n<p style=\"text-align: justify;\">Molti studi in tutto il mondo, tra cui uno dell&#8217;Universit\u00e0 di Stanford, dimostrano che le possibilit\u00e0 di guarigione aumentano in modo significativo grazie a una combinazione sensata e concreta di medicina convenzionale e complementare.<\/p>\n<p style=\"text-align: justify;\">Oltre alla rivista cartacea, c&#8217;\u00e8 il nostro sito web <a href=\"https:\/\/be-accepted.com\/it\/\">www.be-accepted.com, <\/a>che funziona come una nuvola e vi offre continuamente tutti gli impulsi necessari per &#8220;stare al passo&#8221;. Con il sito web, vogliamo aprire a tutte le donne il know-how dei maggiori esperti e un mondo di possibilit\u00e0 a disposizione a basso costo. Troverete video, corsi, conferenze, podcast, video di esperti, una chat room, ricette e un negozio. Il tema &#8220;Essere donna, rimanere donna&#8221; ci sta particolarmente a cuore. Perch\u00e9 anche se il cancro ci colpisce nella nostra femminilit\u00e0 primordiale, siamo ancora donne che vogliono sentire e vivere la nostra femminilit\u00e0.<\/p>\n<p style=\"text-align: justify;\">La vita \u00e8 tua e il cancro ne fa parte.<br>Decidi per te stesso e scopri di cosa sei capace!<br>Siamo qui per te e sappi che sei pi\u00f9 forte di qualsiasi cosa ti capiti a tiro!<\/p>\n<p style=\"text-align: justify;\"><br><\/p>\t\t\t\t\t\t\t\t<\/div>\n\t\t\t\t<\/div>\n\t\t\t\t\t<\/div>\n\t\t\t\t<\/div>\n\t\t<div class=\"elementor-element elementor-element-0ba102b elementor-hidden-desktop elementor-hidden-tablet elementor-hidden-mobile e-flex e-con-boxed e-con e-parent\" data-id=\"0ba102b\" data-element_type=\"container\" data-e-type=\"container\">\n\t\t\t\t\t<div class=\"e-con-inner\">\n\t\t<div class=\"elementor-element elementor-element-85b7541 e-con-full e-flex e-con e-child\" data-id=\"85b7541\" data-element_type=\"container\" data-e-type=\"container\">\n\t\t\t\t<div class=\"elementor-element elementor-element-31ac201 elementor-align-center elementor-widget elementor-widget-button\" data-id=\"31ac201\" data-element_type=\"widget\" data-e-type=\"widget\" data-widget_type=\"button.default\">\n\t\t\t\t\t\t\t\t\t\t<a class=\"elementor-button elementor-button-link elementor-size-sm\" href=\"https:\/\/be-accepted.com\/it\/?page_id=28421\">\n\t\t\t\t\t\t<span class=\"elementor-button-content-wrapper\">\n\t\t\t\t\t\t\t\t\t<span class=\"elementor-button-text\">I nostri esperti<\/span>\n\t\t\t\t\t<\/span>\n\t\t\t\t\t<\/a>\n\t\t\t\t\t\t\t\t<\/div>\n\t\t\t\t<\/div>\n\t\t\t\t\t<\/div>\n\t\t\t\t<\/div>\n\t\t<div class=\"elementor-element elementor-element-3e5185a e-flex e-con-boxed e-con e-parent\" data-id=\"3e5185a\" data-element_type=\"container\" data-e-type=\"container\" data-settings=\"{&quot;background_background&quot;:&quot;classic&quot;}\">\n\t\t\t\t\t<div class=\"e-con-inner\">\n\t\t<div class=\"elementor-element elementor-element-7560994 e-con-full e-flex e-con e-child\" data-id=\"7560994\" data-element_type=\"container\" data-e-type=\"container\">\n\t\t\t\t<div class=\"elementor-element elementor-element-0938d66 elementor-widget elementor-widget-image\" data-id=\"0938d66\" data-element_type=\"widget\" data-e-type=\"widget\" data-widget_type=\"image.default\">\n\t\t\t\t\t\t\t\t\t\t\t\t\t\t\t\t<a href=\"https:\/\/be-accepted.com\/smart-8\/\">\n\t\t\t\t\t\t\t<img fetchpriority=\"high\" decoding=\"async\" width=\"549\" height=\"471\" src=\"https:\/\/be-accepted.com\/wp-content\/uploads\/2022\/07\/Be_Accepted_Octopus_Blue-1.png\" class=\"attachment-large size-large wp-image-23649\" alt=\"\" srcset=\"https:\/\/be-accepted.com\/wp-content\/uploads\/2022\/07\/Be_Accepted_Octopus_Blue-1.png 549w, https:\/\/be-accepted.com\/wp-content\/uploads\/2022\/07\/Be_Accepted_Octopus_Blue-1-450x386.png 450w, https:\/\/be-accepted.com\/wp-content\/uploads\/2022\/07\/Be_Accepted_Octopus_Blue-1-300x257.png 300w\" sizes=\"(max-width: 549px) 100vw, 549px\" \/>\t\t\t\t\t\t\t\t<\/a>\n\t\t\t\t\t\t\t\t\t\t\t\t\t\t\t<\/div>\n\t\t\t\t<div class=\"elementor-element elementor-element-e986412 elementor-widget elementor-widget-heading\" data-id=\"e986412\" data-element_type=\"widget\" data-e-type=\"widget\" data-widget_type=\"heading.default\">\n\t\t\t\t\t<h2 class=\"elementor-heading-title elementor-size-default\">La casa dell'intelligente 8<\/h2>\t\t\t\t<\/div>\n\t\t\t\t<div class=\"elementor-element elementor-element-ca46565 elementor-widget__width-inherit elementor-widget elementor-widget-text-editor\" data-id=\"ca46565\" data-element_type=\"widget\" data-e-type=\"widget\" data-widget_type=\"text-editor.default\">\n\t\t\t\t\t\t\t\t\t<p style=\"text-align: justify;\">Gli 8 tentacoli della piovra rappresentano le rubriche di Be accepted. Tutti funzionano bene da soli, ma il polpo pu\u00f2 dare il meglio di s\u00e9 solo quando vengono utilizzati insieme. Lo stesso vale per il nostro corpo. Sempre pi\u00f9 studi in tutto il mondo, tra cui quelli dell&#8217;Universit\u00e0 di Stanford, dimostrano che le possibilit\u00e0 di guarigione aumentano grazie alla combinazione sensata di medicina convenzionale e complementare. Nelle nostre 8 sezioni vi mostriamo come potete rafforzarvi psicologicamente e fisicamente nel modo migliore per poter ricevere il maggior numero possibile di trattamenti medici convenzionali. Ogni categoria presenta diverse opzioni tra le quali \u00e8 possibile scegliere quella pi\u00f9 adatta alle proprie esigenze. Non \u00e8 importante quale scegliate, ma solo che diventiate attivi e utilizziate il potere della combinazione di tutti.<\/p>\n\t\t\t\t\t\t\t\t<\/div>\n\t\t\t\t<\/div>\n\t\t\t\t\t<\/div>\n\t\t\t\t<\/div>\n\t\t\t\t<\/div>\n\t\t","protected":false},"excerpt":{"rendered":"<p>Chi siamo Caro sa cosa significa ricevere una diagnosi di cancro. conosce il cancro in quanto parente. Ad entrambi piace ridere e vivere e riusciamo a concentrarci sul positivo, per quanto difficile possa sembrare. Vogliamo essere i tuoi compagni, i tuoi motivatori e i tuoi informatori nei giorni belli e brutti e accompagnarti nel tuo [&hellip;]<\/p>\n","protected":false},"author":14,"featured_media":0,"parent":0,"menu_order":0,"comment_status":"closed","ping_status":"closed","template":"elementor_header_footer","meta":{"_acf_changed":false,"footnotes":""},"class_list":["post-21519","page","type-page","status-publish","hentry"],"acf":[],"yoast_head":"<!-- This site is optimized with the Yoast SEO plugin v27.6 - https:\/\/yoast.com\/product\/yoast-seo-wordpress\/ -->\n<title>Intelligente 8 - Be accepted<\/title>\n<meta name=\"robots\" content=\"index, follow, max-snippet:-1, max-image-preview:large, max-video-preview:-1\" \/>\n<link rel=\"canonical\" href=\"https:\/\/be-accepted.com\/it\/intelligente-8\/\" \/>\n<meta property=\"og:locale\" content=\"it_IT\" \/>\n<meta property=\"og:type\" content=\"article\" \/>\n<meta property=\"og:title\" content=\"Intelligente 8 - Be accepted\" \/>\n<meta property=\"og:description\" content=\"Chi siamo Caro sa cosa significa ricevere una diagnosi di cancro. conosce il cancro in quanto parente. Ad entrambi piace ridere e vivere e riusciamo a concentrarci sul positivo, per quanto difficile possa sembrare. Vogliamo essere i tuoi compagni, i tuoi motivatori e i tuoi informatori nei giorni belli e brutti e accompagnarti nel tuo [&hellip;]\" \/>\n<meta property=\"og:url\" content=\"https:\/\/be-accepted.com\/it\/intelligente-8\/\" \/>\n<meta property=\"og:site_name\" content=\"Be accepted\" \/>\n<meta property=\"article:modified_time\" content=\"2025-02-25T15:27:50+00:00\" \/>\n<meta property=\"og:image\" content=\"https:\/\/be-accepted.com\/wp-content\/uploads\/2022\/07\/Be_Accepted_Octopus_Blue-1.png\" \/>\n\t<meta property=\"og:image:width\" content=\"549\" \/>\n\t<meta property=\"og:image:height\" content=\"471\" \/>\n\t<meta property=\"og:image:type\" content=\"image\/png\" \/>\n<meta name=\"twitter:card\" content=\"summary_large_image\" \/>\n<meta name=\"twitter:label1\" content=\"Tempo di lettura stimato\" \/>\n\t<meta name=\"twitter:data1\" content=\"4 minuti\" \/>\n<script type=\"application\/ld+json\" class=\"yoast-schema-graph\">{\"@context\":\"https:\\\/\\\/schema.org\",\"@graph\":[{\"@type\":\"WebPage\",\"@id\":\"https:\\\/\\\/be-accepted.com\\\/it\\\/intelligente-8\\\/\",\"url\":\"https:\\\/\\\/be-accepted.com\\\/it\\\/intelligente-8\\\/\",\"name\":\"Intelligente 8 - Be accepted\",\"isPartOf\":{\"@id\":\"https:\\\/\\\/be-accepted.com\\\/it\\\/#website\"},\"primaryImageOfPage\":{\"@id\":\"https:\\\/\\\/be-accepted.com\\\/it\\\/intelligente-8\\\/#primaryimage\"},\"image\":{\"@id\":\"https:\\\/\\\/be-accepted.com\\\/it\\\/intelligente-8\\\/#primaryimage\"},\"thumbnailUrl\":\"https:\\\/\\\/be-accepted.com\\\/wp-content\\\/uploads\\\/2022\\\/07\\\/Be_Accepted_Octopus_Blue-1.png\",\"datePublished\":\"2023-08-21T09:13:11+00:00\",\"dateModified\":\"2025-02-25T15:27:50+00:00\",\"breadcrumb\":{\"@id\":\"https:\\\/\\\/be-accepted.com\\\/it\\\/intelligente-8\\\/#breadcrumb\"},\"inLanguage\":\"it-IT\",\"potentialAction\":[{\"@type\":\"ReadAction\",\"target\":[\"https:\\\/\\\/be-accepted.com\\\/it\\\/intelligente-8\\\/\"]}]},{\"@type\":\"ImageObject\",\"inLanguage\":\"it-IT\",\"@id\":\"https:\\\/\\\/be-accepted.com\\\/it\\\/intelligente-8\\\/#primaryimage\",\"url\":\"https:\\\/\\\/be-accepted.com\\\/wp-content\\\/uploads\\\/2022\\\/07\\\/Be_Accepted_Octopus_Blue-1.png\",\"contentUrl\":\"https:\\\/\\\/be-accepted.com\\\/wp-content\\\/uploads\\\/2022\\\/07\\\/Be_Accepted_Octopus_Blue-1.png\"},{\"@type\":\"BreadcrumbList\",\"@id\":\"https:\\\/\\\/be-accepted.com\\\/it\\\/intelligente-8\\\/#breadcrumb\",\"itemListElement\":[{\"@type\":\"ListItem\",\"position\":1,\"name\":\"Startseite\",\"item\":\"https:\\\/\\\/be-accepted.com\\\/it\\\/essere-accettati\\\/\"},{\"@type\":\"ListItem\",\"position\":2,\"name\":\"Intelligente 8\"}]},{\"@type\":\"WebSite\",\"@id\":\"https:\\\/\\\/be-accepted.com\\\/it\\\/#website\",\"url\":\"https:\\\/\\\/be-accepted.com\\\/it\\\/\",\"name\":\"Be accepted\",\"description\":\"Be accepted by Caro\",\"publisher\":{\"@id\":\"https:\\\/\\\/be-accepted.com\\\/it\\\/#organization\"},\"potentialAction\":[{\"@type\":\"SearchAction\",\"target\":{\"@type\":\"EntryPoint\",\"urlTemplate\":\"https:\\\/\\\/be-accepted.com\\\/it\\\/?s={search_term_string}\"},\"query-input\":{\"@type\":\"PropertyValueSpecification\",\"valueRequired\":true,\"valueName\":\"search_term_string\"}}],\"inLanguage\":\"it-IT\"},{\"@type\":\"Organization\",\"@id\":\"https:\\\/\\\/be-accepted.com\\\/it\\\/#organization\",\"name\":\"BE accepted\",\"url\":\"https:\\\/\\\/be-accepted.com\\\/it\\\/\",\"logo\":{\"@type\":\"ImageObject\",\"inLanguage\":\"it-IT\",\"@id\":\"https:\\\/\\\/be-accepted.com\\\/it\\\/#\\\/schema\\\/logo\\\/image\\\/\",\"url\":\"\",\"contentUrl\":\"\",\"caption\":\"BE accepted\"},\"image\":{\"@id\":\"https:\\\/\\\/be-accepted.com\\\/it\\\/#\\\/schema\\\/logo\\\/image\\\/\"}}]}<\/script>\n<!-- \/ Yoast SEO plugin. -->","yoast_head_json":{"title":"Intelligente 8 - Be accepted","robots":{"index":"index","follow":"follow","max-snippet":"max-snippet:-1","max-image-preview":"max-image-preview:large","max-video-preview":"max-video-preview:-1"},"canonical":"https:\/\/be-accepted.com\/it\/intelligente-8\/","og_locale":"it_IT","og_type":"article","og_title":"Intelligente 8 - Be accepted","og_description":"Chi siamo Caro sa cosa significa ricevere una diagnosi di cancro. conosce il cancro in quanto parente. Ad entrambi piace ridere e vivere e riusciamo a concentrarci sul positivo, per quanto difficile possa sembrare. Vogliamo essere i tuoi compagni, i tuoi motivatori e i tuoi informatori nei giorni belli e brutti e accompagnarti nel tuo [&hellip;]","og_url":"https:\/\/be-accepted.com\/it\/intelligente-8\/","og_site_name":"Be accepted","article_modified_time":"2025-02-25T15:27:50+00:00","og_image":[{"width":549,"height":471,"url":"https:\/\/be-accepted.com\/wp-content\/uploads\/2022\/07\/Be_Accepted_Octopus_Blue-1.png","type":"image\/png"}],"twitter_card":"summary_large_image","twitter_misc":{"Tempo di lettura stimato":"4 minuti"},"schema":{"@context":"https:\/\/schema.org","@graph":[{"@type":"WebPage","@id":"https:\/\/be-accepted.com\/it\/intelligente-8\/","url":"https:\/\/be-accepted.com\/it\/intelligente-8\/","name":"Intelligente 8 - Be accepted","isPartOf":{"@id":"https:\/\/be-accepted.com\/it\/#website"},"primaryImageOfPage":{"@id":"https:\/\/be-accepted.com\/it\/intelligente-8\/#primaryimage"},"image":{"@id":"https:\/\/be-accepted.com\/it\/intelligente-8\/#primaryimage"},"thumbnailUrl":"https:\/\/be-accepted.com\/wp-content\/uploads\/2022\/07\/Be_Accepted_Octopus_Blue-1.png","datePublished":"2023-08-21T09:13:11+00:00","dateModified":"2025-02-25T15:27:50+00:00","breadcrumb":{"@id":"https:\/\/be-accepted.com\/it\/intelligente-8\/#breadcrumb"},"inLanguage":"it-IT","potentialAction":[{"@type":"ReadAction","target":["https:\/\/be-accepted.com\/it\/intelligente-8\/"]}]},{"@type":"ImageObject","inLanguage":"it-IT","@id":"https:\/\/be-accepted.com\/it\/intelligente-8\/#primaryimage","url":"https:\/\/be-accepted.com\/wp-content\/uploads\/2022\/07\/Be_Accepted_Octopus_Blue-1.png","contentUrl":"https:\/\/be-accepted.com\/wp-content\/uploads\/2022\/07\/Be_Accepted_Octopus_Blue-1.png"},{"@type":"BreadcrumbList","@id":"https:\/\/be-accepted.com\/it\/intelligente-8\/#breadcrumb","itemListElement":[{"@type":"ListItem","position":1,"name":"Startseite","item":"https:\/\/be-accepted.com\/it\/essere-accettati\/"},{"@type":"ListItem","position":2,"name":"Intelligente 8"}]},{"@type":"WebSite","@id":"https:\/\/be-accepted.com\/it\/#website","url":"https:\/\/be-accepted.com\/it\/","name":"Be accepted","description":"Be accepted by Caro","publisher":{"@id":"https:\/\/be-accepted.com\/it\/#organization"},"potentialAction":[{"@type":"SearchAction","target":{"@type":"EntryPoint","urlTemplate":"https:\/\/be-accepted.com\/it\/?s={search_term_string}"},"query-input":{"@type":"PropertyValueSpecification","valueRequired":true,"valueName":"search_term_string"}}],"inLanguage":"it-IT"},{"@type":"Organization","@id":"https:\/\/be-accepted.com\/it\/#organization","name":"BE accepted","url":"https:\/\/be-accepted.com\/it\/","logo":{"@type":"ImageObject","inLanguage":"it-IT","@id":"https:\/\/be-accepted.com\/it\/#\/schema\/logo\/image\/","url":"","contentUrl":"","caption":"BE accepted"},"image":{"@id":"https:\/\/be-accepted.com\/it\/#\/schema\/logo\/image\/"}}]}},"_links":{"self":[{"href":"https:\/\/be-accepted.com\/it\/wp-json\/wp\/v2\/pages\/21519","targetHints":{"allow":["GET"]}}],"collection":[{"href":"https:\/\/be-accepted.com\/it\/wp-json\/wp\/v2\/pages"}],"about":[{"href":"https:\/\/be-accepted.com\/it\/wp-json\/wp\/v2\/types\/page"}],"author":[{"embeddable":true,"href":"https:\/\/be-accepted.com\/it\/wp-json\/wp\/v2\/users\/14"}],"replies":[{"embeddable":true,"href":"https:\/\/be-accepted.com\/it\/wp-json\/wp\/v2\/comments?post=21519"}],"version-history":[{"count":0,"href":"https:\/\/be-accepted.com\/it\/wp-json\/wp\/v2\/pages\/21519\/revisions"}],"wp:attachment":[{"href":"https:\/\/be-accepted.com\/it\/wp-json\/wp\/v2\/media?parent=21519"}],"curies":[{"name":"wp","href":"https:\/\/api.w.org\/{rel}","templated":true}]}}