{"id":35709,"date":"2025-11-11T09:27:39","date_gmt":"2025-11-11T09:27:39","guid":{"rendered":"https:\/\/be-accepted.com\/product\/spilla-a-forma-di-polipo-in-oro-opaco-con-strass-nei-colori-magenta-rosa-e-arcobaleno\/"},"modified":"2025-11-11T09:31:59","modified_gmt":"2025-11-11T09:31:59","slug":"spilla-a-forma-di-polipo-in-oro-opaco-con-strass-nei-colori-magenta-rosa-e-arcobaleno","status":"publish","type":"product","link":"https:\/\/be-accepted.com\/it\/prodotto\/spilla-a-forma-di-polipo-in-oro-opaco-con-strass-nei-colori-magenta-rosa-e-arcobaleno\/","title":{"rendered":"Spilla a forma di polipo in oro opaco con strass nei colori magenta, rosa e arcobaleno"},"content":{"rendered":"<p data-start=\"96\" data-end=\"411\">Questa spilla a forma di polipo (circa 4,5 \u00d7 4 cm) combina il fascino marittimo con un&#8217;eleganza sofisticata. Realizzata in metallo di alta qualit\u00e0 in oro opaco, colpisce per il suo design dettagliato e per gli strass inseriti con cura nei colori magenta, rosa e arcobaleno iridescente. <\/p>\n<p data-start=\"413\" data-end=\"602\">Le pietre scintillanti riflettono la luce in affascinanti sfumature e conferiscono alla spilla un aspetto vivace e giocoso, quasi come se il polpo fosse in movimento.<\/p>\n<p data-start=\"604\" data-end=\"818\" data-is-last-node=\"\" data-is-only-node=\"\">Sia che si tratti di un elegante elemento di spicco su un blazer, un abito, una sciarpa o una borsa, questo insolito gioiello attirer\u00e0 sicuramente l&#8217;attenzione di tutti e sottolineer\u00e0 un senso della moda individuale e sicuro di s\u00e9.<\/p>\n","protected":false},"excerpt":{"rendered":"<p>Questa spilla a forma di polipo (circa 4,5 \u00d7 4 cm) combina il fascino marittimo con un&#8217;eleganza sofisticata. Realizzata in metallo di alta qualit\u00e0 in oro opaco, colpisce per il suo design dettagliato e per gli strass inseriti con cura nei colori magenta, rosa e arcobaleno iridescente. Le pietre scintillanti riflettono la luce in affascinanti [&hellip;]<\/p>\n","protected":false},"featured_media":35689,"template":"","meta":{"_acf_changed":false},"product_brand":[],"product_cat":[292],"product_tag":[],"class_list":{"0":"post-35709","1":"product","2":"type-product","3":"status-publish","4":"has-post-thumbnail","6":"product_cat-essere-accettati","8":"first","9":"instock","10":"taxable","11":"shipping-taxable","12":"purchasable","13":"product-type-simple"},"acf":[],"yoast_head":"<!-- This site is optimized with the Yoast SEO plugin v27.6 - https:\/\/yoast.com\/product\/yoast-seo-wordpress\/ -->\n<title>Spilla a forma di polipo in oro opaco con strass nei colori magenta, rosa e arcobaleno<\/title>\n<meta name=\"description\" content=\"Spilla a forma di polipo in oro opaco con strass nei colori magenta, rosa e arcobaleno\" \/>\n<meta name=\"robots\" content=\"index, follow, max-snippet:-1, max-image-preview:large, max-video-preview:-1\" \/>\n<link rel=\"canonical\" href=\"https:\/\/be-accepted.com\/it\/prodotto\/spilla-a-forma-di-polipo-in-oro-opaco-con-strass-nei-colori-magenta-rosa-e-arcobaleno\/\" \/>\n<meta property=\"og:locale\" content=\"it_IT\" \/>\n<meta property=\"og:type\" content=\"article\" \/>\n<meta property=\"og:title\" content=\"Spilla a forma di polipo in oro opaco con strass nei colori magenta, rosa e arcobaleno\" \/>\n<meta property=\"og:description\" content=\"Spilla a forma di polipo in oro opaco con strass nei colori magenta, rosa e arcobaleno\" \/>\n<meta property=\"og:url\" content=\"https:\/\/be-accepted.com\/it\/prodotto\/spilla-a-forma-di-polipo-in-oro-opaco-con-strass-nei-colori-magenta-rosa-e-arcobaleno\/\" \/>\n<meta property=\"og:site_name\" content=\"Be accepted\" \/>\n<meta property=\"article:modified_time\" content=\"2025-11-11T09:31:59+00:00\" \/>\n<meta property=\"og:image\" content=\"https:\/\/be-accepted.com\/wp-content\/uploads\/2025\/11\/IMG_5671.jpg\" \/>\n\t<meta property=\"og:image:width\" content=\"640\" \/>\n\t<meta property=\"og:image:height\" content=\"636\" \/>\n\t<meta property=\"og:image:type\" content=\"image\/jpeg\" \/>\n<meta name=\"twitter:card\" content=\"summary_large_image\" \/>\n<meta name=\"twitter:label1\" content=\"Tempo di lettura stimato\" \/>\n\t<meta name=\"twitter:data1\" content=\"1 minuto\" \/>\n<script type=\"application\/ld+json\" class=\"yoast-schema-graph\">{\"@context\":\"https:\\\/\\\/schema.org\",\"@graph\":[{\"@type\":\"WebPage\",\"@id\":\"https:\\\/\\\/be-accepted.com\\\/it\\\/prodotto\\\/spilla-a-forma-di-polipo-in-oro-opaco-con-strass-nei-colori-magenta-rosa-e-arcobaleno\\\/\",\"url\":\"https:\\\/\\\/be-accepted.com\\\/it\\\/prodotto\\\/spilla-a-forma-di-polipo-in-oro-opaco-con-strass-nei-colori-magenta-rosa-e-arcobaleno\\\/\",\"name\":\"Spilla a forma di polipo in oro opaco con strass nei colori magenta, rosa e arcobaleno\",\"isPartOf\":{\"@id\":\"https:\\\/\\\/be-accepted.com\\\/it\\\/#website\"},\"primaryImageOfPage\":{\"@id\":\"https:\\\/\\\/be-accepted.com\\\/it\\\/prodotto\\\/spilla-a-forma-di-polipo-in-oro-opaco-con-strass-nei-colori-magenta-rosa-e-arcobaleno\\\/#primaryimage\"},\"image\":{\"@id\":\"https:\\\/\\\/be-accepted.com\\\/it\\\/prodotto\\\/spilla-a-forma-di-polipo-in-oro-opaco-con-strass-nei-colori-magenta-rosa-e-arcobaleno\\\/#primaryimage\"},\"thumbnailUrl\":\"https:\\\/\\\/be-accepted.com\\\/wp-content\\\/uploads\\\/2025\\\/11\\\/IMG_5671.jpg\",\"datePublished\":\"2025-11-11T09:27:39+00:00\",\"dateModified\":\"2025-11-11T09:31:59+00:00\",\"description\":\"Spilla a forma di polipo in oro opaco con strass nei colori magenta, rosa e arcobaleno\",\"breadcrumb\":{\"@id\":\"https:\\\/\\\/be-accepted.com\\\/it\\\/prodotto\\\/spilla-a-forma-di-polipo-in-oro-opaco-con-strass-nei-colori-magenta-rosa-e-arcobaleno\\\/#breadcrumb\"},\"inLanguage\":\"it-IT\",\"potentialAction\":[{\"@type\":\"ReadAction\",\"target\":[\"https:\\\/\\\/be-accepted.com\\\/it\\\/prodotto\\\/spilla-a-forma-di-polipo-in-oro-opaco-con-strass-nei-colori-magenta-rosa-e-arcobaleno\\\/\"]}]},{\"@type\":\"ImageObject\",\"inLanguage\":\"it-IT\",\"@id\":\"https:\\\/\\\/be-accepted.com\\\/it\\\/prodotto\\\/spilla-a-forma-di-polipo-in-oro-opaco-con-strass-nei-colori-magenta-rosa-e-arcobaleno\\\/#primaryimage\",\"url\":\"https:\\\/\\\/be-accepted.com\\\/wp-content\\\/uploads\\\/2025\\\/11\\\/IMG_5671.jpg\",\"contentUrl\":\"https:\\\/\\\/be-accepted.com\\\/wp-content\\\/uploads\\\/2025\\\/11\\\/IMG_5671.jpg\",\"width\":640,\"height\":636},{\"@type\":\"BreadcrumbList\",\"@id\":\"https:\\\/\\\/be-accepted.com\\\/it\\\/prodotto\\\/spilla-a-forma-di-polipo-in-oro-opaco-con-strass-nei-colori-magenta-rosa-e-arcobaleno\\\/#breadcrumb\",\"itemListElement\":[{\"@type\":\"ListItem\",\"position\":1,\"name\":\"Startseite\",\"item\":\"https:\\\/\\\/be-accepted.com\\\/it\\\/essere-accettati\\\/\"},{\"@type\":\"ListItem\",\"position\":2,\"name\":\"Negozio\",\"item\":\"https:\\\/\\\/be-accepted.com\\\/it\\\/?page_id=21340\"},{\"@type\":\"ListItem\",\"position\":3,\"name\":\"Spilla a forma di polipo in oro opaco con strass nei colori magenta, rosa e arcobaleno\"}]},{\"@type\":\"WebSite\",\"@id\":\"https:\\\/\\\/be-accepted.com\\\/it\\\/#website\",\"url\":\"https:\\\/\\\/be-accepted.com\\\/it\\\/\",\"name\":\"Be accepted\",\"description\":\"Be accepted by Caro\",\"publisher\":{\"@id\":\"https:\\\/\\\/be-accepted.com\\\/it\\\/#organization\"},\"potentialAction\":[{\"@type\":\"SearchAction\",\"target\":{\"@type\":\"EntryPoint\",\"urlTemplate\":\"https:\\\/\\\/be-accepted.com\\\/it\\\/?s={search_term_string}\"},\"query-input\":{\"@type\":\"PropertyValueSpecification\",\"valueRequired\":true,\"valueName\":\"search_term_string\"}}],\"inLanguage\":\"it-IT\"},{\"@type\":\"Organization\",\"@id\":\"https:\\\/\\\/be-accepted.com\\\/it\\\/#organization\",\"name\":\"BE accepted\",\"url\":\"https:\\\/\\\/be-accepted.com\\\/it\\\/\",\"logo\":{\"@type\":\"ImageObject\",\"inLanguage\":\"it-IT\",\"@id\":\"https:\\\/\\\/be-accepted.com\\\/it\\\/#\\\/schema\\\/logo\\\/image\\\/\",\"url\":\"\",\"contentUrl\":\"\",\"caption\":\"BE accepted\"},\"image\":{\"@id\":\"https:\\\/\\\/be-accepted.com\\\/it\\\/#\\\/schema\\\/logo\\\/image\\\/\"}}]}<\/script>\n<!-- \/ Yoast SEO plugin. -->","yoast_head_json":{"title":"Spilla a forma di polipo in oro opaco con strass nei colori magenta, rosa e arcobaleno","description":"Spilla a forma di polipo in oro opaco con strass nei colori magenta, rosa e arcobaleno","robots":{"index":"index","follow":"follow","max-snippet":"max-snippet:-1","max-image-preview":"max-image-preview:large","max-video-preview":"max-video-preview:-1"},"canonical":"https:\/\/be-accepted.com\/it\/prodotto\/spilla-a-forma-di-polipo-in-oro-opaco-con-strass-nei-colori-magenta-rosa-e-arcobaleno\/","og_locale":"it_IT","og_type":"article","og_title":"Spilla a forma di polipo in oro opaco con strass nei colori magenta, rosa e arcobaleno","og_description":"Spilla a forma di polipo in oro opaco con strass nei colori magenta, rosa e arcobaleno","og_url":"https:\/\/be-accepted.com\/it\/prodotto\/spilla-a-forma-di-polipo-in-oro-opaco-con-strass-nei-colori-magenta-rosa-e-arcobaleno\/","og_site_name":"Be accepted","article_modified_time":"2025-11-11T09:31:59+00:00","og_image":[{"width":640,"height":636,"url":"https:\/\/be-accepted.com\/wp-content\/uploads\/2025\/11\/IMG_5671.jpg","type":"image\/jpeg"}],"twitter_card":"summary_large_image","twitter_misc":{"Tempo di lettura stimato":"1 minuto"},"schema":{"@context":"https:\/\/schema.org","@graph":[{"@type":"WebPage","@id":"https:\/\/be-accepted.com\/it\/prodotto\/spilla-a-forma-di-polipo-in-oro-opaco-con-strass-nei-colori-magenta-rosa-e-arcobaleno\/","url":"https:\/\/be-accepted.com\/it\/prodotto\/spilla-a-forma-di-polipo-in-oro-opaco-con-strass-nei-colori-magenta-rosa-e-arcobaleno\/","name":"Spilla a forma di polipo in oro opaco con strass nei colori magenta, rosa e arcobaleno","isPartOf":{"@id":"https:\/\/be-accepted.com\/it\/#website"},"primaryImageOfPage":{"@id":"https:\/\/be-accepted.com\/it\/prodotto\/spilla-a-forma-di-polipo-in-oro-opaco-con-strass-nei-colori-magenta-rosa-e-arcobaleno\/#primaryimage"},"image":{"@id":"https:\/\/be-accepted.com\/it\/prodotto\/spilla-a-forma-di-polipo-in-oro-opaco-con-strass-nei-colori-magenta-rosa-e-arcobaleno\/#primaryimage"},"thumbnailUrl":"https:\/\/be-accepted.com\/wp-content\/uploads\/2025\/11\/IMG_5671.jpg","datePublished":"2025-11-11T09:27:39+00:00","dateModified":"2025-11-11T09:31:59+00:00","description":"Spilla a forma di polipo in oro opaco con strass nei colori magenta, rosa e arcobaleno","breadcrumb":{"@id":"https:\/\/be-accepted.com\/it\/prodotto\/spilla-a-forma-di-polipo-in-oro-opaco-con-strass-nei-colori-magenta-rosa-e-arcobaleno\/#breadcrumb"},"inLanguage":"it-IT","potentialAction":[{"@type":"ReadAction","target":["https:\/\/be-accepted.com\/it\/prodotto\/spilla-a-forma-di-polipo-in-oro-opaco-con-strass-nei-colori-magenta-rosa-e-arcobaleno\/"]}]},{"@type":"ImageObject","inLanguage":"it-IT","@id":"https:\/\/be-accepted.com\/it\/prodotto\/spilla-a-forma-di-polipo-in-oro-opaco-con-strass-nei-colori-magenta-rosa-e-arcobaleno\/#primaryimage","url":"https:\/\/be-accepted.com\/wp-content\/uploads\/2025\/11\/IMG_5671.jpg","contentUrl":"https:\/\/be-accepted.com\/wp-content\/uploads\/2025\/11\/IMG_5671.jpg","width":640,"height":636},{"@type":"BreadcrumbList","@id":"https:\/\/be-accepted.com\/it\/prodotto\/spilla-a-forma-di-polipo-in-oro-opaco-con-strass-nei-colori-magenta-rosa-e-arcobaleno\/#breadcrumb","itemListElement":[{"@type":"ListItem","position":1,"name":"Startseite","item":"https:\/\/be-accepted.com\/it\/essere-accettati\/"},{"@type":"ListItem","position":2,"name":"Negozio","item":"https:\/\/be-accepted.com\/it\/?page_id=21340"},{"@type":"ListItem","position":3,"name":"Spilla a forma di polipo in oro opaco con strass nei colori magenta, rosa e arcobaleno"}]},{"@type":"WebSite","@id":"https:\/\/be-accepted.com\/it\/#website","url":"https:\/\/be-accepted.com\/it\/","name":"Be accepted","description":"Be accepted by Caro","publisher":{"@id":"https:\/\/be-accepted.com\/it\/#organization"},"potentialAction":[{"@type":"SearchAction","target":{"@type":"EntryPoint","urlTemplate":"https:\/\/be-accepted.com\/it\/?s={search_term_string}"},"query-input":{"@type":"PropertyValueSpecification","valueRequired":true,"valueName":"search_term_string"}}],"inLanguage":"it-IT"},{"@type":"Organization","@id":"https:\/\/be-accepted.com\/it\/#organization","name":"BE accepted","url":"https:\/\/be-accepted.com\/it\/","logo":{"@type":"ImageObject","inLanguage":"it-IT","@id":"https:\/\/be-accepted.com\/it\/#\/schema\/logo\/image\/","url":"","contentUrl":"","caption":"BE accepted"},"image":{"@id":"https:\/\/be-accepted.com\/it\/#\/schema\/logo\/image\/"}}]}},"_links":{"self":[{"href":"https:\/\/be-accepted.com\/it\/wp-json\/wp\/v2\/product\/35709","targetHints":{"allow":["GET"]}}],"collection":[{"href":"https:\/\/be-accepted.com\/it\/wp-json\/wp\/v2\/product"}],"about":[{"href":"https:\/\/be-accepted.com\/it\/wp-json\/wp\/v2\/types\/product"}],"version-history":[{"count":0,"href":"https:\/\/be-accepted.com\/it\/wp-json\/wp\/v2\/product\/35709\/revisions"}],"wp:featuredmedia":[{"embeddable":true,"href":"https:\/\/be-accepted.com\/it\/wp-json\/wp\/v2\/media\/35689"}],"wp:attachment":[{"href":"https:\/\/be-accepted.com\/it\/wp-json\/wp\/v2\/media?parent=35709"}],"wp:term":[{"taxonomy":"product_brand","embeddable":true,"href":"https:\/\/be-accepted.com\/it\/wp-json\/wp\/v2\/product_brand?post=35709"},{"taxonomy":"product_cat","embeddable":true,"href":"https:\/\/be-accepted.com\/it\/wp-json\/wp\/v2\/product_cat?post=35709"},{"taxonomy":"product_tag","embeddable":true,"href":"https:\/\/be-accepted.com\/it\/wp-json\/wp\/v2\/product_tag?post=35709"}],"curies":[{"name":"wp","href":"https:\/\/api.w.org\/{rel}","templated":true}]}}