{"id":20776,"date":"2023-08-21T09:09:03","date_gmt":"2023-08-21T09:09:03","guid":{"rendered":"https:\/\/be-accepted.com\/badz-akceptowany\/"},"modified":"2026-05-11T13:32:47","modified_gmt":"2026-05-11T13:32:47","slug":"badz-akceptowany","status":"publish","type":"page","link":"https:\/\/be-accepted.com\/pl\/","title":{"rendered":"Be accepted"},"content":{"rendered":"<div class=\"swpm-post-not-logged-in-msg\">You need to be logged in to view this content. Prosz\u0119 <a class=\"swpm-login-link\" href=\"https:\/\/be-accepted.com\/my-account\/?swpm_redirect_to=https%3A%2F%2Fbe-accepted.com%2Fpl%2Fwp-json%2Fwp%2Fv2%2Fpages%2F20776\">Log In<\/a>. Nie masz konta? <a href=\"https:\/\/be-accepted.com\/produkt\/be-accepted-mitglied-werden\/\">Do\u0142\u0105cz do nas.<\/a><\/div>","protected":false},"excerpt":{"rendered":"<p>You need to be logged in to view this content. Prosz\u0119 Log In. Nie masz konta? Do\u0142\u0105cz do nas.<\/p>\n","protected":false},"author":14,"featured_media":0,"parent":0,"menu_order":0,"comment_status":"closed","ping_status":"closed","template":"","meta":{"_acf_changed":false,"footnotes":""},"class_list":["post-20776","page","type-page","status-publish","hentry"],"acf":[],"yoast_head":"<!-- This site is optimized with the Yoast SEO plugin v27.6 - https:\/\/yoast.com\/product\/yoast-seo-wordpress\/ -->\n<title>Be accepted - Be accepted<\/title>\n<meta name=\"description\" content=\"Akceptacja daje ci dost\u0119p do wiedzy najbardziej szanowanych ekspert\u00f3w medycyny konwencjonalnej, a tak\u017ce do metod, kt\u00f3re wzmocni\u0105 ci\u0119 fizycznie i psychicznie!\" \/>\n<meta name=\"robots\" content=\"index, follow, max-snippet:-1, max-image-preview:large, max-video-preview:-1\" \/>\n<link rel=\"canonical\" href=\"https:\/\/be-accepted.com\/pl\/\" \/>\n<meta property=\"og:locale\" content=\"pl_PL\" \/>\n<meta property=\"og:type\" content=\"article\" \/>\n<meta property=\"og:title\" content=\"Be accepted - Be accepted\" \/>\n<meta property=\"og:description\" content=\"Akceptacja daje ci dost\u0119p do wiedzy najbardziej szanowanych ekspert\u00f3w medycyny konwencjonalnej, a tak\u017ce do metod, kt\u00f3re wzmocni\u0105 ci\u0119 fizycznie i psychicznie!\" \/>\n<meta property=\"og:url\" content=\"https:\/\/be-accepted.com\/pl\/\" \/>\n<meta property=\"og:site_name\" content=\"Be accepted\" \/>\n<meta property=\"article:modified_time\" content=\"2026-05-11T13:32:47+00:00\" \/>\n<meta property=\"og:image\" content=\"https:\/\/be-accepted.com\/wp-content\/uploads\/2022\/10\/6B47.jpg\" \/>\n<meta name=\"twitter:card\" content=\"summary_large_image\" \/>\n<meta name=\"twitter:label1\" content=\"Szacowany czas czytania\" \/>\n\t<meta name=\"twitter:data1\" content=\"2 minuty\" \/>\n<script type=\"application\/ld+json\" class=\"yoast-schema-graph\">{\"@context\":\"https:\\\/\\\/schema.org\",\"@graph\":[{\"@type\":\"WebPage\",\"@id\":\"https:\\\/\\\/be-accepted.com\\\/pl\\\/\",\"url\":\"https:\\\/\\\/be-accepted.com\\\/pl\\\/\",\"name\":\"Be accepted - Be accepted\",\"isPartOf\":{\"@id\":\"https:\\\/\\\/be-accepted.com\\\/pl\\\/#website\"},\"primaryImageOfPage\":{\"@id\":\"https:\\\/\\\/be-accepted.com\\\/pl\\\/#primaryimage\"},\"image\":{\"@id\":\"https:\\\/\\\/be-accepted.com\\\/pl\\\/#primaryimage\"},\"thumbnailUrl\":\"https:\\\/\\\/be-accepted.com\\\/wp-content\\\/uploads\\\/2022\\\/10\\\/6B47.jpg\",\"datePublished\":\"2023-08-21T09:09:03+00:00\",\"dateModified\":\"2026-05-11T13:32:47+00:00\",\"description\":\"Akceptacja daje ci dost\u0119p do wiedzy najbardziej szanowanych ekspert\u00f3w medycyny konwencjonalnej, a tak\u017ce do metod, kt\u00f3re wzmocni\u0105 ci\u0119 fizycznie i psychicznie!\",\"breadcrumb\":{\"@id\":\"https:\\\/\\\/be-accepted.com\\\/pl\\\/#breadcrumb\"},\"inLanguage\":\"pl-PL\",\"potentialAction\":[{\"@type\":\"ReadAction\",\"target\":[\"https:\\\/\\\/be-accepted.com\\\/pl\\\/\"]}]},{\"@type\":\"ImageObject\",\"inLanguage\":\"pl-PL\",\"@id\":\"https:\\\/\\\/be-accepted.com\\\/pl\\\/#primaryimage\",\"url\":\"https:\\\/\\\/be-accepted.com\\\/wp-content\\\/uploads\\\/2022\\\/10\\\/6B47.jpg\",\"contentUrl\":\"https:\\\/\\\/be-accepted.com\\\/wp-content\\\/uploads\\\/2022\\\/10\\\/6B47.jpg\"},{\"@type\":\"BreadcrumbList\",\"@id\":\"https:\\\/\\\/be-accepted.com\\\/pl\\\/#breadcrumb\",\"itemListElement\":[{\"@type\":\"ListItem\",\"position\":1,\"name\":\"Startseite\",\"item\":\"https:\\\/\\\/be-accepted.com\\\/pl\\\/badz-akceptowany\\\/\"},{\"@type\":\"ListItem\",\"position\":2,\"name\":\"Be accepted\"}]},{\"@type\":\"WebSite\",\"@id\":\"https:\\\/\\\/be-accepted.com\\\/pl\\\/#website\",\"url\":\"https:\\\/\\\/be-accepted.com\\\/pl\\\/\",\"name\":\"Be accepted\",\"description\":\"Be accepted by Caro\",\"publisher\":{\"@id\":\"https:\\\/\\\/be-accepted.com\\\/pl\\\/#organization\"},\"potentialAction\":[{\"@type\":\"SearchAction\",\"target\":{\"@type\":\"EntryPoint\",\"urlTemplate\":\"https:\\\/\\\/be-accepted.com\\\/pl\\\/?s={search_term_string}\"},\"query-input\":{\"@type\":\"PropertyValueSpecification\",\"valueRequired\":true,\"valueName\":\"search_term_string\"}}],\"inLanguage\":\"pl-PL\"},{\"@type\":\"Organization\",\"@id\":\"https:\\\/\\\/be-accepted.com\\\/pl\\\/#organization\",\"name\":\"BE accepted\",\"url\":\"https:\\\/\\\/be-accepted.com\\\/pl\\\/\",\"logo\":{\"@type\":\"ImageObject\",\"inLanguage\":\"pl-PL\",\"@id\":\"https:\\\/\\\/be-accepted.com\\\/pl\\\/#\\\/schema\\\/logo\\\/image\\\/\",\"url\":\"\",\"contentUrl\":\"\",\"caption\":\"BE accepted\"},\"image\":{\"@id\":\"https:\\\/\\\/be-accepted.com\\\/pl\\\/#\\\/schema\\\/logo\\\/image\\\/\"}}]}<\/script>\n<!-- \/ Yoast SEO plugin. -->","yoast_head_json":{"title":"Be accepted - Be accepted","description":"Akceptacja daje ci dost\u0119p do wiedzy najbardziej szanowanych ekspert\u00f3w medycyny konwencjonalnej, a tak\u017ce do metod, kt\u00f3re wzmocni\u0105 ci\u0119 fizycznie i psychicznie!","robots":{"index":"index","follow":"follow","max-snippet":"max-snippet:-1","max-image-preview":"max-image-preview:large","max-video-preview":"max-video-preview:-1"},"canonical":"https:\/\/be-accepted.com\/pl\/","og_locale":"pl_PL","og_type":"article","og_title":"Be accepted - Be accepted","og_description":"Akceptacja daje ci dost\u0119p do wiedzy najbardziej szanowanych ekspert\u00f3w medycyny konwencjonalnej, a tak\u017ce do metod, kt\u00f3re wzmocni\u0105 ci\u0119 fizycznie i psychicznie!","og_url":"https:\/\/be-accepted.com\/pl\/","og_site_name":"Be accepted","article_modified_time":"2026-05-11T13:32:47+00:00","og_image":[{"url":"https:\/\/be-accepted.com\/wp-content\/uploads\/2022\/10\/6B47.jpg","type":"","width":"","height":""}],"twitter_card":"summary_large_image","twitter_misc":{"Szacowany czas czytania":"2 minuty"},"schema":{"@context":"https:\/\/schema.org","@graph":[{"@type":"WebPage","@id":"https:\/\/be-accepted.com\/pl\/","url":"https:\/\/be-accepted.com\/pl\/","name":"Be accepted - Be accepted","isPartOf":{"@id":"https:\/\/be-accepted.com\/pl\/#website"},"primaryImageOfPage":{"@id":"https:\/\/be-accepted.com\/pl\/#primaryimage"},"image":{"@id":"https:\/\/be-accepted.com\/pl\/#primaryimage"},"thumbnailUrl":"https:\/\/be-accepted.com\/wp-content\/uploads\/2022\/10\/6B47.jpg","datePublished":"2023-08-21T09:09:03+00:00","dateModified":"2026-05-11T13:32:47+00:00","description":"Akceptacja daje ci dost\u0119p do wiedzy najbardziej szanowanych ekspert\u00f3w medycyny konwencjonalnej, a tak\u017ce do metod, kt\u00f3re wzmocni\u0105 ci\u0119 fizycznie i psychicznie!","breadcrumb":{"@id":"https:\/\/be-accepted.com\/pl\/#breadcrumb"},"inLanguage":"pl-PL","potentialAction":[{"@type":"ReadAction","target":["https:\/\/be-accepted.com\/pl\/"]}]},{"@type":"ImageObject","inLanguage":"pl-PL","@id":"https:\/\/be-accepted.com\/pl\/#primaryimage","url":"https:\/\/be-accepted.com\/wp-content\/uploads\/2022\/10\/6B47.jpg","contentUrl":"https:\/\/be-accepted.com\/wp-content\/uploads\/2022\/10\/6B47.jpg"},{"@type":"BreadcrumbList","@id":"https:\/\/be-accepted.com\/pl\/#breadcrumb","itemListElement":[{"@type":"ListItem","position":1,"name":"Startseite","item":"https:\/\/be-accepted.com\/pl\/badz-akceptowany\/"},{"@type":"ListItem","position":2,"name":"Be accepted"}]},{"@type":"WebSite","@id":"https:\/\/be-accepted.com\/pl\/#website","url":"https:\/\/be-accepted.com\/pl\/","name":"Be accepted","description":"Be accepted by Caro","publisher":{"@id":"https:\/\/be-accepted.com\/pl\/#organization"},"potentialAction":[{"@type":"SearchAction","target":{"@type":"EntryPoint","urlTemplate":"https:\/\/be-accepted.com\/pl\/?s={search_term_string}"},"query-input":{"@type":"PropertyValueSpecification","valueRequired":true,"valueName":"search_term_string"}}],"inLanguage":"pl-PL"},{"@type":"Organization","@id":"https:\/\/be-accepted.com\/pl\/#organization","name":"BE accepted","url":"https:\/\/be-accepted.com\/pl\/","logo":{"@type":"ImageObject","inLanguage":"pl-PL","@id":"https:\/\/be-accepted.com\/pl\/#\/schema\/logo\/image\/","url":"","contentUrl":"","caption":"BE accepted"},"image":{"@id":"https:\/\/be-accepted.com\/pl\/#\/schema\/logo\/image\/"}}]}},"_links":{"self":[{"href":"https:\/\/be-accepted.com\/pl\/wp-json\/wp\/v2\/pages\/20776","targetHints":{"allow":["GET"]}}],"collection":[{"href":"https:\/\/be-accepted.com\/pl\/wp-json\/wp\/v2\/pages"}],"about":[{"href":"https:\/\/be-accepted.com\/pl\/wp-json\/wp\/v2\/types\/page"}],"author":[{"embeddable":true,"href":"https:\/\/be-accepted.com\/pl\/wp-json\/wp\/v2\/users\/14"}],"replies":[{"embeddable":true,"href":"https:\/\/be-accepted.com\/pl\/wp-json\/wp\/v2\/comments?post=20776"}],"version-history":[{"count":3,"href":"https:\/\/be-accepted.com\/pl\/wp-json\/wp\/v2\/pages\/20776\/revisions"}],"predecessor-version":[{"id":37655,"href":"https:\/\/be-accepted.com\/pl\/wp-json\/wp\/v2\/pages\/20776\/revisions\/37655"}],"wp:attachment":[{"href":"https:\/\/be-accepted.com\/pl\/wp-json\/wp\/v2\/media?parent=20776"}],"curies":[{"name":"wp","href":"https:\/\/api.w.org\/{rel}","templated":true}]}}