{"id":20829,"date":"2023-08-21T09:10:22","date_gmt":"2023-08-21T09:10:22","guid":{"rendered":"https:\/\/be-accepted.com\/gotowanie\/"},"modified":"2026-03-13T06:12:42","modified_gmt":"2026-03-13T06:12:42","slug":"gotowanie","status":"publish","type":"page","link":"https:\/\/be-accepted.com\/pl\/warsztaty\/gotowanie\/","title":{"rendered":"Gotowanie"},"content":{"rendered":"\t\t<div data-elementor-type=\"wp-page\" data-elementor-id=\"20829\" class=\"elementor elementor-20829 elementor-10519\" data-elementor-post-type=\"page\">\n\t\t\t\t<div class=\"elementor-element elementor-element-b2f2d9d e-flex e-con-boxed e-con e-parent\" data-id=\"b2f2d9d\" data-element_type=\"container\" data-e-type=\"container\">\n\t\t\t\t\t<div class=\"e-con-inner\">\n\t\t<div class=\"elementor-element elementor-element-f5a6ba7 e-con-full e-flex e-con e-child\" data-id=\"f5a6ba7\" data-element_type=\"container\" data-e-type=\"container\" data-settings=\"{&quot;background_background&quot;:&quot;classic&quot;}\">\n\t\t\t\t<div class=\"elementor-element elementor-element-db9ce53 elementor-widget elementor-widget-heading\" data-id=\"db9ce53\" data-element_type=\"widget\" data-e-type=\"widget\" data-widget_type=\"heading.default\">\n\t\t\t\t\t<h4 class=\"elementor-heading-title elementor-size-default\">Fermentacja \"po prostu\" zdrowa<\/h4>\t\t\t\t<\/div>\n\t\t\t\t<div class=\"elementor-element elementor-element-b056013 elementor-widget__width-inherit elementor-widget elementor-widget-video\" data-id=\"b056013\" data-element_type=\"widget\" data-e-type=\"widget\" data-settings=\"{&quot;video_type&quot;:&quot;hosted&quot;,&quot;controls&quot;:&quot;yes&quot;}\" data-widget_type=\"video.default\">\n\t\t\t\t\t\t\t<div class=\"e-hosted-video elementor-wrapper elementor-open-inline\">\n\t\t\t\t\t<video class=\"elementor-video\" src=\"https:\/\/be-accepted.com\/wp-content\/uploads\/2023\/02\/mojo_video.mp4\" controls=\"\" preload=\"metadata\" controlsList=\"nodownload\"><\/video>\n\t\t\t\t<\/div>\n\t\t\t\t\t\t<\/div>\n\t\t\t\t<\/div>\n\t\t<div class=\"elementor-element elementor-element-8befd10 e-con-full e-flex e-con e-child\" data-id=\"8befd10\" data-element_type=\"container\" data-e-type=\"container\" data-settings=\"{&quot;background_background&quot;:&quot;classic&quot;}\">\n\t\t\t\t<div class=\"elementor-element elementor-element-fab0c44 elementor-widget elementor-widget-heading\" data-id=\"fab0c44\" data-element_type=\"widget\" data-e-type=\"widget\" data-widget_type=\"heading.default\">\n\t\t\t\t\t<h4 class=\"elementor-heading-title elementor-size-default\">Cytryny fermentacyjne<\/h4>\t\t\t\t<\/div>\n\t\t\t\t<div class=\"elementor-element elementor-element-668f3c2 elementor-widget__width-inherit elementor-widget elementor-widget-video\" data-id=\"668f3c2\" data-element_type=\"widget\" data-e-type=\"widget\" data-settings=\"{&quot;video_type&quot;:&quot;hosted&quot;,&quot;controls&quot;:&quot;yes&quot;}\" data-widget_type=\"video.default\">\n\t\t\t\t\t\t\t<div class=\"e-hosted-video elementor-wrapper elementor-open-inline\">\n\t\t\t\t\t<video class=\"elementor-video\" src=\"https:\/\/be-accepted.com\/wp-content\/uploads\/2023\/02\/F085D56D-3CDF-430E-ABDD-AEC03DA9C17C.mp4\" controls=\"\" preload=\"metadata\" controlsList=\"nodownload\"><\/video>\n\t\t\t\t<\/div>\n\t\t\t\t\t\t<\/div>\n\t\t\t\t<\/div>\n\t\t<div class=\"elementor-element elementor-element-4d1e8c8 e-con-full e-flex e-con e-child\" data-id=\"4d1e8c8\" data-element_type=\"container\" data-e-type=\"container\" data-settings=\"{&quot;background_background&quot;:&quot;classic&quot;}\">\n\t\t\t\t<div class=\"elementor-element elementor-element-5c2f9cf elementor-widget elementor-widget-heading\" data-id=\"5c2f9cf\" data-element_type=\"widget\" data-e-type=\"widget\" data-widget_type=\"heading.default\">\n\t\t\t\t\t<h4 class=\"elementor-heading-title elementor-size-default\">Przeciwzapalny wzmacniacz uk\u0142adu odporno\u015bciowego: cytryna * kurkuma * czarny pieprz * gor\u0105ca woda  <\/h4>\t\t\t\t<\/div>\n\t\t\t\t<div class=\"elementor-element elementor-element-74bf60c elementor-widget__width-inherit elementor-widget elementor-widget-video\" data-id=\"74bf60c\" data-element_type=\"widget\" data-e-type=\"widget\" data-settings=\"{&quot;video_type&quot;:&quot;hosted&quot;,&quot;controls&quot;:&quot;yes&quot;}\" data-widget_type=\"video.default\">\n\t\t\t\t\t\t\t<div class=\"e-hosted-video elementor-wrapper elementor-open-inline\">\n\t\t\t\t\t<video class=\"elementor-video\" src=\"https:\/\/be-accepted.com\/wp-content\/uploads\/2023\/02\/mojo_video-1.mp4\" controls=\"\" preload=\"metadata\" controlsList=\"nodownload\"><\/video>\n\t\t\t\t<\/div>\n\t\t\t\t\t\t<\/div>\n\t\t\t\t<\/div>\n\t\t<div class=\"elementor-element elementor-element-31d8ceb e-con-full e-flex e-con e-child\" data-id=\"31d8ceb\" data-element_type=\"container\" data-e-type=\"container\" data-settings=\"{&quot;background_background&quot;:&quot;classic&quot;}\">\n\t\t\t\t<div class=\"elementor-element elementor-element-a74a104 elementor-widget elementor-widget-heading\" data-id=\"a74a104\" data-element_type=\"widget\" data-e-type=\"widget\" data-widget_type=\"heading.default\">\n\t\t\t\t\t<h4 class=\"elementor-heading-title elementor-size-default\">Instant Pot Chicken Pho krok po kroku<\/h4>\t\t\t\t<\/div>\n\t\t\t\t<div class=\"elementor-element elementor-element-4353f1a elementor-widget__width-inherit elementor-widget elementor-widget-video\" data-id=\"4353f1a\" data-element_type=\"widget\" data-e-type=\"widget\" data-settings=\"{&quot;video_type&quot;:&quot;hosted&quot;,&quot;controls&quot;:&quot;yes&quot;}\" data-widget_type=\"video.default\">\n\t\t\t\t\t\t\t<div class=\"e-hosted-video elementor-wrapper elementor-open-inline\">\n\t\t\t\t\t<video class=\"elementor-video\" src=\"https:\/\/be-accepted.com\/wp-content\/uploads\/2023\/02\/Instant-Pot-Chicken-Pho-Step-by-step.mp4\" controls=\"\" preload=\"metadata\" controlsList=\"nodownload\"><\/video>\n\t\t\t\t<\/div>\n\t\t\t\t\t\t<\/div>\n\t\t\t\t<\/div>\n\t\t\t\t<div class=\"elementor-element elementor-element-df0de87 stax-condition-yes stax-user_role_enabled-yes elementor-widget-divider--view-line elementor-widget elementor-widget-divider\" data-id=\"df0de87\" data-element_type=\"widget\" data-e-type=\"widget\" data-widget_type=\"divider.default\">\n\t\t\t\t\t\t\t<div class=\"elementor-divider\">\n\t\t\t<span class=\"elementor-divider-separator\">\n\t\t\t\t\t\t<\/span>\n\t\t<\/div>\n\t\t\t\t\t\t<\/div>\n\t\t\t\t<div class=\"elementor-element elementor-element-8e8d842 red-link stax-user_role_enabled-yes stax-condition-yes elementor-widget elementor-widget-text-editor\" data-id=\"8e8d842\" data-element_type=\"widget\" data-e-type=\"widget\" data-widget_type=\"text-editor.default\">\n\t\t\t\t\t\t\t\t\t<p><div class=\"swpm_mini_login_wrapper\"><span class=\"swpm_mini_login_login_here\"><a href=\"https:\/\/be-accepted.com\/my-account\/?swpm_redirect_to=https%3A%2F%2Fbe-accepted.com%2Fpl%2Fwp-json%2Fwp%2Fv2%2Fpages%2F20829\">Zaloguj si\u0119 tutaj<\/a><\/span><span class=\"swpm_mini_login_no_membership\"> | Nie jest cz\u0142onkiem?<\/span><span class=\"swpm_mini_login_join_now\"><a href=\"https:\/\/be-accepted.com\/produkt\/be-accepted-mitglied-werden\/\">Do\u0142\u0105cz teraz<\/a><\/span><\/div><\/p>\t\t\t\t\t\t\t\t<\/div>\n\t\t\t\t\t<\/div>\n\t\t\t\t<\/div>\n\t\t\t\t<\/div>\n\t\t","protected":false},"excerpt":{"rendered":"<p>Fermentacja &#8222;po prostu&#8221; zdrowa https:\/\/be-accepted.com\/wp-content\/uploads\/2023\/02\/mojo_video.mp4 Cytryny fermentacyjne https:\/\/be-accepted.com\/wp-content\/uploads\/2023\/02\/F085D56D-3CDF-430E-ABDD-AEC03DA9C17C.mp4 Przeciwzapalny wzmacniacz uk\u0142adu odporno\u015bciowego: cytryna * kurkuma * czarny pieprz * gor\u0105ca woda https:\/\/be-accepted.com\/wp-content\/uploads\/2023\/02\/mojo_video-1.mp4 Instant Pot Chicken Pho krok po kroku https:\/\/be-accepted.com\/wp-content\/uploads\/2023\/02\/Instant-Pot-Chicken-Pho-Step-by-step.mp4<\/p>\n","protected":false},"author":14,"featured_media":0,"parent":21324,"menu_order":0,"comment_status":"closed","ping_status":"closed","template":"elementor_header_footer","meta":{"_acf_changed":false,"footnotes":""},"class_list":["post-20829","page","type-page","status-publish","hentry"],"acf":[],"yoast_head":"<!-- This site is optimized with the Yoast SEO plugin v27.6 - https:\/\/yoast.com\/product\/yoast-seo-wordpress\/ -->\n<title>Gotowanie - Be accepted<\/title>\n<meta name=\"robots\" content=\"index, follow, max-snippet:-1, max-image-preview:large, max-video-preview:-1\" \/>\n<link rel=\"canonical\" href=\"https:\/\/be-accepted.com\/pl\/warsztaty\/gotowanie\/\" \/>\n<meta property=\"og:locale\" content=\"pl_PL\" \/>\n<meta property=\"og:type\" content=\"article\" \/>\n<meta property=\"og:title\" content=\"Gotowanie - Be accepted\" \/>\n<meta property=\"og:description\" content=\"Fermentacja &#8222;po prostu&#8221; zdrowa https:\/\/be-accepted.com\/wp-content\/uploads\/2023\/02\/mojo_video.mp4 Cytryny fermentacyjne https:\/\/be-accepted.com\/wp-content\/uploads\/2023\/02\/F085D56D-3CDF-430E-ABDD-AEC03DA9C17C.mp4 Przeciwzapalny wzmacniacz uk\u0142adu odporno\u015bciowego: cytryna * kurkuma * czarny pieprz * gor\u0105ca woda https:\/\/be-accepted.com\/wp-content\/uploads\/2023\/02\/mojo_video-1.mp4 Instant Pot Chicken Pho krok po kroku https:\/\/be-accepted.com\/wp-content\/uploads\/2023\/02\/Instant-Pot-Chicken-Pho-Step-by-step.mp4\" \/>\n<meta property=\"og:url\" content=\"https:\/\/be-accepted.com\/pl\/warsztaty\/gotowanie\/\" \/>\n<meta property=\"og:site_name\" content=\"Be accepted\" \/>\n<meta property=\"article:modified_time\" content=\"2026-03-13T06:12:42+00:00\" \/>\n<meta name=\"twitter:card\" content=\"summary_large_image\" \/>\n<meta name=\"twitter:label1\" content=\"Szacowany czas czytania\" \/>\n\t<meta name=\"twitter:data1\" content=\"1 minuta\" \/>\n<script type=\"application\/ld+json\" class=\"yoast-schema-graph\">{\"@context\":\"https:\\\/\\\/schema.org\",\"@graph\":[{\"@type\":\"WebPage\",\"@id\":\"https:\\\/\\\/be-accepted.com\\\/pl\\\/warsztaty\\\/gotowanie\\\/\",\"url\":\"https:\\\/\\\/be-accepted.com\\\/pl\\\/warsztaty\\\/gotowanie\\\/\",\"name\":\"Gotowanie - Be accepted\",\"isPartOf\":{\"@id\":\"https:\\\/\\\/be-accepted.com\\\/pl\\\/#website\"},\"datePublished\":\"2023-08-21T09:10:22+00:00\",\"dateModified\":\"2026-03-13T06:12:42+00:00\",\"breadcrumb\":{\"@id\":\"https:\\\/\\\/be-accepted.com\\\/pl\\\/warsztaty\\\/gotowanie\\\/#breadcrumb\"},\"inLanguage\":\"pl-PL\",\"potentialAction\":[{\"@type\":\"ReadAction\",\"target\":[\"https:\\\/\\\/be-accepted.com\\\/pl\\\/warsztaty\\\/gotowanie\\\/\"]}]},{\"@type\":\"BreadcrumbList\",\"@id\":\"https:\\\/\\\/be-accepted.com\\\/pl\\\/warsztaty\\\/gotowanie\\\/#breadcrumb\",\"itemListElement\":[{\"@type\":\"ListItem\",\"position\":1,\"name\":\"Startseite\",\"item\":\"https:\\\/\\\/be-accepted.com\\\/pl\\\/badz-akceptowany\\\/\"},{\"@type\":\"ListItem\",\"position\":2,\"name\":\"Warsztaty\",\"item\":\"https:\\\/\\\/be-accepted.com\\\/pl\\\/warsztaty\\\/\"},{\"@type\":\"ListItem\",\"position\":3,\"name\":\"Gotowanie\"}]},{\"@type\":\"WebSite\",\"@id\":\"https:\\\/\\\/be-accepted.com\\\/pl\\\/#website\",\"url\":\"https:\\\/\\\/be-accepted.com\\\/pl\\\/\",\"name\":\"Be accepted\",\"description\":\"Be accepted by Caro\",\"publisher\":{\"@id\":\"https:\\\/\\\/be-accepted.com\\\/pl\\\/#organization\"},\"potentialAction\":[{\"@type\":\"SearchAction\",\"target\":{\"@type\":\"EntryPoint\",\"urlTemplate\":\"https:\\\/\\\/be-accepted.com\\\/pl\\\/?s={search_term_string}\"},\"query-input\":{\"@type\":\"PropertyValueSpecification\",\"valueRequired\":true,\"valueName\":\"search_term_string\"}}],\"inLanguage\":\"pl-PL\"},{\"@type\":\"Organization\",\"@id\":\"https:\\\/\\\/be-accepted.com\\\/pl\\\/#organization\",\"name\":\"BE accepted\",\"url\":\"https:\\\/\\\/be-accepted.com\\\/pl\\\/\",\"logo\":{\"@type\":\"ImageObject\",\"inLanguage\":\"pl-PL\",\"@id\":\"https:\\\/\\\/be-accepted.com\\\/pl\\\/#\\\/schema\\\/logo\\\/image\\\/\",\"url\":\"\",\"contentUrl\":\"\",\"caption\":\"BE accepted\"},\"image\":{\"@id\":\"https:\\\/\\\/be-accepted.com\\\/pl\\\/#\\\/schema\\\/logo\\\/image\\\/\"}}]}<\/script>\n<!-- \/ Yoast SEO plugin. -->","yoast_head_json":{"title":"Gotowanie - Be accepted","robots":{"index":"index","follow":"follow","max-snippet":"max-snippet:-1","max-image-preview":"max-image-preview:large","max-video-preview":"max-video-preview:-1"},"canonical":"https:\/\/be-accepted.com\/pl\/warsztaty\/gotowanie\/","og_locale":"pl_PL","og_type":"article","og_title":"Gotowanie - Be accepted","og_description":"Fermentacja &#8222;po prostu&#8221; zdrowa https:\/\/be-accepted.com\/wp-content\/uploads\/2023\/02\/mojo_video.mp4 Cytryny fermentacyjne https:\/\/be-accepted.com\/wp-content\/uploads\/2023\/02\/F085D56D-3CDF-430E-ABDD-AEC03DA9C17C.mp4 Przeciwzapalny wzmacniacz uk\u0142adu odporno\u015bciowego: cytryna * kurkuma * czarny pieprz * gor\u0105ca woda https:\/\/be-accepted.com\/wp-content\/uploads\/2023\/02\/mojo_video-1.mp4 Instant Pot Chicken Pho krok po kroku https:\/\/be-accepted.com\/wp-content\/uploads\/2023\/02\/Instant-Pot-Chicken-Pho-Step-by-step.mp4","og_url":"https:\/\/be-accepted.com\/pl\/warsztaty\/gotowanie\/","og_site_name":"Be accepted","article_modified_time":"2026-03-13T06:12:42+00:00","twitter_card":"summary_large_image","twitter_misc":{"Szacowany czas czytania":"1 minuta"},"schema":{"@context":"https:\/\/schema.org","@graph":[{"@type":"WebPage","@id":"https:\/\/be-accepted.com\/pl\/warsztaty\/gotowanie\/","url":"https:\/\/be-accepted.com\/pl\/warsztaty\/gotowanie\/","name":"Gotowanie - Be accepted","isPartOf":{"@id":"https:\/\/be-accepted.com\/pl\/#website"},"datePublished":"2023-08-21T09:10:22+00:00","dateModified":"2026-03-13T06:12:42+00:00","breadcrumb":{"@id":"https:\/\/be-accepted.com\/pl\/warsztaty\/gotowanie\/#breadcrumb"},"inLanguage":"pl-PL","potentialAction":[{"@type":"ReadAction","target":["https:\/\/be-accepted.com\/pl\/warsztaty\/gotowanie\/"]}]},{"@type":"BreadcrumbList","@id":"https:\/\/be-accepted.com\/pl\/warsztaty\/gotowanie\/#breadcrumb","itemListElement":[{"@type":"ListItem","position":1,"name":"Startseite","item":"https:\/\/be-accepted.com\/pl\/badz-akceptowany\/"},{"@type":"ListItem","position":2,"name":"Warsztaty","item":"https:\/\/be-accepted.com\/pl\/warsztaty\/"},{"@type":"ListItem","position":3,"name":"Gotowanie"}]},{"@type":"WebSite","@id":"https:\/\/be-accepted.com\/pl\/#website","url":"https:\/\/be-accepted.com\/pl\/","name":"Be accepted","description":"Be accepted by Caro","publisher":{"@id":"https:\/\/be-accepted.com\/pl\/#organization"},"potentialAction":[{"@type":"SearchAction","target":{"@type":"EntryPoint","urlTemplate":"https:\/\/be-accepted.com\/pl\/?s={search_term_string}"},"query-input":{"@type":"PropertyValueSpecification","valueRequired":true,"valueName":"search_term_string"}}],"inLanguage":"pl-PL"},{"@type":"Organization","@id":"https:\/\/be-accepted.com\/pl\/#organization","name":"BE accepted","url":"https:\/\/be-accepted.com\/pl\/","logo":{"@type":"ImageObject","inLanguage":"pl-PL","@id":"https:\/\/be-accepted.com\/pl\/#\/schema\/logo\/image\/","url":"","contentUrl":"","caption":"BE accepted"},"image":{"@id":"https:\/\/be-accepted.com\/pl\/#\/schema\/logo\/image\/"}}]}},"_links":{"self":[{"href":"https:\/\/be-accepted.com\/pl\/wp-json\/wp\/v2\/pages\/20829","targetHints":{"allow":["GET"]}}],"collection":[{"href":"https:\/\/be-accepted.com\/pl\/wp-json\/wp\/v2\/pages"}],"about":[{"href":"https:\/\/be-accepted.com\/pl\/wp-json\/wp\/v2\/types\/page"}],"author":[{"embeddable":true,"href":"https:\/\/be-accepted.com\/pl\/wp-json\/wp\/v2\/users\/14"}],"replies":[{"embeddable":true,"href":"https:\/\/be-accepted.com\/pl\/wp-json\/wp\/v2\/comments?post=20829"}],"version-history":[{"count":0,"href":"https:\/\/be-accepted.com\/pl\/wp-json\/wp\/v2\/pages\/20829\/revisions"}],"up":[{"embeddable":true,"href":"https:\/\/be-accepted.com\/pl\/wp-json\/wp\/v2\/pages\/21324"}],"wp:attachment":[{"href":"https:\/\/be-accepted.com\/pl\/wp-json\/wp\/v2\/media?parent=20829"}],"curies":[{"name":"wp","href":"https:\/\/api.w.org\/{rel}","templated":true}]}}