{"id":21440,"date":"2023-08-21T09:12:39","date_gmt":"2023-08-21T09:12:39","guid":{"rendered":"https:\/\/be-accepted.com\/magazyn\/"},"modified":"2024-09-25T08:48:14","modified_gmt":"2024-09-25T08:48:14","slug":"magazyn","status":"publish","type":"page","link":"https:\/\/be-accepted.com\/pl\/magazyn\/","title":{"rendered":"Magazyn"},"content":{"rendered":"\t\t<div data-elementor-type=\"wp-page\" data-elementor-id=\"21440\" class=\"elementor elementor-21440 elementor-2367\" data-elementor-post-type=\"page\">\n\t\t\t\t\t\t<section class=\"elementor-section elementor-top-section elementor-element elementor-element-a7cd273 elementor-section-boxed elementor-section-height-default elementor-section-height-default\" data-id=\"a7cd273\" data-element_type=\"section\" data-e-type=\"section\" data-settings=\"{&quot;background_background&quot;:&quot;classic&quot;}\">\n\t\t\t\t\t\t\t<div class=\"elementor-background-overlay\"><\/div>\n\t\t\t\t\t\t\t<div class=\"elementor-container elementor-column-gap-default\">\n\t\t\t\t\t<div class=\"elementor-column elementor-col-100 elementor-top-column elementor-element elementor-element-a1eae4c\" data-id=\"a1eae4c\" data-element_type=\"column\" data-e-type=\"column\">\n\t\t\t<div class=\"elementor-widget-wrap elementor-element-populated\">\n\t\t\t\t\t\t<div class=\"elementor-element elementor-element-693b7ad elementor-invisible elementor-widget elementor-widget-heading\" data-id=\"693b7ad\" data-element_type=\"widget\" data-e-type=\"widget\" data-settings=\"{&quot;_animation&quot;:&quot;fadeInDown&quot;}\" data-widget_type=\"heading.default\">\n\t\t\t\t\t<h2 class=\"elementor-heading-title elementor-size-default\">Smart 8<\/h2>\t\t\t\t<\/div>\n\t\t\t\t\t<\/div>\n\t\t<\/div>\n\t\t\t\t\t<\/div>\n\t\t<\/section>\n\t\t\t\t<section class=\"elementor-section elementor-top-section elementor-element elementor-element-3376665 elementor-section-boxed elementor-section-height-default elementor-section-height-default\" data-id=\"3376665\" data-element_type=\"section\" data-e-type=\"section\">\n\t\t\t\t\t\t<div class=\"elementor-container elementor-column-gap-default\">\n\t\t\t\t\t<div class=\"elementor-column elementor-col-25 elementor-top-column elementor-element elementor-element-8a760ba\" data-id=\"8a760ba\" data-element_type=\"column\" data-e-type=\"column\" data-settings=\"{&quot;background_background&quot;:&quot;classic&quot;}\">\n\t\t\t<div class=\"elementor-widget-wrap elementor-element-populated\">\n\t\t\t\t<div class=\"elementor-element elementor-element-77270b7 e-flex e-con-boxed e-con e-parent\" data-id=\"77270b7\" data-element_type=\"container\" data-e-type=\"container\" data-settings=\"{&quot;background_background&quot;:&quot;classic&quot;}\">\n\t\t\t\t\t<div class=\"e-con-inner\">\n\t\t\t\t<div class=\"elementor-element elementor-element-fa57903 elementor-widget elementor-widget-heading\" data-id=\"fa57903\" data-element_type=\"widget\" data-e-type=\"widget\" data-widget_type=\"heading.default\">\n\t\t\t\t\t<h4 class=\"elementor-heading-title elementor-size-default\">Be Caro<\/h4>\t\t\t\t<\/div>\n\t\t\t\t<div class=\"elementor-element elementor-element-6708938 elementor-align-center elementor-widget elementor-widget-button\" data-id=\"6708938\" data-element_type=\"widget\" data-e-type=\"widget\" data-widget_type=\"button.default\">\n\t\t\t\t\t\t\t\t\t\t<a class=\"elementor-button elementor-button-link elementor-size-sm\" href=\"https:\/\/be-accepted.com\/pl\/category\/be-caro-pl\/\">\n\t\t\t\t\t\t<span class=\"elementor-button-content-wrapper\">\n\t\t\t\t\t\t\t\t\t<span class=\"elementor-button-text\">DO TRE\u015aCI<\/span>\n\t\t\t\t\t<\/span>\n\t\t\t\t\t<\/a>\n\t\t\t\t\t\t\t\t<\/div>\n\t\t\t\t\t<\/div>\n\t\t\t\t<\/div>\n\t\t\t\t\t<\/div>\n\t\t<\/div>\n\t\t\t\t<div class=\"elementor-column elementor-col-25 elementor-top-column elementor-element elementor-element-246a3de\" data-id=\"246a3de\" data-element_type=\"column\" data-e-type=\"column\">\n\t\t\t<div class=\"elementor-widget-wrap elementor-element-populated\">\n\t\t\t\t<div class=\"elementor-element elementor-element-a59df4e e-flex e-con-boxed e-con e-parent\" data-id=\"a59df4e\" data-element_type=\"container\" data-e-type=\"container\" data-settings=\"{&quot;background_background&quot;:&quot;classic&quot;}\">\n\t\t\t\t\t<div class=\"e-con-inner\">\n\t\t\t\t<div class=\"elementor-element elementor-element-ad2e5ab elementor-widget elementor-widget-heading\" data-id=\"ad2e5ab\" data-element_type=\"widget\" data-e-type=\"widget\" data-widget_type=\"heading.default\">\n\t\t\t\t\t<h4 class=\"elementor-heading-title elementor-size-default\">By\u0107 medycyn\u0105 ortodoksyjn\u0105<\/h4>\t\t\t\t<\/div>\n\t\t\t\t<div class=\"elementor-element elementor-element-c84c618 elementor-align-center elementor-widget elementor-widget-button\" data-id=\"c84c618\" data-element_type=\"widget\" data-e-type=\"widget\" data-widget_type=\"button.default\">\n\t\t\t\t\t\t\t\t\t\t<a class=\"elementor-button elementor-button-link elementor-size-sm\" href=\"https:\/\/be-accepted.com\/pl\/category\/medycyna-konwencjonalna\/\">\n\t\t\t\t\t\t<span class=\"elementor-button-content-wrapper\">\n\t\t\t\t\t\t\t\t\t<span class=\"elementor-button-text\">DO TRE\u015aCI<\/span>\n\t\t\t\t\t<\/span>\n\t\t\t\t\t<\/a>\n\t\t\t\t\t\t\t\t<\/div>\n\t\t\t\t\t<\/div>\n\t\t\t\t<\/div>\n\t\t\t\t\t<\/div>\n\t\t<\/div>\n\t\t\t\t<div class=\"elementor-column elementor-col-25 elementor-top-column elementor-element elementor-element-91b3dc9\" data-id=\"91b3dc9\" data-element_type=\"column\" data-e-type=\"column\">\n\t\t\t<div class=\"elementor-widget-wrap elementor-element-populated\">\n\t\t\t\t<div class=\"elementor-element elementor-element-de0d6a4 e-flex e-con-boxed e-con e-parent\" data-id=\"de0d6a4\" data-element_type=\"container\" data-e-type=\"container\" data-settings=\"{&quot;background_background&quot;:&quot;classic&quot;}\">\n\t\t\t\t\t<div class=\"e-con-inner\">\n\t\t\t\t<div class=\"elementor-element elementor-element-29d6125 elementor-widget elementor-widget-heading\" data-id=\"29d6125\" data-element_type=\"widget\" data-e-type=\"widget\" data-widget_type=\"heading.default\">\n\t\t\t\t\t<h4 class=\"elementor-heading-title elementor-size-default\">B\u0105d\u017a aktywny<\/h4>\t\t\t\t<\/div>\n\t\t\t\t<div class=\"elementor-element elementor-element-735f430 elementor-align-center elementor-widget elementor-widget-button\" data-id=\"735f430\" data-element_type=\"widget\" data-e-type=\"widget\" data-widget_type=\"button.default\">\n\t\t\t\t\t\t\t\t\t\t<a class=\"elementor-button elementor-button-link elementor-size-sm\" href=\"https:\/\/be-accepted.com\/pl\/category\/badz-aktywna\/\">\n\t\t\t\t\t\t<span class=\"elementor-button-content-wrapper\">\n\t\t\t\t\t\t\t\t\t<span class=\"elementor-button-text\">DO TRE\u015aCI<\/span>\n\t\t\t\t\t<\/span>\n\t\t\t\t\t<\/a>\n\t\t\t\t\t\t\t\t<\/div>\n\t\t\t\t\t<\/div>\n\t\t\t\t<\/div>\n\t\t\t\t\t<\/div>\n\t\t<\/div>\n\t\t\t\t<div class=\"elementor-column elementor-col-25 elementor-top-column elementor-element elementor-element-5f9e296\" data-id=\"5f9e296\" data-element_type=\"column\" data-e-type=\"column\">\n\t\t\t<div class=\"elementor-widget-wrap elementor-element-populated\">\n\t\t\t\t<div class=\"elementor-element elementor-element-f4940d5 e-flex e-con-boxed e-con e-parent\" data-id=\"f4940d5\" data-element_type=\"container\" data-e-type=\"container\" data-settings=\"{&quot;background_background&quot;:&quot;classic&quot;}\">\n\t\t\t\t\t<div class=\"e-con-inner\">\n\t\t\t\t<div class=\"elementor-element elementor-element-55e8190 elementor-widget elementor-widget-heading\" data-id=\"55e8190\" data-element_type=\"widget\" data-e-type=\"widget\" data-widget_type=\"heading.default\">\n\t\t\t\t\t<h4 class=\"elementor-heading-title elementor-size-default\">B\u0105d\u017a w dobrej formie psychicznej<\/h4>\t\t\t\t<\/div>\n\t\t\t\t<div class=\"elementor-element elementor-element-0886b75 elementor-align-center elementor-widget elementor-widget-button\" data-id=\"0886b75\" data-element_type=\"widget\" data-e-type=\"widget\" data-widget_type=\"button.default\">\n\t\t\t\t\t\t\t\t\t\t<a class=\"elementor-button elementor-button-link elementor-size-sm\" href=\"https:\/\/be-accepted.com\/pl\/category\/badz-psychicznie-silna\/\">\n\t\t\t\t\t\t<span class=\"elementor-button-content-wrapper\">\n\t\t\t\t\t\t\t\t\t<span class=\"elementor-button-text\">DO TRE\u015aCI<\/span>\n\t\t\t\t\t<\/span>\n\t\t\t\t\t<\/a>\n\t\t\t\t\t\t\t\t<\/div>\n\t\t\t\t\t<\/div>\n\t\t\t\t<\/div>\n\t\t\t\t\t<\/div>\n\t\t<\/div>\n\t\t\t\t\t<\/div>\n\t\t<\/section>\n\t\t\t\t<section class=\"elementor-section elementor-top-section elementor-element elementor-element-66b75b1 elementor-section-boxed elementor-section-height-default elementor-section-height-default\" data-id=\"66b75b1\" data-element_type=\"section\" data-e-type=\"section\">\n\t\t\t\t\t\t<div class=\"elementor-container elementor-column-gap-default\">\n\t\t\t\t\t<div class=\"elementor-column elementor-col-25 elementor-top-column elementor-element elementor-element-4c042c2\" data-id=\"4c042c2\" data-element_type=\"column\" data-e-type=\"column\">\n\t\t\t<div class=\"elementor-widget-wrap elementor-element-populated\">\n\t\t\t\t<div class=\"elementor-element elementor-element-a2b083f e-flex e-con-boxed e-con e-parent\" data-id=\"a2b083f\" data-element_type=\"container\" data-e-type=\"container\" data-settings=\"{&quot;background_background&quot;:&quot;classic&quot;}\">\n\t\t\t\t\t<div class=\"e-con-inner\">\n\t\t\t\t<div class=\"elementor-element elementor-element-1b6b8d0 elementor-widget elementor-widget-heading\" data-id=\"1b6b8d0\" data-element_type=\"widget\" data-e-type=\"widget\" data-widget_type=\"heading.default\">\n\t\t\t\t\t<h4 class=\"elementor-heading-title elementor-size-default\">B\u0105d\u017a suplementem diety<\/h4>\t\t\t\t<\/div>\n\t\t\t\t<div class=\"elementor-element elementor-element-e403bab elementor-align-center elementor-widget elementor-widget-button\" data-id=\"e403bab\" data-element_type=\"widget\" data-e-type=\"widget\" data-widget_type=\"button.default\">\n\t\t\t\t\t\t\t\t\t\t<a class=\"elementor-button elementor-button-link elementor-size-sm\" href=\"https:\/\/be-accepted.com\/pl\/category\/suplementy-diety-i-ziola-lecznicze\/\">\n\t\t\t\t\t\t<span class=\"elementor-button-content-wrapper\">\n\t\t\t\t\t\t\t\t\t<span class=\"elementor-button-text\">DO TRE\u015aCI<\/span>\n\t\t\t\t\t<\/span>\n\t\t\t\t\t<\/a>\n\t\t\t\t\t\t\t\t<\/div>\n\t\t\t\t\t<\/div>\n\t\t\t\t<\/div>\n\t\t\t\t\t<\/div>\n\t\t<\/div>\n\t\t\t\t<div class=\"elementor-column elementor-col-25 elementor-top-column elementor-element elementor-element-daa5f81\" data-id=\"daa5f81\" data-element_type=\"column\" data-e-type=\"column\">\n\t\t\t<div class=\"elementor-widget-wrap elementor-element-populated\">\n\t\t\t\t<div class=\"elementor-element elementor-element-8cfd19c e-flex e-con-boxed e-con e-parent\" data-id=\"8cfd19c\" data-element_type=\"container\" data-e-type=\"container\" data-settings=\"{&quot;background_background&quot;:&quot;classic&quot;}\">\n\t\t\t\t\t<div class=\"e-con-inner\">\n\t\t\t\t<div class=\"elementor-element elementor-element-105f058 elementor-widget elementor-widget-heading\" data-id=\"105f058\" data-element_type=\"widget\" data-e-type=\"widget\" data-widget_type=\"heading.default\">\n\t\t\t\t\t<h4 class=\"elementor-heading-title elementor-size-default\">Be Nutrition<\/h4>\t\t\t\t<\/div>\n\t\t\t\t<div class=\"elementor-element elementor-element-7ea817c elementor-align-center elementor-widget elementor-widget-button\" data-id=\"7ea817c\" data-element_type=\"widget\" data-e-type=\"widget\" data-widget_type=\"button.default\">\n\t\t\t\t\t\t\t\t\t\t<a class=\"elementor-button elementor-button-link elementor-size-sm\" href=\"https:\/\/be-accepted.com\/pl\/category\/odzywianie\/\">\n\t\t\t\t\t\t<span class=\"elementor-button-content-wrapper\">\n\t\t\t\t\t\t\t\t\t<span class=\"elementor-button-text\">DO TRE\u015aCI<\/span>\n\t\t\t\t\t<\/span>\n\t\t\t\t\t<\/a>\n\t\t\t\t\t\t\t\t<\/div>\n\t\t\t\t\t<\/div>\n\t\t\t\t<\/div>\n\t\t\t\t\t<\/div>\n\t\t<\/div>\n\t\t\t\t<div class=\"elementor-column elementor-col-25 elementor-top-column elementor-element elementor-element-0d22725\" data-id=\"0d22725\" data-element_type=\"column\" data-e-type=\"column\">\n\t\t\t<div class=\"elementor-widget-wrap elementor-element-populated\">\n\t\t\t\t<div class=\"elementor-element elementor-element-425d64a e-flex e-con-boxed e-con e-parent\" data-id=\"425d64a\" data-element_type=\"container\" data-e-type=\"container\" data-settings=\"{&quot;background_background&quot;:&quot;classic&quot;}\">\n\t\t\t\t\t<div class=\"e-con-inner\">\n\t\t\t\t<div class=\"elementor-element elementor-element-04fb07c elementor-widget elementor-widget-heading\" data-id=\"04fb07c\" data-element_type=\"widget\" data-e-type=\"widget\" data-widget_type=\"heading.default\">\n\t\t\t\t\t<h4 class=\"elementor-heading-title elementor-size-default\">By\u0107 rodzin\u0105  <br>&amp; Przyjaciele<\/h4>\t\t\t\t<\/div>\n\t\t\t\t<div class=\"elementor-element elementor-element-e8e11b5 elementor-align-center elementor-widget elementor-widget-button\" data-id=\"e8e11b5\" data-element_type=\"widget\" data-e-type=\"widget\" data-widget_type=\"button.default\">\n\t\t\t\t\t\t\t\t\t\t<a class=\"elementor-button elementor-button-link elementor-size-sm\" href=\"https:\/\/be-accepted.com\/pl\/category\/rodzina-i-przyjaciele\/\">\n\t\t\t\t\t\t<span class=\"elementor-button-content-wrapper\">\n\t\t\t\t\t\t\t\t\t<span class=\"elementor-button-text\">DO TRE\u015aCI<\/span>\n\t\t\t\t\t<\/span>\n\t\t\t\t\t<\/a>\n\t\t\t\t\t\t\t\t<\/div>\n\t\t\t\t\t<\/div>\n\t\t\t\t<\/div>\n\t\t\t\t\t<\/div>\n\t\t<\/div>\n\t\t\t\t<div class=\"elementor-column elementor-col-25 elementor-top-column elementor-element elementor-element-18d5bdd\" data-id=\"18d5bdd\" data-element_type=\"column\" data-e-type=\"column\">\n\t\t\t<div class=\"elementor-widget-wrap elementor-element-populated\">\n\t\t\t\t<div class=\"elementor-element elementor-element-8a09603 e-flex e-con-boxed e-con e-parent\" data-id=\"8a09603\" data-element_type=\"container\" data-e-type=\"container\" data-settings=\"{&quot;background_background&quot;:&quot;classic&quot;}\">\n\t\t\t\t\t<div class=\"e-con-inner\">\n\t\t\t\t<div class=\"elementor-element elementor-element-b10b471 elementor-widget elementor-widget-heading\" data-id=\"b10b471\" data-element_type=\"widget\" data-e-type=\"widget\" data-widget_type=\"heading.default\">\n\t\t\t\t\t<h4 class=\"elementor-heading-title elementor-size-default\">By\u0107 kobiet\u0105<\/h4>\t\t\t\t<\/div>\n\t\t\t\t<div class=\"elementor-element elementor-element-249d5e3 elementor-align-center elementor-widget elementor-widget-button\" data-id=\"249d5e3\" data-element_type=\"widget\" data-e-type=\"widget\" data-widget_type=\"button.default\">\n\t\t\t\t\t\t\t\t\t\t<a class=\"elementor-button elementor-button-link elementor-size-sm\" href=\"https:\/\/be-accepted.com\/pl\/category\/byc-kobieta-pozostac-kobieta\/\">\n\t\t\t\t\t\t<span class=\"elementor-button-content-wrapper\">\n\t\t\t\t\t\t\t\t\t<span class=\"elementor-button-text\">DO TRE\u015aCI<\/span>\n\t\t\t\t\t<\/span>\n\t\t\t\t\t<\/a>\n\t\t\t\t\t\t\t\t<\/div>\n\t\t\t\t\t<\/div>\n\t\t\t\t<\/div>\n\t\t\t\t\t<\/div>\n\t\t<\/div>\n\t\t\t\t\t<\/div>\n\t\t<\/section>\n\t\t\t\t<section class=\"elementor-section elementor-top-section elementor-element elementor-element-6c75a83 elementor-section-height-min-height elementor-section-content-middle elementor-section-boxed elementor-section-height-default elementor-section-items-middle\" data-id=\"6c75a83\" data-element_type=\"section\" data-e-type=\"section\" data-settings=\"{&quot;background_background&quot;:&quot;classic&quot;}\">\n\t\t\t\t\t\t<div class=\"elementor-container elementor-column-gap-no\">\n\t\t\t\t\t<div class=\"elementor-column elementor-col-50 elementor-top-column elementor-element elementor-element-23b2dc2\" data-id=\"23b2dc2\" data-element_type=\"column\" data-e-type=\"column\" data-settings=\"{&quot;background_background&quot;:&quot;classic&quot;}\">\n\t\t\t<div class=\"elementor-widget-wrap elementor-element-populated\">\n\t\t\t\t\t<div class=\"elementor-background-overlay\"><\/div>\n\t\t\t\t\t\t<div class=\"elementor-element elementor-element-1fe436a elementor-align-center elementor-widget elementor-widget-button\" data-id=\"1fe436a\" data-element_type=\"widget\" data-e-type=\"widget\" data-widget_type=\"button.default\">\n\t\t\t\t\t\t\t\t\t\t<a class=\"elementor-button elementor-button-link elementor-size-sm\" href=\"https:\/\/be-accepted.com\/pl\/produkt\/badz-akceptowany-magazyn\/\">\n\t\t\t\t\t\t<span class=\"elementor-button-content-wrapper\">\n\t\t\t\t\t\t\t\t\t<span class=\"elementor-button-text\">Wersja do druku<\/span>\n\t\t\t\t\t<\/span>\n\t\t\t\t\t<\/a>\n\t\t\t\t\t\t\t\t<\/div>\n\t\t\t\t\t<\/div>\n\t\t<\/div>\n\t\t\t\t<div class=\"elementor-column elementor-col-50 elementor-top-column elementor-element elementor-element-5a203cc\" data-id=\"5a203cc\" data-element_type=\"column\" data-e-type=\"column\" data-settings=\"{&quot;background_background&quot;:&quot;classic&quot;}\">\n\t\t\t<div class=\"elementor-widget-wrap elementor-element-populated\">\n\t\t\t\t\t<div class=\"elementor-background-overlay\"><\/div>\n\t\t\t\t\t\t<div class=\"elementor-element elementor-element-5aa3643 elementor-align-center elementor-widget elementor-widget-button\" data-id=\"5aa3643\" data-element_type=\"widget\" data-e-type=\"widget\" data-widget_type=\"button.default\">\n\t\t\t\t\t\t\t\t\t\t<a class=\"elementor-button elementor-button-link elementor-size-sm\" href=\"https:\/\/be-accepted.com\/pl\/magazyn-be-accepted-online\/\">\n\t\t\t\t\t\t<span class=\"elementor-button-content-wrapper\">\n\t\t\t\t\t\t\t\t\t<span class=\"elementor-button-text\">Wersja online<\/span>\n\t\t\t\t\t<\/span>\n\t\t\t\t\t<\/a>\n\t\t\t\t\t\t\t\t<\/div>\n\t\t\t\t\t<\/div>\n\t\t<\/div>\n\t\t\t\t\t<\/div>\n\t\t<\/section>\n\t\t\t\t<\/div>\n\t\t","protected":false},"excerpt":{"rendered":"<p>Smart 8 Be Caro DO TRE\u015aCI By\u0107 medycyn\u0105 ortodoksyjn\u0105 DO TRE\u015aCI B\u0105d\u017a aktywny DO TRE\u015aCI B\u0105d\u017a w dobrej formie psychicznej DO TRE\u015aCI B\u0105d\u017a suplementem diety DO TRE\u015aCI Be Nutrition DO TRE\u015aCI By\u0107 rodzin\u0105 &amp; Przyjaciele DO TRE\u015aCI By\u0107 kobiet\u0105 DO TRE\u015aCI Wersja do druku Wersja online<\/p>\n","protected":false},"author":14,"featured_media":0,"parent":0,"menu_order":0,"comment_status":"closed","ping_status":"closed","template":"","meta":{"_acf_changed":false,"footnotes":""},"class_list":["post-21440","page","type-page","status-publish","hentry"],"acf":[],"yoast_head":"<!-- This site is optimized with the Yoast SEO plugin v27.6 - https:\/\/yoast.com\/product\/yoast-seo-wordpress\/ -->\n<title>Magazyn - Be accepted<\/title>\n<meta name=\"robots\" content=\"index, follow, max-snippet:-1, max-image-preview:large, max-video-preview:-1\" \/>\n<link rel=\"canonical\" href=\"https:\/\/be-accepted.com\/pl\/magazyn\/\" \/>\n<meta property=\"og:locale\" content=\"pl_PL\" \/>\n<meta property=\"og:type\" content=\"article\" \/>\n<meta property=\"og:title\" content=\"Magazyn - Be accepted\" \/>\n<meta property=\"og:description\" content=\"Smart 8 Be Caro DO TRE\u015aCI By\u0107 medycyn\u0105 ortodoksyjn\u0105 DO TRE\u015aCI B\u0105d\u017a aktywny DO TRE\u015aCI B\u0105d\u017a w dobrej formie psychicznej DO TRE\u015aCI B\u0105d\u017a suplementem diety DO TRE\u015aCI Be Nutrition DO TRE\u015aCI By\u0107 rodzin\u0105 &amp; Przyjaciele DO TRE\u015aCI By\u0107 kobiet\u0105 DO TRE\u015aCI Wersja do druku Wersja online\" \/>\n<meta property=\"og:url\" content=\"https:\/\/be-accepted.com\/pl\/magazyn\/\" \/>\n<meta property=\"og:site_name\" content=\"Be accepted\" \/>\n<meta property=\"article:modified_time\" content=\"2024-09-25T08:48:14+00:00\" \/>\n<meta name=\"twitter:card\" content=\"summary_large_image\" \/>\n<meta name=\"twitter:label1\" content=\"Szacowany czas czytania\" \/>\n\t<meta name=\"twitter:data1\" content=\"1 minuta\" \/>\n<script type=\"application\/ld+json\" class=\"yoast-schema-graph\">{\"@context\":\"https:\\\/\\\/schema.org\",\"@graph\":[{\"@type\":\"WebPage\",\"@id\":\"https:\\\/\\\/be-accepted.com\\\/pl\\\/magazyn\\\/\",\"url\":\"https:\\\/\\\/be-accepted.com\\\/pl\\\/magazyn\\\/\",\"name\":\"Magazyn - Be accepted\",\"isPartOf\":{\"@id\":\"https:\\\/\\\/be-accepted.com\\\/pl\\\/#website\"},\"datePublished\":\"2023-08-21T09:12:39+00:00\",\"dateModified\":\"2024-09-25T08:48:14+00:00\",\"breadcrumb\":{\"@id\":\"https:\\\/\\\/be-accepted.com\\\/pl\\\/magazyn\\\/#breadcrumb\"},\"inLanguage\":\"pl-PL\",\"potentialAction\":[{\"@type\":\"ReadAction\",\"target\":[\"https:\\\/\\\/be-accepted.com\\\/pl\\\/magazyn\\\/\"]}]},{\"@type\":\"BreadcrumbList\",\"@id\":\"https:\\\/\\\/be-accepted.com\\\/pl\\\/magazyn\\\/#breadcrumb\",\"itemListElement\":[{\"@type\":\"ListItem\",\"position\":1,\"name\":\"Startseite\",\"item\":\"https:\\\/\\\/be-accepted.com\\\/pl\\\/badz-akceptowany\\\/\"},{\"@type\":\"ListItem\",\"position\":2,\"name\":\"Magazyn\"}]},{\"@type\":\"WebSite\",\"@id\":\"https:\\\/\\\/be-accepted.com\\\/pl\\\/#website\",\"url\":\"https:\\\/\\\/be-accepted.com\\\/pl\\\/\",\"name\":\"Be accepted\",\"description\":\"Be accepted by Caro\",\"publisher\":{\"@id\":\"https:\\\/\\\/be-accepted.com\\\/pl\\\/#organization\"},\"potentialAction\":[{\"@type\":\"SearchAction\",\"target\":{\"@type\":\"EntryPoint\",\"urlTemplate\":\"https:\\\/\\\/be-accepted.com\\\/pl\\\/?s={search_term_string}\"},\"query-input\":{\"@type\":\"PropertyValueSpecification\",\"valueRequired\":true,\"valueName\":\"search_term_string\"}}],\"inLanguage\":\"pl-PL\"},{\"@type\":\"Organization\",\"@id\":\"https:\\\/\\\/be-accepted.com\\\/pl\\\/#organization\",\"name\":\"BE accepted\",\"url\":\"https:\\\/\\\/be-accepted.com\\\/pl\\\/\",\"logo\":{\"@type\":\"ImageObject\",\"inLanguage\":\"pl-PL\",\"@id\":\"https:\\\/\\\/be-accepted.com\\\/pl\\\/#\\\/schema\\\/logo\\\/image\\\/\",\"url\":\"\",\"contentUrl\":\"\",\"caption\":\"BE accepted\"},\"image\":{\"@id\":\"https:\\\/\\\/be-accepted.com\\\/pl\\\/#\\\/schema\\\/logo\\\/image\\\/\"}}]}<\/script>\n<!-- \/ Yoast SEO plugin. -->","yoast_head_json":{"title":"Magazyn - Be accepted","robots":{"index":"index","follow":"follow","max-snippet":"max-snippet:-1","max-image-preview":"max-image-preview:large","max-video-preview":"max-video-preview:-1"},"canonical":"https:\/\/be-accepted.com\/pl\/magazyn\/","og_locale":"pl_PL","og_type":"article","og_title":"Magazyn - Be accepted","og_description":"Smart 8 Be Caro DO TRE\u015aCI By\u0107 medycyn\u0105 ortodoksyjn\u0105 DO TRE\u015aCI B\u0105d\u017a aktywny DO TRE\u015aCI B\u0105d\u017a w dobrej formie psychicznej DO TRE\u015aCI B\u0105d\u017a suplementem diety DO TRE\u015aCI Be Nutrition DO TRE\u015aCI By\u0107 rodzin\u0105 &amp; Przyjaciele DO TRE\u015aCI By\u0107 kobiet\u0105 DO TRE\u015aCI Wersja do druku Wersja online","og_url":"https:\/\/be-accepted.com\/pl\/magazyn\/","og_site_name":"Be accepted","article_modified_time":"2024-09-25T08:48:14+00:00","twitter_card":"summary_large_image","twitter_misc":{"Szacowany czas czytania":"1 minuta"},"schema":{"@context":"https:\/\/schema.org","@graph":[{"@type":"WebPage","@id":"https:\/\/be-accepted.com\/pl\/magazyn\/","url":"https:\/\/be-accepted.com\/pl\/magazyn\/","name":"Magazyn - Be accepted","isPartOf":{"@id":"https:\/\/be-accepted.com\/pl\/#website"},"datePublished":"2023-08-21T09:12:39+00:00","dateModified":"2024-09-25T08:48:14+00:00","breadcrumb":{"@id":"https:\/\/be-accepted.com\/pl\/magazyn\/#breadcrumb"},"inLanguage":"pl-PL","potentialAction":[{"@type":"ReadAction","target":["https:\/\/be-accepted.com\/pl\/magazyn\/"]}]},{"@type":"BreadcrumbList","@id":"https:\/\/be-accepted.com\/pl\/magazyn\/#breadcrumb","itemListElement":[{"@type":"ListItem","position":1,"name":"Startseite","item":"https:\/\/be-accepted.com\/pl\/badz-akceptowany\/"},{"@type":"ListItem","position":2,"name":"Magazyn"}]},{"@type":"WebSite","@id":"https:\/\/be-accepted.com\/pl\/#website","url":"https:\/\/be-accepted.com\/pl\/","name":"Be accepted","description":"Be accepted by Caro","publisher":{"@id":"https:\/\/be-accepted.com\/pl\/#organization"},"potentialAction":[{"@type":"SearchAction","target":{"@type":"EntryPoint","urlTemplate":"https:\/\/be-accepted.com\/pl\/?s={search_term_string}"},"query-input":{"@type":"PropertyValueSpecification","valueRequired":true,"valueName":"search_term_string"}}],"inLanguage":"pl-PL"},{"@type":"Organization","@id":"https:\/\/be-accepted.com\/pl\/#organization","name":"BE accepted","url":"https:\/\/be-accepted.com\/pl\/","logo":{"@type":"ImageObject","inLanguage":"pl-PL","@id":"https:\/\/be-accepted.com\/pl\/#\/schema\/logo\/image\/","url":"","contentUrl":"","caption":"BE accepted"},"image":{"@id":"https:\/\/be-accepted.com\/pl\/#\/schema\/logo\/image\/"}}]}},"_links":{"self":[{"href":"https:\/\/be-accepted.com\/pl\/wp-json\/wp\/v2\/pages\/21440","targetHints":{"allow":["GET"]}}],"collection":[{"href":"https:\/\/be-accepted.com\/pl\/wp-json\/wp\/v2\/pages"}],"about":[{"href":"https:\/\/be-accepted.com\/pl\/wp-json\/wp\/v2\/types\/page"}],"author":[{"embeddable":true,"href":"https:\/\/be-accepted.com\/pl\/wp-json\/wp\/v2\/users\/14"}],"replies":[{"embeddable":true,"href":"https:\/\/be-accepted.com\/pl\/wp-json\/wp\/v2\/comments?post=21440"}],"version-history":[{"count":0,"href":"https:\/\/be-accepted.com\/pl\/wp-json\/wp\/v2\/pages\/21440\/revisions"}],"wp:attachment":[{"href":"https:\/\/be-accepted.com\/pl\/wp-json\/wp\/v2\/media?parent=21440"}],"curies":[{"name":"wp","href":"https:\/\/api.w.org\/{rel}","templated":true}]}}