{"id":21446,"date":"2023-08-21T09:13:07","date_gmt":"2023-08-21T09:13:07","guid":{"rendered":"https:\/\/be-accepted.com\/smart-8\/"},"modified":"2025-02-25T15:29:36","modified_gmt":"2025-02-25T15:29:36","slug":"smart-8","status":"publish","type":"page","link":"https:\/\/be-accepted.com\/pl\/smart-8\/","title":{"rendered":"Smart 8"},"content":{"rendered":"\t\t<div data-elementor-type=\"wp-page\" data-elementor-id=\"21446\" class=\"elementor elementor-21446 elementor-1973\" data-elementor-post-type=\"page\">\n\t\t\t\t<div class=\"elementor-element elementor-element-d10c5f2 e-flex e-con-boxed e-con e-parent\" data-id=\"d10c5f2\" data-element_type=\"container\" data-e-type=\"container\" data-settings=\"{&quot;background_background&quot;:&quot;classic&quot;}\">\n\t\t\t\t\t<div class=\"e-con-inner\">\n\t\t<div class=\"elementor-element elementor-element-329c9e1 e-con-full e-flex e-con e-child\" data-id=\"329c9e1\" data-element_type=\"container\" data-e-type=\"container\">\n\t\t\t\t<div class=\"elementor-element elementor-element-460dfdf elementor-invisible elementor-widget elementor-widget-heading\" data-id=\"460dfdf\" data-element_type=\"widget\" data-e-type=\"widget\" data-settings=\"{&quot;_animation&quot;:&quot;fadeInDown&quot;}\" data-widget_type=\"heading.default\">\n\t\t\t\t\t<h2 class=\"elementor-heading-title elementor-size-default\">O nas<\/h2>\t\t\t\t<\/div>\n\t\t\t\t<\/div>\n\t\t\t\t\t<\/div>\n\t\t\t\t<\/div>\n\t\t<div class=\"elementor-element elementor-element-5577a4f e-flex e-con-boxed e-con e-parent\" data-id=\"5577a4f\" data-element_type=\"container\" data-e-type=\"container\">\n\t\t\t\t\t<div class=\"e-con-inner\">\n\t\t<div class=\"elementor-element elementor-element-7cb1237 e-con-full e-flex e-con e-child\" data-id=\"7cb1237\" data-element_type=\"container\" data-e-type=\"container\">\n\t\t\t\t<div class=\"elementor-element elementor-element-44d2ab0 elementor-widget__width-initial elementor-widget elementor-widget-text-editor\" data-id=\"44d2ab0\" data-element_type=\"widget\" data-e-type=\"widget\" data-widget_type=\"text-editor.default\">\n\t\t\t\t\t\t\t\t\t<p style=\"text-align: justify;\">Caro wie, co to znaczy mie\u0107 zdiagnozowanego raka.<br \/> wie o raku jako krewna.<\/p><p style=\"text-align: justify;\">Oboje lubimy si\u0119 \u015bmia\u0107 i \u017cy\u0107, i skupiamy si\u0119 na pozytywach, bez wzgl\u0119du na to, jak trudne si\u0119 to wydaje.<\/p><p style=\"text-align: justify;\">Chcemy by\u0107 Twoimi towarzyszami, motywatorami i informatorami w dobrych i z\u0142ych dniach oraz towarzyszy\u0107 Ci w Twojej osobistej &#8222;przeja\u017cd\u017cce rollercoasterem&#8221;.<br \/>Nie mo\u017cemy obieca\u0107 wyleczenia, ale pomo\u017cemy Ci uczyni\u0107 ten czas, Twoje &#8222;nowe&#8221; \u017cycie, tak pozytywnym i pi\u0119knym, jak to tylko mo\u017cliwe.<\/p><p style=\"text-align: justify;\">Sukcesy w leczeniu cz\u0119sto nie s\u0105 cudem, ale wynikiem dobrze funkcjonuj\u0105cego zespo\u0142u lekarzy, \u015brodowiska i aktywnych, konsekwentnych pacjent\u00f3w.<\/p><p style=\"text-align: justify;\">Magazyn jest Twoim przewodnikiem, kt\u00f3ry wype\u0142nia luk\u0119 mi\u0119dzy medycyn\u0105 konwencjonaln\u0105 a komplementarn\u0105 i daje Ci przewag\u0119 w czasie i wiedzy dzi\u0119ki rzetelnym informacjom.<\/p><p style=\"text-align: justify;\">\u00a0<\/p>\t\t\t\t\t\t\t\t<\/div>\n\t\t\t\t<div class=\"elementor-element elementor-element-c8d8aa9 elementor-widget__width-initial elementor-widget elementor-widget-text-editor\" data-id=\"c8d8aa9\" data-element_type=\"widget\" data-e-type=\"widget\" data-widget_type=\"text-editor.default\">\n\t\t\t\t\t\t\t\t\t<p style=\"text-align: justify;\"><strong>Po zaakceptowaniu BE dajemy ci perspektyw\u0119, dzi\u0119ki kt\u00f3rej mo\u017cesz natychmiast zacz\u0105\u0107 by\u0107 aktywnym pacjentem.<\/strong><\/p><p style=\"text-align: justify;\">&#8222;ZAAKCEPTUJ &#8211; WIZUALIZUJ &#8211; DZIA\u0141AJ &#8211; DZIA\u0141AJ DALEJ&#8221;.<\/p><p style=\"text-align: justify;\">Jest to g\u0142\u00f3wna zasada, kt\u00f3ra podsumowuje to, co jest teraz wa\u017cne!<\/p><p style=\"text-align: justify;\">Celem jest mo\u017cliwo\u015b\u0107 korzystania z jak najwi\u0119kszej liczby konwencjonalnych metod leczenia.<br \/>Aby to osi\u0105gn\u0105\u0107, musisz wspiera\u0107 si\u0119 poprzez ci\u0105g\u0142e wzmacnianie si\u0119 fizycznie i psychicznie, poniewa\u017c twoje cia\u0142o i umys\u0142 musz\u0105 dzia\u0142a\u0107 jak najlepiej, tak jak najlepsi sportowcy.<br \/>Przedstawimy Ci mo\u017cliwo\u015bci, z kt\u00f3rych b\u0119dziesz m\u00f3g\u0142 wybra\u0107 te, kt\u00f3re najbardziej Ci odpowiadaj\u0105.<br \/>Wszystkie pokazane przez nas metody s\u0105 skuteczne i \u0142atwe do zastosowania w codziennym \u017cyciu.<br \/>Chodzi o po\u0142\u0105czenie i zastosowanie wszystkich kategorii.<\/p><p style=\"text-align: justify;\">Wiele bada\u0144 na ca\u0142ym \u015bwiecie, w tym jedno przeprowadzone przez Uniwersytet Stanforda, pokazuje, \u017ce szansa na wyleczenie jest znacznie zwi\u0119kszona dzi\u0119ki rozs\u0105dnemu i konkretnemu po\u0142\u0105czeniu medycyny konwencjonalnej i komplementarnej.<\/p><p style=\"text-align: justify;\">Opr\u00f3cz magazynu drukowanego, istnieje nasza strona internetowa <a href=\"https:\/\/be-accepted.com\/pl\/\">www.be-accepted.com, <\/a>kt\u00f3ra dzia\u0142a jak chmura i stale oferuje wszystkie niezb\u0119dne impulsy, aby &#8222;nad\u0105\u017cy\u0107&#8221;. Dzi\u0119ki stronie internetowej chcemy otworzy\u0107 dla wszystkich kobiet know-how wiod\u0105cych ekspert\u00f3w i \u015bwiat mo\u017cliwo\u015bci, kt\u00f3ry jest dost\u0119pny za niewielk\u0105 cen\u0119. Znajdziesz tu filmy, kursy, rozmowy, podcasty, filmy ekspert\u00f3w, czat, przepisy i sklep. Temat &#8222;By\u0107 kobiet\u0105, pozosta\u0107 kobiet\u0105&#8221; jest nam szczeg\u00f3lnie bliski. Poniewa\u017c nawet je\u015bli rak uderza w nasz\u0105 pierwotn\u0105 kobieco\u015b\u0107, nadal jeste\u015bmy kobietami, kt\u00f3re chc\u0105 czu\u0107 i \u017cy\u0107 nasz\u0105 kobieco\u015bci\u0105.<\/p><p style=\"text-align: justify;\">To Twoje \u017cycie, rak jest teraz jego cz\u0119\u015bci\u0105.<br \/>Zdecyduj sam i dowiedz si\u0119, do czego jeste\u015b zdolny!<br \/>Jeste\u015bmy tu dla Ciebie i wiemy, \u017ce jeste\u015b silniejszy ni\u017c cokolwiek stanie Ci na drodze!<\/p><p style=\"text-align: justify;\">\u00a0<\/p>\t\t\t\t\t\t\t\t<\/div>\n\t\t\t\t<\/div>\n\t\t\t\t\t<\/div>\n\t\t\t\t<\/div>\n\t\t<div class=\"elementor-element elementor-element-0ba102b elementor-hidden-desktop elementor-hidden-tablet elementor-hidden-mobile e-flex e-con-boxed e-con e-parent\" data-id=\"0ba102b\" data-element_type=\"container\" data-e-type=\"container\">\n\t\t\t\t\t<div class=\"e-con-inner\">\n\t\t<div class=\"elementor-element elementor-element-85b7541 e-con-full e-flex e-con e-child\" data-id=\"85b7541\" data-element_type=\"container\" data-e-type=\"container\">\n\t\t\t\t<div class=\"elementor-element elementor-element-31ac201 elementor-align-center elementor-widget elementor-widget-button\" data-id=\"31ac201\" data-element_type=\"widget\" data-e-type=\"widget\" data-widget_type=\"button.default\">\n\t\t\t\t\t\t\t\t\t\t<a class=\"elementor-button elementor-button-link elementor-size-sm\" href=\"https:\/\/be-accepted.com\/pl\/?page_id=28633\">\n\t\t\t\t\t\t<span class=\"elementor-button-content-wrapper\">\n\t\t\t\t\t\t\t\t\t<span class=\"elementor-button-text\">Nasi eksperci<\/span>\n\t\t\t\t\t<\/span>\n\t\t\t\t\t<\/a>\n\t\t\t\t\t\t\t\t<\/div>\n\t\t\t\t<\/div>\n\t\t\t\t\t<\/div>\n\t\t\t\t<\/div>\n\t\t<div class=\"elementor-element elementor-element-3e5185a e-flex e-con-boxed e-con e-parent\" data-id=\"3e5185a\" data-element_type=\"container\" data-e-type=\"container\" data-settings=\"{&quot;background_background&quot;:&quot;classic&quot;}\">\n\t\t\t\t\t<div class=\"e-con-inner\">\n\t\t<div class=\"elementor-element elementor-element-7560994 e-con-full e-flex e-con e-child\" data-id=\"7560994\" data-element_type=\"container\" data-e-type=\"container\">\n\t\t\t\t<div class=\"elementor-element elementor-element-0938d66 elementor-widget elementor-widget-image\" data-id=\"0938d66\" data-element_type=\"widget\" data-e-type=\"widget\" data-widget_type=\"image.default\">\n\t\t\t\t\t\t\t\t\t\t\t\t\t\t\t\t<a href=\"https:\/\/be-accepted.com\/smart-8\/\">\n\t\t\t\t\t\t\t<img fetchpriority=\"high\" decoding=\"async\" width=\"549\" height=\"471\" src=\"https:\/\/be-accepted.com\/wp-content\/uploads\/2022\/07\/Be_Accepted_Octopus_Blue-1.png\" class=\"attachment-large size-large wp-image-23650\" alt=\"\" srcset=\"https:\/\/be-accepted.com\/wp-content\/uploads\/2022\/07\/Be_Accepted_Octopus_Blue-1.png 549w, https:\/\/be-accepted.com\/wp-content\/uploads\/2022\/07\/Be_Accepted_Octopus_Blue-1-450x386.png 450w, https:\/\/be-accepted.com\/wp-content\/uploads\/2022\/07\/Be_Accepted_Octopus_Blue-1-300x257.png 300w\" sizes=\"(max-width: 549px) 100vw, 549px\" \/>\t\t\t\t\t\t\t\t<\/a>\n\t\t\t\t\t\t\t\t\t\t\t\t\t\t\t<\/div>\n\t\t\t\t<div class=\"elementor-element elementor-element-e986412 elementor-widget elementor-widget-heading\" data-id=\"e986412\" data-element_type=\"widget\" data-e-type=\"widget\" data-widget_type=\"heading.default\">\n\t\t\t\t\t<h2 class=\"elementor-heading-title elementor-size-default\">Dom inteligentnej \u00f3semki<\/h2>\t\t\t\t<\/div>\n\t\t\t\t<div class=\"elementor-element elementor-element-ca46565 elementor-widget__width-inherit elementor-widget elementor-widget-text-editor\" data-id=\"ca46565\" data-element_type=\"widget\" data-e-type=\"widget\" data-widget_type=\"text-editor.default\">\n\t\t\t\t\t\t\t\t\t<p style=\"text-align: justify;\">8 macek o\u015bmiornicy oznacza rubryki B\u0105d\u017a akceptowany. Wszystkie dzia\u0142aj\u0105 dobrze osobno, ale o\u015bmiornica mo\u017ce dzia\u0142a\u0107 najlepiej tylko wtedy, gdy s\u0105 u\u017cywane razem. Tak samo jest z naszymi cia\u0142ami. Coraz wi\u0119cej bada\u0144 na ca\u0142ym \u015bwiecie, w tym tych przeprowadzonych przez Uniwersytet Stanforda, pokazuje, \u017ce szansa na wyleczenie wzrasta dzi\u0119ki rozs\u0105dnemu po\u0142\u0105czeniu medycyny konwencjonalnej i komplementarnej. W naszych 8 sekcjach pokazujemy, jak mo\u017cesz wzmocni\u0107 si\u0119 psychicznie i fizycznie w najlepszy mo\u017cliwy spos\u00f3b, aby m\u00f3c korzysta\u0107 z jak najwi\u0119kszej liczby konwencjonalnych metod leczenia. Ka\u017cda kategoria zawiera r\u00f3\u017cne opcje, z kt\u00f3rych mo\u017cesz wybra\u0107 t\u0119, kt\u00f3ra najbardziej Ci odpowiada. Nie jest wa\u017cne, kt\u00f3r\u0105 z nich wybierzesz, a jedynie to, \u017ce staniesz si\u0119 aktywny i wykorzystasz moc p\u0142yn\u0105c\u0105 z po\u0142\u0105czenia wszystkich.<\/p>\n\t\t\t\t\t\t\t\t<\/div>\n\t\t\t\t<\/div>\n\t\t\t\t\t<\/div>\n\t\t\t\t<\/div>\n\t\t\t\t<\/div>\n\t\t","protected":false},"excerpt":{"rendered":"<p>O nas Caro wie, co to znaczy mie\u0107 zdiagnozowanego raka. wie o raku jako krewna. Oboje lubimy si\u0119 \u015bmia\u0107 i \u017cy\u0107, i skupiamy si\u0119 na pozytywach, bez wzgl\u0119du na to, jak trudne si\u0119 to wydaje. Chcemy by\u0107 Twoimi towarzyszami, motywatorami i informatorami w dobrych i z\u0142ych dniach oraz towarzyszy\u0107 Ci w Twojej osobistej &#8222;przeja\u017cd\u017cce rollercoasterem&#8221;.Nie [&hellip;]<\/p>\n","protected":false},"author":14,"featured_media":0,"parent":0,"menu_order":0,"comment_status":"closed","ping_status":"closed","template":"elementor_header_footer","meta":{"_acf_changed":false,"footnotes":""},"class_list":["post-21446","page","type-page","status-publish","hentry"],"acf":[],"yoast_head":"<!-- This site is optimized with the Yoast SEO plugin v27.6 - https:\/\/yoast.com\/product\/yoast-seo-wordpress\/ -->\n<title>Smart 8 - Be accepted<\/title>\n<meta name=\"robots\" content=\"index, follow, max-snippet:-1, max-image-preview:large, max-video-preview:-1\" \/>\n<link rel=\"canonical\" href=\"https:\/\/be-accepted.com\/pl\/smart-8\/\" \/>\n<meta property=\"og:locale\" content=\"pl_PL\" \/>\n<meta property=\"og:type\" content=\"article\" \/>\n<meta property=\"og:title\" content=\"Smart 8 - Be accepted\" \/>\n<meta property=\"og:description\" content=\"O nas Caro wie, co to znaczy mie\u0107 zdiagnozowanego raka. wie o raku jako krewna. Oboje lubimy si\u0119 \u015bmia\u0107 i \u017cy\u0107, i skupiamy si\u0119 na pozytywach, bez wzgl\u0119du na to, jak trudne si\u0119 to wydaje. Chcemy by\u0107 Twoimi towarzyszami, motywatorami i informatorami w dobrych i z\u0142ych dniach oraz towarzyszy\u0107 Ci w Twojej osobistej &#8222;przeja\u017cd\u017cce rollercoasterem&#8221;.Nie [&hellip;]\" \/>\n<meta property=\"og:url\" content=\"https:\/\/be-accepted.com\/pl\/smart-8\/\" \/>\n<meta property=\"og:site_name\" content=\"Be accepted\" \/>\n<meta property=\"article:modified_time\" content=\"2025-02-25T15:29:36+00:00\" \/>\n<meta property=\"og:image\" content=\"https:\/\/be-accepted.com\/wp-content\/uploads\/2022\/07\/Be_Accepted_Octopus_Blue-1.png\" \/>\n\t<meta property=\"og:image:width\" content=\"549\" \/>\n\t<meta property=\"og:image:height\" content=\"471\" \/>\n\t<meta property=\"og:image:type\" content=\"image\/png\" \/>\n<meta name=\"twitter:card\" content=\"summary_large_image\" \/>\n<meta name=\"twitter:label1\" content=\"Szacowany czas czytania\" \/>\n\t<meta name=\"twitter:data1\" content=\"4 minuty\" \/>\n<script type=\"application\/ld+json\" class=\"yoast-schema-graph\">{\"@context\":\"https:\\\/\\\/schema.org\",\"@graph\":[{\"@type\":\"WebPage\",\"@id\":\"https:\\\/\\\/be-accepted.com\\\/pl\\\/smart-8\\\/\",\"url\":\"https:\\\/\\\/be-accepted.com\\\/pl\\\/smart-8\\\/\",\"name\":\"Smart 8 - Be accepted\",\"isPartOf\":{\"@id\":\"https:\\\/\\\/be-accepted.com\\\/pl\\\/#website\"},\"primaryImageOfPage\":{\"@id\":\"https:\\\/\\\/be-accepted.com\\\/pl\\\/smart-8\\\/#primaryimage\"},\"image\":{\"@id\":\"https:\\\/\\\/be-accepted.com\\\/pl\\\/smart-8\\\/#primaryimage\"},\"thumbnailUrl\":\"https:\\\/\\\/be-accepted.com\\\/wp-content\\\/uploads\\\/2022\\\/07\\\/Be_Accepted_Octopus_Blue-1.png\",\"datePublished\":\"2023-08-21T09:13:07+00:00\",\"dateModified\":\"2025-02-25T15:29:36+00:00\",\"breadcrumb\":{\"@id\":\"https:\\\/\\\/be-accepted.com\\\/pl\\\/smart-8\\\/#breadcrumb\"},\"inLanguage\":\"pl-PL\",\"potentialAction\":[{\"@type\":\"ReadAction\",\"target\":[\"https:\\\/\\\/be-accepted.com\\\/pl\\\/smart-8\\\/\"]}]},{\"@type\":\"ImageObject\",\"inLanguage\":\"pl-PL\",\"@id\":\"https:\\\/\\\/be-accepted.com\\\/pl\\\/smart-8\\\/#primaryimage\",\"url\":\"https:\\\/\\\/be-accepted.com\\\/wp-content\\\/uploads\\\/2022\\\/07\\\/Be_Accepted_Octopus_Blue-1.png\",\"contentUrl\":\"https:\\\/\\\/be-accepted.com\\\/wp-content\\\/uploads\\\/2022\\\/07\\\/Be_Accepted_Octopus_Blue-1.png\"},{\"@type\":\"BreadcrumbList\",\"@id\":\"https:\\\/\\\/be-accepted.com\\\/pl\\\/smart-8\\\/#breadcrumb\",\"itemListElement\":[{\"@type\":\"ListItem\",\"position\":1,\"name\":\"Startseite\",\"item\":\"https:\\\/\\\/be-accepted.com\\\/pl\\\/badz-akceptowany\\\/\"},{\"@type\":\"ListItem\",\"position\":2,\"name\":\"Smart 8\"}]},{\"@type\":\"WebSite\",\"@id\":\"https:\\\/\\\/be-accepted.com\\\/pl\\\/#website\",\"url\":\"https:\\\/\\\/be-accepted.com\\\/pl\\\/\",\"name\":\"Be accepted\",\"description\":\"Be accepted by Caro\",\"publisher\":{\"@id\":\"https:\\\/\\\/be-accepted.com\\\/pl\\\/#organization\"},\"potentialAction\":[{\"@type\":\"SearchAction\",\"target\":{\"@type\":\"EntryPoint\",\"urlTemplate\":\"https:\\\/\\\/be-accepted.com\\\/pl\\\/?s={search_term_string}\"},\"query-input\":{\"@type\":\"PropertyValueSpecification\",\"valueRequired\":true,\"valueName\":\"search_term_string\"}}],\"inLanguage\":\"pl-PL\"},{\"@type\":\"Organization\",\"@id\":\"https:\\\/\\\/be-accepted.com\\\/pl\\\/#organization\",\"name\":\"BE accepted\",\"url\":\"https:\\\/\\\/be-accepted.com\\\/pl\\\/\",\"logo\":{\"@type\":\"ImageObject\",\"inLanguage\":\"pl-PL\",\"@id\":\"https:\\\/\\\/be-accepted.com\\\/pl\\\/#\\\/schema\\\/logo\\\/image\\\/\",\"url\":\"\",\"contentUrl\":\"\",\"caption\":\"BE accepted\"},\"image\":{\"@id\":\"https:\\\/\\\/be-accepted.com\\\/pl\\\/#\\\/schema\\\/logo\\\/image\\\/\"}}]}<\/script>\n<!-- \/ Yoast SEO plugin. -->","yoast_head_json":{"title":"Smart 8 - Be accepted","robots":{"index":"index","follow":"follow","max-snippet":"max-snippet:-1","max-image-preview":"max-image-preview:large","max-video-preview":"max-video-preview:-1"},"canonical":"https:\/\/be-accepted.com\/pl\/smart-8\/","og_locale":"pl_PL","og_type":"article","og_title":"Smart 8 - Be accepted","og_description":"O nas Caro wie, co to znaczy mie\u0107 zdiagnozowanego raka. wie o raku jako krewna. Oboje lubimy si\u0119 \u015bmia\u0107 i \u017cy\u0107, i skupiamy si\u0119 na pozytywach, bez wzgl\u0119du na to, jak trudne si\u0119 to wydaje. Chcemy by\u0107 Twoimi towarzyszami, motywatorami i informatorami w dobrych i z\u0142ych dniach oraz towarzyszy\u0107 Ci w Twojej osobistej &#8222;przeja\u017cd\u017cce rollercoasterem&#8221;.Nie [&hellip;]","og_url":"https:\/\/be-accepted.com\/pl\/smart-8\/","og_site_name":"Be accepted","article_modified_time":"2025-02-25T15:29:36+00:00","og_image":[{"width":549,"height":471,"url":"https:\/\/be-accepted.com\/wp-content\/uploads\/2022\/07\/Be_Accepted_Octopus_Blue-1.png","type":"image\/png"}],"twitter_card":"summary_large_image","twitter_misc":{"Szacowany czas czytania":"4 minuty"},"schema":{"@context":"https:\/\/schema.org","@graph":[{"@type":"WebPage","@id":"https:\/\/be-accepted.com\/pl\/smart-8\/","url":"https:\/\/be-accepted.com\/pl\/smart-8\/","name":"Smart 8 - Be accepted","isPartOf":{"@id":"https:\/\/be-accepted.com\/pl\/#website"},"primaryImageOfPage":{"@id":"https:\/\/be-accepted.com\/pl\/smart-8\/#primaryimage"},"image":{"@id":"https:\/\/be-accepted.com\/pl\/smart-8\/#primaryimage"},"thumbnailUrl":"https:\/\/be-accepted.com\/wp-content\/uploads\/2022\/07\/Be_Accepted_Octopus_Blue-1.png","datePublished":"2023-08-21T09:13:07+00:00","dateModified":"2025-02-25T15:29:36+00:00","breadcrumb":{"@id":"https:\/\/be-accepted.com\/pl\/smart-8\/#breadcrumb"},"inLanguage":"pl-PL","potentialAction":[{"@type":"ReadAction","target":["https:\/\/be-accepted.com\/pl\/smart-8\/"]}]},{"@type":"ImageObject","inLanguage":"pl-PL","@id":"https:\/\/be-accepted.com\/pl\/smart-8\/#primaryimage","url":"https:\/\/be-accepted.com\/wp-content\/uploads\/2022\/07\/Be_Accepted_Octopus_Blue-1.png","contentUrl":"https:\/\/be-accepted.com\/wp-content\/uploads\/2022\/07\/Be_Accepted_Octopus_Blue-1.png"},{"@type":"BreadcrumbList","@id":"https:\/\/be-accepted.com\/pl\/smart-8\/#breadcrumb","itemListElement":[{"@type":"ListItem","position":1,"name":"Startseite","item":"https:\/\/be-accepted.com\/pl\/badz-akceptowany\/"},{"@type":"ListItem","position":2,"name":"Smart 8"}]},{"@type":"WebSite","@id":"https:\/\/be-accepted.com\/pl\/#website","url":"https:\/\/be-accepted.com\/pl\/","name":"Be accepted","description":"Be accepted by Caro","publisher":{"@id":"https:\/\/be-accepted.com\/pl\/#organization"},"potentialAction":[{"@type":"SearchAction","target":{"@type":"EntryPoint","urlTemplate":"https:\/\/be-accepted.com\/pl\/?s={search_term_string}"},"query-input":{"@type":"PropertyValueSpecification","valueRequired":true,"valueName":"search_term_string"}}],"inLanguage":"pl-PL"},{"@type":"Organization","@id":"https:\/\/be-accepted.com\/pl\/#organization","name":"BE accepted","url":"https:\/\/be-accepted.com\/pl\/","logo":{"@type":"ImageObject","inLanguage":"pl-PL","@id":"https:\/\/be-accepted.com\/pl\/#\/schema\/logo\/image\/","url":"","contentUrl":"","caption":"BE accepted"},"image":{"@id":"https:\/\/be-accepted.com\/pl\/#\/schema\/logo\/image\/"}}]}},"_links":{"self":[{"href":"https:\/\/be-accepted.com\/pl\/wp-json\/wp\/v2\/pages\/21446","targetHints":{"allow":["GET"]}}],"collection":[{"href":"https:\/\/be-accepted.com\/pl\/wp-json\/wp\/v2\/pages"}],"about":[{"href":"https:\/\/be-accepted.com\/pl\/wp-json\/wp\/v2\/types\/page"}],"author":[{"embeddable":true,"href":"https:\/\/be-accepted.com\/pl\/wp-json\/wp\/v2\/users\/14"}],"replies":[{"embeddable":true,"href":"https:\/\/be-accepted.com\/pl\/wp-json\/wp\/v2\/comments?post=21446"}],"version-history":[{"count":0,"href":"https:\/\/be-accepted.com\/pl\/wp-json\/wp\/v2\/pages\/21446\/revisions"}],"wp:attachment":[{"href":"https:\/\/be-accepted.com\/pl\/wp-json\/wp\/v2\/media?parent=21446"}],"curies":[{"name":"wp","href":"https:\/\/api.w.org\/{rel}","templated":true}]}}