{"id":21494,"date":"2023-08-21T09:13:09","date_gmt":"2023-08-21T09:13:09","guid":{"rendered":"https:\/\/be-accepted.com\/agb\/"},"modified":"2023-08-21T09:13:11","modified_gmt":"2023-08-21T09:13:11","slug":"agb","status":"publish","type":"page","link":"https:\/\/be-accepted.com\/pl\/agb\/","title":{"rendered":"AGB"},"content":{"rendered":"\t\t<div data-elementor-type=\"wp-page\" data-elementor-id=\"21494\" class=\"elementor elementor-21494 elementor-2223\" data-elementor-post-type=\"page\">\n\t\t\t\t\t\t<section class=\"elementor-section elementor-top-section elementor-element elementor-element-12c180f elementor-section-boxed elementor-section-height-default elementor-section-height-default\" data-id=\"12c180f\" data-element_type=\"section\" data-e-type=\"section\" data-settings=\"{&quot;background_background&quot;:&quot;classic&quot;}\">\n\t\t\t\t\t\t\t<div class=\"elementor-background-overlay\"><\/div>\n\t\t\t\t\t\t\t<div class=\"elementor-container elementor-column-gap-default\">\n\t\t\t\t\t<div class=\"elementor-column elementor-col-100 elementor-top-column elementor-element elementor-element-ab14188\" data-id=\"ab14188\" data-element_type=\"column\" data-e-type=\"column\">\n\t\t\t<div class=\"elementor-widget-wrap elementor-element-populated\">\n\t\t\t\t\t\t\t<\/div>\n\t\t<\/div>\n\t\t\t\t\t<\/div>\n\t\t<\/section>\n\t\t\t\t<section class=\"elementor-section elementor-top-section elementor-element elementor-element-1a638ad elementor-section-boxed elementor-section-height-default elementor-section-height-default\" data-id=\"1a638ad\" data-element_type=\"section\" data-e-type=\"section\">\n\t\t\t\t\t\t<div class=\"elementor-container elementor-column-gap-default\">\n\t\t\t\t\t<div class=\"elementor-column elementor-col-100 elementor-top-column elementor-element elementor-element-654ee67\" data-id=\"654ee67\" data-element_type=\"column\" data-e-type=\"column\">\n\t\t\t<div class=\"elementor-widget-wrap elementor-element-populated\">\n\t\t\t\t\t\t<div class=\"elementor-element elementor-element-d3d6f16 elementor-widget elementor-widget-heading\" data-id=\"d3d6f16\" data-element_type=\"widget\" data-e-type=\"widget\" data-widget_type=\"heading.default\">\n\t\t\t\t\t<h2 class=\"elementor-heading-title elementor-size-default\">Og\u00f3lne warunki handlowe  <\/h2>\t\t\t\t<\/div>\n\t\t\t\t<div class=\"elementor-element elementor-element-3b2b6e5 elementor-widget elementor-widget-text-editor\" data-id=\"3b2b6e5\" data-element_type=\"widget\" data-e-type=\"widget\" data-widget_type=\"text-editor.default\">\n\t\t\t\t\t\t\t\t\t<p><strong>  \u00a7 1 Wa\u017cno\u015b\u0107 OWU<\/strong><\/p>\n<p>Niniejsze OWH maj\u0105 zastosowanie do wszystkich um\u00f3w i zam\u00f3wie\u0144 z\u0142o\u017conych w Be accepted. Ponadto do poszczeg\u00f3lnych ofert maj\u0105 zastosowanie wszelkie dodatkowe specjalne postanowienia umowne, o kt\u00f3rych klient zostanie poinformowany oddzielnie. Nie zawarto \u017cadnych ustnych porozumie\u0144. GTC mo\u017cna zapisa\u0107 na komputerze i\/lub wydrukowa\u0107. Zastosowanie maj\u0105 wy\u0142\u0105cznie Og\u00f3lne Warunki Sprzeda\u017cy.<\/p>\n<p><strong>  \u00a7 2 Partner umowny<\/strong><\/p>\n<p>W przypadku wszystkich um\u00f3w dotycz\u0105cych produkt\u00f3w Be accepted, partnerem umownym jest<\/p>\n<p>Be accepted GmbH, reprezentowana przez dyrektora zarz\u0105dzaj\u0105cego Mag.  Caroline Justich, Vegagasse 4\/2, 1190 Wiede\u0144, tel.: +43 664 , e-mail <a href=\"mailto:office@be-accepted.com\">office@be-accepted.com<\/a>.<\/p>\n<p><strong>\u00a7 3 Zawarcie umowy<\/strong><\/p>\n<p>Oferty w Internecie stanowi\u0105 niewi\u0105\u017c\u0105ce zaproszenie do zakupu produkt\u00f3w. Po wprowadzeniu danych i klikni\u0119ciu przycisku zam\u00f3wienia u\u017cytkownik sk\u0142ada wi\u0105\u017c\u0105c\u0105 ofert\u0119 zawarcia umowy kupna. Umowa zostaje zawarta najp\u00f3\u017aniej w momencie otrzymania przez u\u017cytkownika dost\u0119pu do naszej oferty lub zam\u00f3wienia.<\/p>\n<p><strong>  \u00a7 4 Polityka anulowania<\/strong><\/p>\n<p>Je\u015bli u\u017cytkownik zawiera umow\u0119 jako konsument, przys\u0142uguje mu nast\u0119puj\u0105ce ustawowe prawo do odst\u0105pienia od umowy:<\/p>\n<p><u>Prawo do odst\u0105pienia od umowy<\/u><\/p>\n<p>U\u017cytkownik ma prawo do odst\u0105pienia od umowy w ci\u0105gu czternastu dni bez podania przyczyny. Termin odst\u0105pienia od umowy wynosi 14 dni od dnia zawarcia umowy w przypadku zawarcia umowy cz\u0142onkostwa oraz 14 dni od dnia, w kt\u00f3rym u\u017cytkownik lub wskazana przez niego osoba trzecia nieb\u0119d\u0105ca przewo\u017anikiem wesz\u0142a w posiadanie towar\u00f3w lub, w przypadku zam\u00f3wienia kilku towar\u00f3w, wesz\u0142a w posiadanie ostatniego towaru w przypadku umowy kupna. Aby skorzysta\u0107 z prawa do odst\u0105pienia od umowy, nale\u017cy poinformowa\u0107 nas (Be accepted GmbH, Vegagasse 4\/2, 1190 Wiede\u0144, <a href=\"mailto:office@be-accepted.com\">office@be-accepted.com)<\/a> o swojej decyzji o odst\u0105pieniu od niniejszej umowy w drodze jednoznacznego o\u015bwiadczenia (np. pismo wys\u0142ane poczt\u0105, faksem lub poczt\u0105 elektroniczn\u0105). W tym celu mo\u017cna skorzysta\u0107 z poni\u017cszego wzoru formularza anulowania, kt\u00f3ry nie jest jednak obowi\u0105zkowy.<\/p>\n<p>Aby zachowa\u0107 termin do odst\u0105pienia od umowy, wystarczy wys\u0142a\u0107 powiadomienie o skorzystaniu z prawa do odst\u0105pienia od umowy przed up\u0142ywem terminu do odst\u0105pienia od umowy.<\/p>\n<p><u>Konsekwencje cofni\u0119cia zezwolenia<\/u><\/p>\n<p>W przypadku odst\u0105pienia od niniejszej umowy przez u\u017cytkownika, musimy zwr\u00f3ci\u0107 wszystkie otrzymane od niego p\u0142atno\u015bci niezw\u0142ocznie, a najp\u00f3\u017aniej w ci\u0105gu czternastu dni od dnia, w kt\u00f3rym otrzymali\u015bmy powiadomienie o odst\u0105pieniu od niniejszej umowy. W przypadku takiej sp\u0142aty korzystamy z tych samych \u015brodk\u00f3w p\u0142atno\u015bci, kt\u00f3re zosta\u0142y u\u017cyte przez u\u017cytkownika w pierwotnej transakcji, chyba \u017ce wyra\u017anie uzgodniono inaczej; w \u017cadnym wypadku u\u017cytkownik nie zostanie obci\u0105\u017cony op\u0142at\u0105 za tak\u0105 sp\u0142at\u0119. Mo\u017cemy odm\u00f3wi\u0107 zwrotu pieni\u0119dzy do momentu otrzymania towar\u00f3w z powrotem lub do momentu dostarczenia dowodu, \u017ce towary zosta\u0142y zwr\u00f3cone, w zale\u017cno\u015bci od tego, co nast\u0105pi wcze\u015bniej.<\/p>\n<p>U\u017cytkownik musi zwr\u00f3ci\u0107 lub przekaza\u0107 nam towary niezw\u0142ocznie, a w ka\u017cdym razie nie p\u00f3\u017aniej ni\u017c 14 dni od dnia, w kt\u00f3rym powiadomi\u0142 nas o odst\u0105pieniu od umowy. Termin jest dotrzymany, je\u015bli towar zostanie wys\u0142any przed up\u0142ywem 14 dni. U\u017cytkownik ponosi bezpo\u015brednie koszty zwrotu towar\u00f3w.<\/p>\n<p>Przyk\u0142adowy formularz anulowania<\/p>\n<p>Aby anulowa\u0107 umow\u0119, nale\u017cy skorzysta\u0107 z poni\u017cszego formularza i odes\u0142a\u0107 go na adres:<\/p>\n<p>Be accepted GmbH, Vegagasse 4\/2, 1190 Wiede\u0144, <a href=\"mailto:office@be-accepted.com\">office@be-accepted.com<\/a><\/p>\n<p>Ja\/My (*) niniejszym odst\u0119puj\u0119\/odst\u0119pujemy (*) od zawartej przeze mnie\/nas (*) umowy zakupu nast\u0119puj\u0105cych towar\u00f3w (*)\/\u015bwiadczenia nast\u0119puj\u0105cej us\u0142ugi (*)<\/p>\n<p>Zam\u00f3wione w dniu (*) \/ otrzymane w dniu (*)<\/p>\n<p>Imi\u0119 i nazwisko konsumenta(-\u00f3w)<\/p>\n<p>Adres konsumenta(-\u00f3w)<\/p>\n<p>Podpis konsumenta(-\u00f3w) (tylko w przypadku powiadomienia na papierze)<\/p>\n<p>Data<\/p>\n<p><span style=\"text-decoration: underline;\">Konsekwencje cofni\u0119cia cz\u0142onkostwa<\/span><\/p>\n<p>Je\u015bli u\u017cytkownik za\u017c\u0105da\u0142, aby \u015bwiadczenie us\u0142ugi rozpocz\u0119\u0142o si\u0119 w okresie odst\u0105pienia od umowy, musi zap\u0142aci\u0107 nam rozs\u0105dn\u0105 kwot\u0119 odpowiadaj\u0105c\u0105 proporcji us\u0142ug ju\u017c wykonanych do momentu poinformowania nas o skorzystaniu z prawa do odst\u0105pienia od umowy w odniesieniu do niniejszej umowy w stosunku do ca\u0142kowitego zakresu us\u0142ugi przewidzianej w umowie.<\/p>\n<p><strong>  \u00a7 5 Wy\u0142\u0105czenie odpowiedzialno\u015bci i r\u0119kojmi<\/strong><\/p>\n<ol>\n<li>Zastrze\u017cenie<\/li>\n<\/ol>\n<p>Nale\u017cy pami\u0119ta\u0107, \u017ce ca\u0142a zawarto\u015b\u0107 strony internetowej, magazynu, a tak\u017ce innych produkt\u00f3w Be accepted GmbH ma charakter czysto edukacyjny i w \u017caden spos\u00f3b nie zast\u0119puje profesjonalnej porady medycznej.<\/p>\n<p>Kupuj\u0105c cz\u0142onkostwo na tej stronie internetowej (www.be-accepted.com), u\u017cytkownik akceptuje, zgadza si\u0119 i rozumie, \u017ce nie sk\u0142adamy \u017cadnych o\u015bwiadcze\u0144, zapewnie\u0144 ani gwarancji, ustnych ani pisemnych, dotycz\u0105cych jego zdrowia lub wynik\u00f3w zdrowotnych.<\/p>\n<p>Kupuj\u0105c cz\u0142onkostwo, u\u017cytkownik przyjmuje do wiadomo\u015bci, \u017ce ze wzgl\u0119du na charakter zawarto\u015bci obszaru cz\u0142onkostwa i zakres, wszelkie referencje lub rekomendacje naszych klient\u00f3w lub odbiorc\u00f3w wy\u015bwietlane w naszych programach, witrynach internetowych, tre\u015bciach, stronach docelowych, stronach sprzeda\u017cy lub ofertach nie zosta\u0142y przez nas naukowo ocenione, a wyniki do\u015bwiadczane przez poszczeg\u00f3lne osoby mog\u0105 si\u0119 znacznie r\u00f3\u017cni\u0107.  <\/p>\n<p>Wszelkie o\u015bwiadczenia lub stwierdzenia zawarte w naszych produktach, witrynie internetowej, czasopi\u015bmie, programach, tre\u015bciach i innych ofertach stanowi\u0105 wy\u0142\u0105cznie nasz\u0105 opini\u0119 i w zwi\u0105zku z tym nie stanowi\u0105 gwarancji ani obietnicy jakiejkolwiek zmiany stanu zdrowia u\u017cytkownika. \u017badna z naszych us\u0142ug nie stanowi profesjonalnego doradztwa medycznego lub psychologicznego, a jedynie dostarcza informacji edukacyjnych.<\/p>\n<p>Wszystkie tre\u015bci na tej stronie, w tym: tekst, obrazy, d\u017awi\u0119k lub inne formaty zosta\u0142y stworzone wy\u0142\u0105cznie w celach informacyjnych. Tre\u015b\u0107 nie ma na celu zast\u0105pienia profesjonalnej porady medycznej, diagnozy lub leczenia. W przypadku jakichkolwiek pyta\u0144 dotycz\u0105cych stanu zdrowia nale\u017cy zawsze skonsultowa\u0107 si\u0119 z lekarzem lub innym wykwalifikowanym pracownikiem s\u0142u\u017cby zdrowia. Nigdy nie ignoruj ani nie wahaj si\u0119 zasi\u0119gn\u0105\u0107 profesjonalnej porady medycznej tylko dlatego, \u017ce przeczyta\u0142e\u015b co\u015b na tej stronie.<\/p>\n<p>Je\u015bli uwa\u017casz, \u017ce masz nag\u0142y wypadek medyczny, natychmiast skontaktuj si\u0119 z lekarzem, udaj si\u0119 na pogotowie lub zadzwo\u0144 pod numer 112. Ani strona internetowa, ani czasopismo Be accepted GmbH nie zaleca ani nie popiera konkretnych bada\u0144, lekarzy, produkt\u00f3w, procedur, opinii lub innych informacji. Zaufanie do informacji publikowanych w produktach Be accepted GmbH, w szczeg\u00f3lno\u015bci w magazynie Be accepted, na stronie internetowej www.be-accepted.com, w strefie cz\u0142onkowskiej Be-accepted.com odbywa si\u0119 wy\u0142\u0105cznie na w\u0142asne ryzyko. Obejmuje to informacje przygotowane przez pracownik\u00f3w Be accepted, autor\u00f3w kontraktowych i ekspert\u00f3w medycznych dla produkt\u00f3w Be accepted Gmbh i udost\u0119pnione czytelnikom i cz\u0142onkom w drodze publikacji.<\/p>\n<p>\u0141\u0105cza do tre\u015bci edukacyjnych, kt\u00f3re nie zosta\u0142y utworzone przez www.be-accpted.com, u\u017cytkownik umieszcza na w\u0142asne ryzyko. Be-accepted.com nie ponosi odpowiedzialno\u015bci za o\u015bwiadczenia sk\u0142adane przez zewn\u0119trzne strony internetowe i firmy edukacyjne.<\/p>\n<p>2. gwarancja<\/p>\n<p>Gwarancja jest udzielana zgodnie z przepisami prawa. Je\u015bli wymiana lub poprawa nie jest mo\u017cliwa (niemo\u017cliwa, zbyt du\u017cy wysi\u0142ek, nieuzasadnione op\u00f3\u017anienie), kupuj\u0105cy ma prawo do obni\u017cenia ceny lub, je\u015bli wada nie jest niewielka, do rozwi\u0105zania umowy. Odszkodowanie za szkody nast\u0119pcze (wady), a tak\u017ce inne szkody maj\u0105tkowe, straty finansowe i szkody wyrz\u0105dzone osobom trzecim wobec klienta, o ile nie jest to transakcja konsumencka, jest wykluczone.<\/p>\n<p><strong>  \u00a7 6 Zastrze\u017cenie w\u0142asno\u015bci i przeniesienie ryzyka w przypadku dostawy<\/strong><\/p>\n<p>Przedmiot zakupu pozostaje nasz\u0105 w\u0142asno\u015bci\u0105 do momentu dokonania pe\u0142nej p\u0142atno\u015bci.  <\/p>\n<p>Gdy towary s\u0105 wysy\u0142ane, ryzyko utraty lub uszkodzenia towar\u00f3w nie przechodzi na konsumenta, dop\u00f3ki towary nie zostan\u0105 dostarczone konsumentowi lub osobie trzeciej wskazanej przez konsumenta i innej ni\u017c przewo\u017anik. Je\u015bli jednak konsument sam zawar\u0142 umow\u0119 przewozu, nie korzystaj\u0105c z sugerowanego przez nas wyboru, ryzyko przechodzi na przewo\u017anika z chwil\u0105 przekazania towar\u00f3w.<\/p>\n<p><strong>  \u00a7 7 P\u0142atno\u015b\u0107<\/strong><\/p>\n<p>Cena zakupu lub miesi\u0119czna kwota cz\u0142onkostwa jest p\u0142atna przez u\u017cytkownika zgodnie z zamkni\u0119tym zam\u00f3wieniem kart\u0105 kredytow\u0105 (Visa lub Mastercard) lub Paypal.  <\/p>\n<p><strong>  \u00a7 8 Rozwi\u0105zanie umowy w przypadku cz\u0142onkostwa<\/strong><\/p>\n<p>W przypadku ch\u0119ci przed\u0142u\u017cenia cz\u0142onkostwa poza pierwotnie uzgodniony okres, nie trzeba wykonywa\u0107 \u017cadnych dodatkowych czynno\u015bci, subskrypcja zostanie automatycznie odnowiona na okres jednego roku (subskrypcja roczna).<\/p>\n<p>Roczna subskrypcja mo\u017ce zosta\u0107 anulowana w dowolnym momencie z zachowaniem 4-tygodniowego okresu wypowiedzenia przed ko\u0144cem roku subskrypcji. O\u015bwiadczenie o wypowiedzeniu umowy nale\u017cy przes\u0142a\u0107 poczt\u0105 tradycyjn\u0105 lub elektroniczn\u0105 na adres<\/p>\n<p>Be accepted GmbH, Vegagasse 4\/2, 1190 Wiede\u0144, Austria<\/p>\n<p>E-mail: <a href=\"mailto:office@be-accepted.com\">office@be-accepted.com<\/a><\/p>\n<p><strong>  \u00a7 9 Subskrypcje pr\u00f3bne<\/strong><\/p>\n<p>Cz\u0142onkostwa pr\u00f3bne i testowe oferowane przez Be accepted GmbH maj\u0105 na celu umo\u017cliwienie zapoznania si\u0119 z naszymi produktami w wolnym czasie. Be accepted GmbH wyra\u017anie zastrzega sobie prawo do wykluczenia konsument\u00f3w, kt\u00f3rzy wielokrotnie korzystaj\u0105 z tych ofert.<\/p>\n<p><strong>  \u00a7 10 Zmiany umowy<\/strong><\/p>\n<p>Be accepted GmbH zastrzega sobie prawo do zmiany niniejszych Og\u00f3lnych Warunk\u00f3w Handlowych w razie potrzeby. Zmienione warunki wejd\u0105 w \u017cycie w stosunku do u\u017cytkownika, je\u015bli nie wyrazi on wyra\u017anego sprzeciwu wobec zmiany w ci\u0105gu jednego miesi\u0105ca. Be accepted GmbH jest zobowi\u0105zana do poinformowania u\u017cytkownika o zmianie i zamierzonym znaczeniu relacji na pocz\u0105tku okresu.<\/p>\n<p><strong>\u00a7 11 J\u0119zyk<\/strong><\/p>\n<p>J\u0119zykiem umownym, j\u0119zykiem zam\u00f3wie\u0144 i j\u0119zykiem biznesowym jest j\u0119zyk niemiecki.<\/p>\n<p><strong>  \u00a7 12 Ochrona danych<\/strong><\/p>\n<p>Podczas przetwarzania danych osobowych u\u017cytkownika przestrzegamy wszystkich obowi\u0105zuj\u0105cych nas przepis\u00f3w prawa.  <\/p>\n<p><strong>  \u00a7 13 Platforma internetowego rozstrzygania spor\u00f3w<\/strong><\/p>\n<p>W celu pozas\u0105dowego rozstrzygania spor\u00f3w konsumenckich Unia Europejska udost\u0119pnia platform\u0119 internetow\u0105 (&#8222;platforma ODR&#8221;) pod adresem https:\/\/ec.europa.eu\/consumers\/odreine. Nie jeste\u015bmy zobowi\u0105zani do udzia\u0142u w post\u0119powaniu rozstrzygaj\u0105cym spory przed komisj\u0105 arbitra\u017cow\u0105 ds. konsument\u00f3w. Chcieliby\u015bmy podkre\u015bli\u0107, \u017ce zdecydowali\u015bmy si\u0119 nie uczestniczy\u0107 w post\u0119powaniach rozstrzygaj\u0105cych spory przed konsumenckimi organami arbitra\u017cowymi.<\/p>\n<p><strong>  \u00a7 14 Postanowienia r\u00f3\u017cne<\/strong><\/p>\n<p>Je\u017celi poszczeg\u00f3lne postanowienia niniejszych Og\u00f3lnych Warunk\u00f3w i\/lub uzupe\u0142nionej nimi umowy s\u0105 lub stan\u0105 si\u0119 niewa\u017cne, nie wp\u0142ynie to na wa\u017cno\u015b\u0107 pozosta\u0142ych postanowie\u0144, a umowa i niniejsze Og\u00f3lne Warunki pozostan\u0105 wa\u017cne dla obu stron.<\/p>\n<p>Nabywca jest uprawniony do potr\u0105cenia tylko wtedy, gdy roszczenia wzajemne zosta\u0142y prawomocnie stwierdzone lub s\u0105 bezsporne. Prawo zatrzymania przys\u0142uguje klientowi wy\u0142\u0105cznie w zakresie, w jakim roszczenie wzajemne opiera si\u0119 na tym samym stosunku umownym.<\/p>\n<p>Je\u015bli kupuj\u0105cy s\u0105 kupcami, osobami prawnymi prawa publicznego lub specjalnymi funduszami prawa publicznego, miejscem jurysdykcji jest Wiede\u0144.<\/p>\n<p>Strony umowy uzgadniaj\u0105 zastosowanie prawa austriackiego. Je\u015bli konsument ma miejsce zamieszkania lub miejsce zwyk\u0142ego pobytu w Austrii lub je\u015bli jest zatrudniony w Austrii, pow\u00f3dztwo przeciwko niemu mo\u017ce zosta\u0107 wniesione wy\u0142\u0105cznie do s\u0105du, w kt\u00f3rego jurysdykcji znajduje si\u0119 miejsce zamieszkania, miejsce zwyk\u0142ego pobytu lub miejsce zatrudnienia; nie ma to zastosowania do spor\u00f3w, kt\u00f3re ju\u017c powsta\u0142y.<\/p>\n<p>Status Kwiecie\u0144 2023 r.<\/p>\n\t\t\t\t\t\t\t\t<\/div>\n\t\t\t\t\t<\/div>\n\t\t<\/div>\n\t\t\t\t\t<\/div>\n\t\t<\/section>\n\t\t\t\t<\/div>\n\t\t","protected":false},"excerpt":{"rendered":"<p>Og\u00f3lne warunki handlowe \u00a7 1 Wa\u017cno\u015b\u0107 OWU Niniejsze OWH maj\u0105 zastosowanie do wszystkich um\u00f3w i zam\u00f3wie\u0144 z\u0142o\u017conych w Be accepted. Ponadto do poszczeg\u00f3lnych ofert maj\u0105 zastosowanie wszelkie dodatkowe specjalne postanowienia umowne, o kt\u00f3rych klient zostanie poinformowany oddzielnie. Nie zawarto \u017cadnych ustnych porozumie\u0144. GTC mo\u017cna zapisa\u0107 na komputerze i\/lub wydrukowa\u0107. Zastosowanie maj\u0105 wy\u0142\u0105cznie Og\u00f3lne Warunki Sprzeda\u017cy. [&hellip;]<\/p>\n","protected":false},"author":14,"featured_media":0,"parent":0,"menu_order":0,"comment_status":"closed","ping_status":"closed","template":"elementor_header_footer","meta":{"_acf_changed":false,"footnotes":""},"class_list":["post-21494","page","type-page","status-publish","hentry"],"acf":[],"yoast_head":"<!-- This site is optimized with the Yoast SEO plugin v27.6 - https:\/\/yoast.com\/product\/yoast-seo-wordpress\/ -->\n<title>AGB - Be accepted<\/title>\n<meta name=\"robots\" content=\"index, follow, max-snippet:-1, max-image-preview:large, max-video-preview:-1\" \/>\n<link rel=\"canonical\" href=\"https:\/\/be-accepted.com\/pl\/agb\/\" \/>\n<meta property=\"og:locale\" content=\"pl_PL\" \/>\n<meta property=\"og:type\" content=\"article\" \/>\n<meta property=\"og:title\" content=\"AGB - Be accepted\" \/>\n<meta property=\"og:description\" content=\"Og\u00f3lne warunki handlowe \u00a7 1 Wa\u017cno\u015b\u0107 OWU Niniejsze OWH maj\u0105 zastosowanie do wszystkich um\u00f3w i zam\u00f3wie\u0144 z\u0142o\u017conych w Be accepted. Ponadto do poszczeg\u00f3lnych ofert maj\u0105 zastosowanie wszelkie dodatkowe specjalne postanowienia umowne, o kt\u00f3rych klient zostanie poinformowany oddzielnie. Nie zawarto \u017cadnych ustnych porozumie\u0144. GTC mo\u017cna zapisa\u0107 na komputerze i\/lub wydrukowa\u0107. Zastosowanie maj\u0105 wy\u0142\u0105cznie Og\u00f3lne Warunki Sprzeda\u017cy. [&hellip;]\" \/>\n<meta property=\"og:url\" content=\"https:\/\/be-accepted.com\/pl\/agb\/\" \/>\n<meta property=\"og:site_name\" content=\"Be accepted\" \/>\n<meta property=\"article:modified_time\" content=\"2023-08-21T09:13:11+00:00\" \/>\n<meta name=\"twitter:card\" content=\"summary_large_image\" \/>\n<meta name=\"twitter:label1\" content=\"Szacowany czas czytania\" \/>\n\t<meta name=\"twitter:data1\" content=\"9 minut\" \/>\n<script type=\"application\/ld+json\" class=\"yoast-schema-graph\">{\"@context\":\"https:\\\/\\\/schema.org\",\"@graph\":[{\"@type\":\"WebPage\",\"@id\":\"https:\\\/\\\/be-accepted.com\\\/pl\\\/agb\\\/\",\"url\":\"https:\\\/\\\/be-accepted.com\\\/pl\\\/agb\\\/\",\"name\":\"AGB - Be accepted\",\"isPartOf\":{\"@id\":\"https:\\\/\\\/be-accepted.com\\\/pl\\\/#website\"},\"datePublished\":\"2023-08-21T09:13:09+00:00\",\"dateModified\":\"2023-08-21T09:13:11+00:00\",\"breadcrumb\":{\"@id\":\"https:\\\/\\\/be-accepted.com\\\/pl\\\/agb\\\/#breadcrumb\"},\"inLanguage\":\"pl-PL\",\"potentialAction\":[{\"@type\":\"ReadAction\",\"target\":[\"https:\\\/\\\/be-accepted.com\\\/pl\\\/agb\\\/\"]}]},{\"@type\":\"BreadcrumbList\",\"@id\":\"https:\\\/\\\/be-accepted.com\\\/pl\\\/agb\\\/#breadcrumb\",\"itemListElement\":[{\"@type\":\"ListItem\",\"position\":1,\"name\":\"Startseite\",\"item\":\"https:\\\/\\\/be-accepted.com\\\/pl\\\/badz-akceptowany\\\/\"},{\"@type\":\"ListItem\",\"position\":2,\"name\":\"AGB\"}]},{\"@type\":\"WebSite\",\"@id\":\"https:\\\/\\\/be-accepted.com\\\/pl\\\/#website\",\"url\":\"https:\\\/\\\/be-accepted.com\\\/pl\\\/\",\"name\":\"Be accepted\",\"description\":\"Be accepted by Caro\",\"publisher\":{\"@id\":\"https:\\\/\\\/be-accepted.com\\\/pl\\\/#organization\"},\"potentialAction\":[{\"@type\":\"SearchAction\",\"target\":{\"@type\":\"EntryPoint\",\"urlTemplate\":\"https:\\\/\\\/be-accepted.com\\\/pl\\\/?s={search_term_string}\"},\"query-input\":{\"@type\":\"PropertyValueSpecification\",\"valueRequired\":true,\"valueName\":\"search_term_string\"}}],\"inLanguage\":\"pl-PL\"},{\"@type\":\"Organization\",\"@id\":\"https:\\\/\\\/be-accepted.com\\\/pl\\\/#organization\",\"name\":\"BE accepted\",\"url\":\"https:\\\/\\\/be-accepted.com\\\/pl\\\/\",\"logo\":{\"@type\":\"ImageObject\",\"inLanguage\":\"pl-PL\",\"@id\":\"https:\\\/\\\/be-accepted.com\\\/pl\\\/#\\\/schema\\\/logo\\\/image\\\/\",\"url\":\"\",\"contentUrl\":\"\",\"caption\":\"BE accepted\"},\"image\":{\"@id\":\"https:\\\/\\\/be-accepted.com\\\/pl\\\/#\\\/schema\\\/logo\\\/image\\\/\"}}]}<\/script>\n<!-- \/ Yoast SEO plugin. -->","yoast_head_json":{"title":"AGB - Be accepted","robots":{"index":"index","follow":"follow","max-snippet":"max-snippet:-1","max-image-preview":"max-image-preview:large","max-video-preview":"max-video-preview:-1"},"canonical":"https:\/\/be-accepted.com\/pl\/agb\/","og_locale":"pl_PL","og_type":"article","og_title":"AGB - Be accepted","og_description":"Og\u00f3lne warunki handlowe \u00a7 1 Wa\u017cno\u015b\u0107 OWU Niniejsze OWH maj\u0105 zastosowanie do wszystkich um\u00f3w i zam\u00f3wie\u0144 z\u0142o\u017conych w Be accepted. Ponadto do poszczeg\u00f3lnych ofert maj\u0105 zastosowanie wszelkie dodatkowe specjalne postanowienia umowne, o kt\u00f3rych klient zostanie poinformowany oddzielnie. Nie zawarto \u017cadnych ustnych porozumie\u0144. GTC mo\u017cna zapisa\u0107 na komputerze i\/lub wydrukowa\u0107. Zastosowanie maj\u0105 wy\u0142\u0105cznie Og\u00f3lne Warunki Sprzeda\u017cy. [&hellip;]","og_url":"https:\/\/be-accepted.com\/pl\/agb\/","og_site_name":"Be accepted","article_modified_time":"2023-08-21T09:13:11+00:00","twitter_card":"summary_large_image","twitter_misc":{"Szacowany czas czytania":"9 minut"},"schema":{"@context":"https:\/\/schema.org","@graph":[{"@type":"WebPage","@id":"https:\/\/be-accepted.com\/pl\/agb\/","url":"https:\/\/be-accepted.com\/pl\/agb\/","name":"AGB - Be accepted","isPartOf":{"@id":"https:\/\/be-accepted.com\/pl\/#website"},"datePublished":"2023-08-21T09:13:09+00:00","dateModified":"2023-08-21T09:13:11+00:00","breadcrumb":{"@id":"https:\/\/be-accepted.com\/pl\/agb\/#breadcrumb"},"inLanguage":"pl-PL","potentialAction":[{"@type":"ReadAction","target":["https:\/\/be-accepted.com\/pl\/agb\/"]}]},{"@type":"BreadcrumbList","@id":"https:\/\/be-accepted.com\/pl\/agb\/#breadcrumb","itemListElement":[{"@type":"ListItem","position":1,"name":"Startseite","item":"https:\/\/be-accepted.com\/pl\/badz-akceptowany\/"},{"@type":"ListItem","position":2,"name":"AGB"}]},{"@type":"WebSite","@id":"https:\/\/be-accepted.com\/pl\/#website","url":"https:\/\/be-accepted.com\/pl\/","name":"Be accepted","description":"Be accepted by Caro","publisher":{"@id":"https:\/\/be-accepted.com\/pl\/#organization"},"potentialAction":[{"@type":"SearchAction","target":{"@type":"EntryPoint","urlTemplate":"https:\/\/be-accepted.com\/pl\/?s={search_term_string}"},"query-input":{"@type":"PropertyValueSpecification","valueRequired":true,"valueName":"search_term_string"}}],"inLanguage":"pl-PL"},{"@type":"Organization","@id":"https:\/\/be-accepted.com\/pl\/#organization","name":"BE accepted","url":"https:\/\/be-accepted.com\/pl\/","logo":{"@type":"ImageObject","inLanguage":"pl-PL","@id":"https:\/\/be-accepted.com\/pl\/#\/schema\/logo\/image\/","url":"","contentUrl":"","caption":"BE accepted"},"image":{"@id":"https:\/\/be-accepted.com\/pl\/#\/schema\/logo\/image\/"}}]}},"_links":{"self":[{"href":"https:\/\/be-accepted.com\/pl\/wp-json\/wp\/v2\/pages\/21494","targetHints":{"allow":["GET"]}}],"collection":[{"href":"https:\/\/be-accepted.com\/pl\/wp-json\/wp\/v2\/pages"}],"about":[{"href":"https:\/\/be-accepted.com\/pl\/wp-json\/wp\/v2\/types\/page"}],"author":[{"embeddable":true,"href":"https:\/\/be-accepted.com\/pl\/wp-json\/wp\/v2\/users\/14"}],"replies":[{"embeddable":true,"href":"https:\/\/be-accepted.com\/pl\/wp-json\/wp\/v2\/comments?post=21494"}],"version-history":[{"count":0,"href":"https:\/\/be-accepted.com\/pl\/wp-json\/wp\/v2\/pages\/21494\/revisions"}],"wp:attachment":[{"href":"https:\/\/be-accepted.com\/pl\/wp-json\/wp\/v2\/media?parent=21494"}],"curies":[{"name":"wp","href":"https:\/\/api.w.org\/{rel}","templated":true}]}}