{"id":21515,"date":"2023-08-21T09:13:10","date_gmt":"2023-08-21T09:13:10","guid":{"rendered":"https:\/\/be-accepted.com\/nadruk\/"},"modified":"2025-05-15T15:09:33","modified_gmt":"2025-05-15T15:09:33","slug":"nadruk","status":"publish","type":"page","link":"https:\/\/be-accepted.com\/pl\/nadruk\/","title":{"rendered":"Nadruk"},"content":{"rendered":"\t\t<div data-elementor-type=\"wp-page\" data-elementor-id=\"21515\" class=\"elementor elementor-21515 elementor-2218\" data-elementor-post-type=\"page\">\n\t\t\t\t\t\t<section class=\"elementor-section elementor-top-section elementor-element elementor-element-322ac21 elementor-section-boxed elementor-section-height-default elementor-section-height-default\" data-id=\"322ac21\" data-element_type=\"section\" data-e-type=\"section\" data-settings=\"{&quot;background_background&quot;:&quot;classic&quot;}\">\n\t\t\t\t\t\t\t<div class=\"elementor-background-overlay\"><\/div>\n\t\t\t\t\t\t\t<div class=\"elementor-container elementor-column-gap-default\">\n\t\t\t\t\t<div class=\"elementor-column elementor-col-100 elementor-top-column elementor-element elementor-element-e7839dc\" data-id=\"e7839dc\" data-element_type=\"column\" data-e-type=\"column\">\n\t\t\t<div class=\"elementor-widget-wrap elementor-element-populated\">\n\t\t\t\t\t\t\t<\/div>\n\t\t<\/div>\n\t\t\t\t\t<\/div>\n\t\t<\/section>\n\t\t\t\t<section class=\"elementor-section elementor-top-section elementor-element elementor-element-1a638ad elementor-section-boxed elementor-section-height-default elementor-section-height-default\" data-id=\"1a638ad\" data-element_type=\"section\" data-e-type=\"section\">\n\t\t\t\t\t\t<div class=\"elementor-container elementor-column-gap-default\">\n\t\t\t\t\t<div class=\"elementor-column elementor-col-100 elementor-top-column elementor-element elementor-element-654ee67\" data-id=\"654ee67\" data-element_type=\"column\" data-e-type=\"column\">\n\t\t\t<div class=\"elementor-widget-wrap elementor-element-populated\">\n\t\t\t\t\t\t<div class=\"elementor-element elementor-element-3b2b6e5 elementor-widget elementor-widget-text-editor\" data-id=\"3b2b6e5\" data-element_type=\"widget\" data-e-type=\"widget\" data-widget_type=\"text-editor.default\">\n\t\t\t\t\t\t\t\t\t<p><strong>W\u0142a\u015bciciel i wydawca medi\u00f3w<\/strong><\/p><p>Akceptacja sp\u00f3\u0142ki GmbH<\/p><p>Vegagasse 4\/2, 1190 Wiede\u0144<\/p><p><strong>Dane kontaktowe:<\/strong><\/p><p>W godzinach pracy naszego biura, od poniedzia\u0142ku do pi\u0105tku od 9:00 do 13:00, mo\u017cna si\u0119 z nami skontaktowa\u0107 pod adresem:<\/p><p>Telefon: 0676 \/ 7766628<\/p><p>W ka\u017cdej chwili mo\u017cesz wys\u0142a\u0107 nam wiadomo\u015b\u0107 e-mail na nast\u0119puj\u0105cy adres:<\/p><p>E-mail: <a href=\"mailto:office@be-accepted.com\">office@be-accepted.com<\/a><\/p><p><strong>Forma prawna<\/strong>: sp\u00f3\u0142ka z ograniczon\u0105 odpowiedzialno\u015bci\u0105<\/p><p>FN 581324 p<\/p><p>W\u0142a\u015bciwy s\u0105d: wiede\u0144ski s\u0105d gospodarczy<\/p><p><strong>UID: <\/strong>ATU 78176368<\/p><p><strong>Zarz\u0105dzanie:<\/strong><\/p><p>Stephanie Bruggraber<\/p><h5><span style=\"color: var( --e-global-color-text );\">Vegagasse 4<\/span><\/h5><p>1190 Wiede\u0144<\/p><p><strong>Odpowiedzialno\u015b\u0107 redakcji:<\/strong><\/p><p>Caroline Justich<\/p><p><strong>Linia biznesowa:<\/strong><\/p><p>Firma medialna<\/p><p><strong>Wyr\u00f3wnanie linii no\u015bnika\/li\u015bcia:<\/strong><\/p><p>Be accepted to przewodnik dla kobiet, u kt\u00f3rych po raz pierwszy zdiagnozowano raka. Celem jest dostarczenie informacji na temat medycyny ortodoksyjnej i wybranej medycyny komplementarnej.<\/p><p>Wolny handel<\/p><p>Cz\u0142onek WKO Wiede\u0144<\/p><p><strong>Programowanie:<\/strong><\/p><p><a href=\"https:\/\/webmando.at\" target=\"_blank\" rel=\"noopener\">Webmando Websolutions KG<\/a><\/p><p>\u00a0<\/p><p><strong>Zastrze\u017cenie (Disclaimer):<\/strong><\/p><p>Niniejszy magazyn zosta\u0142 przygotowany z najwy\u017csz\u0105 mo\u017cliw\u0105 staranno\u015bci\u0105. Niemniej jednak nie mo\u017cemy zagwarantowa\u0107 dok\u0142adno\u015bci, kompletno\u015bci ani aktualno\u015bci jego tre\u015bci. Korzystanie z informacji zawartych w magazynie odbywa si\u0119 wy\u0142\u0105cznie na w\u0142asne ryzyko u\u017cytkownika. Wyra\u017anie zaznaczamy, \u017ce wszystkie tre\u015bci magazynu maj\u0105 wy\u0142\u0105cznie charakter informacyjny i w \u017cadnym wypadku nie zast\u0119puj\u0105 profesjonalnej porady medycznej.<\/p><p>Wszelkie o\u015bwiadczenia lub opinie zawarte w magazynie stanowi\u0105 wy\u0142\u0105cznie nasze zdanie i nie stanowi\u0105 zapewnie\u0144, obietnic ani gwarancji dotycz\u0105cych zdrowia, rezultat\u00f3w zdrowotnych lub zmian w stanie zdrowia.<\/p><p>Wyra\u017anie zaznaczamy, \u017ce informacje zawarte w magazynie nie mog\u0105 by\u0107 traktowane jako profesjonalna porada medyczna lub psychologiczna, lecz maj\u0105 charakter wy\u0142\u0105cznie edukacyjny.<\/p><p>W przypadku jakichkolwiek pyta\u0144 dotycz\u0105cych zdrowia zawsze nale\u017cy skonsultowa\u0107 si\u0119 z wykwalifikowanym pracownikiem s\u0142u\u017cby zdrowia. Nigdy nie nale\u017cy ignorowa\u0107 profesjonalnej porady medycznej ani op\u00f3\u017ania\u0107 jej zasi\u0119gni\u0119cia tylko dlatego, \u017ce przeczyta\u0142o si\u0119 co\u015b w tym magazynie.<\/p><p>Pomimo do\u0142o\u017cenia wszelkich stara\u0144 w celu zapewnienia dok\u0142adnych t\u0142umacze\u0144 zgodnych ze standardami profesjonalnymi, mog\u0105 wyst\u0105pi\u0107 b\u0142\u0119dy, pomini\u0119cia lub niejasno\u015bci. Nie ponosimy odpowiedzialno\u015bci za jakiekolwiek b\u0142\u0119dy w t\u0142umaczeniu na j\u0119zyk angielski. Be accepted nie ponosi odpowiedzialno\u015bci za jakiekolwiek straty wynikaj\u0105ce z polegania na dok\u0142adno\u015bci lub wiarygodno\u015bci przet\u0142umaczonych informacji.<\/p>\t\t\t\t\t\t\t\t<\/div>\n\t\t\t\t\t<\/div>\n\t\t<\/div>\n\t\t\t\t\t<\/div>\n\t\t<\/section>\n\t\t\t\t<\/div>\n\t\t","protected":false},"excerpt":{"rendered":"<p>W\u0142a\u015bciciel i wydawca medi\u00f3w Akceptacja sp\u00f3\u0142ki GmbH Vegagasse 4\/2, 1190 Wiede\u0144 Dane kontaktowe: W godzinach pracy naszego biura, od poniedzia\u0142ku do pi\u0105tku od 9:00 do 13:00, mo\u017cna si\u0119 z nami skontaktowa\u0107 pod adresem: Telefon: 0676 \/ 7766628 W ka\u017cdej chwili mo\u017cesz wys\u0142a\u0107 nam wiadomo\u015b\u0107 e-mail na nast\u0119puj\u0105cy adres: E-mail: office@be-accepted.com Forma prawna: sp\u00f3\u0142ka z ograniczon\u0105 [&hellip;]<\/p>\n","protected":false},"author":14,"featured_media":0,"parent":0,"menu_order":0,"comment_status":"closed","ping_status":"closed","template":"elementor_header_footer","meta":{"_acf_changed":false,"footnotes":""},"class_list":["post-21515","page","type-page","status-publish","hentry"],"acf":[],"yoast_head":"<!-- This site is optimized with the Yoast SEO plugin v27.6 - https:\/\/yoast.com\/product\/yoast-seo-wordpress\/ -->\n<title>Nadruk - Be accepted<\/title>\n<meta name=\"robots\" content=\"index, follow, max-snippet:-1, max-image-preview:large, max-video-preview:-1\" \/>\n<link rel=\"canonical\" href=\"https:\/\/be-accepted.com\/pl\/nadruk\/\" \/>\n<meta property=\"og:locale\" content=\"pl_PL\" \/>\n<meta property=\"og:type\" content=\"article\" \/>\n<meta property=\"og:title\" content=\"Nadruk - Be accepted\" \/>\n<meta property=\"og:description\" content=\"W\u0142a\u015bciciel i wydawca medi\u00f3w Akceptacja sp\u00f3\u0142ki GmbH Vegagasse 4\/2, 1190 Wiede\u0144 Dane kontaktowe: W godzinach pracy naszego biura, od poniedzia\u0142ku do pi\u0105tku od 9:00 do 13:00, mo\u017cna si\u0119 z nami skontaktowa\u0107 pod adresem: Telefon: 0676 \/ 7766628 W ka\u017cdej chwili mo\u017cesz wys\u0142a\u0107 nam wiadomo\u015b\u0107 e-mail na nast\u0119puj\u0105cy adres: E-mail: office@be-accepted.com Forma prawna: sp\u00f3\u0142ka z ograniczon\u0105 [&hellip;]\" \/>\n<meta property=\"og:url\" content=\"https:\/\/be-accepted.com\/pl\/nadruk\/\" \/>\n<meta property=\"og:site_name\" content=\"Be accepted\" \/>\n<meta property=\"article:modified_time\" content=\"2025-05-15T15:09:33+00:00\" \/>\n<meta name=\"twitter:card\" content=\"summary_large_image\" \/>\n<meta name=\"twitter:label1\" content=\"Szacowany czas czytania\" \/>\n\t<meta name=\"twitter:data1\" content=\"2 minuty\" \/>\n<script type=\"application\/ld+json\" class=\"yoast-schema-graph\">{\"@context\":\"https:\\\/\\\/schema.org\",\"@graph\":[{\"@type\":\"WebPage\",\"@id\":\"https:\\\/\\\/be-accepted.com\\\/pl\\\/nadruk\\\/\",\"url\":\"https:\\\/\\\/be-accepted.com\\\/pl\\\/nadruk\\\/\",\"name\":\"Nadruk - Be accepted\",\"isPartOf\":{\"@id\":\"https:\\\/\\\/be-accepted.com\\\/pl\\\/#website\"},\"datePublished\":\"2023-08-21T09:13:10+00:00\",\"dateModified\":\"2025-05-15T15:09:33+00:00\",\"breadcrumb\":{\"@id\":\"https:\\\/\\\/be-accepted.com\\\/pl\\\/nadruk\\\/#breadcrumb\"},\"inLanguage\":\"pl-PL\",\"potentialAction\":[{\"@type\":\"ReadAction\",\"target\":[\"https:\\\/\\\/be-accepted.com\\\/pl\\\/nadruk\\\/\"]}]},{\"@type\":\"BreadcrumbList\",\"@id\":\"https:\\\/\\\/be-accepted.com\\\/pl\\\/nadruk\\\/#breadcrumb\",\"itemListElement\":[{\"@type\":\"ListItem\",\"position\":1,\"name\":\"Startseite\",\"item\":\"https:\\\/\\\/be-accepted.com\\\/pl\\\/badz-akceptowany\\\/\"},{\"@type\":\"ListItem\",\"position\":2,\"name\":\"Nadruk\"}]},{\"@type\":\"WebSite\",\"@id\":\"https:\\\/\\\/be-accepted.com\\\/pl\\\/#website\",\"url\":\"https:\\\/\\\/be-accepted.com\\\/pl\\\/\",\"name\":\"Be accepted\",\"description\":\"Be accepted by Caro\",\"publisher\":{\"@id\":\"https:\\\/\\\/be-accepted.com\\\/pl\\\/#organization\"},\"potentialAction\":[{\"@type\":\"SearchAction\",\"target\":{\"@type\":\"EntryPoint\",\"urlTemplate\":\"https:\\\/\\\/be-accepted.com\\\/pl\\\/?s={search_term_string}\"},\"query-input\":{\"@type\":\"PropertyValueSpecification\",\"valueRequired\":true,\"valueName\":\"search_term_string\"}}],\"inLanguage\":\"pl-PL\"},{\"@type\":\"Organization\",\"@id\":\"https:\\\/\\\/be-accepted.com\\\/pl\\\/#organization\",\"name\":\"BE accepted\",\"url\":\"https:\\\/\\\/be-accepted.com\\\/pl\\\/\",\"logo\":{\"@type\":\"ImageObject\",\"inLanguage\":\"pl-PL\",\"@id\":\"https:\\\/\\\/be-accepted.com\\\/pl\\\/#\\\/schema\\\/logo\\\/image\\\/\",\"url\":\"\",\"contentUrl\":\"\",\"caption\":\"BE accepted\"},\"image\":{\"@id\":\"https:\\\/\\\/be-accepted.com\\\/pl\\\/#\\\/schema\\\/logo\\\/image\\\/\"}}]}<\/script>\n<!-- \/ Yoast SEO plugin. -->","yoast_head_json":{"title":"Nadruk - Be accepted","robots":{"index":"index","follow":"follow","max-snippet":"max-snippet:-1","max-image-preview":"max-image-preview:large","max-video-preview":"max-video-preview:-1"},"canonical":"https:\/\/be-accepted.com\/pl\/nadruk\/","og_locale":"pl_PL","og_type":"article","og_title":"Nadruk - Be accepted","og_description":"W\u0142a\u015bciciel i wydawca medi\u00f3w Akceptacja sp\u00f3\u0142ki GmbH Vegagasse 4\/2, 1190 Wiede\u0144 Dane kontaktowe: W godzinach pracy naszego biura, od poniedzia\u0142ku do pi\u0105tku od 9:00 do 13:00, mo\u017cna si\u0119 z nami skontaktowa\u0107 pod adresem: Telefon: 0676 \/ 7766628 W ka\u017cdej chwili mo\u017cesz wys\u0142a\u0107 nam wiadomo\u015b\u0107 e-mail na nast\u0119puj\u0105cy adres: E-mail: office@be-accepted.com Forma prawna: sp\u00f3\u0142ka z ograniczon\u0105 [&hellip;]","og_url":"https:\/\/be-accepted.com\/pl\/nadruk\/","og_site_name":"Be accepted","article_modified_time":"2025-05-15T15:09:33+00:00","twitter_card":"summary_large_image","twitter_misc":{"Szacowany czas czytania":"2 minuty"},"schema":{"@context":"https:\/\/schema.org","@graph":[{"@type":"WebPage","@id":"https:\/\/be-accepted.com\/pl\/nadruk\/","url":"https:\/\/be-accepted.com\/pl\/nadruk\/","name":"Nadruk - Be accepted","isPartOf":{"@id":"https:\/\/be-accepted.com\/pl\/#website"},"datePublished":"2023-08-21T09:13:10+00:00","dateModified":"2025-05-15T15:09:33+00:00","breadcrumb":{"@id":"https:\/\/be-accepted.com\/pl\/nadruk\/#breadcrumb"},"inLanguage":"pl-PL","potentialAction":[{"@type":"ReadAction","target":["https:\/\/be-accepted.com\/pl\/nadruk\/"]}]},{"@type":"BreadcrumbList","@id":"https:\/\/be-accepted.com\/pl\/nadruk\/#breadcrumb","itemListElement":[{"@type":"ListItem","position":1,"name":"Startseite","item":"https:\/\/be-accepted.com\/pl\/badz-akceptowany\/"},{"@type":"ListItem","position":2,"name":"Nadruk"}]},{"@type":"WebSite","@id":"https:\/\/be-accepted.com\/pl\/#website","url":"https:\/\/be-accepted.com\/pl\/","name":"Be accepted","description":"Be accepted by Caro","publisher":{"@id":"https:\/\/be-accepted.com\/pl\/#organization"},"potentialAction":[{"@type":"SearchAction","target":{"@type":"EntryPoint","urlTemplate":"https:\/\/be-accepted.com\/pl\/?s={search_term_string}"},"query-input":{"@type":"PropertyValueSpecification","valueRequired":true,"valueName":"search_term_string"}}],"inLanguage":"pl-PL"},{"@type":"Organization","@id":"https:\/\/be-accepted.com\/pl\/#organization","name":"BE accepted","url":"https:\/\/be-accepted.com\/pl\/","logo":{"@type":"ImageObject","inLanguage":"pl-PL","@id":"https:\/\/be-accepted.com\/pl\/#\/schema\/logo\/image\/","url":"","contentUrl":"","caption":"BE accepted"},"image":{"@id":"https:\/\/be-accepted.com\/pl\/#\/schema\/logo\/image\/"}}]}},"_links":{"self":[{"href":"https:\/\/be-accepted.com\/pl\/wp-json\/wp\/v2\/pages\/21515","targetHints":{"allow":["GET"]}}],"collection":[{"href":"https:\/\/be-accepted.com\/pl\/wp-json\/wp\/v2\/pages"}],"about":[{"href":"https:\/\/be-accepted.com\/pl\/wp-json\/wp\/v2\/types\/page"}],"author":[{"embeddable":true,"href":"https:\/\/be-accepted.com\/pl\/wp-json\/wp\/v2\/users\/14"}],"replies":[{"embeddable":true,"href":"https:\/\/be-accepted.com\/pl\/wp-json\/wp\/v2\/comments?post=21515"}],"version-history":[{"count":0,"href":"https:\/\/be-accepted.com\/pl\/wp-json\/wp\/v2\/pages\/21515\/revisions"}],"wp:attachment":[{"href":"https:\/\/be-accepted.com\/pl\/wp-json\/wp\/v2\/media?parent=21515"}],"curies":[{"name":"wp","href":"https:\/\/api.w.org\/{rel}","templated":true}]}}