{"id":21600,"date":"2023-08-21T09:13:16","date_gmt":"2023-08-21T09:13:16","guid":{"rendered":"https:\/\/be-accepted.com\/oddychaj\/"},"modified":"2026-03-13T06:12:26","modified_gmt":"2026-03-13T06:12:26","slug":"oddychaj","status":"publish","type":"page","link":"https:\/\/be-accepted.com\/pl\/oddychaj\/","title":{"rendered":"Oddychaj"},"content":{"rendered":"\t\t<div data-elementor-type=\"wp-page\" data-elementor-id=\"21600\" class=\"elementor elementor-21600 elementor-1968\" data-elementor-post-type=\"page\">\n\t\t\t\t<div class=\"elementor-element elementor-element-62c5030 e-flex e-con-boxed e-con e-parent\" data-id=\"62c5030\" data-element_type=\"container\" data-e-type=\"container\" data-settings=\"{&quot;background_background&quot;:&quot;video&quot;,&quot;background_video_link&quot;:&quot;https:\\\/\\\/be-accepted.com\\\/wp-content\\\/uploads\\\/2022\\\/06\\\/beaccepted_Breathing_Button_with_Video_1080x1080_220519.mp4&quot;,&quot;background_play_on_mobile&quot;:&quot;yes&quot;}\">\n\t\t\t\t\t<div class=\"e-con-inner\">\n\t\t<div class=\"elementor-background-video-container\">\n\t\t\t\t\t\t\t<video class=\"elementor-background-video-hosted\" role=\"presentation\" autoplay muted playsinline loop><\/video>\n\t\t\t\t\t<\/div><div class=\"elementor-element elementor-element-385fa7b e-con-full e-flex e-con e-child\" data-id=\"385fa7b\" data-element_type=\"container\" data-e-type=\"container\">\n\t\t\t\t<div class=\"elementor-element elementor-element-cef78b2 elementor-align-center elementor-widget elementor-widget-button\" data-id=\"cef78b2\" data-element_type=\"widget\" data-e-type=\"widget\" data-widget_type=\"button.default\">\n\t\t\t\t\t\t\t\t\t\t<a class=\"elementor-button elementor-size-sm\" role=\"button\">\n\t\t\t\t\t\t<span class=\"elementor-button-content-wrapper\">\n\t\t\t\t\t\t\t\t\t<span class=\"elementor-button-text\">Aby przerwa\u0107 cykl stresu: <br> 3 powt\u00f3rzenia 3 razy dziennie<\/span>\n\t\t\t\t\t<\/span>\n\t\t\t\t\t<\/a>\n\t\t\t\t\t\t\t\t<\/div>\n\t\t\t\t<\/div>\n\t\t\t\t\t<\/div>\n\t\t\t\t<\/div>\n\t\t<div class=\"elementor-element elementor-element-2e73c3b e-flex e-con-boxed e-con e-parent\" data-id=\"2e73c3b\" data-element_type=\"container\" data-e-type=\"container\">\n\t\t\t\t\t<div class=\"e-con-inner\">\n\t\t\t\t<div class=\"elementor-element elementor-element-66f0d3e elementor-widget elementor-widget-heading\" data-id=\"66f0d3e\" data-element_type=\"widget\" data-e-type=\"widget\" data-widget_type=\"heading.default\">\n\t\t\t\t\t<h5 class=\"elementor-heading-title elementor-size-default\">Dzi\u0119ki uprzejmemu wsparciu<\/h5>\t\t\t\t<\/div>\n\t\t\t\t<div class=\"elementor-element elementor-element-f7a2b94 elementor-widget elementor-widget-image\" data-id=\"f7a2b94\" data-element_type=\"widget\" data-e-type=\"widget\" data-widget_type=\"image.default\">\n\t\t\t\t\t\t\t\t\t\t\t\t\t\t\t<img fetchpriority=\"high\" decoding=\"async\" width=\"800\" height=\"495\" src=\"https:\/\/be-accepted.com\/wp-content\/uploads\/2022\/12\/DZ10-1024x634.png\" class=\"attachment-large size-large wp-image-23922\" alt=\"\" srcset=\"https:\/\/be-accepted.com\/wp-content\/uploads\/2022\/12\/DZ10-1024x634.png 1024w, https:\/\/be-accepted.com\/wp-content\/uploads\/2022\/12\/DZ10-1000x619.png 1000w, https:\/\/be-accepted.com\/wp-content\/uploads\/2022\/12\/DZ10-300x186.png 300w, https:\/\/be-accepted.com\/wp-content\/uploads\/2022\/12\/DZ10-768x476.png 768w, https:\/\/be-accepted.com\/wp-content\/uploads\/2022\/12\/DZ10.png 1027w\" sizes=\"(max-width: 800px) 100vw, 800px\" \/>\t\t\t\t\t\t\t\t\t\t\t\t\t\t\t<\/div>\n\t\t\t\t\t<\/div>\n\t\t\t\t<\/div>\n\t\t\t\t<\/div>\n\t\t","protected":false},"excerpt":{"rendered":"<p>Aby przerwa\u0107 cykl stresu: 3 powt\u00f3rzenia 3 razy dziennie Dzi\u0119ki uprzejmemu wsparciu<\/p>\n","protected":false},"author":14,"featured_media":0,"parent":0,"menu_order":0,"comment_status":"closed","ping_status":"closed","template":"elementor_header_footer","meta":{"_acf_changed":false,"footnotes":""},"class_list":["post-21600","page","type-page","status-publish","hentry"],"acf":[],"yoast_head":"<!-- This site is optimized with the Yoast SEO plugin v27.6 - https:\/\/yoast.com\/product\/yoast-seo-wordpress\/ -->\n<title>Oddychaj - Be accepted<\/title>\n<meta name=\"robots\" content=\"index, follow, max-snippet:-1, max-image-preview:large, max-video-preview:-1\" \/>\n<link rel=\"canonical\" href=\"https:\/\/be-accepted.com\/pl\/oddychaj\/\" \/>\n<meta property=\"og:locale\" content=\"pl_PL\" \/>\n<meta property=\"og:type\" content=\"article\" \/>\n<meta property=\"og:title\" content=\"Oddychaj - Be accepted\" \/>\n<meta property=\"og:description\" content=\"Aby przerwa\u0107 cykl stresu: 3 powt\u00f3rzenia 3 razy dziennie Dzi\u0119ki uprzejmemu wsparciu\" \/>\n<meta property=\"og:url\" content=\"https:\/\/be-accepted.com\/pl\/oddychaj\/\" \/>\n<meta property=\"og:site_name\" content=\"Be accepted\" \/>\n<meta property=\"article:modified_time\" content=\"2026-03-13T06:12:26+00:00\" \/>\n<meta property=\"og:image\" content=\"https:\/\/be-accepted.com\/wp-content\/uploads\/2022\/12\/DZ10-1024x634.png\" \/>\n<meta name=\"twitter:card\" content=\"summary_large_image\" \/>\n<script type=\"application\/ld+json\" class=\"yoast-schema-graph\">{\"@context\":\"https:\\\/\\\/schema.org\",\"@graph\":[{\"@type\":\"WebPage\",\"@id\":\"https:\\\/\\\/be-accepted.com\\\/pl\\\/oddychaj\\\/\",\"url\":\"https:\\\/\\\/be-accepted.com\\\/pl\\\/oddychaj\\\/\",\"name\":\"Oddychaj - Be accepted\",\"isPartOf\":{\"@id\":\"https:\\\/\\\/be-accepted.com\\\/pl\\\/#website\"},\"primaryImageOfPage\":{\"@id\":\"https:\\\/\\\/be-accepted.com\\\/pl\\\/oddychaj\\\/#primaryimage\"},\"image\":{\"@id\":\"https:\\\/\\\/be-accepted.com\\\/pl\\\/oddychaj\\\/#primaryimage\"},\"thumbnailUrl\":\"https:\\\/\\\/be-accepted.com\\\/wp-content\\\/uploads\\\/2022\\\/12\\\/DZ10-1024x634.png\",\"datePublished\":\"2023-08-21T09:13:16+00:00\",\"dateModified\":\"2026-03-13T06:12:26+00:00\",\"breadcrumb\":{\"@id\":\"https:\\\/\\\/be-accepted.com\\\/pl\\\/oddychaj\\\/#breadcrumb\"},\"inLanguage\":\"pl-PL\",\"potentialAction\":[{\"@type\":\"ReadAction\",\"target\":[\"https:\\\/\\\/be-accepted.com\\\/pl\\\/oddychaj\\\/\"]}]},{\"@type\":\"ImageObject\",\"inLanguage\":\"pl-PL\",\"@id\":\"https:\\\/\\\/be-accepted.com\\\/pl\\\/oddychaj\\\/#primaryimage\",\"url\":\"https:\\\/\\\/be-accepted.com\\\/wp-content\\\/uploads\\\/2022\\\/12\\\/DZ10-1024x634.png\",\"contentUrl\":\"https:\\\/\\\/be-accepted.com\\\/wp-content\\\/uploads\\\/2022\\\/12\\\/DZ10-1024x634.png\"},{\"@type\":\"BreadcrumbList\",\"@id\":\"https:\\\/\\\/be-accepted.com\\\/pl\\\/oddychaj\\\/#breadcrumb\",\"itemListElement\":[{\"@type\":\"ListItem\",\"position\":1,\"name\":\"Startseite\",\"item\":\"https:\\\/\\\/be-accepted.com\\\/pl\\\/badz-akceptowany\\\/\"},{\"@type\":\"ListItem\",\"position\":2,\"name\":\"Oddychaj\"}]},{\"@type\":\"WebSite\",\"@id\":\"https:\\\/\\\/be-accepted.com\\\/pl\\\/#website\",\"url\":\"https:\\\/\\\/be-accepted.com\\\/pl\\\/\",\"name\":\"Be accepted\",\"description\":\"Be accepted by Caro\",\"publisher\":{\"@id\":\"https:\\\/\\\/be-accepted.com\\\/pl\\\/#organization\"},\"potentialAction\":[{\"@type\":\"SearchAction\",\"target\":{\"@type\":\"EntryPoint\",\"urlTemplate\":\"https:\\\/\\\/be-accepted.com\\\/pl\\\/?s={search_term_string}\"},\"query-input\":{\"@type\":\"PropertyValueSpecification\",\"valueRequired\":true,\"valueName\":\"search_term_string\"}}],\"inLanguage\":\"pl-PL\"},{\"@type\":\"Organization\",\"@id\":\"https:\\\/\\\/be-accepted.com\\\/pl\\\/#organization\",\"name\":\"BE accepted\",\"url\":\"https:\\\/\\\/be-accepted.com\\\/pl\\\/\",\"logo\":{\"@type\":\"ImageObject\",\"inLanguage\":\"pl-PL\",\"@id\":\"https:\\\/\\\/be-accepted.com\\\/pl\\\/#\\\/schema\\\/logo\\\/image\\\/\",\"url\":\"\",\"contentUrl\":\"\",\"caption\":\"BE accepted\"},\"image\":{\"@id\":\"https:\\\/\\\/be-accepted.com\\\/pl\\\/#\\\/schema\\\/logo\\\/image\\\/\"}}]}<\/script>\n<!-- \/ Yoast SEO plugin. -->","yoast_head_json":{"title":"Oddychaj - Be accepted","robots":{"index":"index","follow":"follow","max-snippet":"max-snippet:-1","max-image-preview":"max-image-preview:large","max-video-preview":"max-video-preview:-1"},"canonical":"https:\/\/be-accepted.com\/pl\/oddychaj\/","og_locale":"pl_PL","og_type":"article","og_title":"Oddychaj - Be accepted","og_description":"Aby przerwa\u0107 cykl stresu: 3 powt\u00f3rzenia 3 razy dziennie Dzi\u0119ki uprzejmemu wsparciu","og_url":"https:\/\/be-accepted.com\/pl\/oddychaj\/","og_site_name":"Be accepted","article_modified_time":"2026-03-13T06:12:26+00:00","og_image":[{"url":"https:\/\/be-accepted.com\/wp-content\/uploads\/2022\/12\/DZ10-1024x634.png","type":"","width":"","height":""}],"twitter_card":"summary_large_image","schema":{"@context":"https:\/\/schema.org","@graph":[{"@type":"WebPage","@id":"https:\/\/be-accepted.com\/pl\/oddychaj\/","url":"https:\/\/be-accepted.com\/pl\/oddychaj\/","name":"Oddychaj - Be accepted","isPartOf":{"@id":"https:\/\/be-accepted.com\/pl\/#website"},"primaryImageOfPage":{"@id":"https:\/\/be-accepted.com\/pl\/oddychaj\/#primaryimage"},"image":{"@id":"https:\/\/be-accepted.com\/pl\/oddychaj\/#primaryimage"},"thumbnailUrl":"https:\/\/be-accepted.com\/wp-content\/uploads\/2022\/12\/DZ10-1024x634.png","datePublished":"2023-08-21T09:13:16+00:00","dateModified":"2026-03-13T06:12:26+00:00","breadcrumb":{"@id":"https:\/\/be-accepted.com\/pl\/oddychaj\/#breadcrumb"},"inLanguage":"pl-PL","potentialAction":[{"@type":"ReadAction","target":["https:\/\/be-accepted.com\/pl\/oddychaj\/"]}]},{"@type":"ImageObject","inLanguage":"pl-PL","@id":"https:\/\/be-accepted.com\/pl\/oddychaj\/#primaryimage","url":"https:\/\/be-accepted.com\/wp-content\/uploads\/2022\/12\/DZ10-1024x634.png","contentUrl":"https:\/\/be-accepted.com\/wp-content\/uploads\/2022\/12\/DZ10-1024x634.png"},{"@type":"BreadcrumbList","@id":"https:\/\/be-accepted.com\/pl\/oddychaj\/#breadcrumb","itemListElement":[{"@type":"ListItem","position":1,"name":"Startseite","item":"https:\/\/be-accepted.com\/pl\/badz-akceptowany\/"},{"@type":"ListItem","position":2,"name":"Oddychaj"}]},{"@type":"WebSite","@id":"https:\/\/be-accepted.com\/pl\/#website","url":"https:\/\/be-accepted.com\/pl\/","name":"Be accepted","description":"Be accepted by Caro","publisher":{"@id":"https:\/\/be-accepted.com\/pl\/#organization"},"potentialAction":[{"@type":"SearchAction","target":{"@type":"EntryPoint","urlTemplate":"https:\/\/be-accepted.com\/pl\/?s={search_term_string}"},"query-input":{"@type":"PropertyValueSpecification","valueRequired":true,"valueName":"search_term_string"}}],"inLanguage":"pl-PL"},{"@type":"Organization","@id":"https:\/\/be-accepted.com\/pl\/#organization","name":"BE accepted","url":"https:\/\/be-accepted.com\/pl\/","logo":{"@type":"ImageObject","inLanguage":"pl-PL","@id":"https:\/\/be-accepted.com\/pl\/#\/schema\/logo\/image\/","url":"","contentUrl":"","caption":"BE accepted"},"image":{"@id":"https:\/\/be-accepted.com\/pl\/#\/schema\/logo\/image\/"}}]}},"_links":{"self":[{"href":"https:\/\/be-accepted.com\/pl\/wp-json\/wp\/v2\/pages\/21600","targetHints":{"allow":["GET"]}}],"collection":[{"href":"https:\/\/be-accepted.com\/pl\/wp-json\/wp\/v2\/pages"}],"about":[{"href":"https:\/\/be-accepted.com\/pl\/wp-json\/wp\/v2\/types\/page"}],"author":[{"embeddable":true,"href":"https:\/\/be-accepted.com\/pl\/wp-json\/wp\/v2\/users\/14"}],"replies":[{"embeddable":true,"href":"https:\/\/be-accepted.com\/pl\/wp-json\/wp\/v2\/comments?post=21600"}],"version-history":[{"count":0,"href":"https:\/\/be-accepted.com\/pl\/wp-json\/wp\/v2\/pages\/21600\/revisions"}],"wp:attachment":[{"href":"https:\/\/be-accepted.com\/pl\/wp-json\/wp\/v2\/media?parent=21600"}],"curies":[{"name":"wp","href":"https:\/\/api.w.org\/{rel}","templated":true}]}}