{"id":35701,"date":"2025-11-11T09:28:51","date_gmt":"2025-11-11T09:28:51","guid":{"rendered":"https:\/\/be-accepted.com\/product\/mala-zlota-broszka-osmiornica-z-krysztalem\/"},"modified":"2025-11-11T09:31:51","modified_gmt":"2025-11-11T09:31:51","slug":"mala-zlota-broszka-osmiornica-z-krysztalem","status":"publish","type":"product","link":"https:\/\/be-accepted.com\/pl\/produkt\/mala-zlota-broszka-osmiornica-z-krysztalem\/","title":{"rendered":"Ma\u0142a z\u0142ota broszka o\u015bmiornica z kryszta\u0142em"},"content":{"rendered":"<p data-start=\"86\" data-end=\"442\">Ta elegancka, kompaktowa broszka w kszta\u0142cie o\u015bmiornicy (ok. 3,4 \u00d7 3,4 cm) zachwyca stylowym designem i wysokiej jako\u015bci wykonaniem. Wykonana z metalu z wyrafinowanym z\u0142otym wyko\u0144czeniem, posiada precyzyjnie wykonan\u0105 o\u015bmiornic\u0119 z powierzchni\u0105 ozdobion\u0105 przezroczystymi kryszta\u0142ami. Nadaje to bi\u017cuterii subtelnego, ale eleganckiego blasku.  <\/p>\n<p data-start=\"444\" data-end=\"720\" data-is-last-node=\"\" data-is-only-node=\"\">Broszka oznacza indywidualno\u015b\u0107, si\u0142\u0119 i wyrazisto\u015b\u0107 &#8211; idealna dla ka\u017cdego, kto ceni subteln\u0105 elegancj\u0119 o symbolicznym znaczeniu. Stylowy dodatek, kt\u00f3ry zachwyci zar\u00f3wno na co dzie\u0144, jak i na specjalne okazje. <\/p>\n","protected":false},"excerpt":{"rendered":"<p>Ta elegancka, kompaktowa broszka w kszta\u0142cie o\u015bmiornicy (ok. 3,4 \u00d7 3,4 cm) zachwyca stylowym designem i wysokiej jako\u015bci wykonaniem. Wykonana z metalu z wyrafinowanym z\u0142otym wyko\u0144czeniem, posiada precyzyjnie wykonan\u0105 o\u015bmiornic\u0119 z powierzchni\u0105 ozdobion\u0105 przezroczystymi kryszta\u0142ami. Nadaje to bi\u017cuterii subtelnego, ale eleganckiego blasku. Broszka oznacza indywidualno\u015b\u0107, si\u0142\u0119 i wyrazisto\u015b\u0107 &#8211; idealna dla ka\u017cdego, kto ceni subteln\u0105 [&hellip;]<\/p>\n","protected":false},"featured_media":35688,"template":"","meta":{"_acf_changed":false},"product_brand":[],"product_cat":[291],"product_tag":[],"class_list":{"0":"post-35701","1":"product","2":"type-product","3":"status-publish","4":"has-post-thumbnail","6":"product_cat-be-accepted-pl","8":"first","9":"instock","10":"taxable","11":"shipping-taxable","12":"purchasable","13":"product-type-simple"},"acf":[],"yoast_head":"<!-- This site is optimized with the Yoast SEO plugin v27.6 - https:\/\/yoast.com\/product\/yoast-seo-wordpress\/ -->\n<title>Ma\u0142a z\u0142ota broszka o\u015bmiornica z kryszta\u0142em - Be accepted<\/title>\n<meta name=\"description\" content=\"Ma\u0142a z\u0142ota broszka o\u015bmiornica z kryszta\u0142em\" \/>\n<meta name=\"robots\" content=\"index, follow, max-snippet:-1, max-image-preview:large, max-video-preview:-1\" \/>\n<link rel=\"canonical\" href=\"https:\/\/be-accepted.com\/pl\/produkt\/mala-zlota-broszka-osmiornica-z-krysztalem\/\" \/>\n<meta property=\"og:locale\" content=\"pl_PL\" \/>\n<meta property=\"og:type\" content=\"article\" \/>\n<meta property=\"og:title\" content=\"Ma\u0142a z\u0142ota broszka o\u015bmiornica z kryszta\u0142em - Be accepted\" \/>\n<meta property=\"og:description\" content=\"Ma\u0142a z\u0142ota broszka o\u015bmiornica z kryszta\u0142em\" \/>\n<meta property=\"og:url\" content=\"https:\/\/be-accepted.com\/pl\/produkt\/mala-zlota-broszka-osmiornica-z-krysztalem\/\" \/>\n<meta property=\"og:site_name\" content=\"Be accepted\" \/>\n<meta property=\"article:modified_time\" content=\"2025-11-11T09:31:51+00:00\" \/>\n<meta property=\"og:image\" content=\"https:\/\/be-accepted.com\/wp-content\/uploads\/2025\/11\/IMG_5481.jpg\" \/>\n\t<meta property=\"og:image:width\" content=\"614\" \/>\n\t<meta property=\"og:image:height\" content=\"518\" \/>\n\t<meta property=\"og:image:type\" content=\"image\/jpeg\" \/>\n<meta name=\"twitter:card\" content=\"summary_large_image\" \/>\n<script type=\"application\/ld+json\" class=\"yoast-schema-graph\">{\"@context\":\"https:\\\/\\\/schema.org\",\"@graph\":[{\"@type\":\"WebPage\",\"@id\":\"https:\\\/\\\/be-accepted.com\\\/pl\\\/produkt\\\/mala-zlota-broszka-osmiornica-z-krysztalem\\\/\",\"url\":\"https:\\\/\\\/be-accepted.com\\\/pl\\\/produkt\\\/mala-zlota-broszka-osmiornica-z-krysztalem\\\/\",\"name\":\"Ma\u0142a z\u0142ota broszka o\u015bmiornica z kryszta\u0142em - Be accepted\",\"isPartOf\":{\"@id\":\"https:\\\/\\\/be-accepted.com\\\/pl\\\/#website\"},\"primaryImageOfPage\":{\"@id\":\"https:\\\/\\\/be-accepted.com\\\/pl\\\/produkt\\\/mala-zlota-broszka-osmiornica-z-krysztalem\\\/#primaryimage\"},\"image\":{\"@id\":\"https:\\\/\\\/be-accepted.com\\\/pl\\\/produkt\\\/mala-zlota-broszka-osmiornica-z-krysztalem\\\/#primaryimage\"},\"thumbnailUrl\":\"https:\\\/\\\/be-accepted.com\\\/wp-content\\\/uploads\\\/2025\\\/11\\\/IMG_5481.jpg\",\"datePublished\":\"2025-11-11T09:28:51+00:00\",\"dateModified\":\"2025-11-11T09:31:51+00:00\",\"description\":\"Ma\u0142a z\u0142ota broszka o\u015bmiornica z kryszta\u0142em\",\"breadcrumb\":{\"@id\":\"https:\\\/\\\/be-accepted.com\\\/pl\\\/produkt\\\/mala-zlota-broszka-osmiornica-z-krysztalem\\\/#breadcrumb\"},\"inLanguage\":\"pl-PL\",\"potentialAction\":[{\"@type\":\"ReadAction\",\"target\":[\"https:\\\/\\\/be-accepted.com\\\/pl\\\/produkt\\\/mala-zlota-broszka-osmiornica-z-krysztalem\\\/\"]}]},{\"@type\":\"ImageObject\",\"inLanguage\":\"pl-PL\",\"@id\":\"https:\\\/\\\/be-accepted.com\\\/pl\\\/produkt\\\/mala-zlota-broszka-osmiornica-z-krysztalem\\\/#primaryimage\",\"url\":\"https:\\\/\\\/be-accepted.com\\\/wp-content\\\/uploads\\\/2025\\\/11\\\/IMG_5481.jpg\",\"contentUrl\":\"https:\\\/\\\/be-accepted.com\\\/wp-content\\\/uploads\\\/2025\\\/11\\\/IMG_5481.jpg\",\"width\":614,\"height\":518},{\"@type\":\"BreadcrumbList\",\"@id\":\"https:\\\/\\\/be-accepted.com\\\/pl\\\/produkt\\\/mala-zlota-broszka-osmiornica-z-krysztalem\\\/#breadcrumb\",\"itemListElement\":[{\"@type\":\"ListItem\",\"position\":1,\"name\":\"Startseite\",\"item\":\"https:\\\/\\\/be-accepted.com\\\/pl\\\/badz-akceptowany\\\/\"},{\"@type\":\"ListItem\",\"position\":2,\"name\":\"Sklep\",\"item\":\"https:\\\/\\\/be-accepted.com\\\/pl\\\/?page_id=21353\"},{\"@type\":\"ListItem\",\"position\":3,\"name\":\"Ma\u0142a z\u0142ota broszka o\u015bmiornica z kryszta\u0142em\"}]},{\"@type\":\"WebSite\",\"@id\":\"https:\\\/\\\/be-accepted.com\\\/pl\\\/#website\",\"url\":\"https:\\\/\\\/be-accepted.com\\\/pl\\\/\",\"name\":\"Be accepted\",\"description\":\"Be accepted by Caro\",\"publisher\":{\"@id\":\"https:\\\/\\\/be-accepted.com\\\/pl\\\/#organization\"},\"potentialAction\":[{\"@type\":\"SearchAction\",\"target\":{\"@type\":\"EntryPoint\",\"urlTemplate\":\"https:\\\/\\\/be-accepted.com\\\/pl\\\/?s={search_term_string}\"},\"query-input\":{\"@type\":\"PropertyValueSpecification\",\"valueRequired\":true,\"valueName\":\"search_term_string\"}}],\"inLanguage\":\"pl-PL\"},{\"@type\":\"Organization\",\"@id\":\"https:\\\/\\\/be-accepted.com\\\/pl\\\/#organization\",\"name\":\"BE accepted\",\"url\":\"https:\\\/\\\/be-accepted.com\\\/pl\\\/\",\"logo\":{\"@type\":\"ImageObject\",\"inLanguage\":\"pl-PL\",\"@id\":\"https:\\\/\\\/be-accepted.com\\\/pl\\\/#\\\/schema\\\/logo\\\/image\\\/\",\"url\":\"\",\"contentUrl\":\"\",\"caption\":\"BE accepted\"},\"image\":{\"@id\":\"https:\\\/\\\/be-accepted.com\\\/pl\\\/#\\\/schema\\\/logo\\\/image\\\/\"}}]}<\/script>\n<!-- \/ Yoast SEO plugin. -->","yoast_head_json":{"title":"Ma\u0142a z\u0142ota broszka o\u015bmiornica z kryszta\u0142em - Be accepted","description":"Ma\u0142a z\u0142ota broszka o\u015bmiornica z kryszta\u0142em","robots":{"index":"index","follow":"follow","max-snippet":"max-snippet:-1","max-image-preview":"max-image-preview:large","max-video-preview":"max-video-preview:-1"},"canonical":"https:\/\/be-accepted.com\/pl\/produkt\/mala-zlota-broszka-osmiornica-z-krysztalem\/","og_locale":"pl_PL","og_type":"article","og_title":"Ma\u0142a z\u0142ota broszka o\u015bmiornica z kryszta\u0142em - Be accepted","og_description":"Ma\u0142a z\u0142ota broszka o\u015bmiornica z kryszta\u0142em","og_url":"https:\/\/be-accepted.com\/pl\/produkt\/mala-zlota-broszka-osmiornica-z-krysztalem\/","og_site_name":"Be accepted","article_modified_time":"2025-11-11T09:31:51+00:00","og_image":[{"width":614,"height":518,"url":"https:\/\/be-accepted.com\/wp-content\/uploads\/2025\/11\/IMG_5481.jpg","type":"image\/jpeg"}],"twitter_card":"summary_large_image","schema":{"@context":"https:\/\/schema.org","@graph":[{"@type":"WebPage","@id":"https:\/\/be-accepted.com\/pl\/produkt\/mala-zlota-broszka-osmiornica-z-krysztalem\/","url":"https:\/\/be-accepted.com\/pl\/produkt\/mala-zlota-broszka-osmiornica-z-krysztalem\/","name":"Ma\u0142a z\u0142ota broszka o\u015bmiornica z kryszta\u0142em - Be accepted","isPartOf":{"@id":"https:\/\/be-accepted.com\/pl\/#website"},"primaryImageOfPage":{"@id":"https:\/\/be-accepted.com\/pl\/produkt\/mala-zlota-broszka-osmiornica-z-krysztalem\/#primaryimage"},"image":{"@id":"https:\/\/be-accepted.com\/pl\/produkt\/mala-zlota-broszka-osmiornica-z-krysztalem\/#primaryimage"},"thumbnailUrl":"https:\/\/be-accepted.com\/wp-content\/uploads\/2025\/11\/IMG_5481.jpg","datePublished":"2025-11-11T09:28:51+00:00","dateModified":"2025-11-11T09:31:51+00:00","description":"Ma\u0142a z\u0142ota broszka o\u015bmiornica z kryszta\u0142em","breadcrumb":{"@id":"https:\/\/be-accepted.com\/pl\/produkt\/mala-zlota-broszka-osmiornica-z-krysztalem\/#breadcrumb"},"inLanguage":"pl-PL","potentialAction":[{"@type":"ReadAction","target":["https:\/\/be-accepted.com\/pl\/produkt\/mala-zlota-broszka-osmiornica-z-krysztalem\/"]}]},{"@type":"ImageObject","inLanguage":"pl-PL","@id":"https:\/\/be-accepted.com\/pl\/produkt\/mala-zlota-broszka-osmiornica-z-krysztalem\/#primaryimage","url":"https:\/\/be-accepted.com\/wp-content\/uploads\/2025\/11\/IMG_5481.jpg","contentUrl":"https:\/\/be-accepted.com\/wp-content\/uploads\/2025\/11\/IMG_5481.jpg","width":614,"height":518},{"@type":"BreadcrumbList","@id":"https:\/\/be-accepted.com\/pl\/produkt\/mala-zlota-broszka-osmiornica-z-krysztalem\/#breadcrumb","itemListElement":[{"@type":"ListItem","position":1,"name":"Startseite","item":"https:\/\/be-accepted.com\/pl\/badz-akceptowany\/"},{"@type":"ListItem","position":2,"name":"Sklep","item":"https:\/\/be-accepted.com\/pl\/?page_id=21353"},{"@type":"ListItem","position":3,"name":"Ma\u0142a z\u0142ota broszka o\u015bmiornica z kryszta\u0142em"}]},{"@type":"WebSite","@id":"https:\/\/be-accepted.com\/pl\/#website","url":"https:\/\/be-accepted.com\/pl\/","name":"Be accepted","description":"Be accepted by Caro","publisher":{"@id":"https:\/\/be-accepted.com\/pl\/#organization"},"potentialAction":[{"@type":"SearchAction","target":{"@type":"EntryPoint","urlTemplate":"https:\/\/be-accepted.com\/pl\/?s={search_term_string}"},"query-input":{"@type":"PropertyValueSpecification","valueRequired":true,"valueName":"search_term_string"}}],"inLanguage":"pl-PL"},{"@type":"Organization","@id":"https:\/\/be-accepted.com\/pl\/#organization","name":"BE accepted","url":"https:\/\/be-accepted.com\/pl\/","logo":{"@type":"ImageObject","inLanguage":"pl-PL","@id":"https:\/\/be-accepted.com\/pl\/#\/schema\/logo\/image\/","url":"","contentUrl":"","caption":"BE accepted"},"image":{"@id":"https:\/\/be-accepted.com\/pl\/#\/schema\/logo\/image\/"}}]}},"_links":{"self":[{"href":"https:\/\/be-accepted.com\/pl\/wp-json\/wp\/v2\/product\/35701","targetHints":{"allow":["GET"]}}],"collection":[{"href":"https:\/\/be-accepted.com\/pl\/wp-json\/wp\/v2\/product"}],"about":[{"href":"https:\/\/be-accepted.com\/pl\/wp-json\/wp\/v2\/types\/product"}],"version-history":[{"count":0,"href":"https:\/\/be-accepted.com\/pl\/wp-json\/wp\/v2\/product\/35701\/revisions"}],"wp:featuredmedia":[{"embeddable":true,"href":"https:\/\/be-accepted.com\/pl\/wp-json\/wp\/v2\/media\/35688"}],"wp:attachment":[{"href":"https:\/\/be-accepted.com\/pl\/wp-json\/wp\/v2\/media?parent=35701"}],"wp:term":[{"taxonomy":"product_brand","embeddable":true,"href":"https:\/\/be-accepted.com\/pl\/wp-json\/wp\/v2\/product_brand?post=35701"},{"taxonomy":"product_cat","embeddable":true,"href":"https:\/\/be-accepted.com\/pl\/wp-json\/wp\/v2\/product_cat?post=35701"},{"taxonomy":"product_tag","embeddable":true,"href":"https:\/\/be-accepted.com\/pl\/wp-json\/wp\/v2\/product_tag?post=35701"}],"curies":[{"name":"wp","href":"https:\/\/api.w.org\/{rel}","templated":true}]}}