{"id":35711,"date":"2025-11-11T09:27:39","date_gmt":"2025-11-11T09:27:39","guid":{"rendered":"https:\/\/be-accepted.com\/product\/matowa-zlota-broszka-osmiornica-z-dzetami-w-kolorach-magenty-rozu-i-teczy\/"},"modified":"2025-11-11T09:32:00","modified_gmt":"2025-11-11T09:32:00","slug":"matowa-zlota-broszka-osmiornica-z-dzetami-w-kolorach-magenty-rozu-i-teczy","status":"publish","type":"product","link":"https:\/\/be-accepted.com\/pl\/produkt\/matowa-zlota-broszka-osmiornica-z-dzetami-w-kolorach-magenty-rozu-i-teczy\/","title":{"rendered":"Matowa z\u0142ota broszka o\u015bmiornica z d\u017cetami w kolorach magenty, r\u00f3\u017cu i t\u0119czy"},"content":{"rendered":"<p data-start=\"96\" data-end=\"411\">Ta umiej\u0119tnie zaprojektowana broszka w kszta\u0142cie o\u015bmiornicy (ok. 4,5 \u00d7 4 cm) \u0142\u0105czy w sobie morski urok z wyrafinowan\u0105 elegancj\u0105. Wykonana z wysokiej jako\u015bci metalu w kolorze matowego z\u0142ota, zachwyca szczeg\u00f3\u0142owym designem i pi\u0119knie wkomponowanymi d\u017cetami w kolorach magenty, r\u00f3\u017cu i opalizuj\u0105cej t\u0119czy. <\/p>\n<p data-start=\"413\" data-end=\"602\">B\u0142yszcz\u0105ce kamienie odbijaj\u0105 \u015bwiat\u0142o w fascynuj\u0105cych niuansach i nadaj\u0105 broszce \u017cywy, zabawny wygl\u0105d &#8211; prawie tak, jakby o\u015bmiornica by\u0142a w ruchu.<\/p>\n<p data-start=\"604\" data-end=\"818\" data-is-last-node=\"\" data-is-only-node=\"\">Czy to jako stylowy akcent na marynarce, sukience, szalu czy torebce &#8211; ta niezwyk\u0142a bi\u017cuteria z pewno\u015bci\u0105 przyci\u0105gnie uwag\u0119 ka\u017cdego i podkre\u015bli pewne siebie, indywidualne wyczucie mody.<\/p>\n","protected":false},"excerpt":{"rendered":"<p>Ta umiej\u0119tnie zaprojektowana broszka w kszta\u0142cie o\u015bmiornicy (ok. 4,5 \u00d7 4 cm) \u0142\u0105czy w sobie morski urok z wyrafinowan\u0105 elegancj\u0105. Wykonana z wysokiej jako\u015bci metalu w kolorze matowego z\u0142ota, zachwyca szczeg\u00f3\u0142owym designem i pi\u0119knie wkomponowanymi d\u017cetami w kolorach magenty, r\u00f3\u017cu i opalizuj\u0105cej t\u0119czy. B\u0142yszcz\u0105ce kamienie odbijaj\u0105 \u015bwiat\u0142o w fascynuj\u0105cych niuansach i nadaj\u0105 broszce \u017cywy, zabawny [&hellip;]<\/p>\n","protected":false},"featured_media":35689,"template":"","meta":{"_acf_changed":false},"product_brand":[],"product_cat":[291],"product_tag":[],"class_list":{"0":"post-35711","1":"product","2":"type-product","3":"status-publish","4":"has-post-thumbnail","6":"product_cat-be-accepted-pl","8":"first","9":"instock","10":"taxable","11":"shipping-taxable","12":"purchasable","13":"product-type-simple"},"acf":[],"yoast_head":"<!-- This site is optimized with the Yoast SEO plugin v27.6 - https:\/\/yoast.com\/product\/yoast-seo-wordpress\/ -->\n<title>Matowa z\u0142ota broszka o\u015bmiornica z d\u017cetami w kolorach magenty, r\u00f3\u017cu i t\u0119czy<\/title>\n<meta name=\"description\" content=\"Matowa z\u0142ota broszka o\u015bmiornica z d\u017cetami w kolorach magenty, r\u00f3\u017cu i t\u0119czy\" \/>\n<meta name=\"robots\" content=\"index, follow, max-snippet:-1, max-image-preview:large, max-video-preview:-1\" \/>\n<link rel=\"canonical\" href=\"https:\/\/be-accepted.com\/pl\/produkt\/matowa-zlota-broszka-osmiornica-z-dzetami-w-kolorach-magenty-rozu-i-teczy\/\" \/>\n<meta property=\"og:locale\" content=\"pl_PL\" \/>\n<meta property=\"og:type\" content=\"article\" \/>\n<meta property=\"og:title\" content=\"Matowa z\u0142ota broszka o\u015bmiornica z d\u017cetami w kolorach magenty, r\u00f3\u017cu i t\u0119czy\" \/>\n<meta property=\"og:description\" content=\"Matowa z\u0142ota broszka o\u015bmiornica z d\u017cetami w kolorach magenty, r\u00f3\u017cu i t\u0119czy\" \/>\n<meta property=\"og:url\" content=\"https:\/\/be-accepted.com\/pl\/produkt\/matowa-zlota-broszka-osmiornica-z-dzetami-w-kolorach-magenty-rozu-i-teczy\/\" \/>\n<meta property=\"og:site_name\" content=\"Be accepted\" \/>\n<meta property=\"article:modified_time\" content=\"2025-11-11T09:32:00+00:00\" \/>\n<meta property=\"og:image\" content=\"https:\/\/be-accepted.com\/wp-content\/uploads\/2025\/11\/IMG_5671.jpg\" \/>\n\t<meta property=\"og:image:width\" content=\"640\" \/>\n\t<meta property=\"og:image:height\" content=\"636\" \/>\n\t<meta property=\"og:image:type\" content=\"image\/jpeg\" \/>\n<meta name=\"twitter:card\" content=\"summary_large_image\" \/>\n<meta name=\"twitter:label1\" content=\"Szacowany czas czytania\" \/>\n\t<meta name=\"twitter:data1\" content=\"1 minuta\" \/>\n<script type=\"application\/ld+json\" class=\"yoast-schema-graph\">{\"@context\":\"https:\\\/\\\/schema.org\",\"@graph\":[{\"@type\":\"WebPage\",\"@id\":\"https:\\\/\\\/be-accepted.com\\\/pl\\\/produkt\\\/matowa-zlota-broszka-osmiornica-z-dzetami-w-kolorach-magenty-rozu-i-teczy\\\/\",\"url\":\"https:\\\/\\\/be-accepted.com\\\/pl\\\/produkt\\\/matowa-zlota-broszka-osmiornica-z-dzetami-w-kolorach-magenty-rozu-i-teczy\\\/\",\"name\":\"Matowa z\u0142ota broszka o\u015bmiornica z d\u017cetami w kolorach magenty, r\u00f3\u017cu i t\u0119czy\",\"isPartOf\":{\"@id\":\"https:\\\/\\\/be-accepted.com\\\/pl\\\/#website\"},\"primaryImageOfPage\":{\"@id\":\"https:\\\/\\\/be-accepted.com\\\/pl\\\/produkt\\\/matowa-zlota-broszka-osmiornica-z-dzetami-w-kolorach-magenty-rozu-i-teczy\\\/#primaryimage\"},\"image\":{\"@id\":\"https:\\\/\\\/be-accepted.com\\\/pl\\\/produkt\\\/matowa-zlota-broszka-osmiornica-z-dzetami-w-kolorach-magenty-rozu-i-teczy\\\/#primaryimage\"},\"thumbnailUrl\":\"https:\\\/\\\/be-accepted.com\\\/wp-content\\\/uploads\\\/2025\\\/11\\\/IMG_5671.jpg\",\"datePublished\":\"2025-11-11T09:27:39+00:00\",\"dateModified\":\"2025-11-11T09:32:00+00:00\",\"description\":\"Matowa z\u0142ota broszka o\u015bmiornica z d\u017cetami w kolorach magenty, r\u00f3\u017cu i t\u0119czy\",\"breadcrumb\":{\"@id\":\"https:\\\/\\\/be-accepted.com\\\/pl\\\/produkt\\\/matowa-zlota-broszka-osmiornica-z-dzetami-w-kolorach-magenty-rozu-i-teczy\\\/#breadcrumb\"},\"inLanguage\":\"pl-PL\",\"potentialAction\":[{\"@type\":\"ReadAction\",\"target\":[\"https:\\\/\\\/be-accepted.com\\\/pl\\\/produkt\\\/matowa-zlota-broszka-osmiornica-z-dzetami-w-kolorach-magenty-rozu-i-teczy\\\/\"]}]},{\"@type\":\"ImageObject\",\"inLanguage\":\"pl-PL\",\"@id\":\"https:\\\/\\\/be-accepted.com\\\/pl\\\/produkt\\\/matowa-zlota-broszka-osmiornica-z-dzetami-w-kolorach-magenty-rozu-i-teczy\\\/#primaryimage\",\"url\":\"https:\\\/\\\/be-accepted.com\\\/wp-content\\\/uploads\\\/2025\\\/11\\\/IMG_5671.jpg\",\"contentUrl\":\"https:\\\/\\\/be-accepted.com\\\/wp-content\\\/uploads\\\/2025\\\/11\\\/IMG_5671.jpg\",\"width\":640,\"height\":636},{\"@type\":\"BreadcrumbList\",\"@id\":\"https:\\\/\\\/be-accepted.com\\\/pl\\\/produkt\\\/matowa-zlota-broszka-osmiornica-z-dzetami-w-kolorach-magenty-rozu-i-teczy\\\/#breadcrumb\",\"itemListElement\":[{\"@type\":\"ListItem\",\"position\":1,\"name\":\"Startseite\",\"item\":\"https:\\\/\\\/be-accepted.com\\\/pl\\\/badz-akceptowany\\\/\"},{\"@type\":\"ListItem\",\"position\":2,\"name\":\"Sklep\",\"item\":\"https:\\\/\\\/be-accepted.com\\\/pl\\\/?page_id=21353\"},{\"@type\":\"ListItem\",\"position\":3,\"name\":\"Matowa z\u0142ota broszka o\u015bmiornica z d\u017cetami w kolorach magenty, r\u00f3\u017cu i t\u0119czy\"}]},{\"@type\":\"WebSite\",\"@id\":\"https:\\\/\\\/be-accepted.com\\\/pl\\\/#website\",\"url\":\"https:\\\/\\\/be-accepted.com\\\/pl\\\/\",\"name\":\"Be accepted\",\"description\":\"Be accepted by Caro\",\"publisher\":{\"@id\":\"https:\\\/\\\/be-accepted.com\\\/pl\\\/#organization\"},\"potentialAction\":[{\"@type\":\"SearchAction\",\"target\":{\"@type\":\"EntryPoint\",\"urlTemplate\":\"https:\\\/\\\/be-accepted.com\\\/pl\\\/?s={search_term_string}\"},\"query-input\":{\"@type\":\"PropertyValueSpecification\",\"valueRequired\":true,\"valueName\":\"search_term_string\"}}],\"inLanguage\":\"pl-PL\"},{\"@type\":\"Organization\",\"@id\":\"https:\\\/\\\/be-accepted.com\\\/pl\\\/#organization\",\"name\":\"BE accepted\",\"url\":\"https:\\\/\\\/be-accepted.com\\\/pl\\\/\",\"logo\":{\"@type\":\"ImageObject\",\"inLanguage\":\"pl-PL\",\"@id\":\"https:\\\/\\\/be-accepted.com\\\/pl\\\/#\\\/schema\\\/logo\\\/image\\\/\",\"url\":\"\",\"contentUrl\":\"\",\"caption\":\"BE accepted\"},\"image\":{\"@id\":\"https:\\\/\\\/be-accepted.com\\\/pl\\\/#\\\/schema\\\/logo\\\/image\\\/\"}}]}<\/script>\n<!-- \/ Yoast SEO plugin. -->","yoast_head_json":{"title":"Matowa z\u0142ota broszka o\u015bmiornica z d\u017cetami w kolorach magenty, r\u00f3\u017cu i t\u0119czy","description":"Matowa z\u0142ota broszka o\u015bmiornica z d\u017cetami w kolorach magenty, r\u00f3\u017cu i t\u0119czy","robots":{"index":"index","follow":"follow","max-snippet":"max-snippet:-1","max-image-preview":"max-image-preview:large","max-video-preview":"max-video-preview:-1"},"canonical":"https:\/\/be-accepted.com\/pl\/produkt\/matowa-zlota-broszka-osmiornica-z-dzetami-w-kolorach-magenty-rozu-i-teczy\/","og_locale":"pl_PL","og_type":"article","og_title":"Matowa z\u0142ota broszka o\u015bmiornica z d\u017cetami w kolorach magenty, r\u00f3\u017cu i t\u0119czy","og_description":"Matowa z\u0142ota broszka o\u015bmiornica z d\u017cetami w kolorach magenty, r\u00f3\u017cu i t\u0119czy","og_url":"https:\/\/be-accepted.com\/pl\/produkt\/matowa-zlota-broszka-osmiornica-z-dzetami-w-kolorach-magenty-rozu-i-teczy\/","og_site_name":"Be accepted","article_modified_time":"2025-11-11T09:32:00+00:00","og_image":[{"width":640,"height":636,"url":"https:\/\/be-accepted.com\/wp-content\/uploads\/2025\/11\/IMG_5671.jpg","type":"image\/jpeg"}],"twitter_card":"summary_large_image","twitter_misc":{"Szacowany czas czytania":"1 minuta"},"schema":{"@context":"https:\/\/schema.org","@graph":[{"@type":"WebPage","@id":"https:\/\/be-accepted.com\/pl\/produkt\/matowa-zlota-broszka-osmiornica-z-dzetami-w-kolorach-magenty-rozu-i-teczy\/","url":"https:\/\/be-accepted.com\/pl\/produkt\/matowa-zlota-broszka-osmiornica-z-dzetami-w-kolorach-magenty-rozu-i-teczy\/","name":"Matowa z\u0142ota broszka o\u015bmiornica z d\u017cetami w kolorach magenty, r\u00f3\u017cu i t\u0119czy","isPartOf":{"@id":"https:\/\/be-accepted.com\/pl\/#website"},"primaryImageOfPage":{"@id":"https:\/\/be-accepted.com\/pl\/produkt\/matowa-zlota-broszka-osmiornica-z-dzetami-w-kolorach-magenty-rozu-i-teczy\/#primaryimage"},"image":{"@id":"https:\/\/be-accepted.com\/pl\/produkt\/matowa-zlota-broszka-osmiornica-z-dzetami-w-kolorach-magenty-rozu-i-teczy\/#primaryimage"},"thumbnailUrl":"https:\/\/be-accepted.com\/wp-content\/uploads\/2025\/11\/IMG_5671.jpg","datePublished":"2025-11-11T09:27:39+00:00","dateModified":"2025-11-11T09:32:00+00:00","description":"Matowa z\u0142ota broszka o\u015bmiornica z d\u017cetami w kolorach magenty, r\u00f3\u017cu i t\u0119czy","breadcrumb":{"@id":"https:\/\/be-accepted.com\/pl\/produkt\/matowa-zlota-broszka-osmiornica-z-dzetami-w-kolorach-magenty-rozu-i-teczy\/#breadcrumb"},"inLanguage":"pl-PL","potentialAction":[{"@type":"ReadAction","target":["https:\/\/be-accepted.com\/pl\/produkt\/matowa-zlota-broszka-osmiornica-z-dzetami-w-kolorach-magenty-rozu-i-teczy\/"]}]},{"@type":"ImageObject","inLanguage":"pl-PL","@id":"https:\/\/be-accepted.com\/pl\/produkt\/matowa-zlota-broszka-osmiornica-z-dzetami-w-kolorach-magenty-rozu-i-teczy\/#primaryimage","url":"https:\/\/be-accepted.com\/wp-content\/uploads\/2025\/11\/IMG_5671.jpg","contentUrl":"https:\/\/be-accepted.com\/wp-content\/uploads\/2025\/11\/IMG_5671.jpg","width":640,"height":636},{"@type":"BreadcrumbList","@id":"https:\/\/be-accepted.com\/pl\/produkt\/matowa-zlota-broszka-osmiornica-z-dzetami-w-kolorach-magenty-rozu-i-teczy\/#breadcrumb","itemListElement":[{"@type":"ListItem","position":1,"name":"Startseite","item":"https:\/\/be-accepted.com\/pl\/badz-akceptowany\/"},{"@type":"ListItem","position":2,"name":"Sklep","item":"https:\/\/be-accepted.com\/pl\/?page_id=21353"},{"@type":"ListItem","position":3,"name":"Matowa z\u0142ota broszka o\u015bmiornica z d\u017cetami w kolorach magenty, r\u00f3\u017cu i t\u0119czy"}]},{"@type":"WebSite","@id":"https:\/\/be-accepted.com\/pl\/#website","url":"https:\/\/be-accepted.com\/pl\/","name":"Be accepted","description":"Be accepted by Caro","publisher":{"@id":"https:\/\/be-accepted.com\/pl\/#organization"},"potentialAction":[{"@type":"SearchAction","target":{"@type":"EntryPoint","urlTemplate":"https:\/\/be-accepted.com\/pl\/?s={search_term_string}"},"query-input":{"@type":"PropertyValueSpecification","valueRequired":true,"valueName":"search_term_string"}}],"inLanguage":"pl-PL"},{"@type":"Organization","@id":"https:\/\/be-accepted.com\/pl\/#organization","name":"BE accepted","url":"https:\/\/be-accepted.com\/pl\/","logo":{"@type":"ImageObject","inLanguage":"pl-PL","@id":"https:\/\/be-accepted.com\/pl\/#\/schema\/logo\/image\/","url":"","contentUrl":"","caption":"BE accepted"},"image":{"@id":"https:\/\/be-accepted.com\/pl\/#\/schema\/logo\/image\/"}}]}},"_links":{"self":[{"href":"https:\/\/be-accepted.com\/pl\/wp-json\/wp\/v2\/product\/35711","targetHints":{"allow":["GET"]}}],"collection":[{"href":"https:\/\/be-accepted.com\/pl\/wp-json\/wp\/v2\/product"}],"about":[{"href":"https:\/\/be-accepted.com\/pl\/wp-json\/wp\/v2\/types\/product"}],"version-history":[{"count":0,"href":"https:\/\/be-accepted.com\/pl\/wp-json\/wp\/v2\/product\/35711\/revisions"}],"wp:featuredmedia":[{"embeddable":true,"href":"https:\/\/be-accepted.com\/pl\/wp-json\/wp\/v2\/media\/35689"}],"wp:attachment":[{"href":"https:\/\/be-accepted.com\/pl\/wp-json\/wp\/v2\/media?parent=35711"}],"wp:term":[{"taxonomy":"product_brand","embeddable":true,"href":"https:\/\/be-accepted.com\/pl\/wp-json\/wp\/v2\/product_brand?post=35711"},{"taxonomy":"product_cat","embeddable":true,"href":"https:\/\/be-accepted.com\/pl\/wp-json\/wp\/v2\/product_cat?post=35711"},{"taxonomy":"product_tag","embeddable":true,"href":"https:\/\/be-accepted.com\/pl\/wp-json\/wp\/v2\/product_tag?post=35711"}],"curies":[{"name":"wp","href":"https:\/\/api.w.org\/{rel}","templated":true}]}}