{"id":28493,"date":"2024-09-20T13:40:43","date_gmt":"2024-09-20T13:40:43","guid":{"rendered":"https:\/\/be-accepted.com\/gtc\/"},"modified":"2024-09-20T13:40:45","modified_gmt":"2024-09-20T13:40:45","slug":"gtc","status":"publish","type":"page","link":"https:\/\/be-accepted.com\/pt-pt\/gtc\/","title":{"rendered":"GTC"},"content":{"rendered":"\t\t<div data-elementor-type=\"wp-page\" data-elementor-id=\"28493\" class=\"elementor elementor-28493 elementor-2223\" data-elementor-post-type=\"page\">\n\t\t\t\t\t\t<section class=\"elementor-section elementor-top-section elementor-element elementor-element-12c180f elementor-section-boxed elementor-section-height-default elementor-section-height-default\" data-id=\"12c180f\" data-element_type=\"section\" data-e-type=\"section\" data-settings=\"{&quot;background_background&quot;:&quot;classic&quot;}\">\n\t\t\t\t\t\t\t<div class=\"elementor-background-overlay\"><\/div>\n\t\t\t\t\t\t\t<div class=\"elementor-container elementor-column-gap-default\">\n\t\t\t\t\t<div class=\"elementor-column elementor-col-100 elementor-top-column elementor-element elementor-element-ab14188\" data-id=\"ab14188\" data-element_type=\"column\" data-e-type=\"column\">\n\t\t\t<div class=\"elementor-widget-wrap elementor-element-populated\">\n\t\t\t\t\t\t\t<\/div>\n\t\t<\/div>\n\t\t\t\t\t<\/div>\n\t\t<\/section>\n\t\t\t\t<section class=\"elementor-section elementor-top-section elementor-element elementor-element-1a638ad elementor-section-boxed elementor-section-height-default elementor-section-height-default\" data-id=\"1a638ad\" data-element_type=\"section\" data-e-type=\"section\">\n\t\t\t\t\t\t<div class=\"elementor-container elementor-column-gap-default\">\n\t\t\t\t\t<div class=\"elementor-column elementor-col-100 elementor-top-column elementor-element elementor-element-654ee67\" data-id=\"654ee67\" data-element_type=\"column\" data-e-type=\"column\">\n\t\t\t<div class=\"elementor-widget-wrap elementor-element-populated\">\n\t\t\t\t\t\t<div class=\"elementor-element elementor-element-d3d6f16 elementor-widget elementor-widget-heading\" data-id=\"d3d6f16\" data-element_type=\"widget\" data-e-type=\"widget\" data-widget_type=\"heading.default\">\n\t\t\t\t\t<h2 class=\"elementor-heading-title elementor-size-default\">Termos e condi\u00e7\u00f5es gerais  <\/h2>\t\t\t\t<\/div>\n\t\t\t\t<div class=\"elementor-element elementor-element-3b2b6e5 elementor-widget elementor-widget-text-editor\" data-id=\"3b2b6e5\" data-element_type=\"widget\" data-e-type=\"widget\" data-widget_type=\"text-editor.default\">\n\t\t\t\t\t\t\t\t\t<p><strong>  \u00a7 1 Validade dos TCG<\/strong><\/p>\n<p>Estas CGV aplicam-se a todos os contratos e encomendas efectuados com a Be accepted.<br \/>\nPara al\u00e9m disso, aplicam-se eventuais disposi\u00e7\u00f5es contratuais especiais suplementares \u00e0s respectivas ofertas, sobre as quais o cliente ser\u00e1 informado separadamente.<br \/>\nN\u00e3o foram celebrados quaisquer acordos verbais de garantia.<br \/>\nPodes guardar os TCG no teu computador e\/ou imprimi-los.<br \/>\nAplicam-se exclusivamente as TCG da Be accepted.    <\/p>\n<p><strong>  \u00a7 2 Parceiros contratuais<\/strong><\/p>\n<p>Para todos os contratos de produtos aceites pela Be, o teu parceiro contratual \u00e9 a<\/p>\n<p>Be accepted GmbH, representada pela diretora-geral  Caroline Justich, Vegagasse 4\/2, 1190 Viena, telefone: +43 664 , e-mail <a href=\"mailto:office@be-accepted.com\">office@be-accepted.com.<\/a><\/p>\n<p><strong>\u00a7 3 Celebra\u00e7\u00e3o do contrato<\/strong><\/p>\n<p>As ofertas na Internet representam um convite n\u00e3o vinculativo para comprares os produtos.<br \/>\nDepois de introduzires os teus dados e clicares no bot\u00e3o de encomenda, apresentas uma proposta vinculativa para a celebra\u00e7\u00e3o de um contrato de compra.<br \/>\nO contrato \u00e9 celebrado o mais tardar quando tiveres acesso \u00e0 nossa oferta ou \u00e0 tua encomenda.  <\/p>\n<p><strong>  \u00a7 4 Pol\u00edtica de cancelamento<\/strong><\/p>\n<p>Se celebrares o contrato como consumidor, tens direito ao seguinte direito legal de rescis\u00e3o:<\/p>\n<p><u>Direito de anula\u00e7\u00e3o<\/u><\/p>\n<p>Tens o direito de rescindir o presente contrato no prazo de catorze dias, sem necessidade de indicar qualquer motivo.<br \/>\nO prazo de rescis\u00e3o \u00e9 de 14 dias a contar da data de celebra\u00e7\u00e3o do contrato, no caso de um contrato de ades\u00e3o, ou de 14 dias a contar da data em que tu ou um terceiro por ti designado, que n\u00e3o seja o transportador, tomou posse da mercadoria ou, no caso de uma encomenda de v\u00e1rias mercadorias, da \u00faltima mercadoria.<br \/>\nPara exercer o direito de rescis\u00e3o, tens de nos informar (Be accepted GmbH, Vegagasse 4\/2, 1190 Viena, <a href=\"mailto:office@be-accepted.com\">office@be-accepted.com)<\/a> da tua decis\u00e3o de rescindir o presente contrato atrav\u00e9s de uma declara\u00e7\u00e3o clara (por exemplo, uma carta enviada por correio, fax ou correio eletr\u00f3nico).<br \/>\nPodes utilizar o seguinte modelo de formul\u00e1rio de rescis\u00e3o, mas n\u00e3o \u00e9 obrigat\u00f3rio.   <\/p>\n<p>Para respeitar o prazo de anula\u00e7\u00e3o, basta que envies a notifica\u00e7\u00e3o do exerc\u00edcio do teu direito de anula\u00e7\u00e3o antes do termo do per\u00edodo de anula\u00e7\u00e3o.<\/p>\n<p><u>Consequ\u00eancias da anula\u00e7\u00e3o<\/u><\/p>\n<p>Se rescindires este contrato, temos de reembolsar todos os pagamentos que recebemos de ti imediatamente e, o mais tardar, no prazo de catorze dias a contar do dia em que recebemos a notifica\u00e7\u00e3o da tua rescis\u00e3o deste contrato.<br \/>\nPara este reembolso, utilizaremos os mesmos meios de pagamento que utilizaste para a transa\u00e7\u00e3o original, salvo acordo expresso em contr\u00e1rio contigo; em caso algum te ser\u00e3o cobradas quaisquer taxas por este reembolso.<br \/>\nPodemos recusar um reembolso at\u00e9 termos recebido os bens de volta ou at\u00e9 teres apresentado prova de que devolveste os bens, consoante o que ocorrer primeiro.  <\/p>\n<p>Deves devolver-nos ou entregar-nos a mercadoria imediatamente e, em qualquer caso, o mais tardar no prazo de 14 dias a contar da data em que nos informas da resolu\u00e7\u00e3o do contrato.<br \/>\nO prazo \u00e9 respeitado se expedires a mercadoria antes do termo do prazo de 14 dias.<br \/>\nOs custos diretos da devolu\u00e7\u00e3o da mercadoria s\u00e3o suportados por ti.  <\/p>\n<p>Modelo de formul\u00e1rio de cancelamento<\/p>\n<p>Se quiseres rescindir o contrato, podes utilizar o formul\u00e1rio abaixo e envi\u00e1-lo de volta para n\u00f3s:<\/p>\n<p>Be accepted GmbH, Vegagasse 4\/2, 1190 Viena, <a href=\"mailto:office@be-accepted.com\">office@be-accepted.com<\/a><\/p>\n<p>Eu\/n\u00f3s (*) resolvo\/resolvemos o contrato celebrado por mim\/n\u00f3s (*) para a compra dos seguintes bens (*)\/a presta\u00e7\u00e3o do seguinte servi\u00e7o (*)<\/p>\n<p>Encomendado em (*) \/ recebido em (*)<\/p>\n<p>Nome do(s) consumidor(es)<\/p>\n<p>Endere\u00e7o do(s) consumidor(es)<\/p>\n<p>Assinatura do(s) consumidor(es) (apenas para notifica\u00e7\u00e3o em papel)<\/p>\n<p>data<\/p>\n<p><span style=\"text-decoration: underline;\">Consequ\u00eancias da anula\u00e7\u00e3o da inscri\u00e7\u00e3o<\/span><\/p>\n<p>Se tiveres solicitado o in\u00edcio do servi\u00e7o durante o per\u00edodo de anula\u00e7\u00e3o, deves pagar-nos um montante razo\u00e1vel correspondente \u00e0 propor\u00e7\u00e3o dos servi\u00e7os j\u00e1 prestados no momento em que nos informas do exerc\u00edcio do direito de anula\u00e7\u00e3o relativamente a este contrato, em compara\u00e7\u00e3o com o \u00e2mbito total do servi\u00e7o previsto no contrato.<\/p>\n<p><strong>  \u00a7 5 Exclus\u00e3o de responsabilidade e garantia<\/strong><\/p>\n<ol>\n<li>Isen\u00e7\u00e3o de responsabilidade<\/li>\n<\/ol>\n<p>Chama a aten\u00e7\u00e3o para o facto de todos os conte\u00fados do s\u00edtio Web, da revista e de outros produtos da Be accepted GmbH terem um car\u00e1cter puramente pedag\u00f3gico e n\u00e3o substitu\u00edrem, de forma alguma, o aconselhamento m\u00e9dico profissional.<\/p>\n<p>Ao adquirir a ades\u00e3o a este s\u00edtio Web (www.be-accepted.com), aceita, concorda e compreende que n\u00e3o fazemos representa\u00e7\u00f5es, garantias ou cau\u00e7\u00f5es, orais ou escritas, relativamente \u00e0 sua sa\u00fade ou aos resultados da mesma.<\/p>\n<p>Ao comprar a subscri\u00e7\u00e3o, reconhece ainda que, devido \u00e0 natureza do conte\u00fado da \u00e1rea de subscri\u00e7\u00e3o e ao volume, quaisquer testemunhos ou endossos dos nossos clientes ou audi\u00eancias apresentados nos nossos programas, s\u00edtios Web, conte\u00fados, p\u00e1ginas de destino, p\u00e1ginas de vendas ou ofertas n\u00e3o foram cientificamente avaliados por n\u00f3s e os resultados experimentados pelos indiv\u00edduos podem variar significativamente.  <\/p>\n<p>Todas as declara\u00e7\u00f5es ou representa\u00e7\u00f5es nos e dos nossos produtos, s\u00edtios Web, revistas, programas, conte\u00fados e outras ofertas s\u00e3o apenas as nossas opini\u00f5es e, por conseguinte, n\u00e3o constituem garantias ou promessas de qualquer mudan\u00e7a na tua sa\u00fade.<br \/>\nNenhuma das nossas ofertas constitui aconselhamento m\u00e9dico ou psicol\u00f3gico profissional, mas apenas informa\u00e7\u00e3o educativa. <\/p>\n<p>Todo o conte\u00fado deste s\u00edtio Web, incluindo: texto, imagens, \u00e1udio ou outros formatos, foi criado apenas para fins informativos.<br \/>\nO conte\u00fado n\u00e3o se destina a substituir o aconselhamento, diagn\u00f3stico ou tratamento m\u00e9dico profissional.<br \/>\nConsulta sempre o teu m\u00e9dico ou outro prestador de cuidados de sa\u00fade qualificado se tiveres d\u00favidas sobre o teu estado de sa\u00fade.<br \/>\nNunca ignores o aconselhamento m\u00e9dico profissional nem demores a procur\u00e1-lo apenas por causa de algo que tenhas lido neste s\u00edtio Web.   <\/p>\n<p>Se pensas que tens uma emerg\u00eancia m\u00e9dica, chama o teu m\u00e9dico, vai \u00e0s urg\u00eancias ou liga imediatamente para o 112.<br \/>\nNem a p\u00e1gina de Internet da Be accepted GmbH nem a revista recomendam ou apoiam determinados exames, m\u00e9dicos, produtos, procedimentos, opini\u00f5es ou outras informa\u00e7\u00f5es.<br \/>\nQualquer confian\u00e7a que deposites nas informa\u00e7\u00f5es publicadas nos produtos da Be accepted GmbH, em particular na revista Be accepted, no site www.be-accepted.com, na \u00e1rea de membros de Be-accepted.com \u00e9 estritamente por tua conta e risco.<br \/>\nIsto inclui informa\u00e7\u00e3o criada pelos empregados da Be accepted, escritores contratados e especialistas m\u00e9dicos para os produtos da Be accepted GmbH e disponibilizada aos leitores e membros atrav\u00e9s de publica\u00e7\u00e3o.   <\/p>\n<p>As liga\u00e7\u00f5es a conte\u00fados educativos n\u00e3o criados por www.be-accpted.com s\u00e3o da tua inteira responsabilidade.<br \/>\nBe-accepted.com n\u00e3o \u00e9 respons\u00e1vel pelas afirma\u00e7\u00f5es feitas por s\u00edtios Web externos e organiza\u00e7\u00f5es educativas. <\/p>\n<p>2. garantia<\/p>\n<p>A garantia \u00e9 concedida em conformidade com as disposi\u00e7\u00f5es legais.<br \/>\nSe n\u00e3o for poss\u00edvel efetuar uma troca ou uma melhoria (impossibilidade, esfor\u00e7o excessivo, atraso injustificado), o comprador tem direito a uma redu\u00e7\u00e3o do pre\u00e7o ou, se o defeito n\u00e3o for menor, \u00e0 rescis\u00e3o do contrato.<br \/>\nEst\u00e1 exclu\u00edda a indemniza\u00e7\u00e3o por danos (consequenciais), bem como outros danos materiais, perdas financeiras e danos a terceiros contra o cliente, a menos que se trate de uma transa\u00e7\u00e3o de consumo.  <\/p>\n<p><strong>  \u00a7 6 Reserva de propriedade e transfer\u00eancia do risco aquando da entrega<\/strong><\/p>\n<p>O objeto da compra permanece nossa propriedade at\u00e9 ao pagamento integral.  <\/p>\n<p>Aquando da expedi\u00e7\u00e3o dos bens, o risco de perda ou dano dos bens s\u00f3 \u00e9 transferido para o consumidor a partir do momento em que os bens s\u00e3o entregues ao consumidor ou a um terceiro designado pelo consumidor que n\u00e3o seja o transportador.<br \/>\nNo entanto, se o consumidor tiver celebrado ele pr\u00f3prio o contrato de transporte sem recorrer a uma op\u00e7\u00e3o proposta por n\u00f3s, o risco \u00e9 transferido para o transportador a partir do momento em que os bens s\u00e3o entregues. <\/p>\n<p><strong>  \u00a7 7 Pagamento<\/strong><\/p>\n<p>O pre\u00e7o de compra ou a quota mensal deve ser pago por ti com cart\u00e3o de cr\u00e9dito (Visa ou Mastercard) ou Paypal, de acordo com a encomenda conclu\u00edda.  <\/p>\n<p><strong>  \u00a7 8 Rescis\u00e3o do contrato em caso de ades\u00e3o<\/strong><\/p>\n<p>Se quiseres prolongar a tua inscri\u00e7\u00e3o para al\u00e9m do per\u00edodo inicialmente acordado, n\u00e3o precisas de fazer mais nada, a inscri\u00e7\u00e3o \u00e9 automaticamente prolongada por um ano (inscri\u00e7\u00e3o anual).<\/p>\n<p>A tua assinatura anual pode ser cancelada em qualquer altura com um pr\u00e9-aviso de 4 semanas at\u00e9 ao final do ano de assinatura.<br \/>\nEnvia o teu aviso de cancelamento por correio ou por correio eletr\u00f3nico para: <\/p>\n<p>Be accepted GmbH, Vegagasse 4\/2, 1190 Viena, \u00c1ustria<\/p>\n<p>Correio eletr\u00f3nico: <a href=\"mailto:office@be-accepted.com\">office@be-accepted.com<\/a><\/p>\n<p><strong>  \u00a7 9 Assinaturas experimentais<\/strong><\/p>\n<p>As ades\u00f5es experimentais e de teste oferecidas pela Be accepted GmbH destinam-se a dar-te a oportunidade de te familiarizares com os nossos produtos \u00e0 tua vontade.<br \/>\nA Be accepted GmbH reserva-se expressamente o direito de excluir os consumidores que repetidamente concluam estas ofertas. <\/p>\n<p><strong>  \u00a7 10 Altera\u00e7\u00f5es ao contrato<\/strong><\/p>\n<p>A Be accepted GmbH reserva-se o direito de alterar os presentes Termos e Condi\u00e7\u00f5es Gerais, se necess\u00e1rio.<br \/>\nOs termos e condi\u00e7\u00f5es alterados entrar\u00e3o em vigor contra ti se n\u00e3o te opuseres expressamente \u00e0 altera\u00e7\u00e3o no prazo de um m\u00eas.<br \/>\nA Be accepted GmbH tem a obriga\u00e7\u00e3o de o informar expressamente, no in\u00edcio do per\u00edodo, sobre a altera\u00e7\u00e3o e o significado pretendido para a vossa rela\u00e7\u00e3o.  <\/p>\n<p><strong>\u00a7 11 L\u00edngua<\/strong><\/p>\n<p>A l\u00edngua contratual, de encomenda e comercial \u00e9 o alem\u00e3o.<\/p>\n<p><strong>  \u00a7 12 Prote\u00e7\u00e3o de dados<\/strong><\/p>\n<p>No tratamento dos teus dados pessoais, cumprimos todas as disposi\u00e7\u00f5es legais que nos s\u00e3o aplic\u00e1veis.  <\/p>\n<p><strong>  \u00a7 13 Plataforma de resolu\u00e7\u00e3o de lit\u00edgios em linha<\/strong><\/p>\n<p>A Uni\u00e3o Europeia disponibiliza uma plataforma online (&#8220;plataforma ODR&#8221;) em https:\/\/ec.europa.eu\/consumers\/odreine para a resolu\u00e7\u00e3o extrajudicial de lit\u00edgios de consumo.<br \/>\nN\u00e3o somos obrigados a participar em processos de resolu\u00e7\u00e3o de lit\u00edgios perante uma comiss\u00e3o de arbitragem de consumidores.<br \/>\nGostar\u00edamos de salientar que decidimos n\u00e3o participar em processos de resolu\u00e7\u00e3o de lit\u00edgios perante comiss\u00f5es de arbitragem de consumidores.  <\/p>\n<p><strong>  \u00a7 14 Diversos<\/strong><\/p>\n<p>A invalidade de determinadas disposi\u00e7\u00f5es das presentes Condi\u00e7\u00f5es Gerais e\/ou do contrato por elas complementado n\u00e3o afecta a validade das restantes disposi\u00e7\u00f5es, mantendo-se o contrato e as presentes Condi\u00e7\u00f5es Gerais v\u00e1lidos para ambas as partes.<\/p>\n<p>O cliente s\u00f3 tem direito a compensa\u00e7\u00e3o se os pedidos reconvencionais tiverem sido reconhecidos por senten\u00e7a declarat\u00f3ria ou forem incontestados.<br \/>\nO cliente s\u00f3 tem direito de reten\u00e7\u00e3o na medida em que o pedido reconvencional se baseie na mesma rela\u00e7\u00e3o contratual. <\/p>\n<p>Se os clientes forem comerciantes, pessoas colectivas de direito p\u00fablico ou fundos especiais de direito p\u00fablico, o local de jurisdi\u00e7\u00e3o \u00e9 Viena.<\/p>\n<p>As partes contratantes acordam que \u00e9 aplic\u00e1vel o direito austr\u00edaco.<br \/>\nSe o consumidor tiver domic\u00edlio ou resid\u00eancia habitual na \u00c1ustria ou exercer uma atividade profissional na \u00c1ustria, s\u00f3 o tribunal da comarca em que se situa o domic\u00edlio, a resid\u00eancia habitual ou o local de trabalho \u00e9 competente para conhecer de uma a\u00e7\u00e3o contra ele; tal n\u00e3o se aplica a lit\u00edgios j\u00e1 surgidos. <\/p>\n<p>Situa\u00e7\u00e3o abril de 2023<\/p>\n\t\t\t\t\t\t\t\t<\/div>\n\t\t\t\t\t<\/div>\n\t\t<\/div>\n\t\t\t\t\t<\/div>\n\t\t<\/section>\n\t\t\t\t<\/div>\n\t\t","protected":false},"excerpt":{"rendered":"<p>Termos e condi\u00e7\u00f5es gerais \u00a7 1 Validade dos TCG Estas CGV aplicam-se a todos os contratos e encomendas efectuados com a Be accepted. Para al\u00e9m disso, aplicam-se eventuais disposi\u00e7\u00f5es contratuais especiais suplementares \u00e0s respectivas ofertas, sobre as quais o cliente ser\u00e1 informado separadamente. N\u00e3o foram celebrados quaisquer acordos verbais de garantia. Podes guardar os TCG [&hellip;]<\/p>\n","protected":false},"author":14,"featured_media":0,"parent":0,"menu_order":0,"comment_status":"closed","ping_status":"closed","template":"elementor_header_footer","meta":{"_acf_changed":false,"footnotes":""},"class_list":["post-28493","page","type-page","status-publish","hentry"],"acf":[],"yoast_head":"<!-- This site is optimized with the Yoast SEO plugin v27.6 - https:\/\/yoast.com\/product\/yoast-seo-wordpress\/ -->\n<title>GTC - Be accepted<\/title>\n<meta name=\"robots\" content=\"index, follow, max-snippet:-1, max-image-preview:large, max-video-preview:-1\" \/>\n<link rel=\"canonical\" href=\"https:\/\/be-accepted.com\/pt-pt\/gtc\/\" \/>\n<meta property=\"og:locale\" content=\"pt_PT\" \/>\n<meta property=\"og:type\" content=\"article\" \/>\n<meta property=\"og:title\" content=\"GTC - Be accepted\" \/>\n<meta property=\"og:description\" content=\"Termos e condi\u00e7\u00f5es gerais \u00a7 1 Validade dos TCG Estas CGV aplicam-se a todos os contratos e encomendas efectuados com a Be accepted. Para al\u00e9m disso, aplicam-se eventuais disposi\u00e7\u00f5es contratuais especiais suplementares \u00e0s respectivas ofertas, sobre as quais o cliente ser\u00e1 informado separadamente. N\u00e3o foram celebrados quaisquer acordos verbais de garantia. Podes guardar os TCG [&hellip;]\" \/>\n<meta property=\"og:url\" content=\"https:\/\/be-accepted.com\/pt-pt\/gtc\/\" \/>\n<meta property=\"og:site_name\" content=\"Be accepted\" \/>\n<meta property=\"article:modified_time\" content=\"2024-09-20T13:40:45+00:00\" \/>\n<meta name=\"twitter:card\" content=\"summary_large_image\" \/>\n<meta name=\"twitter:label1\" content=\"Tempo estimado de leitura\" \/>\n\t<meta name=\"twitter:data1\" content=\"10 minutos\" \/>\n<script type=\"application\/ld+json\" class=\"yoast-schema-graph\">{\"@context\":\"https:\\\/\\\/schema.org\",\"@graph\":[{\"@type\":\"WebPage\",\"@id\":\"https:\\\/\\\/be-accepted.com\\\/pt-pt\\\/gtc\\\/\",\"url\":\"https:\\\/\\\/be-accepted.com\\\/pt-pt\\\/gtc\\\/\",\"name\":\"GTC - Be accepted\",\"isPartOf\":{\"@id\":\"https:\\\/\\\/be-accepted.com\\\/pt-pt\\\/#website\"},\"datePublished\":\"2024-09-20T13:40:43+00:00\",\"dateModified\":\"2024-09-20T13:40:45+00:00\",\"breadcrumb\":{\"@id\":\"https:\\\/\\\/be-accepted.com\\\/pt-pt\\\/gtc\\\/#breadcrumb\"},\"inLanguage\":\"pt-PT\",\"potentialAction\":[{\"@type\":\"ReadAction\",\"target\":[\"https:\\\/\\\/be-accepted.com\\\/pt-pt\\\/gtc\\\/\"]}]},{\"@type\":\"BreadcrumbList\",\"@id\":\"https:\\\/\\\/be-accepted.com\\\/pt-pt\\\/gtc\\\/#breadcrumb\",\"itemListElement\":[{\"@type\":\"ListItem\",\"position\":1,\"name\":\"Startseite\",\"item\":\"https:\\\/\\\/be-accepted.com\\\/pt-pt\\\/se-aceite\\\/\"},{\"@type\":\"ListItem\",\"position\":2,\"name\":\"GTC\"}]},{\"@type\":\"WebSite\",\"@id\":\"https:\\\/\\\/be-accepted.com\\\/pt-pt\\\/#website\",\"url\":\"https:\\\/\\\/be-accepted.com\\\/pt-pt\\\/\",\"name\":\"Be accepted\",\"description\":\"Be accepted by Caro\",\"publisher\":{\"@id\":\"https:\\\/\\\/be-accepted.com\\\/pt-pt\\\/#organization\"},\"potentialAction\":[{\"@type\":\"SearchAction\",\"target\":{\"@type\":\"EntryPoint\",\"urlTemplate\":\"https:\\\/\\\/be-accepted.com\\\/pt-pt\\\/?s={search_term_string}\"},\"query-input\":{\"@type\":\"PropertyValueSpecification\",\"valueRequired\":true,\"valueName\":\"search_term_string\"}}],\"inLanguage\":\"pt-PT\"},{\"@type\":\"Organization\",\"@id\":\"https:\\\/\\\/be-accepted.com\\\/pt-pt\\\/#organization\",\"name\":\"BE accepted\",\"url\":\"https:\\\/\\\/be-accepted.com\\\/pt-pt\\\/\",\"logo\":{\"@type\":\"ImageObject\",\"inLanguage\":\"pt-PT\",\"@id\":\"https:\\\/\\\/be-accepted.com\\\/pt-pt\\\/#\\\/schema\\\/logo\\\/image\\\/\",\"url\":\"\",\"contentUrl\":\"\",\"caption\":\"BE accepted\"},\"image\":{\"@id\":\"https:\\\/\\\/be-accepted.com\\\/pt-pt\\\/#\\\/schema\\\/logo\\\/image\\\/\"}}]}<\/script>\n<!-- \/ Yoast SEO plugin. -->","yoast_head_json":{"title":"GTC - Be accepted","robots":{"index":"index","follow":"follow","max-snippet":"max-snippet:-1","max-image-preview":"max-image-preview:large","max-video-preview":"max-video-preview:-1"},"canonical":"https:\/\/be-accepted.com\/pt-pt\/gtc\/","og_locale":"pt_PT","og_type":"article","og_title":"GTC - Be accepted","og_description":"Termos e condi\u00e7\u00f5es gerais \u00a7 1 Validade dos TCG Estas CGV aplicam-se a todos os contratos e encomendas efectuados com a Be accepted. Para al\u00e9m disso, aplicam-se eventuais disposi\u00e7\u00f5es contratuais especiais suplementares \u00e0s respectivas ofertas, sobre as quais o cliente ser\u00e1 informado separadamente. N\u00e3o foram celebrados quaisquer acordos verbais de garantia. Podes guardar os TCG [&hellip;]","og_url":"https:\/\/be-accepted.com\/pt-pt\/gtc\/","og_site_name":"Be accepted","article_modified_time":"2024-09-20T13:40:45+00:00","twitter_card":"summary_large_image","twitter_misc":{"Tempo estimado de leitura":"10 minutos"},"schema":{"@context":"https:\/\/schema.org","@graph":[{"@type":"WebPage","@id":"https:\/\/be-accepted.com\/pt-pt\/gtc\/","url":"https:\/\/be-accepted.com\/pt-pt\/gtc\/","name":"GTC - Be accepted","isPartOf":{"@id":"https:\/\/be-accepted.com\/pt-pt\/#website"},"datePublished":"2024-09-20T13:40:43+00:00","dateModified":"2024-09-20T13:40:45+00:00","breadcrumb":{"@id":"https:\/\/be-accepted.com\/pt-pt\/gtc\/#breadcrumb"},"inLanguage":"pt-PT","potentialAction":[{"@type":"ReadAction","target":["https:\/\/be-accepted.com\/pt-pt\/gtc\/"]}]},{"@type":"BreadcrumbList","@id":"https:\/\/be-accepted.com\/pt-pt\/gtc\/#breadcrumb","itemListElement":[{"@type":"ListItem","position":1,"name":"Startseite","item":"https:\/\/be-accepted.com\/pt-pt\/se-aceite\/"},{"@type":"ListItem","position":2,"name":"GTC"}]},{"@type":"WebSite","@id":"https:\/\/be-accepted.com\/pt-pt\/#website","url":"https:\/\/be-accepted.com\/pt-pt\/","name":"Be accepted","description":"Be accepted by Caro","publisher":{"@id":"https:\/\/be-accepted.com\/pt-pt\/#organization"},"potentialAction":[{"@type":"SearchAction","target":{"@type":"EntryPoint","urlTemplate":"https:\/\/be-accepted.com\/pt-pt\/?s={search_term_string}"},"query-input":{"@type":"PropertyValueSpecification","valueRequired":true,"valueName":"search_term_string"}}],"inLanguage":"pt-PT"},{"@type":"Organization","@id":"https:\/\/be-accepted.com\/pt-pt\/#organization","name":"BE accepted","url":"https:\/\/be-accepted.com\/pt-pt\/","logo":{"@type":"ImageObject","inLanguage":"pt-PT","@id":"https:\/\/be-accepted.com\/pt-pt\/#\/schema\/logo\/image\/","url":"","contentUrl":"","caption":"BE accepted"},"image":{"@id":"https:\/\/be-accepted.com\/pt-pt\/#\/schema\/logo\/image\/"}}]}},"_links":{"self":[{"href":"https:\/\/be-accepted.com\/pt-pt\/wp-json\/wp\/v2\/pages\/28493","targetHints":{"allow":["GET"]}}],"collection":[{"href":"https:\/\/be-accepted.com\/pt-pt\/wp-json\/wp\/v2\/pages"}],"about":[{"href":"https:\/\/be-accepted.com\/pt-pt\/wp-json\/wp\/v2\/types\/page"}],"author":[{"embeddable":true,"href":"https:\/\/be-accepted.com\/pt-pt\/wp-json\/wp\/v2\/users\/14"}],"replies":[{"embeddable":true,"href":"https:\/\/be-accepted.com\/pt-pt\/wp-json\/wp\/v2\/comments?post=28493"}],"version-history":[{"count":0,"href":"https:\/\/be-accepted.com\/pt-pt\/wp-json\/wp\/v2\/pages\/28493\/revisions"}],"wp:attachment":[{"href":"https:\/\/be-accepted.com\/pt-pt\/wp-json\/wp\/v2\/media?parent=28493"}],"curies":[{"name":"wp","href":"https:\/\/api.w.org\/{rel}","templated":true}]}}