{"id":28591,"date":"2024-09-20T13:41:30","date_gmt":"2024-09-20T13:41:30","guid":{"rendered":"https:\/\/be-accepted.com\/workshops\/cozinhar\/"},"modified":"2026-03-13T06:12:42","modified_gmt":"2026-03-13T06:12:42","slug":"cozinhar","status":"publish","type":"page","link":"https:\/\/be-accepted.com\/pt-pt\/workshops\/cozinhar\/","title":{"rendered":"Cozinhar"},"content":{"rendered":"\t\t<div data-elementor-type=\"wp-page\" data-elementor-id=\"28591\" class=\"elementor elementor-28591 elementor-10519\" data-elementor-post-type=\"page\">\n\t\t\t\t<div class=\"elementor-element elementor-element-b2f2d9d e-flex e-con-boxed e-con e-parent\" data-id=\"b2f2d9d\" data-element_type=\"container\" data-e-type=\"container\">\n\t\t\t\t\t<div class=\"e-con-inner\">\n\t\t<div class=\"elementor-element elementor-element-f5a6ba7 e-con-full e-flex e-con e-child\" data-id=\"f5a6ba7\" data-element_type=\"container\" data-e-type=\"container\" data-settings=\"{&quot;background_background&quot;:&quot;classic&quot;}\">\n\t\t\t\t<div class=\"elementor-element elementor-element-db9ce53 elementor-widget elementor-widget-heading\" data-id=\"db9ce53\" data-element_type=\"widget\" data-e-type=\"widget\" data-widget_type=\"heading.default\">\n\t\t\t\t\t<h4 class=\"elementor-heading-title elementor-size-default\">Fermenta\u00e7\u00e3o \"simplesmente\" saud\u00e1vel<\/h4>\t\t\t\t<\/div>\n\t\t\t\t<div class=\"elementor-element elementor-element-b056013 elementor-widget__width-inherit elementor-widget elementor-widget-video\" data-id=\"b056013\" data-element_type=\"widget\" data-e-type=\"widget\" data-settings=\"{&quot;video_type&quot;:&quot;hosted&quot;,&quot;controls&quot;:&quot;yes&quot;}\" data-widget_type=\"video.default\">\n\t\t\t\t\t\t\t<div class=\"e-hosted-video elementor-wrapper elementor-open-inline\">\n\t\t\t\t\t<video class=\"elementor-video\" src=\"https:\/\/be-accepted.com\/wp-content\/uploads\/2023\/02\/mojo_video.mp4\" controls=\"\" preload=\"metadata\" controlsList=\"nodownload\"><\/video>\n\t\t\t\t<\/div>\n\t\t\t\t\t\t<\/div>\n\t\t\t\t<\/div>\n\t\t<div class=\"elementor-element elementor-element-8befd10 e-con-full e-flex e-con e-child\" data-id=\"8befd10\" data-element_type=\"container\" data-e-type=\"container\" data-settings=\"{&quot;background_background&quot;:&quot;classic&quot;}\">\n\t\t\t\t<div class=\"elementor-element elementor-element-fab0c44 elementor-widget elementor-widget-heading\" data-id=\"fab0c44\" data-element_type=\"widget\" data-e-type=\"widget\" data-widget_type=\"heading.default\">\n\t\t\t\t\t<h4 class=\"elementor-heading-title elementor-size-default\">Fermenta\u00e7\u00e3o do lim\u00e3o<\/h4>\t\t\t\t<\/div>\n\t\t\t\t<div class=\"elementor-element elementor-element-668f3c2 elementor-widget__width-inherit elementor-widget elementor-widget-video\" data-id=\"668f3c2\" data-element_type=\"widget\" data-e-type=\"widget\" data-settings=\"{&quot;video_type&quot;:&quot;hosted&quot;,&quot;controls&quot;:&quot;yes&quot;}\" data-widget_type=\"video.default\">\n\t\t\t\t\t\t\t<div class=\"e-hosted-video elementor-wrapper elementor-open-inline\">\n\t\t\t\t\t<video class=\"elementor-video\" src=\"https:\/\/be-accepted.com\/wp-content\/uploads\/2023\/02\/F085D56D-3CDF-430E-ABDD-AEC03DA9C17C.mp4\" controls=\"\" preload=\"metadata\" controlsList=\"nodownload\"><\/video>\n\t\t\t\t<\/div>\n\t\t\t\t\t\t<\/div>\n\t\t\t\t<\/div>\n\t\t<div class=\"elementor-element elementor-element-4d1e8c8 e-con-full e-flex e-con e-child\" data-id=\"4d1e8c8\" data-element_type=\"container\" data-e-type=\"container\" data-settings=\"{&quot;background_background&quot;:&quot;classic&quot;}\">\n\t\t\t\t<div class=\"elementor-element elementor-element-5c2f9cf elementor-widget elementor-widget-heading\" data-id=\"5c2f9cf\" data-element_type=\"widget\" data-e-type=\"widget\" data-widget_type=\"heading.default\">\n\t\t\t\t\t<h4 class=\"elementor-heading-title elementor-size-default\">Refor\u00e7o anti-inflamat\u00f3rio do sistema imunit\u00e1rio: Lim\u00e3o * Curcuma * Pimenta preta * \u00c1gua quente  <\/h4>\t\t\t\t<\/div>\n\t\t\t\t<div class=\"elementor-element elementor-element-74bf60c elementor-widget__width-inherit elementor-widget elementor-widget-video\" data-id=\"74bf60c\" data-element_type=\"widget\" data-e-type=\"widget\" data-settings=\"{&quot;video_type&quot;:&quot;hosted&quot;,&quot;controls&quot;:&quot;yes&quot;}\" data-widget_type=\"video.default\">\n\t\t\t\t\t\t\t<div class=\"e-hosted-video elementor-wrapper elementor-open-inline\">\n\t\t\t\t\t<video class=\"elementor-video\" src=\"https:\/\/be-accepted.com\/wp-content\/uploads\/2023\/02\/mojo_video-1.mp4\" controls=\"\" preload=\"metadata\" controlsList=\"nodownload\"><\/video>\n\t\t\t\t<\/div>\n\t\t\t\t\t\t<\/div>\n\t\t\t\t<\/div>\n\t\t<div class=\"elementor-element elementor-element-31d8ceb e-con-full e-flex e-con e-child\" data-id=\"31d8ceb\" data-element_type=\"container\" data-e-type=\"container\" data-settings=\"{&quot;background_background&quot;:&quot;classic&quot;}\">\n\t\t\t\t<div class=\"elementor-element elementor-element-a74a104 elementor-widget elementor-widget-heading\" data-id=\"a74a104\" data-element_type=\"widget\" data-e-type=\"widget\" data-widget_type=\"heading.default\">\n\t\t\t\t\t<h4 class=\"elementor-heading-title elementor-size-default\">Frango \u00e0 moda da panela instant\u00e2nea passo a passo<\/h4>\t\t\t\t<\/div>\n\t\t\t\t<div class=\"elementor-element elementor-element-4353f1a elementor-widget__width-inherit elementor-widget elementor-widget-video\" data-id=\"4353f1a\" data-element_type=\"widget\" data-e-type=\"widget\" data-settings=\"{&quot;video_type&quot;:&quot;hosted&quot;,&quot;controls&quot;:&quot;yes&quot;}\" data-widget_type=\"video.default\">\n\t\t\t\t\t\t\t<div class=\"e-hosted-video elementor-wrapper elementor-open-inline\">\n\t\t\t\t\t<video class=\"elementor-video\" src=\"https:\/\/be-accepted.com\/wp-content\/uploads\/2023\/02\/Instant-Pot-Chicken-Pho-Step-by-step.mp4\" controls=\"\" preload=\"metadata\" controlsList=\"nodownload\"><\/video>\n\t\t\t\t<\/div>\n\t\t\t\t\t\t<\/div>\n\t\t\t\t<\/div>\n\t\t\t\t<div class=\"elementor-element elementor-element-df0de87 stax-condition-yes stax-user_role_enabled-yes elementor-widget-divider--view-line elementor-widget elementor-widget-divider\" data-id=\"df0de87\" data-element_type=\"widget\" data-e-type=\"widget\" data-widget_type=\"divider.default\">\n\t\t\t\t\t\t\t<div class=\"elementor-divider\">\n\t\t\t<span class=\"elementor-divider-separator\">\n\t\t\t\t\t\t<\/span>\n\t\t<\/div>\n\t\t\t\t\t\t<\/div>\n\t\t\t\t<div class=\"elementor-element elementor-element-8e8d842 red-link stax-user_role_enabled-yes stax-condition-yes elementor-widget elementor-widget-text-editor\" data-id=\"8e8d842\" data-element_type=\"widget\" data-e-type=\"widget\" data-widget_type=\"text-editor.default\">\n\t\t\t\t\t\t\t\t\t<p><div class=\"swpm_mini_login_wrapper\"><span class=\"swpm_mini_login_login_here\"><a href=\"https:\/\/be-accepted.com\/my-account\/?swpm_redirect_to=https%3A%2F%2Fbe-accepted.com%2Fpt-pt%2Fwp-json%2Fwp%2Fv2%2Fpages%2F28591\">Login Here<\/a><\/span><span class=\"swpm_mini_login_no_membership\"> | Not a member? <\/span><span class=\"swpm_mini_login_join_now\"><a href=\"https:\/\/be-accepted.com\/produkt\/be-accepted-mitglied-werden\/\">Join Now<\/a><\/span><\/div><\/p>\t\t\t\t\t\t\t\t<\/div>\n\t\t\t\t\t<\/div>\n\t\t\t\t<\/div>\n\t\t\t\t<\/div>\n\t\t","protected":false},"excerpt":{"rendered":"<p>Fermenta\u00e7\u00e3o &#8220;simplesmente&#8221; saud\u00e1vel https:\/\/be-accepted.com\/wp-content\/uploads\/2023\/02\/mojo_video.mp4 Fermenta\u00e7\u00e3o do lim\u00e3o https:\/\/be-accepted.com\/wp-content\/uploads\/2023\/02\/F085D56D-3CDF-430E-ABDD-AEC03DA9C17C.mp4 Refor\u00e7o anti-inflamat\u00f3rio do sistema imunit\u00e1rio: Lim\u00e3o * Curcuma * Pimenta preta * \u00c1gua quente https:\/\/be-accepted.com\/wp-content\/uploads\/2023\/02\/mojo_video-1.mp4 Frango \u00e0 moda da panela instant\u00e2nea passo a passo https:\/\/be-accepted.com\/wp-content\/uploads\/2023\/02\/Instant-Pot-Chicken-Pho-Step-by-step.mp4<\/p>\n","protected":false},"author":14,"featured_media":0,"parent":28536,"menu_order":0,"comment_status":"closed","ping_status":"closed","template":"elementor_header_footer","meta":{"_acf_changed":false,"footnotes":""},"class_list":["post-28591","page","type-page","status-publish","hentry"],"acf":[],"yoast_head":"<!-- This site is optimized with the Yoast SEO plugin v27.6 - https:\/\/yoast.com\/product\/yoast-seo-wordpress\/ -->\n<title>Cozinhar - Be accepted<\/title>\n<meta name=\"robots\" content=\"index, follow, max-snippet:-1, max-image-preview:large, max-video-preview:-1\" \/>\n<link rel=\"canonical\" href=\"https:\/\/be-accepted.com\/pt-pt\/workshops\/cozinhar\/\" \/>\n<meta property=\"og:locale\" content=\"pt_PT\" \/>\n<meta property=\"og:type\" content=\"article\" \/>\n<meta property=\"og:title\" content=\"Cozinhar - Be accepted\" \/>\n<meta property=\"og:description\" content=\"Fermenta\u00e7\u00e3o &#8220;simplesmente&#8221; saud\u00e1vel https:\/\/be-accepted.com\/wp-content\/uploads\/2023\/02\/mojo_video.mp4 Fermenta\u00e7\u00e3o do lim\u00e3o https:\/\/be-accepted.com\/wp-content\/uploads\/2023\/02\/F085D56D-3CDF-430E-ABDD-AEC03DA9C17C.mp4 Refor\u00e7o anti-inflamat\u00f3rio do sistema imunit\u00e1rio: Lim\u00e3o * Curcuma * Pimenta preta * \u00c1gua quente https:\/\/be-accepted.com\/wp-content\/uploads\/2023\/02\/mojo_video-1.mp4 Frango \u00e0 moda da panela instant\u00e2nea passo a passo https:\/\/be-accepted.com\/wp-content\/uploads\/2023\/02\/Instant-Pot-Chicken-Pho-Step-by-step.mp4\" \/>\n<meta property=\"og:url\" content=\"https:\/\/be-accepted.com\/pt-pt\/workshops\/cozinhar\/\" \/>\n<meta property=\"og:site_name\" content=\"Be accepted\" \/>\n<meta property=\"article:modified_time\" content=\"2026-03-13T06:12:42+00:00\" \/>\n<meta name=\"twitter:card\" content=\"summary_large_image\" \/>\n<script type=\"application\/ld+json\" class=\"yoast-schema-graph\">{\"@context\":\"https:\\\/\\\/schema.org\",\"@graph\":[{\"@type\":\"WebPage\",\"@id\":\"https:\\\/\\\/be-accepted.com\\\/pt-pt\\\/workshops\\\/cozinhar\\\/\",\"url\":\"https:\\\/\\\/be-accepted.com\\\/pt-pt\\\/workshops\\\/cozinhar\\\/\",\"name\":\"Cozinhar - Be accepted\",\"isPartOf\":{\"@id\":\"https:\\\/\\\/be-accepted.com\\\/pt-pt\\\/#website\"},\"datePublished\":\"2024-09-20T13:41:30+00:00\",\"dateModified\":\"2026-03-13T06:12:42+00:00\",\"breadcrumb\":{\"@id\":\"https:\\\/\\\/be-accepted.com\\\/pt-pt\\\/workshops\\\/cozinhar\\\/#breadcrumb\"},\"inLanguage\":\"pt-PT\",\"potentialAction\":[{\"@type\":\"ReadAction\",\"target\":[\"https:\\\/\\\/be-accepted.com\\\/pt-pt\\\/workshops\\\/cozinhar\\\/\"]}]},{\"@type\":\"BreadcrumbList\",\"@id\":\"https:\\\/\\\/be-accepted.com\\\/pt-pt\\\/workshops\\\/cozinhar\\\/#breadcrumb\",\"itemListElement\":[{\"@type\":\"ListItem\",\"position\":1,\"name\":\"Startseite\",\"item\":\"https:\\\/\\\/be-accepted.com\\\/pt-pt\\\/se-aceite\\\/\"},{\"@type\":\"ListItem\",\"position\":2,\"name\":\"Workshops\",\"item\":\"https:\\\/\\\/be-accepted.com\\\/pt-pt\\\/workshops\\\/\"},{\"@type\":\"ListItem\",\"position\":3,\"name\":\"Cozinhar\"}]},{\"@type\":\"WebSite\",\"@id\":\"https:\\\/\\\/be-accepted.com\\\/pt-pt\\\/#website\",\"url\":\"https:\\\/\\\/be-accepted.com\\\/pt-pt\\\/\",\"name\":\"Be accepted\",\"description\":\"Be accepted by Caro\",\"publisher\":{\"@id\":\"https:\\\/\\\/be-accepted.com\\\/pt-pt\\\/#organization\"},\"potentialAction\":[{\"@type\":\"SearchAction\",\"target\":{\"@type\":\"EntryPoint\",\"urlTemplate\":\"https:\\\/\\\/be-accepted.com\\\/pt-pt\\\/?s={search_term_string}\"},\"query-input\":{\"@type\":\"PropertyValueSpecification\",\"valueRequired\":true,\"valueName\":\"search_term_string\"}}],\"inLanguage\":\"pt-PT\"},{\"@type\":\"Organization\",\"@id\":\"https:\\\/\\\/be-accepted.com\\\/pt-pt\\\/#organization\",\"name\":\"BE accepted\",\"url\":\"https:\\\/\\\/be-accepted.com\\\/pt-pt\\\/\",\"logo\":{\"@type\":\"ImageObject\",\"inLanguage\":\"pt-PT\",\"@id\":\"https:\\\/\\\/be-accepted.com\\\/pt-pt\\\/#\\\/schema\\\/logo\\\/image\\\/\",\"url\":\"\",\"contentUrl\":\"\",\"caption\":\"BE accepted\"},\"image\":{\"@id\":\"https:\\\/\\\/be-accepted.com\\\/pt-pt\\\/#\\\/schema\\\/logo\\\/image\\\/\"}}]}<\/script>\n<!-- \/ Yoast SEO plugin. -->","yoast_head_json":{"title":"Cozinhar - Be accepted","robots":{"index":"index","follow":"follow","max-snippet":"max-snippet:-1","max-image-preview":"max-image-preview:large","max-video-preview":"max-video-preview:-1"},"canonical":"https:\/\/be-accepted.com\/pt-pt\/workshops\/cozinhar\/","og_locale":"pt_PT","og_type":"article","og_title":"Cozinhar - Be accepted","og_description":"Fermenta\u00e7\u00e3o &#8220;simplesmente&#8221; saud\u00e1vel https:\/\/be-accepted.com\/wp-content\/uploads\/2023\/02\/mojo_video.mp4 Fermenta\u00e7\u00e3o do lim\u00e3o https:\/\/be-accepted.com\/wp-content\/uploads\/2023\/02\/F085D56D-3CDF-430E-ABDD-AEC03DA9C17C.mp4 Refor\u00e7o anti-inflamat\u00f3rio do sistema imunit\u00e1rio: Lim\u00e3o * Curcuma * Pimenta preta * \u00c1gua quente https:\/\/be-accepted.com\/wp-content\/uploads\/2023\/02\/mojo_video-1.mp4 Frango \u00e0 moda da panela instant\u00e2nea passo a passo https:\/\/be-accepted.com\/wp-content\/uploads\/2023\/02\/Instant-Pot-Chicken-Pho-Step-by-step.mp4","og_url":"https:\/\/be-accepted.com\/pt-pt\/workshops\/cozinhar\/","og_site_name":"Be accepted","article_modified_time":"2026-03-13T06:12:42+00:00","twitter_card":"summary_large_image","schema":{"@context":"https:\/\/schema.org","@graph":[{"@type":"WebPage","@id":"https:\/\/be-accepted.com\/pt-pt\/workshops\/cozinhar\/","url":"https:\/\/be-accepted.com\/pt-pt\/workshops\/cozinhar\/","name":"Cozinhar - Be accepted","isPartOf":{"@id":"https:\/\/be-accepted.com\/pt-pt\/#website"},"datePublished":"2024-09-20T13:41:30+00:00","dateModified":"2026-03-13T06:12:42+00:00","breadcrumb":{"@id":"https:\/\/be-accepted.com\/pt-pt\/workshops\/cozinhar\/#breadcrumb"},"inLanguage":"pt-PT","potentialAction":[{"@type":"ReadAction","target":["https:\/\/be-accepted.com\/pt-pt\/workshops\/cozinhar\/"]}]},{"@type":"BreadcrumbList","@id":"https:\/\/be-accepted.com\/pt-pt\/workshops\/cozinhar\/#breadcrumb","itemListElement":[{"@type":"ListItem","position":1,"name":"Startseite","item":"https:\/\/be-accepted.com\/pt-pt\/se-aceite\/"},{"@type":"ListItem","position":2,"name":"Workshops","item":"https:\/\/be-accepted.com\/pt-pt\/workshops\/"},{"@type":"ListItem","position":3,"name":"Cozinhar"}]},{"@type":"WebSite","@id":"https:\/\/be-accepted.com\/pt-pt\/#website","url":"https:\/\/be-accepted.com\/pt-pt\/","name":"Be accepted","description":"Be accepted by Caro","publisher":{"@id":"https:\/\/be-accepted.com\/pt-pt\/#organization"},"potentialAction":[{"@type":"SearchAction","target":{"@type":"EntryPoint","urlTemplate":"https:\/\/be-accepted.com\/pt-pt\/?s={search_term_string}"},"query-input":{"@type":"PropertyValueSpecification","valueRequired":true,"valueName":"search_term_string"}}],"inLanguage":"pt-PT"},{"@type":"Organization","@id":"https:\/\/be-accepted.com\/pt-pt\/#organization","name":"BE accepted","url":"https:\/\/be-accepted.com\/pt-pt\/","logo":{"@type":"ImageObject","inLanguage":"pt-PT","@id":"https:\/\/be-accepted.com\/pt-pt\/#\/schema\/logo\/image\/","url":"","contentUrl":"","caption":"BE accepted"},"image":{"@id":"https:\/\/be-accepted.com\/pt-pt\/#\/schema\/logo\/image\/"}}]}},"_links":{"self":[{"href":"https:\/\/be-accepted.com\/pt-pt\/wp-json\/wp\/v2\/pages\/28591","targetHints":{"allow":["GET"]}}],"collection":[{"href":"https:\/\/be-accepted.com\/pt-pt\/wp-json\/wp\/v2\/pages"}],"about":[{"href":"https:\/\/be-accepted.com\/pt-pt\/wp-json\/wp\/v2\/types\/page"}],"author":[{"embeddable":true,"href":"https:\/\/be-accepted.com\/pt-pt\/wp-json\/wp\/v2\/users\/14"}],"replies":[{"embeddable":true,"href":"https:\/\/be-accepted.com\/pt-pt\/wp-json\/wp\/v2\/comments?post=28591"}],"version-history":[{"count":0,"href":"https:\/\/be-accepted.com\/pt-pt\/wp-json\/wp\/v2\/pages\/28591\/revisions"}],"up":[{"embeddable":true,"href":"https:\/\/be-accepted.com\/pt-pt\/wp-json\/wp\/v2\/pages\/28536"}],"wp:attachment":[{"href":"https:\/\/be-accepted.com\/pt-pt\/wp-json\/wp\/v2\/media?parent=28591"}],"curies":[{"name":"wp","href":"https:\/\/api.w.org\/{rel}","templated":true}]}}