{"id":28695,"date":"2024-09-20T13:45:29","date_gmt":"2024-09-20T13:45:29","guid":{"rendered":"https:\/\/be-accepted.com\/inteligente-8\/"},"modified":"2025-02-25T15:33:29","modified_gmt":"2025-02-25T15:33:29","slug":"inteligente-8","status":"publish","type":"page","link":"https:\/\/be-accepted.com\/pt-pt\/inteligente-8\/","title":{"rendered":"Inteligente 8"},"content":{"rendered":"\t\t<div data-elementor-type=\"wp-page\" data-elementor-id=\"28695\" class=\"elementor elementor-28695 elementor-1973\" data-elementor-post-type=\"page\">\n\t\t\t\t<div class=\"elementor-element elementor-element-d10c5f2 e-flex e-con-boxed e-con e-parent\" data-id=\"d10c5f2\" data-element_type=\"container\" data-e-type=\"container\" data-settings=\"{&quot;background_background&quot;:&quot;classic&quot;}\">\n\t\t\t\t\t<div class=\"e-con-inner\">\n\t\t<div class=\"elementor-element elementor-element-329c9e1 e-con-full e-flex e-con e-child\" data-id=\"329c9e1\" data-element_type=\"container\" data-e-type=\"container\">\n\t\t\t\t<div class=\"elementor-element elementor-element-460dfdf elementor-invisible elementor-widget elementor-widget-heading\" data-id=\"460dfdf\" data-element_type=\"widget\" data-e-type=\"widget\" data-settings=\"{&quot;_animation&quot;:&quot;fadeInDown&quot;}\" data-widget_type=\"heading.default\">\n\t\t\t\t\t<h2 class=\"elementor-heading-title elementor-size-default\">Sobre n\u00f3s<\/h2>\t\t\t\t<\/div>\n\t\t\t\t<\/div>\n\t\t\t\t\t<\/div>\n\t\t\t\t<\/div>\n\t\t<div class=\"elementor-element elementor-element-5577a4f e-flex e-con-boxed e-con e-parent\" data-id=\"5577a4f\" data-element_type=\"container\" data-e-type=\"container\">\n\t\t\t\t\t<div class=\"e-con-inner\">\n\t\t<div class=\"elementor-element elementor-element-7cb1237 e-con-full e-flex e-con e-child\" data-id=\"7cb1237\" data-element_type=\"container\" data-e-type=\"container\">\n\t\t\t\t<div class=\"elementor-element elementor-element-44d2ab0 elementor-widget__width-initial elementor-widget elementor-widget-text-editor\" data-id=\"44d2ab0\" data-element_type=\"widget\" data-e-type=\"widget\" data-widget_type=\"text-editor.default\">\n\t\t\t\t\t\t\t\t\t<p style=\"text-align: justify;\">\u00a0<\/p><p style=\"text-align: justify;\">A Caro sabe o que significa receber um diagn\u00f3stico de cancro. A  conhece o tema do cancro enquanto familiar de algu\u00e9m doente.<br \/>Ambas gostamos de rir e de viver e conseguimos focar nos aspetos positivos, por mais dif\u00edcil que isso pare\u00e7a.<\/p><p style=\"text-align: justify;\">Queremos ser as tuas companheiras, motivadoras e fontes de informa\u00e7\u00e3o nos dias bons e maus e acompanhar-te na tua &#8220;montanha-russa&#8221; pessoal. N\u00e3o podemos prometer uma cura, mas ajudar-te-emos a tornar este<br \/>per\u00edodo, a tua &#8220;nova&#8221; vida, no mais positivo e bonito poss\u00edvel.<\/p><p style=\"text-align: justify;\">Os sucessos do tratamento n\u00e3o s\u00e3o um milagre, mas o resultado de uma equipa m\u00e9dica coordenada, do ambiente envolvente e de pacientes ativas e determinadas.<\/p><p style=\"text-align: justify;\">A revista \u00e9 o teu guia que estabelece uma ponte entre a medicina convencional e a medicina complementar e que te d\u00e1 uma vantagem em termos de tempo e de conhecimento com informa\u00e7\u00f5es bem fundamentadas.<\/p>\t\t\t\t\t\t\t\t<\/div>\n\t\t\t\t<div class=\"elementor-element elementor-element-c8d8aa9 elementor-widget__width-initial elementor-widget elementor-widget-text-editor\" data-id=\"c8d8aa9\" data-element_type=\"widget\" data-e-type=\"widget\" data-widget_type=\"text-editor.default\">\n\t\t\t\t\t\t\t\t\t<p style=\"text-align: justify;\"><strong>Com a BE accepted, damos-te uma perspetiva para come\u00e7ares desde j\u00e1 a ser uma paciente ativa e capaz de navegar nestas \u00e1guas.<\/strong><\/p>\n<p style=\"text-align: justify;\">&#8220;ACCEPT \u2013 VISUALIZE \u2013 ACT \u2013 KEEP ACTING.&#8221;<\/p>\n<p style=\"text-align: justify;\">Este \u00e9 o princ\u00edpio orientador que resume o que importa agora.<\/p>\n<p style=\"text-align: justify;\">O objetivo \u00e9 poder receber o maior n\u00famero poss\u00edvel de tratamentos m\u00e9dicos convencionais. Para tal, tens de te fortalecer continuamente, f\u00edsica e psicologicamente, porque o teu corpo e a tua mente t\u00eam de dar o seu melhor, tal como os melhores atletas de alta competi\u00e7\u00e3o. Iremos apresentar-te as op\u00e7\u00f5es para escolheres as mais adequadas para ti. Todos os m\u00e9todos que descrevemos s\u00e3o eficazes e f\u00e1ceis de aplicar no dia a dia. Trata-se da combina\u00e7\u00e3o e da aplica\u00e7\u00e3o de todas as rubricas.<\/p>\n<p style=\"text-align: justify;\">Um pouco por todo o mundo, h\u00e1 muitos estudos (incluindo um da Universidade de Stanford) que mostram como a probabilidade de cura \u00e9 significativamente aumentada pela combina\u00e7\u00e3o efetiva e concreta da medicina convencional com a medicina complementar.<br>Al\u00e9m da revista impressa, existe o nosso site www. be-accepted.com, que te oferece uma fonte cont\u00ednua com todos os conselhos necess\u00e1rios para &#8220;continuares em frente&#8221;. Com o site, queremos colocar ao alcance de todas as mulheres o know-how dos principais especialistas e de um mundo de oportunidades, por um valor acess\u00edvel. A\u00ed encontrar\u00e1s v\u00eddeos, cursos, palestras, podcasts, v\u00eddeos de especialistas, uma sala de conversa\u00e7\u00e3o, receitas e uma loja. O tema &#8220;ser mulher, permanecer mulher&#8221; \u00e9 especialmente importante para n\u00f3s. Porque mesmo que o cancro afete a nossa ess\u00eancia feminina, continuamos a ser mulheres que desejam sentir e viver a respetiva feminilidade.<\/p>\n<p style=\"text-align: justify;\">\u00c9 a tua vida e o cancro faz agora parte dela. Toma a tua decis\u00e3o e descobre do que \u00e9s capaz! Estamos aqui para ti e sabemos que \u00e9s mais forte do que aquilo que vem a\u00ed.<\/p>\t\t\t\t\t\t\t\t<\/div>\n\t\t\t\t<\/div>\n\t\t\t\t\t<\/div>\n\t\t\t\t<\/div>\n\t\t<div class=\"elementor-element elementor-element-0ba102b elementor-hidden-desktop elementor-hidden-tablet elementor-hidden-mobile e-flex e-con-boxed e-con e-parent\" data-id=\"0ba102b\" data-element_type=\"container\" data-e-type=\"container\">\n\t\t\t\t\t<div class=\"e-con-inner\">\n\t\t<div class=\"elementor-element elementor-element-85b7541 e-con-full e-flex e-con e-child\" data-id=\"85b7541\" data-element_type=\"container\" data-e-type=\"container\">\n\t\t\t\t<div class=\"elementor-element elementor-element-31ac201 elementor-align-center elementor-widget elementor-widget-button\" data-id=\"31ac201\" data-element_type=\"widget\" data-e-type=\"widget\" data-widget_type=\"button.default\">\n\t\t\t\t\t\t\t\t\t\t<a class=\"elementor-button elementor-button-link elementor-size-sm\" href=\"https:\/\/be-accepted.com\/pt-pt\/?page_id=28418\">\n\t\t\t\t\t\t<span class=\"elementor-button-content-wrapper\">\n\t\t\t\t\t\t\t\t\t<span class=\"elementor-button-text\">Os nossos especialistas<\/span>\n\t\t\t\t\t<\/span>\n\t\t\t\t\t<\/a>\n\t\t\t\t\t\t\t\t<\/div>\n\t\t\t\t<\/div>\n\t\t\t\t\t<\/div>\n\t\t\t\t<\/div>\n\t\t<div class=\"elementor-element elementor-element-3e5185a e-flex e-con-boxed e-con e-parent\" data-id=\"3e5185a\" data-element_type=\"container\" data-e-type=\"container\" data-settings=\"{&quot;background_background&quot;:&quot;classic&quot;}\">\n\t\t\t\t\t<div class=\"e-con-inner\">\n\t\t<div class=\"elementor-element elementor-element-7560994 e-con-full e-flex e-con e-child\" data-id=\"7560994\" data-element_type=\"container\" data-e-type=\"container\">\n\t\t\t\t<div class=\"elementor-element elementor-element-0938d66 elementor-widget elementor-widget-image\" data-id=\"0938d66\" data-element_type=\"widget\" data-e-type=\"widget\" data-widget_type=\"image.default\">\n\t\t\t\t\t\t\t\t\t\t\t\t\t\t\t\t<a href=\"https:\/\/be-accepted.com\/smart-8\/\">\n\t\t\t\t\t\t\t<img fetchpriority=\"high\" decoding=\"async\" width=\"549\" height=\"471\" src=\"https:\/\/be-accepted.com\/wp-content\/uploads\/2022\/07\/Be_Accepted_Octopus_Blue-1.png\" class=\"attachment-large size-large wp-image-2261\" alt=\"\" srcset=\"https:\/\/be-accepted.com\/wp-content\/uploads\/2022\/07\/Be_Accepted_Octopus_Blue-1.png 549w, https:\/\/be-accepted.com\/wp-content\/uploads\/2022\/07\/Be_Accepted_Octopus_Blue-1-450x386.png 450w, https:\/\/be-accepted.com\/wp-content\/uploads\/2022\/07\/Be_Accepted_Octopus_Blue-1-300x257.png 300w\" sizes=\"(max-width: 549px) 100vw, 549px\" \/>\t\t\t\t\t\t\t\t<\/a>\n\t\t\t\t\t\t\t\t\t\t\t\t\t\t\t<\/div>\n\t\t\t\t<div class=\"elementor-element elementor-element-e986412 elementor-widget elementor-widget-heading\" data-id=\"e986412\" data-element_type=\"widget\" data-e-type=\"widget\" data-widget_type=\"heading.default\">\n\t\t\t\t\t<h2 class=\"elementor-heading-title elementor-size-default\">Casa do smart 8<\/h2>\t\t\t\t<\/div>\n\t\t\t\t<div class=\"elementor-element elementor-element-ca46565 elementor-widget__width-inherit elementor-widget elementor-widget-text-editor\" data-id=\"ca46565\" data-element_type=\"widget\" data-e-type=\"widget\" data-widget_type=\"text-editor.default\">\n\t\t\t\t\t\t\t\t\t<p style=\"text-align: justify;\">Os 8 tent\u00e1culos do polvo representam as categorias de Ser aceite.<br \/>\nTodos eles funcionam bem por si s\u00f3, mas o polvo s\u00f3 consegue dar o seu melhor se os usar em conjunto.<br \/>\nAcontece exatamente o mesmo com o nosso corpo.<br \/>\nCada vez mais estudos em todo o mundo, incluindo a Universidade de Stanford, provam que a possibilidade de cura aumenta com uma combina\u00e7\u00e3o sensata de medicina convencional e complementar.<br \/>\nNas nossas 8 sec\u00e7\u00f5es, mostramos-te como podes fortalecer-te mental e fisicamente para receberes o maior n\u00famero poss\u00edvel de tratamentos m\u00e9dicos convencionais.<br \/>\nCada sec\u00e7\u00e3o apresenta diferentes op\u00e7\u00f5es entre as quais podes escolher a que mais te conv\u00e9m.<br \/>\nN\u00e3o \u00e9 importante qual delas escolhes, apenas que tomes medidas e utilizes o poder da combina\u00e7\u00e3o de todas elas.      <\/p>\n\t\t\t\t\t\t\t\t<\/div>\n\t\t\t\t<\/div>\n\t\t\t\t\t<\/div>\n\t\t\t\t<\/div>\n\t\t\t\t<\/div>\n\t\t","protected":false},"excerpt":{"rendered":"<p>Sobre n\u00f3s \u00a0 A Caro sabe o que significa receber um diagn\u00f3stico de cancro. A conhece o tema do cancro enquanto familiar de algu\u00e9m doente.Ambas gostamos de rir e de viver e conseguimos focar nos aspetos positivos, por mais dif\u00edcil que isso pare\u00e7a. Queremos ser as tuas companheiras, motivadoras e fontes de informa\u00e7\u00e3o nos dias [&hellip;]<\/p>\n","protected":false},"author":14,"featured_media":0,"parent":0,"menu_order":0,"comment_status":"closed","ping_status":"closed","template":"elementor_header_footer","meta":{"_acf_changed":false,"footnotes":""},"class_list":["post-28695","page","type-page","status-publish","hentry"],"acf":[],"yoast_head":"<!-- This site is optimized with the Yoast SEO plugin v27.6 - https:\/\/yoast.com\/product\/yoast-seo-wordpress\/ -->\n<title>Inteligente 8 - Be accepted<\/title>\n<meta name=\"robots\" content=\"index, follow, max-snippet:-1, max-image-preview:large, max-video-preview:-1\" \/>\n<link rel=\"canonical\" href=\"https:\/\/be-accepted.com\/pt-pt\/inteligente-8\/\" \/>\n<meta property=\"og:locale\" content=\"pt_PT\" \/>\n<meta property=\"og:type\" content=\"article\" \/>\n<meta property=\"og:title\" content=\"Inteligente 8 - Be accepted\" \/>\n<meta property=\"og:description\" content=\"Sobre n\u00f3s \u00a0 A Caro sabe o que significa receber um diagn\u00f3stico de cancro. A conhece o tema do cancro enquanto familiar de algu\u00e9m doente.Ambas gostamos de rir e de viver e conseguimos focar nos aspetos positivos, por mais dif\u00edcil que isso pare\u00e7a. Queremos ser as tuas companheiras, motivadoras e fontes de informa\u00e7\u00e3o nos dias [&hellip;]\" \/>\n<meta property=\"og:url\" content=\"https:\/\/be-accepted.com\/pt-pt\/inteligente-8\/\" \/>\n<meta property=\"og:site_name\" content=\"Be accepted\" \/>\n<meta property=\"article:modified_time\" content=\"2025-02-25T15:33:29+00:00\" \/>\n<meta property=\"og:image\" content=\"https:\/\/be-accepted.com\/wp-content\/uploads\/2022\/07\/Be_Accepted_Octopus_Blue-1.png\" \/>\n\t<meta property=\"og:image:width\" content=\"549\" \/>\n\t<meta property=\"og:image:height\" content=\"471\" \/>\n\t<meta property=\"og:image:type\" content=\"image\/png\" \/>\n<meta name=\"twitter:card\" content=\"summary_large_image\" \/>\n<meta name=\"twitter:label1\" content=\"Tempo estimado de leitura\" \/>\n\t<meta name=\"twitter:data1\" content=\"4 minutos\" \/>\n<script type=\"application\/ld+json\" class=\"yoast-schema-graph\">{\"@context\":\"https:\\\/\\\/schema.org\",\"@graph\":[{\"@type\":\"WebPage\",\"@id\":\"https:\\\/\\\/be-accepted.com\\\/pt-pt\\\/inteligente-8\\\/\",\"url\":\"https:\\\/\\\/be-accepted.com\\\/pt-pt\\\/inteligente-8\\\/\",\"name\":\"Inteligente 8 - Be accepted\",\"isPartOf\":{\"@id\":\"https:\\\/\\\/be-accepted.com\\\/pt-pt\\\/#website\"},\"primaryImageOfPage\":{\"@id\":\"https:\\\/\\\/be-accepted.com\\\/pt-pt\\\/inteligente-8\\\/#primaryimage\"},\"image\":{\"@id\":\"https:\\\/\\\/be-accepted.com\\\/pt-pt\\\/inteligente-8\\\/#primaryimage\"},\"thumbnailUrl\":\"https:\\\/\\\/be-accepted.com\\\/wp-content\\\/uploads\\\/2022\\\/07\\\/Be_Accepted_Octopus_Blue-1.png\",\"datePublished\":\"2024-09-20T13:45:29+00:00\",\"dateModified\":\"2025-02-25T15:33:29+00:00\",\"breadcrumb\":{\"@id\":\"https:\\\/\\\/be-accepted.com\\\/pt-pt\\\/inteligente-8\\\/#breadcrumb\"},\"inLanguage\":\"pt-PT\",\"potentialAction\":[{\"@type\":\"ReadAction\",\"target\":[\"https:\\\/\\\/be-accepted.com\\\/pt-pt\\\/inteligente-8\\\/\"]}]},{\"@type\":\"ImageObject\",\"inLanguage\":\"pt-PT\",\"@id\":\"https:\\\/\\\/be-accepted.com\\\/pt-pt\\\/inteligente-8\\\/#primaryimage\",\"url\":\"https:\\\/\\\/be-accepted.com\\\/wp-content\\\/uploads\\\/2022\\\/07\\\/Be_Accepted_Octopus_Blue-1.png\",\"contentUrl\":\"https:\\\/\\\/be-accepted.com\\\/wp-content\\\/uploads\\\/2022\\\/07\\\/Be_Accepted_Octopus_Blue-1.png\"},{\"@type\":\"BreadcrumbList\",\"@id\":\"https:\\\/\\\/be-accepted.com\\\/pt-pt\\\/inteligente-8\\\/#breadcrumb\",\"itemListElement\":[{\"@type\":\"ListItem\",\"position\":1,\"name\":\"Startseite\",\"item\":\"https:\\\/\\\/be-accepted.com\\\/pt-pt\\\/se-aceite\\\/\"},{\"@type\":\"ListItem\",\"position\":2,\"name\":\"Inteligente 8\"}]},{\"@type\":\"WebSite\",\"@id\":\"https:\\\/\\\/be-accepted.com\\\/pt-pt\\\/#website\",\"url\":\"https:\\\/\\\/be-accepted.com\\\/pt-pt\\\/\",\"name\":\"Be accepted\",\"description\":\"Be accepted by Caro\",\"publisher\":{\"@id\":\"https:\\\/\\\/be-accepted.com\\\/pt-pt\\\/#organization\"},\"potentialAction\":[{\"@type\":\"SearchAction\",\"target\":{\"@type\":\"EntryPoint\",\"urlTemplate\":\"https:\\\/\\\/be-accepted.com\\\/pt-pt\\\/?s={search_term_string}\"},\"query-input\":{\"@type\":\"PropertyValueSpecification\",\"valueRequired\":true,\"valueName\":\"search_term_string\"}}],\"inLanguage\":\"pt-PT\"},{\"@type\":\"Organization\",\"@id\":\"https:\\\/\\\/be-accepted.com\\\/pt-pt\\\/#organization\",\"name\":\"BE accepted\",\"url\":\"https:\\\/\\\/be-accepted.com\\\/pt-pt\\\/\",\"logo\":{\"@type\":\"ImageObject\",\"inLanguage\":\"pt-PT\",\"@id\":\"https:\\\/\\\/be-accepted.com\\\/pt-pt\\\/#\\\/schema\\\/logo\\\/image\\\/\",\"url\":\"\",\"contentUrl\":\"\",\"caption\":\"BE accepted\"},\"image\":{\"@id\":\"https:\\\/\\\/be-accepted.com\\\/pt-pt\\\/#\\\/schema\\\/logo\\\/image\\\/\"}}]}<\/script>\n<!-- \/ Yoast SEO plugin. -->","yoast_head_json":{"title":"Inteligente 8 - Be accepted","robots":{"index":"index","follow":"follow","max-snippet":"max-snippet:-1","max-image-preview":"max-image-preview:large","max-video-preview":"max-video-preview:-1"},"canonical":"https:\/\/be-accepted.com\/pt-pt\/inteligente-8\/","og_locale":"pt_PT","og_type":"article","og_title":"Inteligente 8 - Be accepted","og_description":"Sobre n\u00f3s \u00a0 A Caro sabe o que significa receber um diagn\u00f3stico de cancro. A conhece o tema do cancro enquanto familiar de algu\u00e9m doente.Ambas gostamos de rir e de viver e conseguimos focar nos aspetos positivos, por mais dif\u00edcil que isso pare\u00e7a. Queremos ser as tuas companheiras, motivadoras e fontes de informa\u00e7\u00e3o nos dias [&hellip;]","og_url":"https:\/\/be-accepted.com\/pt-pt\/inteligente-8\/","og_site_name":"Be accepted","article_modified_time":"2025-02-25T15:33:29+00:00","og_image":[{"width":549,"height":471,"url":"https:\/\/be-accepted.com\/wp-content\/uploads\/2022\/07\/Be_Accepted_Octopus_Blue-1.png","type":"image\/png"}],"twitter_card":"summary_large_image","twitter_misc":{"Tempo estimado de leitura":"4 minutos"},"schema":{"@context":"https:\/\/schema.org","@graph":[{"@type":"WebPage","@id":"https:\/\/be-accepted.com\/pt-pt\/inteligente-8\/","url":"https:\/\/be-accepted.com\/pt-pt\/inteligente-8\/","name":"Inteligente 8 - Be accepted","isPartOf":{"@id":"https:\/\/be-accepted.com\/pt-pt\/#website"},"primaryImageOfPage":{"@id":"https:\/\/be-accepted.com\/pt-pt\/inteligente-8\/#primaryimage"},"image":{"@id":"https:\/\/be-accepted.com\/pt-pt\/inteligente-8\/#primaryimage"},"thumbnailUrl":"https:\/\/be-accepted.com\/wp-content\/uploads\/2022\/07\/Be_Accepted_Octopus_Blue-1.png","datePublished":"2024-09-20T13:45:29+00:00","dateModified":"2025-02-25T15:33:29+00:00","breadcrumb":{"@id":"https:\/\/be-accepted.com\/pt-pt\/inteligente-8\/#breadcrumb"},"inLanguage":"pt-PT","potentialAction":[{"@type":"ReadAction","target":["https:\/\/be-accepted.com\/pt-pt\/inteligente-8\/"]}]},{"@type":"ImageObject","inLanguage":"pt-PT","@id":"https:\/\/be-accepted.com\/pt-pt\/inteligente-8\/#primaryimage","url":"https:\/\/be-accepted.com\/wp-content\/uploads\/2022\/07\/Be_Accepted_Octopus_Blue-1.png","contentUrl":"https:\/\/be-accepted.com\/wp-content\/uploads\/2022\/07\/Be_Accepted_Octopus_Blue-1.png"},{"@type":"BreadcrumbList","@id":"https:\/\/be-accepted.com\/pt-pt\/inteligente-8\/#breadcrumb","itemListElement":[{"@type":"ListItem","position":1,"name":"Startseite","item":"https:\/\/be-accepted.com\/pt-pt\/se-aceite\/"},{"@type":"ListItem","position":2,"name":"Inteligente 8"}]},{"@type":"WebSite","@id":"https:\/\/be-accepted.com\/pt-pt\/#website","url":"https:\/\/be-accepted.com\/pt-pt\/","name":"Be accepted","description":"Be accepted by Caro","publisher":{"@id":"https:\/\/be-accepted.com\/pt-pt\/#organization"},"potentialAction":[{"@type":"SearchAction","target":{"@type":"EntryPoint","urlTemplate":"https:\/\/be-accepted.com\/pt-pt\/?s={search_term_string}"},"query-input":{"@type":"PropertyValueSpecification","valueRequired":true,"valueName":"search_term_string"}}],"inLanguage":"pt-PT"},{"@type":"Organization","@id":"https:\/\/be-accepted.com\/pt-pt\/#organization","name":"BE accepted","url":"https:\/\/be-accepted.com\/pt-pt\/","logo":{"@type":"ImageObject","inLanguage":"pt-PT","@id":"https:\/\/be-accepted.com\/pt-pt\/#\/schema\/logo\/image\/","url":"","contentUrl":"","caption":"BE accepted"},"image":{"@id":"https:\/\/be-accepted.com\/pt-pt\/#\/schema\/logo\/image\/"}}]}},"_links":{"self":[{"href":"https:\/\/be-accepted.com\/pt-pt\/wp-json\/wp\/v2\/pages\/28695","targetHints":{"allow":["GET"]}}],"collection":[{"href":"https:\/\/be-accepted.com\/pt-pt\/wp-json\/wp\/v2\/pages"}],"about":[{"href":"https:\/\/be-accepted.com\/pt-pt\/wp-json\/wp\/v2\/types\/page"}],"author":[{"embeddable":true,"href":"https:\/\/be-accepted.com\/pt-pt\/wp-json\/wp\/v2\/users\/14"}],"replies":[{"embeddable":true,"href":"https:\/\/be-accepted.com\/pt-pt\/wp-json\/wp\/v2\/comments?post=28695"}],"version-history":[{"count":0,"href":"https:\/\/be-accepted.com\/pt-pt\/wp-json\/wp\/v2\/pages\/28695\/revisions"}],"wp:attachment":[{"href":"https:\/\/be-accepted.com\/pt-pt\/wp-json\/wp\/v2\/media?parent=28695"}],"curies":[{"name":"wp","href":"https:\/\/api.w.org\/{rel}","templated":true}]}}