{"id":28702,"date":"2024-09-20T13:45:34","date_gmt":"2024-09-20T13:45:34","guid":{"rendered":"https:\/\/be-accepted.com\/impressao\/"},"modified":"2025-05-15T15:11:00","modified_gmt":"2025-05-15T15:11:00","slug":"impressao","status":"publish","type":"page","link":"https:\/\/be-accepted.com\/pt-pt\/impressao\/","title":{"rendered":"Impress\u00e3o"},"content":{"rendered":"\t\t<div data-elementor-type=\"wp-page\" data-elementor-id=\"28702\" class=\"elementor elementor-28702 elementor-2218\" data-elementor-post-type=\"page\">\n\t\t\t\t\t\t<section class=\"elementor-section elementor-top-section elementor-element elementor-element-322ac21 elementor-section-boxed elementor-section-height-default elementor-section-height-default\" data-id=\"322ac21\" data-element_type=\"section\" data-e-type=\"section\" data-settings=\"{&quot;background_background&quot;:&quot;classic&quot;}\">\n\t\t\t\t\t\t\t<div class=\"elementor-background-overlay\"><\/div>\n\t\t\t\t\t\t\t<div class=\"elementor-container elementor-column-gap-default\">\n\t\t\t\t\t<div class=\"elementor-column elementor-col-100 elementor-top-column elementor-element elementor-element-e7839dc\" data-id=\"e7839dc\" data-element_type=\"column\" data-e-type=\"column\">\n\t\t\t<div class=\"elementor-widget-wrap elementor-element-populated\">\n\t\t\t\t\t\t\t<\/div>\n\t\t<\/div>\n\t\t\t\t\t<\/div>\n\t\t<\/section>\n\t\t\t\t<section class=\"elementor-section elementor-top-section elementor-element elementor-element-1a638ad elementor-section-boxed elementor-section-height-default elementor-section-height-default\" data-id=\"1a638ad\" data-element_type=\"section\" data-e-type=\"section\">\n\t\t\t\t\t\t<div class=\"elementor-container elementor-column-gap-default\">\n\t\t\t\t\t<div class=\"elementor-column elementor-col-100 elementor-top-column elementor-element elementor-element-654ee67\" data-id=\"654ee67\" data-element_type=\"column\" data-e-type=\"column\">\n\t\t\t<div class=\"elementor-widget-wrap elementor-element-populated\">\n\t\t\t\t\t\t<div class=\"elementor-element elementor-element-3b2b6e5 elementor-widget elementor-widget-text-editor\" data-id=\"3b2b6e5\" data-element_type=\"widget\" data-e-type=\"widget\" data-widget_type=\"text-editor.default\">\n\t\t\t\t\t\t\t\t\t<p><strong>Propriet\u00e1rio e editor de meios de comunica\u00e7\u00e3o social<\/strong><\/p><p>S\u00ea aceite GmbH<\/p><p>Vegagasse 4\/2, 1190 Viena<\/p><p><strong>Contactos:<\/strong><\/p><p>Durante o nosso hor\u00e1rio de expediente, de segunda a sexta-feira, das 9.00 \u00e0s 13.00 horas, podes contactar-nos atrav\u00e9s do seguinte endere\u00e7o<\/p><p>Telefone: 0676 \/ 7766628<\/p><p>Podes enviar-nos uma mensagem de correio eletr\u00f3nico em qualquer altura para o seguinte endere\u00e7o eletr\u00f3nico:<\/p><p>Correio eletr\u00f3nico: <a href=\"mailto:office@be-accepted.com\">office@be-accepted.com<\/a><\/p><p><strong>Forma jur\u00eddica<\/strong>: Sociedade de responsabilidade limitada<\/p><p>FN 581324 p<\/p><p>Tribunal competente: Tribunal de Com\u00e9rcio de Viena<\/p><p><strong>UID: <\/strong>ATU 78176368<\/p><p><strong>Gest\u00e3o:<\/strong><\/p><p>Stephanie Bruggraber<\/p><h5><span style=\"color: var( --e-global-color-text );\">Vegagasse 4<\/span><\/h5><p>1190 Viena<\/p><p><strong>Responsabilidade editorial:<\/strong><\/p><p>Caroline Justich<\/p><p><strong>ramo de atividade:<\/strong><\/p><p>Empresa de comunica\u00e7\u00e3o social<\/p><p><strong>Alinhamento da linha m\u00e9dia\/foliar:<\/strong><\/p><p>Be accepted \u00e9 um guia para mulheres com um primeiro diagn\u00f3stico de cancro. O seu objetivo \u00e9 fornecer informa\u00e7\u00f5es sobre medicina convencional e medicina complementar selecionada.<\/p><p>Com\u00e9rcio livre<\/p><p>Membro da WKO Viena<\/p><p><strong>Programa\u00e7\u00e3o:<\/strong><\/p><p><a href=\"https:\/\/webmando.at\" target=\"_blank\" rel=\"noopener\">Webmando Websolutions KG<\/a><\/p><p>\u00a0<\/p><p><strong>Aviso Legal (Disclaimer):<\/strong><\/p><p>Esta revista foi preparada com o m\u00e1ximo cuidado. No entanto, n\u00e3o podemos garantir a exatid\u00e3o, integridade ou atualidade do conte\u00fado. O uso das informa\u00e7\u00f5es \u00e9 de inteira responsabilidade do leitor. Declaramos expressamente que todo o conte\u00fado desta revista tem car\u00e1ter exclusivamente informativo e n\u00e3o substitui, em hip\u00f3tese alguma, aconselhamento m\u00e9dico profissional.<\/p><p>Quaisquer declara\u00e7\u00f5es ou opini\u00f5es apresentadas refletem apenas a nossa vis\u00e3o e n\u00e3o constituem garantias, promessas ou asseguramentos quanto \u00e0 sua sa\u00fade, resultados de sa\u00fade ou mudan\u00e7as em seu estado de sa\u00fade.<\/p><p>Esclarecemos ainda que as informa\u00e7\u00f5es contidas nesta revista n\u00e3o devem ser interpretadas como aconselhamento m\u00e9dico ou psicol\u00f3gico profissional, mas apenas como material educativo.<\/p><p>Sempre consulte um profissional de sa\u00fade qualificado se tiver d\u00favidas sobre sua sa\u00fade. Nunca ignore conselhos m\u00e9dicos profissionais nem adie a busca por ajuda especializada com base em algo que leu nesta revista.<\/p><p>Embora esfor\u00e7os razo\u00e1veis sejam feitos para fornecer tradu\u00e7\u00f5es precisas de acordo com padr\u00f5es profissionais, podem ocorrer erros, omiss\u00f5es ou ambiguidades. N\u00e3o assumimos responsabilidade por quaisquer erros na tradu\u00e7\u00e3o para o ingl\u00eas. A Be accepted n\u00e3o se responsabiliza por quaisquer perdas causadas pela confian\u00e7a na precis\u00e3o ou confiabilidade das informa\u00e7\u00f5es traduzidas.<\/p>\t\t\t\t\t\t\t\t<\/div>\n\t\t\t\t\t<\/div>\n\t\t<\/div>\n\t\t\t\t\t<\/div>\n\t\t<\/section>\n\t\t\t\t<\/div>\n\t\t","protected":false},"excerpt":{"rendered":"<p>Propriet\u00e1rio e editor de meios de comunica\u00e7\u00e3o social S\u00ea aceite GmbH Vegagasse 4\/2, 1190 Viena Contactos: Durante o nosso hor\u00e1rio de expediente, de segunda a sexta-feira, das 9.00 \u00e0s 13.00 horas, podes contactar-nos atrav\u00e9s do seguinte endere\u00e7o Telefone: 0676 \/ 7766628 Podes enviar-nos uma mensagem de correio eletr\u00f3nico em qualquer altura para o seguinte endere\u00e7o [&hellip;]<\/p>\n","protected":false},"author":14,"featured_media":0,"parent":0,"menu_order":0,"comment_status":"closed","ping_status":"closed","template":"elementor_header_footer","meta":{"_acf_changed":false,"footnotes":""},"class_list":["post-28702","page","type-page","status-publish","hentry"],"acf":[],"yoast_head":"<!-- This site is optimized with the Yoast SEO plugin v27.6 - https:\/\/yoast.com\/product\/yoast-seo-wordpress\/ -->\n<title>Impress\u00e3o - Be accepted<\/title>\n<meta name=\"robots\" content=\"index, follow, max-snippet:-1, max-image-preview:large, max-video-preview:-1\" \/>\n<link rel=\"canonical\" href=\"https:\/\/be-accepted.com\/pt-pt\/impressao\/\" \/>\n<meta property=\"og:locale\" content=\"pt_PT\" \/>\n<meta property=\"og:type\" content=\"article\" \/>\n<meta property=\"og:title\" content=\"Impress\u00e3o - Be accepted\" \/>\n<meta property=\"og:description\" content=\"Propriet\u00e1rio e editor de meios de comunica\u00e7\u00e3o social S\u00ea aceite GmbH Vegagasse 4\/2, 1190 Viena Contactos: Durante o nosso hor\u00e1rio de expediente, de segunda a sexta-feira, das 9.00 \u00e0s 13.00 horas, podes contactar-nos atrav\u00e9s do seguinte endere\u00e7o Telefone: 0676 \/ 7766628 Podes enviar-nos uma mensagem de correio eletr\u00f3nico em qualquer altura para o seguinte endere\u00e7o [&hellip;]\" \/>\n<meta property=\"og:url\" content=\"https:\/\/be-accepted.com\/pt-pt\/impressao\/\" \/>\n<meta property=\"og:site_name\" content=\"Be accepted\" \/>\n<meta property=\"article:modified_time\" content=\"2025-05-15T15:11:00+00:00\" \/>\n<meta name=\"twitter:card\" content=\"summary_large_image\" \/>\n<meta name=\"twitter:label1\" content=\"Tempo estimado de leitura\" \/>\n\t<meta name=\"twitter:data1\" content=\"2 minutos\" \/>\n<script type=\"application\/ld+json\" class=\"yoast-schema-graph\">{\"@context\":\"https:\\\/\\\/schema.org\",\"@graph\":[{\"@type\":\"WebPage\",\"@id\":\"https:\\\/\\\/be-accepted.com\\\/pt-pt\\\/impressao\\\/\",\"url\":\"https:\\\/\\\/be-accepted.com\\\/pt-pt\\\/impressao\\\/\",\"name\":\"Impress\u00e3o - Be accepted\",\"isPartOf\":{\"@id\":\"https:\\\/\\\/be-accepted.com\\\/pt-pt\\\/#website\"},\"datePublished\":\"2024-09-20T13:45:34+00:00\",\"dateModified\":\"2025-05-15T15:11:00+00:00\",\"breadcrumb\":{\"@id\":\"https:\\\/\\\/be-accepted.com\\\/pt-pt\\\/impressao\\\/#breadcrumb\"},\"inLanguage\":\"pt-PT\",\"potentialAction\":[{\"@type\":\"ReadAction\",\"target\":[\"https:\\\/\\\/be-accepted.com\\\/pt-pt\\\/impressao\\\/\"]}]},{\"@type\":\"BreadcrumbList\",\"@id\":\"https:\\\/\\\/be-accepted.com\\\/pt-pt\\\/impressao\\\/#breadcrumb\",\"itemListElement\":[{\"@type\":\"ListItem\",\"position\":1,\"name\":\"Startseite\",\"item\":\"https:\\\/\\\/be-accepted.com\\\/pt-pt\\\/se-aceite\\\/\"},{\"@type\":\"ListItem\",\"position\":2,\"name\":\"Impress\u00e3o\"}]},{\"@type\":\"WebSite\",\"@id\":\"https:\\\/\\\/be-accepted.com\\\/pt-pt\\\/#website\",\"url\":\"https:\\\/\\\/be-accepted.com\\\/pt-pt\\\/\",\"name\":\"Be accepted\",\"description\":\"Be accepted by Caro\",\"publisher\":{\"@id\":\"https:\\\/\\\/be-accepted.com\\\/pt-pt\\\/#organization\"},\"potentialAction\":[{\"@type\":\"SearchAction\",\"target\":{\"@type\":\"EntryPoint\",\"urlTemplate\":\"https:\\\/\\\/be-accepted.com\\\/pt-pt\\\/?s={search_term_string}\"},\"query-input\":{\"@type\":\"PropertyValueSpecification\",\"valueRequired\":true,\"valueName\":\"search_term_string\"}}],\"inLanguage\":\"pt-PT\"},{\"@type\":\"Organization\",\"@id\":\"https:\\\/\\\/be-accepted.com\\\/pt-pt\\\/#organization\",\"name\":\"BE accepted\",\"url\":\"https:\\\/\\\/be-accepted.com\\\/pt-pt\\\/\",\"logo\":{\"@type\":\"ImageObject\",\"inLanguage\":\"pt-PT\",\"@id\":\"https:\\\/\\\/be-accepted.com\\\/pt-pt\\\/#\\\/schema\\\/logo\\\/image\\\/\",\"url\":\"\",\"contentUrl\":\"\",\"caption\":\"BE accepted\"},\"image\":{\"@id\":\"https:\\\/\\\/be-accepted.com\\\/pt-pt\\\/#\\\/schema\\\/logo\\\/image\\\/\"}}]}<\/script>\n<!-- \/ Yoast SEO plugin. -->","yoast_head_json":{"title":"Impress\u00e3o - Be accepted","robots":{"index":"index","follow":"follow","max-snippet":"max-snippet:-1","max-image-preview":"max-image-preview:large","max-video-preview":"max-video-preview:-1"},"canonical":"https:\/\/be-accepted.com\/pt-pt\/impressao\/","og_locale":"pt_PT","og_type":"article","og_title":"Impress\u00e3o - Be accepted","og_description":"Propriet\u00e1rio e editor de meios de comunica\u00e7\u00e3o social S\u00ea aceite GmbH Vegagasse 4\/2, 1190 Viena Contactos: Durante o nosso hor\u00e1rio de expediente, de segunda a sexta-feira, das 9.00 \u00e0s 13.00 horas, podes contactar-nos atrav\u00e9s do seguinte endere\u00e7o Telefone: 0676 \/ 7766628 Podes enviar-nos uma mensagem de correio eletr\u00f3nico em qualquer altura para o seguinte endere\u00e7o [&hellip;]","og_url":"https:\/\/be-accepted.com\/pt-pt\/impressao\/","og_site_name":"Be accepted","article_modified_time":"2025-05-15T15:11:00+00:00","twitter_card":"summary_large_image","twitter_misc":{"Tempo estimado de leitura":"2 minutos"},"schema":{"@context":"https:\/\/schema.org","@graph":[{"@type":"WebPage","@id":"https:\/\/be-accepted.com\/pt-pt\/impressao\/","url":"https:\/\/be-accepted.com\/pt-pt\/impressao\/","name":"Impress\u00e3o - Be accepted","isPartOf":{"@id":"https:\/\/be-accepted.com\/pt-pt\/#website"},"datePublished":"2024-09-20T13:45:34+00:00","dateModified":"2025-05-15T15:11:00+00:00","breadcrumb":{"@id":"https:\/\/be-accepted.com\/pt-pt\/impressao\/#breadcrumb"},"inLanguage":"pt-PT","potentialAction":[{"@type":"ReadAction","target":["https:\/\/be-accepted.com\/pt-pt\/impressao\/"]}]},{"@type":"BreadcrumbList","@id":"https:\/\/be-accepted.com\/pt-pt\/impressao\/#breadcrumb","itemListElement":[{"@type":"ListItem","position":1,"name":"Startseite","item":"https:\/\/be-accepted.com\/pt-pt\/se-aceite\/"},{"@type":"ListItem","position":2,"name":"Impress\u00e3o"}]},{"@type":"WebSite","@id":"https:\/\/be-accepted.com\/pt-pt\/#website","url":"https:\/\/be-accepted.com\/pt-pt\/","name":"Be accepted","description":"Be accepted by Caro","publisher":{"@id":"https:\/\/be-accepted.com\/pt-pt\/#organization"},"potentialAction":[{"@type":"SearchAction","target":{"@type":"EntryPoint","urlTemplate":"https:\/\/be-accepted.com\/pt-pt\/?s={search_term_string}"},"query-input":{"@type":"PropertyValueSpecification","valueRequired":true,"valueName":"search_term_string"}}],"inLanguage":"pt-PT"},{"@type":"Organization","@id":"https:\/\/be-accepted.com\/pt-pt\/#organization","name":"BE accepted","url":"https:\/\/be-accepted.com\/pt-pt\/","logo":{"@type":"ImageObject","inLanguage":"pt-PT","@id":"https:\/\/be-accepted.com\/pt-pt\/#\/schema\/logo\/image\/","url":"","contentUrl":"","caption":"BE accepted"},"image":{"@id":"https:\/\/be-accepted.com\/pt-pt\/#\/schema\/logo\/image\/"}}]}},"_links":{"self":[{"href":"https:\/\/be-accepted.com\/pt-pt\/wp-json\/wp\/v2\/pages\/28702","targetHints":{"allow":["GET"]}}],"collection":[{"href":"https:\/\/be-accepted.com\/pt-pt\/wp-json\/wp\/v2\/pages"}],"about":[{"href":"https:\/\/be-accepted.com\/pt-pt\/wp-json\/wp\/v2\/types\/page"}],"author":[{"embeddable":true,"href":"https:\/\/be-accepted.com\/pt-pt\/wp-json\/wp\/v2\/users\/14"}],"replies":[{"embeddable":true,"href":"https:\/\/be-accepted.com\/pt-pt\/wp-json\/wp\/v2\/comments?post=28702"}],"version-history":[{"count":0,"href":"https:\/\/be-accepted.com\/pt-pt\/wp-json\/wp\/v2\/pages\/28702\/revisions"}],"wp:attachment":[{"href":"https:\/\/be-accepted.com\/pt-pt\/wp-json\/wp\/v2\/media?parent=28702"}],"curies":[{"name":"wp","href":"https:\/\/api.w.org\/{rel}","templated":true}]}}