{"id":28859,"date":"2022-07-14T22:10:25","date_gmt":"2022-07-14T22:10:25","guid":{"rendered":"https:\/\/be-accepted.com\/product\/ser-aceite-na-revista\/"},"modified":"2025-12-10T15:01:03","modified_gmt":"2025-12-10T15:01:03","slug":"ser-aceite-na-revista","status":"publish","type":"product","link":"https:\/\/be-accepted.com\/pt-pt\/produto\/ser-aceite-na-revista\/","title":{"rendered":"Ser aceite na revista"},"content":{"rendered":"<p>Revista Be Accepted<\/p>\n","protected":false},"excerpt":{"rendered":"<p>Ser aceite em vers\u00e3o impressa, para guardar e ler. Fazemos a ponte entre a medicina convencional e a complementar e mostramos-te como podes tomar medidas imediatas para apoiar o teu sucesso de cura da melhor forma poss\u00edvel. Porque tu \u00e9s mais forte do que tudo o que te aparece \u00e0 frente!  <\/p>\n","protected":false},"featured_media":28615,"template":"","meta":{"_acf_changed":false},"product_brand":[],"product_cat":[381,375],"product_tag":[384,383,382],"class_list":{"0":"post-28859","1":"product","2":"type-product","3":"status-publish","4":"has-post-thumbnail","6":"product_cat-nao-categorizado","7":"product_cat-ser-aceite","8":"product_tag-cancro-pt-pt","9":"product_tag-revista-pt-pt","10":"product_tag-saude","12":"first","13":"instock","14":"taxable","15":"shipping-taxable","16":"purchasable","17":"product-type-simple"},"acf":[],"yoast_head":"<!-- This site is optimized with the Yoast SEO plugin v27.6 - https:\/\/yoast.com\/product\/yoast-seo-wordpress\/ -->\n<title>Ser aceite na revista - Be accepted<\/title>\n<meta name=\"robots\" content=\"index, follow, max-snippet:-1, max-image-preview:large, max-video-preview:-1\" \/>\n<link rel=\"canonical\" href=\"https:\/\/be-accepted.com\/pt-pt\/produto\/ser-aceite-na-revista\/\" \/>\n<meta property=\"og:locale\" content=\"pt_PT\" \/>\n<meta property=\"og:type\" content=\"article\" \/>\n<meta property=\"og:title\" content=\"Ser aceite na revista - Be accepted\" \/>\n<meta property=\"og:description\" content=\"Ser aceite em vers\u00e3o impressa, para guardar e ler. Fazemos a ponte entre a medicina convencional e a complementar e mostramos-te como podes tomar medidas imediatas para apoiar o teu sucesso de cura da melhor forma poss\u00edvel. Porque tu \u00e9s mais forte do que tudo o que te aparece \u00e0 frente!\" \/>\n<meta property=\"og:url\" content=\"https:\/\/be-accepted.com\/pt-pt\/produto\/ser-aceite-na-revista\/\" \/>\n<meta property=\"og:site_name\" content=\"Be accepted\" \/>\n<meta property=\"article:modified_time\" content=\"2025-12-10T15:01:03+00:00\" \/>\n<meta property=\"og:image\" content=\"https:\/\/be-accepted.com\/wp-content\/uploads\/2025\/08\/Cover-PT-1.jpg\" \/>\n\t<meta property=\"og:image:width\" content=\"494\" \/>\n\t<meta property=\"og:image:height\" content=\"683\" \/>\n\t<meta property=\"og:image:type\" content=\"image\/jpeg\" \/>\n<meta name=\"twitter:card\" content=\"summary_large_image\" \/>\n<script type=\"application\/ld+json\" class=\"yoast-schema-graph\">{\"@context\":\"https:\\\/\\\/schema.org\",\"@graph\":[{\"@type\":\"WebPage\",\"@id\":\"https:\\\/\\\/be-accepted.com\\\/pt-pt\\\/produto\\\/ser-aceite-na-revista\\\/\",\"url\":\"https:\\\/\\\/be-accepted.com\\\/pt-pt\\\/produto\\\/ser-aceite-na-revista\\\/\",\"name\":\"Ser aceite na revista - Be accepted\",\"isPartOf\":{\"@id\":\"https:\\\/\\\/be-accepted.com\\\/pt-pt\\\/#website\"},\"primaryImageOfPage\":{\"@id\":\"https:\\\/\\\/be-accepted.com\\\/pt-pt\\\/produto\\\/ser-aceite-na-revista\\\/#primaryimage\"},\"image\":{\"@id\":\"https:\\\/\\\/be-accepted.com\\\/pt-pt\\\/produto\\\/ser-aceite-na-revista\\\/#primaryimage\"},\"thumbnailUrl\":\"https:\\\/\\\/be-accepted.com\\\/wp-content\\\/uploads\\\/2025\\\/08\\\/Cover-PT-1.jpg\",\"datePublished\":\"2022-07-14T22:10:25+00:00\",\"dateModified\":\"2025-12-10T15:01:03+00:00\",\"breadcrumb\":{\"@id\":\"https:\\\/\\\/be-accepted.com\\\/pt-pt\\\/produto\\\/ser-aceite-na-revista\\\/#breadcrumb\"},\"inLanguage\":\"pt-PT\",\"potentialAction\":[{\"@type\":\"ReadAction\",\"target\":[\"https:\\\/\\\/be-accepted.com\\\/pt-pt\\\/produto\\\/ser-aceite-na-revista\\\/\"]}]},{\"@type\":\"ImageObject\",\"inLanguage\":\"pt-PT\",\"@id\":\"https:\\\/\\\/be-accepted.com\\\/pt-pt\\\/produto\\\/ser-aceite-na-revista\\\/#primaryimage\",\"url\":\"https:\\\/\\\/be-accepted.com\\\/wp-content\\\/uploads\\\/2025\\\/08\\\/Cover-PT-1.jpg\",\"contentUrl\":\"https:\\\/\\\/be-accepted.com\\\/wp-content\\\/uploads\\\/2025\\\/08\\\/Cover-PT-1.jpg\",\"width\":494,\"height\":683,\"caption\":\"Capa de revista PT\"},{\"@type\":\"BreadcrumbList\",\"@id\":\"https:\\\/\\\/be-accepted.com\\\/pt-pt\\\/produto\\\/ser-aceite-na-revista\\\/#breadcrumb\",\"itemListElement\":[{\"@type\":\"ListItem\",\"position\":1,\"name\":\"Startseite\",\"item\":\"https:\\\/\\\/be-accepted.com\\\/pt-pt\\\/se-aceite\\\/\"},{\"@type\":\"ListItem\",\"position\":2,\"name\":\"Compra\",\"item\":\"https:\\\/\\\/be-accepted.com\\\/pt-pt\\\/compra\\\/\"},{\"@type\":\"ListItem\",\"position\":3,\"name\":\"Ser aceite na revista\"}]},{\"@type\":\"WebSite\",\"@id\":\"https:\\\/\\\/be-accepted.com\\\/pt-pt\\\/#website\",\"url\":\"https:\\\/\\\/be-accepted.com\\\/pt-pt\\\/\",\"name\":\"Be accepted\",\"description\":\"Be accepted by Caro\",\"publisher\":{\"@id\":\"https:\\\/\\\/be-accepted.com\\\/pt-pt\\\/#organization\"},\"potentialAction\":[{\"@type\":\"SearchAction\",\"target\":{\"@type\":\"EntryPoint\",\"urlTemplate\":\"https:\\\/\\\/be-accepted.com\\\/pt-pt\\\/?s={search_term_string}\"},\"query-input\":{\"@type\":\"PropertyValueSpecification\",\"valueRequired\":true,\"valueName\":\"search_term_string\"}}],\"inLanguage\":\"pt-PT\"},{\"@type\":\"Organization\",\"@id\":\"https:\\\/\\\/be-accepted.com\\\/pt-pt\\\/#organization\",\"name\":\"BE accepted\",\"url\":\"https:\\\/\\\/be-accepted.com\\\/pt-pt\\\/\",\"logo\":{\"@type\":\"ImageObject\",\"inLanguage\":\"pt-PT\",\"@id\":\"https:\\\/\\\/be-accepted.com\\\/pt-pt\\\/#\\\/schema\\\/logo\\\/image\\\/\",\"url\":\"\",\"contentUrl\":\"\",\"caption\":\"BE accepted\"},\"image\":{\"@id\":\"https:\\\/\\\/be-accepted.com\\\/pt-pt\\\/#\\\/schema\\\/logo\\\/image\\\/\"}}]}<\/script>\n<!-- \/ Yoast SEO plugin. -->","yoast_head_json":{"title":"Ser aceite na revista - Be accepted","robots":{"index":"index","follow":"follow","max-snippet":"max-snippet:-1","max-image-preview":"max-image-preview:large","max-video-preview":"max-video-preview:-1"},"canonical":"https:\/\/be-accepted.com\/pt-pt\/produto\/ser-aceite-na-revista\/","og_locale":"pt_PT","og_type":"article","og_title":"Ser aceite na revista - Be accepted","og_description":"Ser aceite em vers\u00e3o impressa, para guardar e ler. Fazemos a ponte entre a medicina convencional e a complementar e mostramos-te como podes tomar medidas imediatas para apoiar o teu sucesso de cura da melhor forma poss\u00edvel. Porque tu \u00e9s mais forte do que tudo o que te aparece \u00e0 frente!","og_url":"https:\/\/be-accepted.com\/pt-pt\/produto\/ser-aceite-na-revista\/","og_site_name":"Be accepted","article_modified_time":"2025-12-10T15:01:03+00:00","og_image":[{"width":494,"height":683,"url":"https:\/\/be-accepted.com\/wp-content\/uploads\/2025\/08\/Cover-PT-1.jpg","type":"image\/jpeg"}],"twitter_card":"summary_large_image","schema":{"@context":"https:\/\/schema.org","@graph":[{"@type":"WebPage","@id":"https:\/\/be-accepted.com\/pt-pt\/produto\/ser-aceite-na-revista\/","url":"https:\/\/be-accepted.com\/pt-pt\/produto\/ser-aceite-na-revista\/","name":"Ser aceite na revista - Be accepted","isPartOf":{"@id":"https:\/\/be-accepted.com\/pt-pt\/#website"},"primaryImageOfPage":{"@id":"https:\/\/be-accepted.com\/pt-pt\/produto\/ser-aceite-na-revista\/#primaryimage"},"image":{"@id":"https:\/\/be-accepted.com\/pt-pt\/produto\/ser-aceite-na-revista\/#primaryimage"},"thumbnailUrl":"https:\/\/be-accepted.com\/wp-content\/uploads\/2025\/08\/Cover-PT-1.jpg","datePublished":"2022-07-14T22:10:25+00:00","dateModified":"2025-12-10T15:01:03+00:00","breadcrumb":{"@id":"https:\/\/be-accepted.com\/pt-pt\/produto\/ser-aceite-na-revista\/#breadcrumb"},"inLanguage":"pt-PT","potentialAction":[{"@type":"ReadAction","target":["https:\/\/be-accepted.com\/pt-pt\/produto\/ser-aceite-na-revista\/"]}]},{"@type":"ImageObject","inLanguage":"pt-PT","@id":"https:\/\/be-accepted.com\/pt-pt\/produto\/ser-aceite-na-revista\/#primaryimage","url":"https:\/\/be-accepted.com\/wp-content\/uploads\/2025\/08\/Cover-PT-1.jpg","contentUrl":"https:\/\/be-accepted.com\/wp-content\/uploads\/2025\/08\/Cover-PT-1.jpg","width":494,"height":683,"caption":"Capa de revista PT"},{"@type":"BreadcrumbList","@id":"https:\/\/be-accepted.com\/pt-pt\/produto\/ser-aceite-na-revista\/#breadcrumb","itemListElement":[{"@type":"ListItem","position":1,"name":"Startseite","item":"https:\/\/be-accepted.com\/pt-pt\/se-aceite\/"},{"@type":"ListItem","position":2,"name":"Compra","item":"https:\/\/be-accepted.com\/pt-pt\/compra\/"},{"@type":"ListItem","position":3,"name":"Ser aceite na revista"}]},{"@type":"WebSite","@id":"https:\/\/be-accepted.com\/pt-pt\/#website","url":"https:\/\/be-accepted.com\/pt-pt\/","name":"Be accepted","description":"Be accepted by Caro","publisher":{"@id":"https:\/\/be-accepted.com\/pt-pt\/#organization"},"potentialAction":[{"@type":"SearchAction","target":{"@type":"EntryPoint","urlTemplate":"https:\/\/be-accepted.com\/pt-pt\/?s={search_term_string}"},"query-input":{"@type":"PropertyValueSpecification","valueRequired":true,"valueName":"search_term_string"}}],"inLanguage":"pt-PT"},{"@type":"Organization","@id":"https:\/\/be-accepted.com\/pt-pt\/#organization","name":"BE accepted","url":"https:\/\/be-accepted.com\/pt-pt\/","logo":{"@type":"ImageObject","inLanguage":"pt-PT","@id":"https:\/\/be-accepted.com\/pt-pt\/#\/schema\/logo\/image\/","url":"","contentUrl":"","caption":"BE accepted"},"image":{"@id":"https:\/\/be-accepted.com\/pt-pt\/#\/schema\/logo\/image\/"}}]}},"_links":{"self":[{"href":"https:\/\/be-accepted.com\/pt-pt\/wp-json\/wp\/v2\/product\/28859","targetHints":{"allow":["GET"]}}],"collection":[{"href":"https:\/\/be-accepted.com\/pt-pt\/wp-json\/wp\/v2\/product"}],"about":[{"href":"https:\/\/be-accepted.com\/pt-pt\/wp-json\/wp\/v2\/types\/product"}],"version-history":[{"count":0,"href":"https:\/\/be-accepted.com\/pt-pt\/wp-json\/wp\/v2\/product\/28859\/revisions"}],"wp:featuredmedia":[{"embeddable":true,"href":"https:\/\/be-accepted.com\/pt-pt\/wp-json\/wp\/v2\/media\/28615"}],"wp:attachment":[{"href":"https:\/\/be-accepted.com\/pt-pt\/wp-json\/wp\/v2\/media?parent=28859"}],"wp:term":[{"taxonomy":"product_brand","embeddable":true,"href":"https:\/\/be-accepted.com\/pt-pt\/wp-json\/wp\/v2\/product_brand?post=28859"},{"taxonomy":"product_cat","embeddable":true,"href":"https:\/\/be-accepted.com\/pt-pt\/wp-json\/wp\/v2\/product_cat?post=28859"},{"taxonomy":"product_tag","embeddable":true,"href":"https:\/\/be-accepted.com\/pt-pt\/wp-json\/wp\/v2\/product_tag?post=28859"}],"curies":[{"name":"wp","href":"https:\/\/api.w.org\/{rel}","templated":true}]}}