{"id":29090,"date":"2024-06-12T12:13:01","date_gmt":"2024-06-12T12:13:01","guid":{"rendered":"https:\/\/be-accepted.com\/product\/ser-aceite-torna-te-membro-subscricao\/"},"modified":"2025-12-10T14:39:50","modified_gmt":"2025-12-10T14:39:50","slug":"ser-aceite-torna-te-membro-subscricao","status":"publish","type":"product","link":"https:\/\/be-accepted.com\/pt-pt\/produto\/ser-aceite-torna-te-membro-subscricao\/","title":{"rendered":"Ser aceite Torna-te membro Subscri\u00e7\u00e3o"},"content":{"rendered":"<div class=\"elementor-element elementor-element-78d3961 elementor-widget elementor-widget-heading\" data-id=\"78d3961\" data-element_type=\"widget\" data-widget_type=\"heading.default\">\n<div class=\"elementor-widget-container\">\n<h2 class=\"elementor-heading-title elementor-size-default\">Acede ao conte\u00fado exclusivo da revista e ao nosso avatar de doente por 22 euros por ano.<\/h2>\n<\/div>\n<\/div>\n","protected":false},"excerpt":{"rendered":"<p>Acede ao conte\u00fado exclusivo da revista e ao nosso avatar de doente por 22 euros por ano.<\/p>\n","protected":false},"featured_media":35638,"template":"","meta":{"_acf_changed":false},"product_brand":[],"product_cat":[375],"product_tag":[],"class_list":{"0":"post-29090","1":"product","2":"type-product","3":"status-publish","4":"has-post-thumbnail","6":"product_cat-ser-aceite","8":"first","9":"instock","10":"virtual","11":"sold-individually","12":"taxable","13":"purchasable","14":"product-type-subscription"},"acf":[],"yoast_head":"<!-- This site is optimized with the Yoast SEO plugin v27.6 - https:\/\/yoast.com\/product\/yoast-seo-wordpress\/ -->\n<title>Ser aceite Torna-te membro Subscri\u00e7\u00e3o - Be accepted<\/title>\n<meta name=\"robots\" content=\"index, follow, max-snippet:-1, max-image-preview:large, max-video-preview:-1\" \/>\n<link rel=\"canonical\" href=\"https:\/\/be-accepted.com\/pt-pt\/produto\/ser-aceite-torna-te-membro-subscricao\/\" \/>\n<meta property=\"og:locale\" content=\"pt_PT\" \/>\n<meta property=\"og:type\" content=\"article\" \/>\n<meta property=\"og:title\" content=\"Ser aceite Torna-te membro Subscri\u00e7\u00e3o - Be accepted\" \/>\n<meta property=\"og:description\" content=\"Acede ao conte\u00fado exclusivo da revista e ao nosso avatar de doente por 22 euros por ano.\" \/>\n<meta property=\"og:url\" content=\"https:\/\/be-accepted.com\/pt-pt\/produto\/ser-aceite-torna-te-membro-subscricao\/\" \/>\n<meta property=\"og:site_name\" content=\"Be accepted\" \/>\n<meta property=\"article:modified_time\" content=\"2025-12-10T14:39:50+00:00\" \/>\n<meta name=\"twitter:card\" content=\"summary_large_image\" \/>\n<script type=\"application\/ld+json\" class=\"yoast-schema-graph\">{\"@context\":\"https:\\\/\\\/schema.org\",\"@graph\":[{\"@type\":\"WebPage\",\"@id\":\"https:\\\/\\\/be-accepted.com\\\/pt-pt\\\/produto\\\/ser-aceite-torna-te-membro-subscricao\\\/\",\"url\":\"https:\\\/\\\/be-accepted.com\\\/pt-pt\\\/produto\\\/ser-aceite-torna-te-membro-subscricao\\\/\",\"name\":\"Ser aceite Torna-te membro Subscri\u00e7\u00e3o - Be accepted\",\"isPartOf\":{\"@id\":\"https:\\\/\\\/be-accepted.com\\\/pt-pt\\\/#website\"},\"primaryImageOfPage\":{\"@id\":\"https:\\\/\\\/be-accepted.com\\\/pt-pt\\\/produto\\\/ser-aceite-torna-te-membro-subscricao\\\/#primaryimage\"},\"image\":{\"@id\":\"https:\\\/\\\/be-accepted.com\\\/pt-pt\\\/produto\\\/ser-aceite-torna-te-membro-subscricao\\\/#primaryimage\"},\"thumbnailUrl\":\"https:\\\/\\\/be-accepted.com\\\/wp-content\\\/uploads\\\/2022\\\/12\\\/Be_accepted_Oktopus.svg\",\"datePublished\":\"2024-06-12T12:13:01+00:00\",\"dateModified\":\"2025-12-10T14:39:50+00:00\",\"breadcrumb\":{\"@id\":\"https:\\\/\\\/be-accepted.com\\\/pt-pt\\\/produto\\\/ser-aceite-torna-te-membro-subscricao\\\/#breadcrumb\"},\"inLanguage\":\"pt-PT\",\"potentialAction\":[{\"@type\":\"ReadAction\",\"target\":[\"https:\\\/\\\/be-accepted.com\\\/pt-pt\\\/produto\\\/ser-aceite-torna-te-membro-subscricao\\\/\"]}]},{\"@type\":\"ImageObject\",\"inLanguage\":\"pt-PT\",\"@id\":\"https:\\\/\\\/be-accepted.com\\\/pt-pt\\\/produto\\\/ser-aceite-torna-te-membro-subscricao\\\/#primaryimage\",\"url\":\"https:\\\/\\\/be-accepted.com\\\/wp-content\\\/uploads\\\/2022\\\/12\\\/Be_accepted_Oktopus.svg\",\"contentUrl\":\"https:\\\/\\\/be-accepted.com\\\/wp-content\\\/uploads\\\/2022\\\/12\\\/Be_accepted_Oktopus.svg\"},{\"@type\":\"BreadcrumbList\",\"@id\":\"https:\\\/\\\/be-accepted.com\\\/pt-pt\\\/produto\\\/ser-aceite-torna-te-membro-subscricao\\\/#breadcrumb\",\"itemListElement\":[{\"@type\":\"ListItem\",\"position\":1,\"name\":\"Startseite\",\"item\":\"https:\\\/\\\/be-accepted.com\\\/pt-pt\\\/se-aceite\\\/\"},{\"@type\":\"ListItem\",\"position\":2,\"name\":\"Compra\",\"item\":\"https:\\\/\\\/be-accepted.com\\\/pt-pt\\\/compra\\\/\"},{\"@type\":\"ListItem\",\"position\":3,\"name\":\"Ser aceite Torna-te membro Subscri\u00e7\u00e3o\"}]},{\"@type\":\"WebSite\",\"@id\":\"https:\\\/\\\/be-accepted.com\\\/pt-pt\\\/#website\",\"url\":\"https:\\\/\\\/be-accepted.com\\\/pt-pt\\\/\",\"name\":\"Be accepted\",\"description\":\"Be accepted by Caro\",\"publisher\":{\"@id\":\"https:\\\/\\\/be-accepted.com\\\/pt-pt\\\/#organization\"},\"potentialAction\":[{\"@type\":\"SearchAction\",\"target\":{\"@type\":\"EntryPoint\",\"urlTemplate\":\"https:\\\/\\\/be-accepted.com\\\/pt-pt\\\/?s={search_term_string}\"},\"query-input\":{\"@type\":\"PropertyValueSpecification\",\"valueRequired\":true,\"valueName\":\"search_term_string\"}}],\"inLanguage\":\"pt-PT\"},{\"@type\":\"Organization\",\"@id\":\"https:\\\/\\\/be-accepted.com\\\/pt-pt\\\/#organization\",\"name\":\"BE accepted\",\"url\":\"https:\\\/\\\/be-accepted.com\\\/pt-pt\\\/\",\"logo\":{\"@type\":\"ImageObject\",\"inLanguage\":\"pt-PT\",\"@id\":\"https:\\\/\\\/be-accepted.com\\\/pt-pt\\\/#\\\/schema\\\/logo\\\/image\\\/\",\"url\":\"\",\"contentUrl\":\"\",\"caption\":\"BE accepted\"},\"image\":{\"@id\":\"https:\\\/\\\/be-accepted.com\\\/pt-pt\\\/#\\\/schema\\\/logo\\\/image\\\/\"}}]}<\/script>\n<!-- \/ Yoast SEO plugin. -->","yoast_head_json":{"title":"Ser aceite Torna-te membro Subscri\u00e7\u00e3o - Be accepted","robots":{"index":"index","follow":"follow","max-snippet":"max-snippet:-1","max-image-preview":"max-image-preview:large","max-video-preview":"max-video-preview:-1"},"canonical":"https:\/\/be-accepted.com\/pt-pt\/produto\/ser-aceite-torna-te-membro-subscricao\/","og_locale":"pt_PT","og_type":"article","og_title":"Ser aceite Torna-te membro Subscri\u00e7\u00e3o - Be accepted","og_description":"Acede ao conte\u00fado exclusivo da revista e ao nosso avatar de doente por 22 euros por ano.","og_url":"https:\/\/be-accepted.com\/pt-pt\/produto\/ser-aceite-torna-te-membro-subscricao\/","og_site_name":"Be accepted","article_modified_time":"2025-12-10T14:39:50+00:00","twitter_card":"summary_large_image","schema":{"@context":"https:\/\/schema.org","@graph":[{"@type":"WebPage","@id":"https:\/\/be-accepted.com\/pt-pt\/produto\/ser-aceite-torna-te-membro-subscricao\/","url":"https:\/\/be-accepted.com\/pt-pt\/produto\/ser-aceite-torna-te-membro-subscricao\/","name":"Ser aceite Torna-te membro Subscri\u00e7\u00e3o - Be accepted","isPartOf":{"@id":"https:\/\/be-accepted.com\/pt-pt\/#website"},"primaryImageOfPage":{"@id":"https:\/\/be-accepted.com\/pt-pt\/produto\/ser-aceite-torna-te-membro-subscricao\/#primaryimage"},"image":{"@id":"https:\/\/be-accepted.com\/pt-pt\/produto\/ser-aceite-torna-te-membro-subscricao\/#primaryimage"},"thumbnailUrl":"https:\/\/be-accepted.com\/wp-content\/uploads\/2022\/12\/Be_accepted_Oktopus.svg","datePublished":"2024-06-12T12:13:01+00:00","dateModified":"2025-12-10T14:39:50+00:00","breadcrumb":{"@id":"https:\/\/be-accepted.com\/pt-pt\/produto\/ser-aceite-torna-te-membro-subscricao\/#breadcrumb"},"inLanguage":"pt-PT","potentialAction":[{"@type":"ReadAction","target":["https:\/\/be-accepted.com\/pt-pt\/produto\/ser-aceite-torna-te-membro-subscricao\/"]}]},{"@type":"ImageObject","inLanguage":"pt-PT","@id":"https:\/\/be-accepted.com\/pt-pt\/produto\/ser-aceite-torna-te-membro-subscricao\/#primaryimage","url":"https:\/\/be-accepted.com\/wp-content\/uploads\/2022\/12\/Be_accepted_Oktopus.svg","contentUrl":"https:\/\/be-accepted.com\/wp-content\/uploads\/2022\/12\/Be_accepted_Oktopus.svg"},{"@type":"BreadcrumbList","@id":"https:\/\/be-accepted.com\/pt-pt\/produto\/ser-aceite-torna-te-membro-subscricao\/#breadcrumb","itemListElement":[{"@type":"ListItem","position":1,"name":"Startseite","item":"https:\/\/be-accepted.com\/pt-pt\/se-aceite\/"},{"@type":"ListItem","position":2,"name":"Compra","item":"https:\/\/be-accepted.com\/pt-pt\/compra\/"},{"@type":"ListItem","position":3,"name":"Ser aceite Torna-te membro Subscri\u00e7\u00e3o"}]},{"@type":"WebSite","@id":"https:\/\/be-accepted.com\/pt-pt\/#website","url":"https:\/\/be-accepted.com\/pt-pt\/","name":"Be accepted","description":"Be accepted by Caro","publisher":{"@id":"https:\/\/be-accepted.com\/pt-pt\/#organization"},"potentialAction":[{"@type":"SearchAction","target":{"@type":"EntryPoint","urlTemplate":"https:\/\/be-accepted.com\/pt-pt\/?s={search_term_string}"},"query-input":{"@type":"PropertyValueSpecification","valueRequired":true,"valueName":"search_term_string"}}],"inLanguage":"pt-PT"},{"@type":"Organization","@id":"https:\/\/be-accepted.com\/pt-pt\/#organization","name":"BE accepted","url":"https:\/\/be-accepted.com\/pt-pt\/","logo":{"@type":"ImageObject","inLanguage":"pt-PT","@id":"https:\/\/be-accepted.com\/pt-pt\/#\/schema\/logo\/image\/","url":"","contentUrl":"","caption":"BE accepted"},"image":{"@id":"https:\/\/be-accepted.com\/pt-pt\/#\/schema\/logo\/image\/"}}]}},"_links":{"self":[{"href":"https:\/\/be-accepted.com\/pt-pt\/wp-json\/wp\/v2\/product\/29090","targetHints":{"allow":["GET"]}}],"collection":[{"href":"https:\/\/be-accepted.com\/pt-pt\/wp-json\/wp\/v2\/product"}],"about":[{"href":"https:\/\/be-accepted.com\/pt-pt\/wp-json\/wp\/v2\/types\/product"}],"version-history":[{"count":0,"href":"https:\/\/be-accepted.com\/pt-pt\/wp-json\/wp\/v2\/product\/29090\/revisions"}],"wp:featuredmedia":[{"embeddable":true,"href":"https:\/\/be-accepted.com\/pt-pt\/wp-json\/wp\/v2\/media\/35638"}],"wp:attachment":[{"href":"https:\/\/be-accepted.com\/pt-pt\/wp-json\/wp\/v2\/media?parent=29090"}],"wp:term":[{"taxonomy":"product_brand","embeddable":true,"href":"https:\/\/be-accepted.com\/pt-pt\/wp-json\/wp\/v2\/product_brand?post=29090"},{"taxonomy":"product_cat","embeddable":true,"href":"https:\/\/be-accepted.com\/pt-pt\/wp-json\/wp\/v2\/product_cat?post=29090"},{"taxonomy":"product_tag","embeddable":true,"href":"https:\/\/be-accepted.com\/pt-pt\/wp-json\/wp\/v2\/product_tag?post=29090"}],"curies":[{"name":"wp","href":"https:\/\/api.w.org\/{rel}","templated":true}]}}