{"id":35695,"date":"2025-11-11T09:28:51","date_gmt":"2025-11-11T09:28:51","guid":{"rendered":"https:\/\/be-accepted.com\/product\/pregadeira-pequena-de-polvo-em-ouro-com-cristais\/"},"modified":"2025-11-11T09:31:55","modified_gmt":"2025-11-11T09:31:55","slug":"pregadeira-pequena-de-polvo-em-ouro-com-cristais","status":"publish","type":"product","link":"https:\/\/be-accepted.com\/pt-pt\/produto\/pregadeira-pequena-de-polvo-em-ouro-com-cristais\/","title":{"rendered":"Pregadeira pequena de polvo em ouro com cristais"},"content":{"rendered":"<p data-start=\"86\" data-end=\"442\">Esta pregadeira de polvo elegante e compacta (aprox. 3,4 \u00d7 3,4 cm) impressiona pelo seu design elegante e pelo seu acabamento de alta qualidade. Feito de metal com um elegante acabamento dourado, apresenta um polvo finamente trabalhado, cuja superf\u00edcie \u00e9 decorada com cristais transparentes. Isto confere \u00e0 pe\u00e7a de joalharia um brilho subtil mas elegante.  <\/p>\n<p data-start=\"444\" data-end=\"720\" data-is-last-node=\"\" data-is-only-node=\"\">O broche representa a individualidade, a for\u00e7a e a expressividade &#8211; perfeito para quem aprecia uma eleg\u00e2ncia discreta com um significado simb\u00f3lico. Um acess\u00f3rio com estilo que impressionar\u00e1 tanto no dia a dia como em ocasi\u00f5es especiais. <\/p>\n","protected":false},"excerpt":{"rendered":"<p>Esta pregadeira de polvo elegante e compacta (aprox. 3,4 \u00d7 3,4 cm) impressiona pelo seu design elegante e pelo seu acabamento de alta qualidade. Feito de metal com um elegante acabamento dourado, apresenta um polvo finamente trabalhado, cuja superf\u00edcie \u00e9 decorada com cristais transparentes. Isto confere \u00e0 pe\u00e7a de joalharia um brilho subtil mas elegante. [&hellip;]<\/p>\n","protected":false},"featured_media":35688,"template":"","meta":{"_acf_changed":false},"product_brand":[],"product_cat":[375],"product_tag":[],"class_list":{"0":"post-35695","1":"product","2":"type-product","3":"status-publish","4":"has-post-thumbnail","6":"product_cat-ser-aceite","8":"first","9":"instock","10":"taxable","11":"shipping-taxable","12":"purchasable","13":"product-type-simple"},"acf":[],"yoast_head":"<!-- This site is optimized with the Yoast SEO plugin v27.6 - https:\/\/yoast.com\/product\/yoast-seo-wordpress\/ -->\n<title>Pregadeira pequena de polvo em ouro com cristais - Be accepted<\/title>\n<meta name=\"description\" content=\"Pregadeira pequena de polvo em ouro com cristais\" \/>\n<meta name=\"robots\" content=\"index, follow, max-snippet:-1, max-image-preview:large, max-video-preview:-1\" \/>\n<link rel=\"canonical\" href=\"https:\/\/be-accepted.com\/pt-pt\/produto\/pregadeira-pequena-de-polvo-em-ouro-com-cristais\/\" \/>\n<meta property=\"og:locale\" content=\"pt_PT\" \/>\n<meta property=\"og:type\" content=\"article\" \/>\n<meta property=\"og:title\" content=\"Pregadeira pequena de polvo em ouro com cristais - Be accepted\" \/>\n<meta property=\"og:description\" content=\"Pregadeira pequena de polvo em ouro com cristais\" \/>\n<meta property=\"og:url\" content=\"https:\/\/be-accepted.com\/pt-pt\/produto\/pregadeira-pequena-de-polvo-em-ouro-com-cristais\/\" \/>\n<meta property=\"og:site_name\" content=\"Be accepted\" \/>\n<meta property=\"article:modified_time\" content=\"2025-11-11T09:31:55+00:00\" \/>\n<meta property=\"og:image\" content=\"https:\/\/be-accepted.com\/wp-content\/uploads\/2025\/11\/IMG_5481.jpg\" \/>\n\t<meta property=\"og:image:width\" content=\"614\" \/>\n\t<meta property=\"og:image:height\" content=\"518\" \/>\n\t<meta property=\"og:image:type\" content=\"image\/jpeg\" \/>\n<meta name=\"twitter:card\" content=\"summary_large_image\" \/>\n<script type=\"application\/ld+json\" class=\"yoast-schema-graph\">{\"@context\":\"https:\\\/\\\/schema.org\",\"@graph\":[{\"@type\":\"WebPage\",\"@id\":\"https:\\\/\\\/be-accepted.com\\\/pt-pt\\\/produto\\\/pregadeira-pequena-de-polvo-em-ouro-com-cristais\\\/\",\"url\":\"https:\\\/\\\/be-accepted.com\\\/pt-pt\\\/produto\\\/pregadeira-pequena-de-polvo-em-ouro-com-cristais\\\/\",\"name\":\"Pregadeira pequena de polvo em ouro com cristais - Be accepted\",\"isPartOf\":{\"@id\":\"https:\\\/\\\/be-accepted.com\\\/pt-pt\\\/#website\"},\"primaryImageOfPage\":{\"@id\":\"https:\\\/\\\/be-accepted.com\\\/pt-pt\\\/produto\\\/pregadeira-pequena-de-polvo-em-ouro-com-cristais\\\/#primaryimage\"},\"image\":{\"@id\":\"https:\\\/\\\/be-accepted.com\\\/pt-pt\\\/produto\\\/pregadeira-pequena-de-polvo-em-ouro-com-cristais\\\/#primaryimage\"},\"thumbnailUrl\":\"https:\\\/\\\/be-accepted.com\\\/wp-content\\\/uploads\\\/2025\\\/11\\\/IMG_5481.jpg\",\"datePublished\":\"2025-11-11T09:28:51+00:00\",\"dateModified\":\"2025-11-11T09:31:55+00:00\",\"description\":\"Pregadeira pequena de polvo em ouro com cristais\",\"breadcrumb\":{\"@id\":\"https:\\\/\\\/be-accepted.com\\\/pt-pt\\\/produto\\\/pregadeira-pequena-de-polvo-em-ouro-com-cristais\\\/#breadcrumb\"},\"inLanguage\":\"pt-PT\",\"potentialAction\":[{\"@type\":\"ReadAction\",\"target\":[\"https:\\\/\\\/be-accepted.com\\\/pt-pt\\\/produto\\\/pregadeira-pequena-de-polvo-em-ouro-com-cristais\\\/\"]}]},{\"@type\":\"ImageObject\",\"inLanguage\":\"pt-PT\",\"@id\":\"https:\\\/\\\/be-accepted.com\\\/pt-pt\\\/produto\\\/pregadeira-pequena-de-polvo-em-ouro-com-cristais\\\/#primaryimage\",\"url\":\"https:\\\/\\\/be-accepted.com\\\/wp-content\\\/uploads\\\/2025\\\/11\\\/IMG_5481.jpg\",\"contentUrl\":\"https:\\\/\\\/be-accepted.com\\\/wp-content\\\/uploads\\\/2025\\\/11\\\/IMG_5481.jpg\",\"width\":614,\"height\":518},{\"@type\":\"BreadcrumbList\",\"@id\":\"https:\\\/\\\/be-accepted.com\\\/pt-pt\\\/produto\\\/pregadeira-pequena-de-polvo-em-ouro-com-cristais\\\/#breadcrumb\",\"itemListElement\":[{\"@type\":\"ListItem\",\"position\":1,\"name\":\"Startseite\",\"item\":\"https:\\\/\\\/be-accepted.com\\\/pt-pt\\\/se-aceite\\\/\"},{\"@type\":\"ListItem\",\"position\":2,\"name\":\"Compra\",\"item\":\"https:\\\/\\\/be-accepted.com\\\/pt-pt\\\/compra\\\/\"},{\"@type\":\"ListItem\",\"position\":3,\"name\":\"Pregadeira pequena de polvo em ouro com cristais\"}]},{\"@type\":\"WebSite\",\"@id\":\"https:\\\/\\\/be-accepted.com\\\/pt-pt\\\/#website\",\"url\":\"https:\\\/\\\/be-accepted.com\\\/pt-pt\\\/\",\"name\":\"Be accepted\",\"description\":\"Be accepted by Caro\",\"publisher\":{\"@id\":\"https:\\\/\\\/be-accepted.com\\\/pt-pt\\\/#organization\"},\"potentialAction\":[{\"@type\":\"SearchAction\",\"target\":{\"@type\":\"EntryPoint\",\"urlTemplate\":\"https:\\\/\\\/be-accepted.com\\\/pt-pt\\\/?s={search_term_string}\"},\"query-input\":{\"@type\":\"PropertyValueSpecification\",\"valueRequired\":true,\"valueName\":\"search_term_string\"}}],\"inLanguage\":\"pt-PT\"},{\"@type\":\"Organization\",\"@id\":\"https:\\\/\\\/be-accepted.com\\\/pt-pt\\\/#organization\",\"name\":\"BE accepted\",\"url\":\"https:\\\/\\\/be-accepted.com\\\/pt-pt\\\/\",\"logo\":{\"@type\":\"ImageObject\",\"inLanguage\":\"pt-PT\",\"@id\":\"https:\\\/\\\/be-accepted.com\\\/pt-pt\\\/#\\\/schema\\\/logo\\\/image\\\/\",\"url\":\"\",\"contentUrl\":\"\",\"caption\":\"BE accepted\"},\"image\":{\"@id\":\"https:\\\/\\\/be-accepted.com\\\/pt-pt\\\/#\\\/schema\\\/logo\\\/image\\\/\"}}]}<\/script>\n<!-- \/ Yoast SEO plugin. -->","yoast_head_json":{"title":"Pregadeira pequena de polvo em ouro com cristais - Be accepted","description":"Pregadeira pequena de polvo em ouro com cristais","robots":{"index":"index","follow":"follow","max-snippet":"max-snippet:-1","max-image-preview":"max-image-preview:large","max-video-preview":"max-video-preview:-1"},"canonical":"https:\/\/be-accepted.com\/pt-pt\/produto\/pregadeira-pequena-de-polvo-em-ouro-com-cristais\/","og_locale":"pt_PT","og_type":"article","og_title":"Pregadeira pequena de polvo em ouro com cristais - Be accepted","og_description":"Pregadeira pequena de polvo em ouro com cristais","og_url":"https:\/\/be-accepted.com\/pt-pt\/produto\/pregadeira-pequena-de-polvo-em-ouro-com-cristais\/","og_site_name":"Be accepted","article_modified_time":"2025-11-11T09:31:55+00:00","og_image":[{"width":614,"height":518,"url":"https:\/\/be-accepted.com\/wp-content\/uploads\/2025\/11\/IMG_5481.jpg","type":"image\/jpeg"}],"twitter_card":"summary_large_image","schema":{"@context":"https:\/\/schema.org","@graph":[{"@type":"WebPage","@id":"https:\/\/be-accepted.com\/pt-pt\/produto\/pregadeira-pequena-de-polvo-em-ouro-com-cristais\/","url":"https:\/\/be-accepted.com\/pt-pt\/produto\/pregadeira-pequena-de-polvo-em-ouro-com-cristais\/","name":"Pregadeira pequena de polvo em ouro com cristais - Be accepted","isPartOf":{"@id":"https:\/\/be-accepted.com\/pt-pt\/#website"},"primaryImageOfPage":{"@id":"https:\/\/be-accepted.com\/pt-pt\/produto\/pregadeira-pequena-de-polvo-em-ouro-com-cristais\/#primaryimage"},"image":{"@id":"https:\/\/be-accepted.com\/pt-pt\/produto\/pregadeira-pequena-de-polvo-em-ouro-com-cristais\/#primaryimage"},"thumbnailUrl":"https:\/\/be-accepted.com\/wp-content\/uploads\/2025\/11\/IMG_5481.jpg","datePublished":"2025-11-11T09:28:51+00:00","dateModified":"2025-11-11T09:31:55+00:00","description":"Pregadeira pequena de polvo em ouro com cristais","breadcrumb":{"@id":"https:\/\/be-accepted.com\/pt-pt\/produto\/pregadeira-pequena-de-polvo-em-ouro-com-cristais\/#breadcrumb"},"inLanguage":"pt-PT","potentialAction":[{"@type":"ReadAction","target":["https:\/\/be-accepted.com\/pt-pt\/produto\/pregadeira-pequena-de-polvo-em-ouro-com-cristais\/"]}]},{"@type":"ImageObject","inLanguage":"pt-PT","@id":"https:\/\/be-accepted.com\/pt-pt\/produto\/pregadeira-pequena-de-polvo-em-ouro-com-cristais\/#primaryimage","url":"https:\/\/be-accepted.com\/wp-content\/uploads\/2025\/11\/IMG_5481.jpg","contentUrl":"https:\/\/be-accepted.com\/wp-content\/uploads\/2025\/11\/IMG_5481.jpg","width":614,"height":518},{"@type":"BreadcrumbList","@id":"https:\/\/be-accepted.com\/pt-pt\/produto\/pregadeira-pequena-de-polvo-em-ouro-com-cristais\/#breadcrumb","itemListElement":[{"@type":"ListItem","position":1,"name":"Startseite","item":"https:\/\/be-accepted.com\/pt-pt\/se-aceite\/"},{"@type":"ListItem","position":2,"name":"Compra","item":"https:\/\/be-accepted.com\/pt-pt\/compra\/"},{"@type":"ListItem","position":3,"name":"Pregadeira pequena de polvo em ouro com cristais"}]},{"@type":"WebSite","@id":"https:\/\/be-accepted.com\/pt-pt\/#website","url":"https:\/\/be-accepted.com\/pt-pt\/","name":"Be accepted","description":"Be accepted by Caro","publisher":{"@id":"https:\/\/be-accepted.com\/pt-pt\/#organization"},"potentialAction":[{"@type":"SearchAction","target":{"@type":"EntryPoint","urlTemplate":"https:\/\/be-accepted.com\/pt-pt\/?s={search_term_string}"},"query-input":{"@type":"PropertyValueSpecification","valueRequired":true,"valueName":"search_term_string"}}],"inLanguage":"pt-PT"},{"@type":"Organization","@id":"https:\/\/be-accepted.com\/pt-pt\/#organization","name":"BE accepted","url":"https:\/\/be-accepted.com\/pt-pt\/","logo":{"@type":"ImageObject","inLanguage":"pt-PT","@id":"https:\/\/be-accepted.com\/pt-pt\/#\/schema\/logo\/image\/","url":"","contentUrl":"","caption":"BE accepted"},"image":{"@id":"https:\/\/be-accepted.com\/pt-pt\/#\/schema\/logo\/image\/"}}]}},"_links":{"self":[{"href":"https:\/\/be-accepted.com\/pt-pt\/wp-json\/wp\/v2\/product\/35695","targetHints":{"allow":["GET"]}}],"collection":[{"href":"https:\/\/be-accepted.com\/pt-pt\/wp-json\/wp\/v2\/product"}],"about":[{"href":"https:\/\/be-accepted.com\/pt-pt\/wp-json\/wp\/v2\/types\/product"}],"version-history":[{"count":0,"href":"https:\/\/be-accepted.com\/pt-pt\/wp-json\/wp\/v2\/product\/35695\/revisions"}],"wp:featuredmedia":[{"embeddable":true,"href":"https:\/\/be-accepted.com\/pt-pt\/wp-json\/wp\/v2\/media\/35688"}],"wp:attachment":[{"href":"https:\/\/be-accepted.com\/pt-pt\/wp-json\/wp\/v2\/media?parent=35695"}],"wp:term":[{"taxonomy":"product_brand","embeddable":true,"href":"https:\/\/be-accepted.com\/pt-pt\/wp-json\/wp\/v2\/product_brand?post=35695"},{"taxonomy":"product_cat","embeddable":true,"href":"https:\/\/be-accepted.com\/pt-pt\/wp-json\/wp\/v2\/product_cat?post=35695"},{"taxonomy":"product_tag","embeddable":true,"href":"https:\/\/be-accepted.com\/pt-pt\/wp-json\/wp\/v2\/product_tag?post=35695"}],"curies":[{"name":"wp","href":"https:\/\/api.w.org\/{rel}","templated":true}]}}