{"id":35706,"date":"2025-11-11T09:27:39","date_gmt":"2025-11-11T09:27:39","guid":{"rendered":"https:\/\/be-accepted.com\/product\/pregadeira-de-polvo-em-ouro-mate-com-strass-nas-cores-magenta-rosa-e-arco-iris\/"},"modified":"2025-11-11T09:31:55","modified_gmt":"2025-11-11T09:31:55","slug":"pregadeira-de-polvo-em-ouro-mate-com-strass-nas-cores-magenta-rosa-e-arco-iris","status":"publish","type":"product","link":"https:\/\/be-accepted.com\/pt-pt\/produto\/pregadeira-de-polvo-em-ouro-mate-com-strass-nas-cores-magenta-rosa-e-arco-iris\/","title":{"rendered":"Pregadeira de polvo em ouro mate com strass nas cores magenta, rosa e arco-\u00edris"},"content":{"rendered":"<p data-start=\"96\" data-end=\"411\">Esta pregadeira de polvo (aprox. 4,5 \u00d7 4 cm), com um design muito h\u00e1bil, combina o charme mar\u00edtimo com uma eleg\u00e2ncia sofisticada. Fabricado em metal de alta qualidade em dourado mate, impressiona pelo seu design pormenorizado e pelos strass cuidadosamente inseridos em magenta, rosa e cores iridescentes do arco-\u00edris. <\/p>\n<p data-start=\"413\" data-end=\"602\">As pedras brilhantes reflectem a luz em nuances fascinantes e d\u00e3o ao broche um aspeto vivo e brincalh\u00e3o &#8211; quase como se o polvo estivesse em movimento.<\/p>\n<p data-start=\"604\" data-end=\"818\" data-is-last-node=\"\" data-is-only-node=\"\">Quer seja como um destaque elegante num blazer, vestido, cachecol ou mala de m\u00e3o &#8211; esta pe\u00e7a de joalharia invulgar atrai garantidamente a aten\u00e7\u00e3o de todos e sublinha um sentido de moda confiante e individual.<\/p>\n","protected":false},"excerpt":{"rendered":"<p>Esta pregadeira de polvo (aprox. 4,5 \u00d7 4 cm), com um design muito h\u00e1bil, combina o charme mar\u00edtimo com uma eleg\u00e2ncia sofisticada. Fabricado em metal de alta qualidade em dourado mate, impressiona pelo seu design pormenorizado e pelos strass cuidadosamente inseridos em magenta, rosa e cores iridescentes do arco-\u00edris. As pedras brilhantes reflectem a luz [&hellip;]<\/p>\n","protected":false},"featured_media":35689,"template":"","meta":{"_acf_changed":false},"product_brand":[],"product_cat":[375],"product_tag":[],"class_list":{"0":"post-35706","1":"product","2":"type-product","3":"status-publish","4":"has-post-thumbnail","6":"product_cat-ser-aceite","8":"first","9":"instock","10":"taxable","11":"shipping-taxable","12":"purchasable","13":"product-type-simple"},"acf":[],"yoast_head":"<!-- This site is optimized with the Yoast SEO plugin v27.6 - https:\/\/yoast.com\/product\/yoast-seo-wordpress\/ -->\n<title>Pregadeira de polvo em ouro mate com strass nas cores magenta, rosa e arco-\u00edris<\/title>\n<meta name=\"description\" content=\"Pregadeira de polvo em ouro mate com strass nas cores magenta, rosa e arco-\u00edris\" \/>\n<meta name=\"robots\" content=\"index, follow, max-snippet:-1, max-image-preview:large, max-video-preview:-1\" \/>\n<link rel=\"canonical\" href=\"https:\/\/be-accepted.com\/pt-pt\/produto\/pregadeira-de-polvo-em-ouro-mate-com-strass-nas-cores-magenta-rosa-e-arco-iris\/\" \/>\n<meta property=\"og:locale\" content=\"pt_PT\" \/>\n<meta property=\"og:type\" content=\"article\" \/>\n<meta property=\"og:title\" content=\"Pregadeira de polvo em ouro mate com strass nas cores magenta, rosa e arco-\u00edris\" \/>\n<meta property=\"og:description\" content=\"Pregadeira de polvo em ouro mate com strass nas cores magenta, rosa e arco-\u00edris\" \/>\n<meta property=\"og:url\" content=\"https:\/\/be-accepted.com\/pt-pt\/produto\/pregadeira-de-polvo-em-ouro-mate-com-strass-nas-cores-magenta-rosa-e-arco-iris\/\" \/>\n<meta property=\"og:site_name\" content=\"Be accepted\" \/>\n<meta property=\"article:modified_time\" content=\"2025-11-11T09:31:55+00:00\" \/>\n<meta property=\"og:image\" content=\"https:\/\/be-accepted.com\/wp-content\/uploads\/2025\/11\/IMG_5671.jpg\" \/>\n\t<meta property=\"og:image:width\" content=\"640\" \/>\n\t<meta property=\"og:image:height\" content=\"636\" \/>\n\t<meta property=\"og:image:type\" content=\"image\/jpeg\" \/>\n<meta name=\"twitter:card\" content=\"summary_large_image\" \/>\n<meta name=\"twitter:label1\" content=\"Tempo estimado de leitura\" \/>\n\t<meta name=\"twitter:data1\" content=\"1 minuto\" \/>\n<script type=\"application\/ld+json\" class=\"yoast-schema-graph\">{\"@context\":\"https:\\\/\\\/schema.org\",\"@graph\":[{\"@type\":\"WebPage\",\"@id\":\"https:\\\/\\\/be-accepted.com\\\/pt-pt\\\/produto\\\/pregadeira-de-polvo-em-ouro-mate-com-strass-nas-cores-magenta-rosa-e-arco-iris\\\/\",\"url\":\"https:\\\/\\\/be-accepted.com\\\/pt-pt\\\/produto\\\/pregadeira-de-polvo-em-ouro-mate-com-strass-nas-cores-magenta-rosa-e-arco-iris\\\/\",\"name\":\"Pregadeira de polvo em ouro mate com strass nas cores magenta, rosa e arco-\u00edris\",\"isPartOf\":{\"@id\":\"https:\\\/\\\/be-accepted.com\\\/pt-pt\\\/#website\"},\"primaryImageOfPage\":{\"@id\":\"https:\\\/\\\/be-accepted.com\\\/pt-pt\\\/produto\\\/pregadeira-de-polvo-em-ouro-mate-com-strass-nas-cores-magenta-rosa-e-arco-iris\\\/#primaryimage\"},\"image\":{\"@id\":\"https:\\\/\\\/be-accepted.com\\\/pt-pt\\\/produto\\\/pregadeira-de-polvo-em-ouro-mate-com-strass-nas-cores-magenta-rosa-e-arco-iris\\\/#primaryimage\"},\"thumbnailUrl\":\"https:\\\/\\\/be-accepted.com\\\/wp-content\\\/uploads\\\/2025\\\/11\\\/IMG_5671.jpg\",\"datePublished\":\"2025-11-11T09:27:39+00:00\",\"dateModified\":\"2025-11-11T09:31:55+00:00\",\"description\":\"Pregadeira de polvo em ouro mate com strass nas cores magenta, rosa e arco-\u00edris\",\"breadcrumb\":{\"@id\":\"https:\\\/\\\/be-accepted.com\\\/pt-pt\\\/produto\\\/pregadeira-de-polvo-em-ouro-mate-com-strass-nas-cores-magenta-rosa-e-arco-iris\\\/#breadcrumb\"},\"inLanguage\":\"pt-PT\",\"potentialAction\":[{\"@type\":\"ReadAction\",\"target\":[\"https:\\\/\\\/be-accepted.com\\\/pt-pt\\\/produto\\\/pregadeira-de-polvo-em-ouro-mate-com-strass-nas-cores-magenta-rosa-e-arco-iris\\\/\"]}]},{\"@type\":\"ImageObject\",\"inLanguage\":\"pt-PT\",\"@id\":\"https:\\\/\\\/be-accepted.com\\\/pt-pt\\\/produto\\\/pregadeira-de-polvo-em-ouro-mate-com-strass-nas-cores-magenta-rosa-e-arco-iris\\\/#primaryimage\",\"url\":\"https:\\\/\\\/be-accepted.com\\\/wp-content\\\/uploads\\\/2025\\\/11\\\/IMG_5671.jpg\",\"contentUrl\":\"https:\\\/\\\/be-accepted.com\\\/wp-content\\\/uploads\\\/2025\\\/11\\\/IMG_5671.jpg\",\"width\":640,\"height\":636},{\"@type\":\"BreadcrumbList\",\"@id\":\"https:\\\/\\\/be-accepted.com\\\/pt-pt\\\/produto\\\/pregadeira-de-polvo-em-ouro-mate-com-strass-nas-cores-magenta-rosa-e-arco-iris\\\/#breadcrumb\",\"itemListElement\":[{\"@type\":\"ListItem\",\"position\":1,\"name\":\"Startseite\",\"item\":\"https:\\\/\\\/be-accepted.com\\\/pt-pt\\\/se-aceite\\\/\"},{\"@type\":\"ListItem\",\"position\":2,\"name\":\"Compra\",\"item\":\"https:\\\/\\\/be-accepted.com\\\/pt-pt\\\/compra\\\/\"},{\"@type\":\"ListItem\",\"position\":3,\"name\":\"Pregadeira de polvo em ouro mate com strass nas cores magenta, rosa e arco-\u00edris\"}]},{\"@type\":\"WebSite\",\"@id\":\"https:\\\/\\\/be-accepted.com\\\/pt-pt\\\/#website\",\"url\":\"https:\\\/\\\/be-accepted.com\\\/pt-pt\\\/\",\"name\":\"Be accepted\",\"description\":\"Be accepted by Caro\",\"publisher\":{\"@id\":\"https:\\\/\\\/be-accepted.com\\\/pt-pt\\\/#organization\"},\"potentialAction\":[{\"@type\":\"SearchAction\",\"target\":{\"@type\":\"EntryPoint\",\"urlTemplate\":\"https:\\\/\\\/be-accepted.com\\\/pt-pt\\\/?s={search_term_string}\"},\"query-input\":{\"@type\":\"PropertyValueSpecification\",\"valueRequired\":true,\"valueName\":\"search_term_string\"}}],\"inLanguage\":\"pt-PT\"},{\"@type\":\"Organization\",\"@id\":\"https:\\\/\\\/be-accepted.com\\\/pt-pt\\\/#organization\",\"name\":\"BE accepted\",\"url\":\"https:\\\/\\\/be-accepted.com\\\/pt-pt\\\/\",\"logo\":{\"@type\":\"ImageObject\",\"inLanguage\":\"pt-PT\",\"@id\":\"https:\\\/\\\/be-accepted.com\\\/pt-pt\\\/#\\\/schema\\\/logo\\\/image\\\/\",\"url\":\"\",\"contentUrl\":\"\",\"caption\":\"BE accepted\"},\"image\":{\"@id\":\"https:\\\/\\\/be-accepted.com\\\/pt-pt\\\/#\\\/schema\\\/logo\\\/image\\\/\"}}]}<\/script>\n<!-- \/ Yoast SEO plugin. -->","yoast_head_json":{"title":"Pregadeira de polvo em ouro mate com strass nas cores magenta, rosa e arco-\u00edris","description":"Pregadeira de polvo em ouro mate com strass nas cores magenta, rosa e arco-\u00edris","robots":{"index":"index","follow":"follow","max-snippet":"max-snippet:-1","max-image-preview":"max-image-preview:large","max-video-preview":"max-video-preview:-1"},"canonical":"https:\/\/be-accepted.com\/pt-pt\/produto\/pregadeira-de-polvo-em-ouro-mate-com-strass-nas-cores-magenta-rosa-e-arco-iris\/","og_locale":"pt_PT","og_type":"article","og_title":"Pregadeira de polvo em ouro mate com strass nas cores magenta, rosa e arco-\u00edris","og_description":"Pregadeira de polvo em ouro mate com strass nas cores magenta, rosa e arco-\u00edris","og_url":"https:\/\/be-accepted.com\/pt-pt\/produto\/pregadeira-de-polvo-em-ouro-mate-com-strass-nas-cores-magenta-rosa-e-arco-iris\/","og_site_name":"Be accepted","article_modified_time":"2025-11-11T09:31:55+00:00","og_image":[{"width":640,"height":636,"url":"https:\/\/be-accepted.com\/wp-content\/uploads\/2025\/11\/IMG_5671.jpg","type":"image\/jpeg"}],"twitter_card":"summary_large_image","twitter_misc":{"Tempo estimado de leitura":"1 minuto"},"schema":{"@context":"https:\/\/schema.org","@graph":[{"@type":"WebPage","@id":"https:\/\/be-accepted.com\/pt-pt\/produto\/pregadeira-de-polvo-em-ouro-mate-com-strass-nas-cores-magenta-rosa-e-arco-iris\/","url":"https:\/\/be-accepted.com\/pt-pt\/produto\/pregadeira-de-polvo-em-ouro-mate-com-strass-nas-cores-magenta-rosa-e-arco-iris\/","name":"Pregadeira de polvo em ouro mate com strass nas cores magenta, rosa e arco-\u00edris","isPartOf":{"@id":"https:\/\/be-accepted.com\/pt-pt\/#website"},"primaryImageOfPage":{"@id":"https:\/\/be-accepted.com\/pt-pt\/produto\/pregadeira-de-polvo-em-ouro-mate-com-strass-nas-cores-magenta-rosa-e-arco-iris\/#primaryimage"},"image":{"@id":"https:\/\/be-accepted.com\/pt-pt\/produto\/pregadeira-de-polvo-em-ouro-mate-com-strass-nas-cores-magenta-rosa-e-arco-iris\/#primaryimage"},"thumbnailUrl":"https:\/\/be-accepted.com\/wp-content\/uploads\/2025\/11\/IMG_5671.jpg","datePublished":"2025-11-11T09:27:39+00:00","dateModified":"2025-11-11T09:31:55+00:00","description":"Pregadeira de polvo em ouro mate com strass nas cores magenta, rosa e arco-\u00edris","breadcrumb":{"@id":"https:\/\/be-accepted.com\/pt-pt\/produto\/pregadeira-de-polvo-em-ouro-mate-com-strass-nas-cores-magenta-rosa-e-arco-iris\/#breadcrumb"},"inLanguage":"pt-PT","potentialAction":[{"@type":"ReadAction","target":["https:\/\/be-accepted.com\/pt-pt\/produto\/pregadeira-de-polvo-em-ouro-mate-com-strass-nas-cores-magenta-rosa-e-arco-iris\/"]}]},{"@type":"ImageObject","inLanguage":"pt-PT","@id":"https:\/\/be-accepted.com\/pt-pt\/produto\/pregadeira-de-polvo-em-ouro-mate-com-strass-nas-cores-magenta-rosa-e-arco-iris\/#primaryimage","url":"https:\/\/be-accepted.com\/wp-content\/uploads\/2025\/11\/IMG_5671.jpg","contentUrl":"https:\/\/be-accepted.com\/wp-content\/uploads\/2025\/11\/IMG_5671.jpg","width":640,"height":636},{"@type":"BreadcrumbList","@id":"https:\/\/be-accepted.com\/pt-pt\/produto\/pregadeira-de-polvo-em-ouro-mate-com-strass-nas-cores-magenta-rosa-e-arco-iris\/#breadcrumb","itemListElement":[{"@type":"ListItem","position":1,"name":"Startseite","item":"https:\/\/be-accepted.com\/pt-pt\/se-aceite\/"},{"@type":"ListItem","position":2,"name":"Compra","item":"https:\/\/be-accepted.com\/pt-pt\/compra\/"},{"@type":"ListItem","position":3,"name":"Pregadeira de polvo em ouro mate com strass nas cores magenta, rosa e arco-\u00edris"}]},{"@type":"WebSite","@id":"https:\/\/be-accepted.com\/pt-pt\/#website","url":"https:\/\/be-accepted.com\/pt-pt\/","name":"Be accepted","description":"Be accepted by Caro","publisher":{"@id":"https:\/\/be-accepted.com\/pt-pt\/#organization"},"potentialAction":[{"@type":"SearchAction","target":{"@type":"EntryPoint","urlTemplate":"https:\/\/be-accepted.com\/pt-pt\/?s={search_term_string}"},"query-input":{"@type":"PropertyValueSpecification","valueRequired":true,"valueName":"search_term_string"}}],"inLanguage":"pt-PT"},{"@type":"Organization","@id":"https:\/\/be-accepted.com\/pt-pt\/#organization","name":"BE accepted","url":"https:\/\/be-accepted.com\/pt-pt\/","logo":{"@type":"ImageObject","inLanguage":"pt-PT","@id":"https:\/\/be-accepted.com\/pt-pt\/#\/schema\/logo\/image\/","url":"","contentUrl":"","caption":"BE accepted"},"image":{"@id":"https:\/\/be-accepted.com\/pt-pt\/#\/schema\/logo\/image\/"}}]}},"_links":{"self":[{"href":"https:\/\/be-accepted.com\/pt-pt\/wp-json\/wp\/v2\/product\/35706","targetHints":{"allow":["GET"]}}],"collection":[{"href":"https:\/\/be-accepted.com\/pt-pt\/wp-json\/wp\/v2\/product"}],"about":[{"href":"https:\/\/be-accepted.com\/pt-pt\/wp-json\/wp\/v2\/types\/product"}],"version-history":[{"count":0,"href":"https:\/\/be-accepted.com\/pt-pt\/wp-json\/wp\/v2\/product\/35706\/revisions"}],"wp:featuredmedia":[{"embeddable":true,"href":"https:\/\/be-accepted.com\/pt-pt\/wp-json\/wp\/v2\/media\/35689"}],"wp:attachment":[{"href":"https:\/\/be-accepted.com\/pt-pt\/wp-json\/wp\/v2\/media?parent=35706"}],"wp:term":[{"taxonomy":"product_brand","embeddable":true,"href":"https:\/\/be-accepted.com\/pt-pt\/wp-json\/wp\/v2\/product_brand?post=35706"},{"taxonomy":"product_cat","embeddable":true,"href":"https:\/\/be-accepted.com\/pt-pt\/wp-json\/wp\/v2\/product_cat?post=35706"},{"taxonomy":"product_tag","embeddable":true,"href":"https:\/\/be-accepted.com\/pt-pt\/wp-json\/wp\/v2\/product_tag?post=35706"}],"curies":[{"name":"wp","href":"https:\/\/api.w.org\/{rel}","templated":true}]}}