{"id":28407,"date":"2024-09-20T13:39:55","date_gmt":"2024-09-20T13:39:55","guid":{"rendered":"https:\/\/be-accepted.com\/qi-gong\/"},"modified":"2026-05-05T12:39:02","modified_gmt":"2026-05-05T12:39:02","slug":"qi-gong","status":"publish","type":"page","link":"https:\/\/be-accepted.com\/tr\/atoelye-calismalari\/qi-gong\/","title":{"rendered":"Qi Gong"},"content":{"rendered":"\t\t<div data-elementor-type=\"wp-page\" data-elementor-id=\"28407\" class=\"elementor elementor-28407 elementor-19979\" data-elementor-post-type=\"page\">\n\t\t\t\t\t\t<section class=\"elementor-section elementor-top-section elementor-element elementor-element-59e87f6 elementor-section-boxed elementor-section-height-default elementor-section-height-default\" data-id=\"59e87f6\" data-element_type=\"section\" data-e-type=\"section\" data-settings=\"{&quot;background_background&quot;:&quot;classic&quot;}\">\n\t\t\t\t\t\t\t<div class=\"elementor-background-overlay\"><\/div>\n\t\t\t\t\t\t\t<div class=\"elementor-container elementor-column-gap-default\">\n\t\t\t\t\t<div class=\"elementor-column elementor-col-100 elementor-top-column elementor-element elementor-element-cea606b\" data-id=\"cea606b\" data-element_type=\"column\" data-e-type=\"column\">\n\t\t\t<div class=\"elementor-widget-wrap elementor-element-populated\">\n\t\t\t\t\t\t<div class=\"elementor-element elementor-element-a8f1047 elementor-invisible elementor-widget elementor-widget-heading\" data-id=\"a8f1047\" data-element_type=\"widget\" data-e-type=\"widget\" data-settings=\"{&quot;_animation&quot;:&quot;fadeInDown&quot;}\" data-widget_type=\"heading.default\">\n\t\t\t\t\t<h2 class=\"elementor-heading-title elementor-size-default\">Qi Gong<\/h2>\t\t\t\t<\/div>\n\t\t\t\t\t<\/div>\n\t\t<\/div>\n\t\t\t\t\t<\/div>\n\t\t<\/section>\n\t\t<div class=\"elementor-element elementor-element-517e4d7 e-flex e-con-boxed e-con e-parent\" data-id=\"517e4d7\" data-element_type=\"container\" data-e-type=\"container\">\n\t\t\t\t\t<div class=\"e-con-inner\">\n\t\t<div class=\"elementor-element elementor-element-f798e50 e-con-full e-flex e-con e-child\" data-id=\"f798e50\" data-element_type=\"container\" data-e-type=\"container\" data-settings=\"{&quot;background_background&quot;:&quot;classic&quot;}\">\n\t\t\t\t<div class=\"elementor-element elementor-element-c467d22 elementor-widget elementor-widget-heading\" data-id=\"c467d22\" data-element_type=\"widget\" data-e-type=\"widget\" data-widget_type=\"heading.default\">\n\t\t\t\t\t<h4 class=\"elementor-heading-title elementor-size-default\">Chi (Qi) Gong Nedir - Giri\u015f<\/h4>\t\t\t\t<\/div>\n\t\t\t\t<div class=\"elementor-element elementor-element-09be627 elementor-widget__width-inherit elementor-widget elementor-widget-video\" data-id=\"09be627\" data-element_type=\"widget\" data-e-type=\"widget\" data-settings=\"{&quot;youtube_url&quot;:&quot;https:\\\/\\\/www.youtube.com\\\/watch?v=qug8Jtv3sg0&amp;t=3s&quot;,&quot;video_type&quot;:&quot;youtube&quot;,&quot;controls&quot;:&quot;yes&quot;}\" data-widget_type=\"video.default\">\n\t\t\t\t\t\t\t<div class=\"elementor-wrapper elementor-open-inline\">\n\t\t\t<div class=\"elementor-video\"><\/div>\t\t<\/div>\n\t\t\t\t\t\t<\/div>\n\t\t\t\t<\/div>\n\t\t<div class=\"elementor-element elementor-element-45c4abf e-con-full e-flex e-con e-child\" data-id=\"45c4abf\" data-element_type=\"container\" data-e-type=\"container\" data-settings=\"{&quot;background_background&quot;:&quot;classic&quot;}\">\n\t\t\t\t<div class=\"elementor-element elementor-element-d9e42d3 elementor-widget elementor-widget-heading\" data-id=\"d9e42d3\" data-element_type=\"widget\" data-e-type=\"widget\" data-widget_type=\"heading.default\">\n\t\t\t\t\t<h4 class=\"elementor-heading-title elementor-size-default\">Chi (Qi) Gong uygulamas\u0131 i\u00e7in en \u00f6nemli noktalar\u0131n a\u00e7\u0131klanmas\u0131<\/h4>\t\t\t\t<\/div>\n\t\t\t\t<div class=\"elementor-element elementor-element-a9c36dd elementor-widget__width-inherit elementor-widget elementor-widget-video\" data-id=\"a9c36dd\" data-element_type=\"widget\" data-e-type=\"widget\" data-settings=\"{&quot;video_type&quot;:&quot;hosted&quot;,&quot;controls&quot;:&quot;yes&quot;}\" data-widget_type=\"video.default\">\n\t\t\t\t\t\t\t<div class=\"e-hosted-video elementor-wrapper elementor-open-inline\">\n\t\t\t\t\t<video class=\"elementor-video\" src=\"https:\/\/be-accepted.com\/wp-content\/uploads\/2023\/03\/Chi-Gong-20-german_1.mp4\" controls=\"\" preload=\"metadata\" controlsList=\"nodownload\"><\/video>\n\t\t\t\t<\/div>\n\t\t\t\t\t\t<\/div>\n\t\t\t\t<\/div>\n\t\t\t\t<div class=\"elementor-element elementor-element-49624e6 stax-condition-yes stax-user_role_enabled-yes elementor-widget-divider--view-line elementor-widget elementor-widget-divider\" data-id=\"49624e6\" data-element_type=\"widget\" data-e-type=\"widget\" data-widget_type=\"divider.default\">\n\t\t\t\t\t\t\t<div class=\"elementor-divider\">\n\t\t\t<span class=\"elementor-divider-separator\">\n\t\t\t\t\t\t<\/span>\n\t\t<\/div>\n\t\t\t\t\t\t<\/div>\n\t\t\t\t<div class=\"elementor-element elementor-element-fec839c red-link stax-user_role_enabled-yes stax-condition-yes elementor-widget elementor-widget-text-editor\" data-id=\"fec839c\" data-element_type=\"widget\" data-e-type=\"widget\" data-widget_type=\"text-editor.default\">\n\t\t\t\t\t\t\t\t\t<p><div class=\"swpm_mini_login_wrapper\"><span class=\"swpm_mini_login_login_here\"><a href=\"https:\/\/be-accepted.com\/my-account\/?swpm_redirect_to=https%3A%2F%2Fbe-accepted.com%2Ftr%2Fwp-json%2Fwp%2Fv2%2Fpages%2F28407\">Giri\u015f yap\u0131n<\/a><\/span><span class=\"swpm_mini_login_no_membership\"> | \u00dcye de\u011fil misiniz? <\/span><span class=\"swpm_mini_login_join_now\"><a href=\"https:\/\/be-accepted.com\/produkt\/be-accepted-mitglied-werden\/\">\u015eimdi Kat\u0131l<\/a><\/span><\/div><\/p>\t\t\t\t\t\t\t\t<\/div>\n\t\t\t\t\t<\/div>\n\t\t\t\t<\/div>\n\t\t<div class=\"elementor-element elementor-element-cc9f4ae e-flex e-con-boxed e-con e-parent\" data-id=\"cc9f4ae\" data-element_type=\"container\" data-e-type=\"container\">\n\t\t\t\t\t<div class=\"e-con-inner\">\n\t\t<div class=\"elementor-element elementor-element-79ab59c e-con-full e-flex e-con e-child\" data-id=\"79ab59c\" data-element_type=\"container\" data-e-type=\"container\" data-settings=\"{&quot;background_background&quot;:&quot;classic&quot;}\">\n\t\t\t\t<div class=\"elementor-element elementor-element-cb0a3fb elementor-widget elementor-widget-heading\" data-id=\"cb0a3fb\" data-element_type=\"widget\" data-e-type=\"widget\" data-widget_type=\"heading.default\">\n\t\t\t\t\t<h4 class=\"elementor-heading-title elementor-size-default\">V\u00fccuttaki Ying ve Yang enerjilerinin uyumla\u015ft\u0131r\u0131lmas\u0131<\/h4>\t\t\t\t<\/div>\n\t\t\t\t<div class=\"elementor-element elementor-element-3b5db5d elementor-widget__width-inherit elementor-widget elementor-widget-video\" data-id=\"3b5db5d\" data-element_type=\"widget\" data-e-type=\"widget\" data-settings=\"{&quot;youtube_url&quot;:&quot;https:\\\/\\\/www.youtube.com\\\/watch?v=QUd4YCexat8&quot;,&quot;video_type&quot;:&quot;youtube&quot;,&quot;controls&quot;:&quot;yes&quot;}\" data-widget_type=\"video.default\">\n\t\t\t\t\t\t\t<div class=\"elementor-wrapper elementor-open-inline\">\n\t\t\t<div class=\"elementor-video\"><\/div>\t\t<\/div>\n\t\t\t\t\t\t<\/div>\n\t\t\t\t<\/div>\n\t\t<div class=\"elementor-element elementor-element-a3c2baa e-con-full e-flex e-con e-child\" data-id=\"a3c2baa\" data-element_type=\"container\" data-e-type=\"container\" data-settings=\"{&quot;background_background&quot;:&quot;classic&quot;}\">\n\t\t\t\t<div class=\"elementor-element elementor-element-0095bb5 elementor-widget elementor-widget-heading\" data-id=\"0095bb5\" data-element_type=\"widget\" data-e-type=\"widget\" data-widget_type=\"heading.default\">\n\t\t\t\t\t<h4 class=\"elementor-heading-title elementor-size-default\">Ye\u015fil Tara'n\u0131n varl\u0131\u011f\u0131n\u0131 talep etmek<\/h4>\t\t\t\t<\/div>\n\t\t\t\t<div class=\"elementor-element elementor-element-04aaacb elementor-widget__width-inherit elementor-widget elementor-widget-video\" data-id=\"04aaacb\" data-element_type=\"widget\" data-e-type=\"widget\" data-settings=\"{&quot;youtube_url&quot;:&quot;https:\\\/\\\/www.youtube.com\\\/watch?v=pDWf2TIMQTo&quot;,&quot;video_type&quot;:&quot;youtube&quot;,&quot;controls&quot;:&quot;yes&quot;}\" data-widget_type=\"video.default\">\n\t\t\t\t\t\t\t<div class=\"elementor-wrapper elementor-open-inline\">\n\t\t\t<div class=\"elementor-video\"><\/div>\t\t<\/div>\n\t\t\t\t\t\t<\/div>\n\t\t\t\t<\/div>\n\t\t\t\t<div class=\"elementor-element elementor-element-7e068af stax-condition-yes stax-user_role_enabled-yes elementor-widget-divider--view-line elementor-widget elementor-widget-divider\" data-id=\"7e068af\" data-element_type=\"widget\" data-e-type=\"widget\" data-widget_type=\"divider.default\">\n\t\t\t\t\t\t\t<div class=\"elementor-divider\">\n\t\t\t<span class=\"elementor-divider-separator\">\n\t\t\t\t\t\t<\/span>\n\t\t<\/div>\n\t\t\t\t\t\t<\/div>\n\t\t\t\t<div class=\"elementor-element elementor-element-3e67a46 red-link stax-user_role_enabled-yes stax-condition-yes elementor-widget elementor-widget-text-editor\" data-id=\"3e67a46\" data-element_type=\"widget\" data-e-type=\"widget\" data-widget_type=\"text-editor.default\">\n\t\t\t\t\t\t\t\t\t<p><div class=\"swpm_mini_login_wrapper\"><span class=\"swpm_mini_login_login_here\"><a href=\"https:\/\/be-accepted.com\/my-account\/?swpm_redirect_to=https%3A%2F%2Fbe-accepted.com%2Ftr%2Fwp-json%2Fwp%2Fv2%2Fpages%2F28407\">Giri\u015f yap\u0131n<\/a><\/span><span class=\"swpm_mini_login_no_membership\"> | \u00dcye de\u011fil misiniz? <\/span><span class=\"swpm_mini_login_join_now\"><a href=\"https:\/\/be-accepted.com\/produkt\/be-accepted-mitglied-werden\/\">\u015eimdi Kat\u0131l<\/a><\/span><\/div><\/p>\t\t\t\t\t\t\t\t<\/div>\n\t\t\t\t\t<\/div>\n\t\t\t\t<\/div>\n\t\t<div class=\"elementor-element elementor-element-1b80f22 e-flex e-con-boxed e-con e-parent\" data-id=\"1b80f22\" data-element_type=\"container\" data-e-type=\"container\">\n\t\t\t\t\t<div class=\"e-con-inner\">\n\t\t<div class=\"elementor-element elementor-element-59f5a7a e-con-full e-flex e-con e-child\" data-id=\"59f5a7a\" data-element_type=\"container\" data-e-type=\"container\" data-settings=\"{&quot;background_background&quot;:&quot;classic&quot;}\">\n\t\t\t\t<div class=\"elementor-element elementor-element-835f807 elementor-widget elementor-widget-heading\" data-id=\"835f807\" data-element_type=\"widget\" data-e-type=\"widget\" data-widget_type=\"heading.default\">\n\t\t\t\t\t<h4 class=\"elementor-heading-title elementor-size-default\">Shacking &amp; Releasing<\/h4>\t\t\t\t<\/div>\n\t\t\t\t<div class=\"elementor-element elementor-element-d980d0a elementor-widget__width-inherit elementor-widget elementor-widget-video\" data-id=\"d980d0a\" data-element_type=\"widget\" data-e-type=\"widget\" data-settings=\"{&quot;youtube_url&quot;:&quot;https:\\\/\\\/www.youtube.com\\\/watch?v=Evn4gs_9hm0&quot;,&quot;video_type&quot;:&quot;youtube&quot;,&quot;controls&quot;:&quot;yes&quot;}\" data-widget_type=\"video.default\">\n\t\t\t\t\t\t\t<div class=\"elementor-wrapper elementor-open-inline\">\n\t\t\t<div class=\"elementor-video\"><\/div>\t\t<\/div>\n\t\t\t\t\t\t<\/div>\n\t\t\t\t<\/div>\n\t\t\t\t<div class=\"elementor-element elementor-element-b6ce94a stax-condition-yes stax-user_role_enabled-yes elementor-widget-divider--view-line elementor-widget elementor-widget-divider\" data-id=\"b6ce94a\" data-element_type=\"widget\" data-e-type=\"widget\" data-widget_type=\"divider.default\">\n\t\t\t\t\t\t\t<div class=\"elementor-divider\">\n\t\t\t<span class=\"elementor-divider-separator\">\n\t\t\t\t\t\t<\/span>\n\t\t<\/div>\n\t\t\t\t\t\t<\/div>\n\t\t\t\t<div class=\"elementor-element elementor-element-446ebb3 red-link stax-user_role_enabled-yes stax-condition-yes elementor-widget elementor-widget-text-editor\" data-id=\"446ebb3\" data-element_type=\"widget\" data-e-type=\"widget\" data-widget_type=\"text-editor.default\">\n\t\t\t\t\t\t\t\t\t<p><div class=\"swpm_mini_login_wrapper\"><span class=\"swpm_mini_login_login_here\"><a href=\"https:\/\/be-accepted.com\/my-account\/?swpm_redirect_to=https%3A%2F%2Fbe-accepted.com%2Ftr%2Fwp-json%2Fwp%2Fv2%2Fpages%2F28407\">Giri\u015f yap\u0131n<\/a><\/span><span class=\"swpm_mini_login_no_membership\"> | \u00dcye de\u011fil misiniz? <\/span><span class=\"swpm_mini_login_join_now\"><a href=\"https:\/\/be-accepted.com\/produkt\/be-accepted-mitglied-werden\/\">\u015eimdi Kat\u0131l<\/a><\/span><\/div><\/p>\t\t\t\t\t\t\t\t<\/div>\n\t\t\t\t\t<\/div>\n\t\t\t\t<\/div>\n\t\t\t\t<\/div>\n\t\t","protected":false},"excerpt":{"rendered":"<p>Chi (Qi) Gong Nedir &#8211; Giri\u015f https:\/\/www.youtube.com\/watch?v=qug8Jtv3sg0&#038;t=3s Chi (Qi) Gong uygulamas\u0131 i\u00e7in en \u00f6nemli noktalar\u0131n a\u00e7\u0131klanmas\u0131 https:\/\/be-accepted.com\/wp-content\/uploads\/2023\/03\/Chi-Gong-20-german_1.mp4 V\u00fccuttaki Ying ve Yang enerjilerinin uyumla\u015ft\u0131r\u0131lmas\u0131 https:\/\/www.youtube.com\/watch?v=QUd4YCexat8 Ye\u015fil Tara&#8217;n\u0131n varl\u0131\u011f\u0131n\u0131 talep etmek https:\/\/www.youtube.com\/watch?v=pDWf2TIMQTo Shacking &amp; Releasing https:\/\/www.youtube.com\/watch?v=Evn4gs_9hm0<\/p>\n","protected":false},"author":14,"featured_media":28410,"parent":28535,"menu_order":0,"comment_status":"closed","ping_status":"closed","template":"elementor_header_footer","meta":{"_acf_changed":false,"footnotes":""},"class_list":["post-28407","page","type-page","status-publish","has-post-thumbnail","hentry"],"acf":[],"yoast_head":"<!-- This site is optimized with the Yoast SEO plugin v27.6 - https:\/\/yoast.com\/product\/yoast-seo-wordpress\/ -->\n<title>Qi Gong - Be accepted<\/title>\n<meta name=\"robots\" content=\"index, follow, max-snippet:-1, max-image-preview:large, max-video-preview:-1\" \/>\n<link rel=\"canonical\" href=\"https:\/\/be-accepted.com\/tr\/atoelye-calismalari\/qi-gong\/\" \/>\n<meta property=\"og:locale\" content=\"tr_TR\" \/>\n<meta property=\"og:type\" content=\"article\" \/>\n<meta property=\"og:title\" content=\"Qi Gong - Be accepted\" \/>\n<meta property=\"og:description\" content=\"Chi (Qi) Gong Nedir &#8211; Giri\u015f https:\/\/www.youtube.com\/watch?v=qug8Jtv3sg0&#038;t=3s Chi (Qi) Gong uygulamas\u0131 i\u00e7in en \u00f6nemli noktalar\u0131n a\u00e7\u0131klanmas\u0131 https:\/\/be-accepted.com\/wp-content\/uploads\/2023\/03\/Chi-Gong-20-german_1.mp4 V\u00fccuttaki Ying ve Yang enerjilerinin uyumla\u015ft\u0131r\u0131lmas\u0131 https:\/\/www.youtube.com\/watch?v=QUd4YCexat8 Ye\u015fil Tara&#8217;n\u0131n varl\u0131\u011f\u0131n\u0131 talep etmek https:\/\/www.youtube.com\/watch?v=pDWf2TIMQTo Shacking &amp; Releasing https:\/\/www.youtube.com\/watch?v=Evn4gs_9hm0\" \/>\n<meta property=\"og:url\" content=\"https:\/\/be-accepted.com\/tr\/atoelye-calismalari\/qi-gong\/\" \/>\n<meta property=\"og:site_name\" content=\"Be accepted\" \/>\n<meta property=\"article:modified_time\" content=\"2026-05-05T12:39:02+00:00\" \/>\n<meta property=\"og:image\" content=\"https:\/\/be-accepted.com\/wp-content\/uploads\/2022\/10\/guillaume-de-germain-v8pELaoQBxQ-unsplash-scaled.jpg\" \/>\n\t<meta property=\"og:image:width\" content=\"1600\" \/>\n\t<meta property=\"og:image:height\" content=\"1066\" \/>\n\t<meta property=\"og:image:type\" content=\"image\/jpeg\" \/>\n<meta name=\"twitter:card\" content=\"summary_large_image\" \/>\n<script type=\"application\/ld+json\" class=\"yoast-schema-graph\">{\"@context\":\"https:\\\/\\\/schema.org\",\"@graph\":[{\"@type\":\"WebPage\",\"@id\":\"https:\\\/\\\/be-accepted.com\\\/tr\\\/atoelye-calismalari\\\/qi-gong\\\/\",\"url\":\"https:\\\/\\\/be-accepted.com\\\/tr\\\/atoelye-calismalari\\\/qi-gong\\\/\",\"name\":\"Qi Gong - Be accepted\",\"isPartOf\":{\"@id\":\"https:\\\/\\\/be-accepted.com\\\/tr\\\/#website\"},\"primaryImageOfPage\":{\"@id\":\"https:\\\/\\\/be-accepted.com\\\/tr\\\/atoelye-calismalari\\\/qi-gong\\\/#primaryimage\"},\"image\":{\"@id\":\"https:\\\/\\\/be-accepted.com\\\/tr\\\/atoelye-calismalari\\\/qi-gong\\\/#primaryimage\"},\"thumbnailUrl\":\"https:\\\/\\\/be-accepted.com\\\/wp-content\\\/uploads\\\/2022\\\/10\\\/guillaume-de-germain-v8pELaoQBxQ-unsplash-scaled.jpg\",\"datePublished\":\"2024-09-20T13:39:55+00:00\",\"dateModified\":\"2026-05-05T12:39:02+00:00\",\"breadcrumb\":{\"@id\":\"https:\\\/\\\/be-accepted.com\\\/tr\\\/atoelye-calismalari\\\/qi-gong\\\/#breadcrumb\"},\"inLanguage\":\"tr\",\"potentialAction\":[{\"@type\":\"ReadAction\",\"target\":[\"https:\\\/\\\/be-accepted.com\\\/tr\\\/atoelye-calismalari\\\/qi-gong\\\/\"]}]},{\"@type\":\"ImageObject\",\"inLanguage\":\"tr\",\"@id\":\"https:\\\/\\\/be-accepted.com\\\/tr\\\/atoelye-calismalari\\\/qi-gong\\\/#primaryimage\",\"url\":\"https:\\\/\\\/be-accepted.com\\\/wp-content\\\/uploads\\\/2022\\\/10\\\/guillaume-de-germain-v8pELaoQBxQ-unsplash-scaled.jpg\",\"contentUrl\":\"https:\\\/\\\/be-accepted.com\\\/wp-content\\\/uploads\\\/2022\\\/10\\\/guillaume-de-germain-v8pELaoQBxQ-unsplash-scaled.jpg\",\"width\":1600,\"height\":1066},{\"@type\":\"BreadcrumbList\",\"@id\":\"https:\\\/\\\/be-accepted.com\\\/tr\\\/atoelye-calismalari\\\/qi-gong\\\/#breadcrumb\",\"itemListElement\":[{\"@type\":\"ListItem\",\"position\":1,\"name\":\"Startseite\",\"item\":\"https:\\\/\\\/be-accepted.com\\\/tr\\\/kabul-edilmek\\\/\"},{\"@type\":\"ListItem\",\"position\":2,\"name\":\"At\u00f6lye \u00c7al\u0131\u015fmalar\u0131\",\"item\":\"https:\\\/\\\/be-accepted.com\\\/tr\\\/atoelye-calismalari\\\/\"},{\"@type\":\"ListItem\",\"position\":3,\"name\":\"Qi Gong\"}]},{\"@type\":\"WebSite\",\"@id\":\"https:\\\/\\\/be-accepted.com\\\/tr\\\/#website\",\"url\":\"https:\\\/\\\/be-accepted.com\\\/tr\\\/\",\"name\":\"Be accepted\",\"description\":\"Be accepted by Caro\",\"publisher\":{\"@id\":\"https:\\\/\\\/be-accepted.com\\\/tr\\\/#organization\"},\"potentialAction\":[{\"@type\":\"SearchAction\",\"target\":{\"@type\":\"EntryPoint\",\"urlTemplate\":\"https:\\\/\\\/be-accepted.com\\\/tr\\\/?s={search_term_string}\"},\"query-input\":{\"@type\":\"PropertyValueSpecification\",\"valueRequired\":true,\"valueName\":\"search_term_string\"}}],\"inLanguage\":\"tr\"},{\"@type\":\"Organization\",\"@id\":\"https:\\\/\\\/be-accepted.com\\\/tr\\\/#organization\",\"name\":\"BE accepted\",\"url\":\"https:\\\/\\\/be-accepted.com\\\/tr\\\/\",\"logo\":{\"@type\":\"ImageObject\",\"inLanguage\":\"tr\",\"@id\":\"https:\\\/\\\/be-accepted.com\\\/tr\\\/#\\\/schema\\\/logo\\\/image\\\/\",\"url\":\"\",\"contentUrl\":\"\",\"caption\":\"BE accepted\"},\"image\":{\"@id\":\"https:\\\/\\\/be-accepted.com\\\/tr\\\/#\\\/schema\\\/logo\\\/image\\\/\"}}]}<\/script>\n<!-- \/ Yoast SEO plugin. -->","yoast_head_json":{"title":"Qi Gong - Be accepted","robots":{"index":"index","follow":"follow","max-snippet":"max-snippet:-1","max-image-preview":"max-image-preview:large","max-video-preview":"max-video-preview:-1"},"canonical":"https:\/\/be-accepted.com\/tr\/atoelye-calismalari\/qi-gong\/","og_locale":"tr_TR","og_type":"article","og_title":"Qi Gong - Be accepted","og_description":"Chi (Qi) Gong Nedir &#8211; Giri\u015f https:\/\/www.youtube.com\/watch?v=qug8Jtv3sg0&#038;t=3s Chi (Qi) Gong uygulamas\u0131 i\u00e7in en \u00f6nemli noktalar\u0131n a\u00e7\u0131klanmas\u0131 https:\/\/be-accepted.com\/wp-content\/uploads\/2023\/03\/Chi-Gong-20-german_1.mp4 V\u00fccuttaki Ying ve Yang enerjilerinin uyumla\u015ft\u0131r\u0131lmas\u0131 https:\/\/www.youtube.com\/watch?v=QUd4YCexat8 Ye\u015fil Tara&#8217;n\u0131n varl\u0131\u011f\u0131n\u0131 talep etmek https:\/\/www.youtube.com\/watch?v=pDWf2TIMQTo Shacking &amp; Releasing https:\/\/www.youtube.com\/watch?v=Evn4gs_9hm0","og_url":"https:\/\/be-accepted.com\/tr\/atoelye-calismalari\/qi-gong\/","og_site_name":"Be accepted","article_modified_time":"2026-05-05T12:39:02+00:00","og_image":[{"width":1600,"height":1066,"url":"https:\/\/be-accepted.com\/wp-content\/uploads\/2022\/10\/guillaume-de-germain-v8pELaoQBxQ-unsplash-scaled.jpg","type":"image\/jpeg"}],"twitter_card":"summary_large_image","schema":{"@context":"https:\/\/schema.org","@graph":[{"@type":"WebPage","@id":"https:\/\/be-accepted.com\/tr\/atoelye-calismalari\/qi-gong\/","url":"https:\/\/be-accepted.com\/tr\/atoelye-calismalari\/qi-gong\/","name":"Qi Gong - Be accepted","isPartOf":{"@id":"https:\/\/be-accepted.com\/tr\/#website"},"primaryImageOfPage":{"@id":"https:\/\/be-accepted.com\/tr\/atoelye-calismalari\/qi-gong\/#primaryimage"},"image":{"@id":"https:\/\/be-accepted.com\/tr\/atoelye-calismalari\/qi-gong\/#primaryimage"},"thumbnailUrl":"https:\/\/be-accepted.com\/wp-content\/uploads\/2022\/10\/guillaume-de-germain-v8pELaoQBxQ-unsplash-scaled.jpg","datePublished":"2024-09-20T13:39:55+00:00","dateModified":"2026-05-05T12:39:02+00:00","breadcrumb":{"@id":"https:\/\/be-accepted.com\/tr\/atoelye-calismalari\/qi-gong\/#breadcrumb"},"inLanguage":"tr","potentialAction":[{"@type":"ReadAction","target":["https:\/\/be-accepted.com\/tr\/atoelye-calismalari\/qi-gong\/"]}]},{"@type":"ImageObject","inLanguage":"tr","@id":"https:\/\/be-accepted.com\/tr\/atoelye-calismalari\/qi-gong\/#primaryimage","url":"https:\/\/be-accepted.com\/wp-content\/uploads\/2022\/10\/guillaume-de-germain-v8pELaoQBxQ-unsplash-scaled.jpg","contentUrl":"https:\/\/be-accepted.com\/wp-content\/uploads\/2022\/10\/guillaume-de-germain-v8pELaoQBxQ-unsplash-scaled.jpg","width":1600,"height":1066},{"@type":"BreadcrumbList","@id":"https:\/\/be-accepted.com\/tr\/atoelye-calismalari\/qi-gong\/#breadcrumb","itemListElement":[{"@type":"ListItem","position":1,"name":"Startseite","item":"https:\/\/be-accepted.com\/tr\/kabul-edilmek\/"},{"@type":"ListItem","position":2,"name":"At\u00f6lye \u00c7al\u0131\u015fmalar\u0131","item":"https:\/\/be-accepted.com\/tr\/atoelye-calismalari\/"},{"@type":"ListItem","position":3,"name":"Qi Gong"}]},{"@type":"WebSite","@id":"https:\/\/be-accepted.com\/tr\/#website","url":"https:\/\/be-accepted.com\/tr\/","name":"Be accepted","description":"Be accepted by Caro","publisher":{"@id":"https:\/\/be-accepted.com\/tr\/#organization"},"potentialAction":[{"@type":"SearchAction","target":{"@type":"EntryPoint","urlTemplate":"https:\/\/be-accepted.com\/tr\/?s={search_term_string}"},"query-input":{"@type":"PropertyValueSpecification","valueRequired":true,"valueName":"search_term_string"}}],"inLanguage":"tr"},{"@type":"Organization","@id":"https:\/\/be-accepted.com\/tr\/#organization","name":"BE accepted","url":"https:\/\/be-accepted.com\/tr\/","logo":{"@type":"ImageObject","inLanguage":"tr","@id":"https:\/\/be-accepted.com\/tr\/#\/schema\/logo\/image\/","url":"","contentUrl":"","caption":"BE accepted"},"image":{"@id":"https:\/\/be-accepted.com\/tr\/#\/schema\/logo\/image\/"}}]}},"_links":{"self":[{"href":"https:\/\/be-accepted.com\/tr\/wp-json\/wp\/v2\/pages\/28407","targetHints":{"allow":["GET"]}}],"collection":[{"href":"https:\/\/be-accepted.com\/tr\/wp-json\/wp\/v2\/pages"}],"about":[{"href":"https:\/\/be-accepted.com\/tr\/wp-json\/wp\/v2\/types\/page"}],"author":[{"embeddable":true,"href":"https:\/\/be-accepted.com\/tr\/wp-json\/wp\/v2\/users\/14"}],"replies":[{"embeddable":true,"href":"https:\/\/be-accepted.com\/tr\/wp-json\/wp\/v2\/comments?post=28407"}],"version-history":[{"count":2,"href":"https:\/\/be-accepted.com\/tr\/wp-json\/wp\/v2\/pages\/28407\/revisions"}],"predecessor-version":[{"id":37598,"href":"https:\/\/be-accepted.com\/tr\/wp-json\/wp\/v2\/pages\/28407\/revisions\/37598"}],"up":[{"embeddable":true,"href":"https:\/\/be-accepted.com\/tr\/wp-json\/wp\/v2\/pages\/28535"}],"wp:featuredmedia":[{"embeddable":true,"href":"https:\/\/be-accepted.com\/tr\/wp-json\/wp\/v2\/media\/28410"}],"wp:attachment":[{"href":"https:\/\/be-accepted.com\/tr\/wp-json\/wp\/v2\/media?parent=28407"}],"curies":[{"name":"wp","href":"https:\/\/api.w.org\/{rel}","templated":true}]}}