{"id":28488,"date":"2024-09-20T13:40:41","date_gmt":"2024-09-20T13:40:41","guid":{"rendered":"https:\/\/be-accepted.com\/gtc\/"},"modified":"2024-09-20T13:40:45","modified_gmt":"2024-09-20T13:40:45","slug":"gtc","status":"publish","type":"page","link":"https:\/\/be-accepted.com\/tr\/gtc\/","title":{"rendered":"GTC"},"content":{"rendered":"\t\t<div data-elementor-type=\"wp-page\" data-elementor-id=\"28488\" class=\"elementor elementor-28488 elementor-2223\" data-elementor-post-type=\"page\">\n\t\t\t\t\t\t<section class=\"elementor-section elementor-top-section elementor-element elementor-element-12c180f elementor-section-boxed elementor-section-height-default elementor-section-height-default\" data-id=\"12c180f\" data-element_type=\"section\" data-e-type=\"section\" data-settings=\"{&quot;background_background&quot;:&quot;classic&quot;}\">\n\t\t\t\t\t\t\t<div class=\"elementor-background-overlay\"><\/div>\n\t\t\t\t\t\t\t<div class=\"elementor-container elementor-column-gap-default\">\n\t\t\t\t\t<div class=\"elementor-column elementor-col-100 elementor-top-column elementor-element elementor-element-ab14188\" data-id=\"ab14188\" data-element_type=\"column\" data-e-type=\"column\">\n\t\t\t<div class=\"elementor-widget-wrap elementor-element-populated\">\n\t\t\t\t\t\t\t<\/div>\n\t\t<\/div>\n\t\t\t\t\t<\/div>\n\t\t<\/section>\n\t\t\t\t<section class=\"elementor-section elementor-top-section elementor-element elementor-element-1a638ad elementor-section-boxed elementor-section-height-default elementor-section-height-default\" data-id=\"1a638ad\" data-element_type=\"section\" data-e-type=\"section\">\n\t\t\t\t\t\t<div class=\"elementor-container elementor-column-gap-default\">\n\t\t\t\t\t<div class=\"elementor-column elementor-col-100 elementor-top-column elementor-element elementor-element-654ee67\" data-id=\"654ee67\" data-element_type=\"column\" data-e-type=\"column\">\n\t\t\t<div class=\"elementor-widget-wrap elementor-element-populated\">\n\t\t\t\t\t\t<div class=\"elementor-element elementor-element-d3d6f16 elementor-widget elementor-widget-heading\" data-id=\"d3d6f16\" data-element_type=\"widget\" data-e-type=\"widget\" data-widget_type=\"heading.default\">\n\t\t\t\t\t<h2 class=\"elementor-heading-title elementor-size-default\">Genel H\u00fck\u00fcm ve Ko\u015fullar  <\/h2>\t\t\t\t<\/div>\n\t\t\t\t<div class=\"elementor-element elementor-element-3b2b6e5 elementor-widget elementor-widget-text-editor\" data-id=\"3b2b6e5\" data-element_type=\"widget\" data-e-type=\"widget\" data-widget_type=\"text-editor.default\">\n\t\t\t\t\t\t\t\t\t<p><strong>  \u00a7 1 G\u015eK&#8217;nin Ge\u00e7erlili\u011fi<\/strong><\/p>\n<p>Bu G\u015eK, Be accepted ile yap\u0131lan t\u00fcm s\u00f6zle\u015fmeler ve verilen sipari\u015fler i\u00e7in ge\u00e7erlidir.<br \/>\nBuna ek olarak, m\u00fc\u015fterinin ayr\u0131ca bilgilendirilece\u011fi ilgili teklifler i\u00e7in tamamlay\u0131c\u0131 \u00f6zel s\u00f6zle\u015fme h\u00fck\u00fcmleri ge\u00e7erlidir.<br \/>\nHi\u00e7bir s\u00f6zl\u00fc teminat anla\u015fmas\u0131 yap\u0131lmam\u0131\u015ft\u0131r.<br \/>\nG\u015eK&#8217;yi bilgisayar\u0131n\u0131za kaydedebilir ve\/veya yazd\u0131rabilirsiniz.<br \/>\nBe accepted&#8217;in G\u015eK&#8217;si m\u00fcnhas\u0131ran ge\u00e7erlidir.    <\/p>\n<p><strong>  \u00a7 2 S\u00f6zle\u015fme ortaklar\u0131<\/strong><\/p>\n<p>Be accepted \u00fcr\u00fcnleri i\u00e7in yap\u0131lan t\u00fcm s\u00f6zle\u015fmelerde, s\u00f6zle\u015fme orta\u011f\u0131n\u0131z<\/p>\n<p>Be accepted GmbH, Genel M\u00fcd\u00fcr  Caroline Justich taraf\u0131ndan temsil edilmektedir, Vegagasse 4\/2, 1190 Viyana, telefon: +43 664 , e-posta <a href=\"mailto:office@be-accepted.com\">office@be-accepted.com.<\/a><\/p>\n<p><strong>\u00a7 3 S\u00f6zle\u015fmenin imzalanmas\u0131<\/strong><\/p>\n<p>\u0130nternetteki teklifler, \u00fcr\u00fcnleri sat\u0131n alman\u0131z i\u00e7in ba\u011flay\u0131c\u0131 olmayan bir daveti temsil eder.<br \/>\nVerilerinizi girdikten ve sipari\u015f d\u00fc\u011fmesine t\u0131klad\u0131ktan sonra, bir sat\u0131n alma s\u00f6zle\u015fmesi yapmak i\u00e7in ba\u011flay\u0131c\u0131 bir teklif sunmu\u015f olursunuz.<br \/>\nS\u00f6zle\u015fme, en ge\u00e7 teklifimize veya sipari\u015finize eri\u015fim sa\u011flad\u0131\u011f\u0131n\u0131zda imzalan\u0131r.  <\/p>\n<p><strong>  \u00a7 4 \u0130ptal politikas\u0131<\/strong><\/p>\n<p>S\u00f6zle\u015fmeyi t\u00fcketici olarak akdetti\u011finiz takdirde, a\u015fa\u011f\u0131daki yasal iptal hakk\u0131na sahip olursunuz:<\/p>\n<p><u>\u0130ptal hakk\u0131<\/u><\/p>\n<p>Bu s\u00f6zle\u015fmeyi on d\u00f6rt g\u00fcn i\u00e7inde herhangi bir sebep g\u00f6stermeksizin iptal etme hakk\u0131na sahipsiniz.<br \/>\n\u0130ptal s\u00fcresi, \u00fcyelik s\u00f6zle\u015fmesi durumunda s\u00f6zle\u015fmenin imzaland\u0131\u011f\u0131 tarihten itibaren 14 g\u00fcnd\u00fcr veya sizin veya sizin taraf\u0131n\u0131zdan belirlenen ve ta\u015f\u0131y\u0131c\u0131 olmayan \u00fc\u00e7\u00fcnc\u00fc bir taraf\u0131n mallar\u0131 veya birden fazla maldan olu\u015fan bir sipari\u015f durumunda son mallar\u0131 teslim ald\u0131\u011f\u0131 tarihten itibaren 14 g\u00fcnd\u00fcr.<br \/>\n\u0130ptal hakk\u0131n\u0131 kullanmak i\u00e7in, bu s\u00f6zle\u015fmeyi iptal etme karar\u0131n\u0131z\u0131 a\u00e7\u0131k bir beyanla (\u00f6rne\u011fin posta, faks veya e-posta ile g\u00f6nderilen bir mektup) bize (Be accepted GmbH, Vegagasse 4\/2, 1190 Viyana, <a href=\"mailto:office@be-accepted.com\">office@be-accepted.com)<\/a> bildirmeniz gerekir.<br \/>\nA\u015fa\u011f\u0131daki \u00f6rnek iptal formunu kullanabilirsiniz, ancak bu zorunlu de\u011fildir.   <\/p>\n<p>Son iptal tarihine uymak i\u00e7in, iptal hakk\u0131n\u0131z\u0131 kulland\u0131\u011f\u0131n\u0131za dair bildiriminizi iptal s\u00fcresi dolmadan \u00f6nce g\u00f6ndermeniz yeterlidir.<\/p>\n<p><u>\u0130ptalin sonu\u00e7lar\u0131<\/u><\/p>\n<p>Bu s\u00f6zle\u015fmeyi iptal ederseniz, sizden ald\u0131\u011f\u0131m\u0131z t\u00fcm \u00f6demeleri derhal ve en ge\u00e7 bu s\u00f6zle\u015fmeyi iptal etti\u011finize dair bildirimi ald\u0131\u011f\u0131m\u0131z g\u00fcnden itibaren on d\u00f6rt g\u00fcn i\u00e7inde iade etmeliyiz.<br \/>\nBu geri \u00f6deme i\u00e7in, sizinle a\u00e7\u0131k\u00e7a aksi kararla\u015ft\u0131r\u0131lmad\u0131k\u00e7a, orijinal i\u015flem i\u00e7in kulland\u0131\u011f\u0131n\u0131z ayn\u0131 \u00f6deme y\u00f6ntemlerini kullanaca\u011f\u0131z; hi\u00e7bir durumda bu geri \u00f6deme i\u00e7in sizden herhangi bir \u00fccret talep edilmeyecektir.<br \/>\nMallar\u0131 geri alana kadar veya siz mallar\u0131 iade etti\u011finize dair kan\u0131t sunana kadar (hangisi daha erken ise) para iadesini reddedebiliriz.  <\/p>\n<p>Mallar\u0131 derhal ve her hal\u00fckarda s\u00f6zle\u015fmenin iptalini bize bildirdi\u011finiz g\u00fcnden itibaren en ge\u00e7 14 g\u00fcn i\u00e7inde bize iade etmeli veya teslim etmelisiniz.<br \/>\nMallar\u0131 14 g\u00fcnl\u00fck s\u00fcre dolmadan \u00f6nce g\u00f6nderirseniz son teslim tarihine uymu\u015f olursunuz.<br \/>\nMallar\u0131 iade etmenin do\u011frudan masraflar\u0131 size aittir.  <\/p>\n<p>\u00d6rnek iptal formu<\/p>\n<p>S\u00f6zle\u015fmeyi iptal etmek isterseniz, a\u015fa\u011f\u0131daki formu kullanabilir ve bize geri g\u00f6nderebilirsiniz:<\/p>\n<p>Be accepted GmbH, Vegagasse 4\/2, 1190 Viyana, <a href=\"mailto:office@be-accepted.com\">office@be-accepted.com<\/a><\/p>\n<p>Ben\/biz (*) a\u015fa\u011f\u0131daki mallar\u0131n sat\u0131n al\u0131nmas\u0131 (*)\/a\u015fa\u011f\u0131daki hizmetin sa\u011flanmas\u0131 (*) i\u00e7in taraf\u0131mdan\/bizden (*) akdedilen s\u00f6zle\u015fmeyi iptal ediyorum\/ediyoruz<\/p>\n<p>(*) tarihinde sipari\u015f edildi \/ (*) tarihinde teslim al\u0131nd\u0131<\/p>\n<p>T\u00fcketici(ler)in ad\u0131<\/p>\n<p>T\u00fcketici(ler)in adresi<\/p>\n<p>T\u00fcketici(ler)in imzas\u0131 (sadece ka\u011f\u0131t \u00fczerinde bildirim i\u00e7in)<\/p>\n<p>Tarih<\/p>\n<p><span style=\"text-decoration: underline;\">\u00dcyelik iptalinin sonu\u00e7lar\u0131<\/span><\/p>\n<p>Hizmetin iptal s\u00fcresi i\u00e7inde ba\u015flamas\u0131n\u0131 talep ettiyseniz, bize bu s\u00f6zle\u015fmeyle ilgili iptal hakk\u0131n\u0131n kullan\u0131ld\u0131\u011f\u0131n\u0131 bildirdi\u011finiz s\u0131rada halihaz\u0131rda sa\u011flanm\u0131\u015f olan hizmetlerin, s\u00f6zle\u015fmede \u00f6ng\u00f6r\u00fclen toplam hizmet kapsam\u0131na oran\u0131na kar\u015f\u0131l\u0131k gelen makul bir tutar\u0131 \u00f6demeniz gerekir.<\/p>\n<p><strong>  \u00a7 5 Sorumluluk ve garantinin hari\u00e7 tutulmas\u0131<\/strong><\/p>\n<ol>\n<li>Sorumluluk Reddi<\/li>\n<\/ol>\n<p>L\u00fctfen web sitesinin, derginin ve Be accepted GmbH&#8217;nin di\u011fer \u00fcr\u00fcnlerinin t\u00fcm i\u00e7eri\u011finin tamamen e\u011fitici nitelikte oldu\u011funu ve hi\u00e7bir \u015fekilde profesyonel t\u0131bbi tavsiye yerine ge\u00e7meyece\u011fini unutmay\u0131n.<\/p>\n<p>Bu web sitesinin (www.be-accepted.com) \u00fcyeli\u011fini sat\u0131n alarak, sa\u011fl\u0131\u011f\u0131n\u0131z veya sa\u011fl\u0131k sonu\u00e7lar\u0131n\u0131zla ilgili s\u00f6zl\u00fc veya yaz\u0131l\u0131 hi\u00e7bir beyan, garanti veya taahh\u00fctte bulunmad\u0131\u011f\u0131m\u0131z\u0131 kabul eder, onaylar ve anlars\u0131n\u0131z.<\/p>\n<p>\u00dcyeli\u011fi sat\u0131n alarak, \u00dcyelik Alan\u0131n\u0131n i\u00e7eri\u011finin do\u011fas\u0131 ve hacmi nedeniyle, programlar\u0131m\u0131zda, web sitelerimizde, i\u00e7eriklerimizde, a\u00e7\u0131l\u0131\u015f sayfalar\u0131m\u0131zda, sat\u0131\u015f sayfalar\u0131m\u0131zda veya tekliflerimizde g\u00f6r\u00fcnt\u00fclenen m\u00fc\u015fterilerimizden veya izleyicilerimizden gelen referanslar\u0131n veya onaylar\u0131n taraf\u0131m\u0131zdan bilimsel olarak de\u011ferlendirilmedi\u011fini ve bireylerin deneyimledi\u011fi sonu\u00e7lar\u0131n \u00f6nemli \u00f6l\u00e7\u00fcde de\u011fi\u015febilece\u011fini de kabul etmi\u015f olursunuz.  <\/p>\n<p>\u00dcr\u00fcnlerimizde, web sitelerimizde, dergilerimizde, programlar\u0131m\u0131zda, i\u00e7eriklerimizde ve di\u011fer tekliflerimizde yer alan t\u00fcm ifadeler veya beyanlar yaln\u0131zca bizim g\u00f6r\u00fc\u015flerimizdir ve bu nedenle sa\u011fl\u0131\u011f\u0131n\u0131zda herhangi bir de\u011fi\u015fikli\u011fin garantisini veya vaadini te\u015fkil etmez.<br \/>\nTekliflerimizin hi\u00e7biri profesyonel t\u0131bbi veya psikolojik tavsiye niteli\u011finde olmay\u0131p, sadece e\u011fitim ama\u00e7l\u0131 bilgilerdir. <\/p>\n<p>Bu web sitesindeki metin, g\u00f6r\u00fcnt\u00fc, ses veya di\u011fer formatlar da dahil olmak \u00fczere t\u00fcm i\u00e7erik yaln\u0131zca bilgilendirme amac\u0131yla olu\u015fturulmu\u015ftur.<br \/>\n\u0130\u00e7erik, profesyonel t\u0131bbi tavsiye, te\u015fhis veya tedavinin yerine ge\u00e7me amac\u0131 ta\u015f\u0131mamaktad\u0131r.<br \/>\nT\u0131bbi durumunuzla ilgili sorular\u0131n\u0131z i\u00e7in her zaman doktorunuza veya di\u011fer nitelikli sa\u011fl\u0131k hizmeti sa\u011flay\u0131c\u0131n\u0131za dan\u0131\u015f\u0131n.<br \/>\nBu web sitesinde okudu\u011funuz bir \u015fey nedeniyle profesyonel t\u0131bbi tavsiyeleri asla g\u00f6z ard\u0131 etmeyin veya bu tavsiyeleri almakta gecikmeyin.   <\/p>\n<p>T\u0131bbi bir acil durumunuz oldu\u011funu d\u00fc\u015f\u00fcn\u00fcyorsan\u0131z, doktorunuzu aray\u0131n, acil servise gidin veya hemen 112&#8217;yi aray\u0131n.<br \/>\nNe Be accepted GmbH web sitesi ne de dergi herhangi bir \u00f6zel test, doktor, \u00fcr\u00fcn, prosed\u00fcr, g\u00f6r\u00fc\u015f veya di\u011fer bilgileri \u00f6nermez veya onaylamaz.<br \/>\nBe accepted GmbH \u00fcr\u00fcnlerinde, \u00f6zellikle Be accepted dergisinde, www.be-accepted.com web sitesinde ve Be-accepted.com&#8217;un \u00fcye alan\u0131nda yay\u0131nlanan bilgilere g\u00fcvenmeniz durumunda, risk kesinlikle size aittir.<br \/>\nBu, Be accepted \u00e7al\u0131\u015fanlar\u0131, s\u00f6zle\u015fmeli yazarlar ve t\u0131bbi uzmanlar taraf\u0131ndan Be accepted Gmbh \u00fcr\u00fcnleri i\u00e7in olu\u015fturulan ve yay\u0131n yoluyla okuyuculara ve \u00fcyelere sunulan bilgileri i\u00e7erir.   <\/p>\n<p>www.be-accpted.com taraf\u0131ndan olu\u015fturulmayan e\u011fitim i\u00e7eriklerine ba\u011flant\u0131lar\u0131n riski size aittir.<br \/>\nBe-accepted.com, harici web siteleri ve e\u011fitim kurulu\u015flar\u0131 taraf\u0131ndan yap\u0131lan iddialardan sorumlu de\u011fildir. <\/p>\n<p>2. Garanti<\/p>\n<p>Garanti, yasal h\u00fck\u00fcmlere uygun olarak sa\u011flan\u0131r.<br \/>\nBir de\u011fi\u015fim veya iyile\u015ftirme m\u00fcmk\u00fcn de\u011filse (m\u00fcmk\u00fcn de\u011fil, \u00e7ok fazla \u00e7aba, makul olmayan, gecikme), al\u0131c\u0131 fiyat indirimi veya kusur k\u00fc\u00e7\u00fck de\u011filse s\u00f6zle\u015fmenin iptali hakk\u0131na sahiptir.<br \/>\nT\u00fcketici i\u015flemi olmad\u0131\u011f\u0131 s\u00fcrece, (dolayl\u0131) hasar\u0131n yan\u0131 s\u0131ra di\u011fer maddi hasarlar, mali kay\u0131plar ve \u00fc\u00e7\u00fcnc\u00fc \u015fah\u0131slara verilen zararlar i\u00e7in m\u00fc\u015fteriye kar\u015f\u0131 tazminat \u00f6denmesi hari\u00e7tir.  <\/p>\n<p><strong>  \u00a7 6 M\u00fclkiyetin muhafazas\u0131 ve teslimat \u00fczerine riskin devri<\/strong><\/p>\n<p>Sat\u0131n alma nesnesi, \u00f6demenin tamam\u0131 yap\u0131lana kadar bizim m\u00fclkiyetimizde kal\u0131r.  <\/p>\n<p>Mallar sevk edildi\u011finde, mallar t\u00fcketiciye veya t\u00fcketici taraf\u0131ndan belirlenen ta\u015f\u0131y\u0131c\u0131 d\u0131\u015f\u0131nda \u00fc\u00e7\u00fcnc\u00fc bir tarafa teslim edilene kadar mallar\u0131n kaybolma veya hasar g\u00f6rme riski t\u00fcketiciye ge\u00e7meyecektir.<br \/>\nAncak, t\u00fcketici taraf\u0131m\u0131zdan \u00f6nerilen bir se\u00e7ene\u011fi kullanmadan ta\u015f\u0131ma s\u00f6zle\u015fmesini kendisi yapm\u0131\u015fsa, mallar teslim edilir edilmez risk ta\u015f\u0131y\u0131c\u0131ya ge\u00e7ecektir. <\/p>\n<p><strong>  \u00a7 7 \u00d6deme<\/strong><\/p>\n<p>Sat\u0131n alma fiyat\u0131 veya ayl\u0131k \u00fcyelik \u00fccreti, taraf\u0131n\u0131zdan kredi kart\u0131 (Visa veya Mastercard) veya Paypal ile sonu\u00e7land\u0131r\u0131lan sipari\u015fe uygun olarak \u00f6denecektir.  <\/p>\n<p><strong>  \u00a7 8 \u00dcyelik durumunda s\u00f6zle\u015fmenin feshi<\/strong><\/p>\n<p>\u00dcyeli\u011finizi ba\u015flang\u0131\u00e7ta kararla\u015ft\u0131r\u0131lan s\u00fcrenin \u00f6tesine uzatmak istemeniz durumunda, ba\u015fka bir \u015fey yapman\u0131za gerek yoktur, abonelik otomatik olarak bir y\u0131l uzat\u0131l\u0131r (y\u0131ll\u0131k abonelik).<\/p>\n<p>Y\u0131ll\u0131k aboneli\u011finiz, abonelik y\u0131l\u0131n\u0131n sonuna kadar 4 haftal\u0131k bir bildirim s\u00fcresi ile herhangi bir zamanda iptal edilebilir.<br \/>\nL\u00fctfen iptal bildiriminizi posta veya e-posta yoluyla \u015fu adrese g\u00f6nderin: <\/p>\n<p>Be accepted GmbH, Vegagasse 4\/2, 1190 Viyana, Avusturya<\/p>\n<p>E-posta: <a href=\"mailto:office@be-accepted.com\">office@be-accepted.com<\/a><\/p>\n<p><strong>  \u00a7 9 Deneme abonelikleri<\/strong><\/p>\n<p>Be accepted GmbH taraf\u0131ndan sunulan deneme ve test \u00fcyelikleri, size bo\u015f zamanlar\u0131n\u0131zda \u00fcr\u00fcnlerimizi tan\u0131ma f\u0131rsat\u0131 vermeyi ama\u00e7lamaktad\u0131r.<br \/>\nBe accepted GmbH, bu teklifleri tekrarlayan t\u00fcketicileri hari\u00e7 tutma hakk\u0131n\u0131 a\u00e7\u0131k\u00e7a sakl\u0131 tutar. <\/p>\n<p><strong>  \u00a7 10 S\u00f6zle\u015fme de\u011fi\u015fiklikleri<\/strong><\/p>\n<p>Be accepted GmbH, gerekti\u011finde bu Genel H\u00fck\u00fcm ve Ko\u015fullar\u0131 de\u011fi\u015ftirme hakk\u0131n\u0131 sakl\u0131 tutar.<br \/>\nDe\u011fi\u015ftirilen h\u00fck\u00fcm ve ko\u015fullar, bir ayl\u0131k bir s\u00fcre i\u00e7inde de\u011fi\u015fikli\u011fe a\u00e7\u0131k\u00e7a itiraz etmedi\u011finiz takdirde size kar\u015f\u0131 y\u00fcr\u00fcrl\u00fc\u011fe girecektir.<br \/>\nBe accepted GmbH, d\u00f6nemin ba\u015f\u0131nda sizi \u00f6zellikle de\u011fi\u015fiklik ve ili\u015fkinizin ama\u00e7lanan \u00f6nemi hakk\u0131nda bilgilendirmekle y\u00fck\u00fcml\u00fcd\u00fcr.  <\/p>\n<p><strong>\u00a7 11 Dil<\/strong><\/p>\n<p>S\u00f6zle\u015fme, sipari\u015f ve i\u015f dili Almancad\u0131r.<\/p>\n<p><strong>  \u00a7 12 Veri koruma<\/strong><\/p>\n<p>Ki\u015fisel verilerinizi i\u015flerken, bizim i\u00e7in ge\u00e7erli olan t\u00fcm yasal h\u00fck\u00fcmlere uyar\u0131z.  <\/p>\n<p><strong>  \u00a7 13 \u00c7evrimi\u00e7i uyu\u015fmazl\u0131k \u00e7\u00f6z\u00fcm platformu<\/strong><\/p>\n<p>Avrupa Birli\u011fi, t\u00fcketici anla\u015fmazl\u0131klar\u0131n\u0131n mahkeme d\u0131\u015f\u0131 \u00e7\u00f6z\u00fcm\u00fc i\u00e7in https:\/\/ec.europa.eu\/consumers\/odreine adresinde \u00e7evrimi\u00e7i bir platform (&#8220;ODR platformu&#8221;) sa\u011flamaktad\u0131r.<br \/>\nBir t\u00fcketici hakem heyeti nezdindeki uyu\u015fmazl\u0131k \u00e7\u00f6z\u00fcm i\u015flemlerine kat\u0131lmak zorunda de\u011filiz.<br \/>\nT\u00fcketici hakem heyetleri nezdindeki uyu\u015fmazl\u0131k \u00e7\u00f6z\u00fcm s\u00fcre\u00e7lerine kat\u0131lmamaya karar verdi\u011fimizi belirtmek isteriz.  <\/p>\n<p><strong>  \u00a7 14 \u00c7e\u015fitli<\/strong><\/p>\n<p>Bu Genel H\u00fck\u00fcm ve Ko\u015fullar\u0131n ve\/veya bunlara ekli s\u00f6zle\u015fmenin m\u00fcnferit h\u00fck\u00fcmlerinin ge\u00e7ersiz olmas\u0131 veya ge\u00e7ersiz hale gelmesi, di\u011fer h\u00fck\u00fcmlerin ge\u00e7erlili\u011fini etkilemeyecek ve s\u00f6zle\u015fme ve bu Genel H\u00fck\u00fcm ve Ko\u015fullar her iki taraf i\u00e7in de ge\u00e7erli kalacakt\u0131r.<\/p>\n<p>M\u00fc\u015fterinin mahsup hakk\u0131 yaln\u0131zca kar\u015f\u0131 taleplerin kesin h\u00fck\u00fcmle tan\u0131nm\u0131\u015f olmas\u0131 veya ihtilafs\u0131z olmas\u0131 halinde s\u00f6z konusu olacakt\u0131r.<br \/>\nM\u00fc\u015fteri sadece kar\u015f\u0131 talep ayn\u0131 s\u00f6zle\u015fme ili\u015fkisine dayand\u0131\u011f\u0131 s\u00fcrece al\u0131koyma hakk\u0131na sahip olacakt\u0131r. <\/p>\n<p>M\u00fc\u015fterilerin tacir, kamu hukuku kapsam\u0131ndaki t\u00fczel ki\u015filer veya kamu hukuku kapsam\u0131ndaki \u00f6zel fonlar olmas\u0131 halinde, yarg\u0131 yeri Viyana olacakt\u0131r.<\/p>\n<p>S\u00f6zle\u015fme taraflar\u0131 Avusturya hukukunun uygulanaca\u011f\u0131n\u0131 kabul eder.<br \/>\nT\u00fcketici Avusturya&#8217;da ikamet ediyorsa veya Avusturya&#8217;da \u00e7al\u0131\u015f\u0131yorsa, yaln\u0131zca ikametgah\u0131n\u0131n, mutat ikametgah\u0131n\u0131n veya \u00e7al\u0131\u015fma yerinin bulundu\u011fu b\u00f6lgedeki mahkeme, kendisine kar\u015f\u0131 a\u00e7\u0131lan bir davaya bakma yetkisine sahip olacakt\u0131r; bu, halihaz\u0131rda ortaya \u00e7\u0131km\u0131\u015f olan yasal anla\u015fmazl\u0131klar i\u00e7in ge\u00e7erli olmayacakt\u0131r. <\/p>\n<p>Durum Nisan 2023<\/p>\n\t\t\t\t\t\t\t\t<\/div>\n\t\t\t\t\t<\/div>\n\t\t<\/div>\n\t\t\t\t\t<\/div>\n\t\t<\/section>\n\t\t\t\t<\/div>\n\t\t","protected":false},"excerpt":{"rendered":"<p>Genel H\u00fck\u00fcm ve Ko\u015fullar \u00a7 1 G\u015eK&#8217;nin Ge\u00e7erlili\u011fi Bu G\u015eK, Be accepted ile yap\u0131lan t\u00fcm s\u00f6zle\u015fmeler ve verilen sipari\u015fler i\u00e7in ge\u00e7erlidir. Buna ek olarak, m\u00fc\u015fterinin ayr\u0131ca bilgilendirilece\u011fi ilgili teklifler i\u00e7in tamamlay\u0131c\u0131 \u00f6zel s\u00f6zle\u015fme h\u00fck\u00fcmleri ge\u00e7erlidir. Hi\u00e7bir s\u00f6zl\u00fc teminat anla\u015fmas\u0131 yap\u0131lmam\u0131\u015ft\u0131r. G\u015eK&#8217;yi bilgisayar\u0131n\u0131za kaydedebilir ve\/veya yazd\u0131rabilirsiniz. Be accepted&#8217;in G\u015eK&#8217;si m\u00fcnhas\u0131ran ge\u00e7erlidir. \u00a7 2 S\u00f6zle\u015fme ortaklar\u0131 Be [&hellip;]<\/p>\n","protected":false},"author":14,"featured_media":0,"parent":0,"menu_order":0,"comment_status":"closed","ping_status":"closed","template":"elementor_header_footer","meta":{"_acf_changed":false,"footnotes":""},"class_list":["post-28488","page","type-page","status-publish","hentry"],"acf":[],"yoast_head":"<!-- This site is optimized with the Yoast SEO plugin v27.6 - https:\/\/yoast.com\/product\/yoast-seo-wordpress\/ -->\n<title>GTC - Be accepted<\/title>\n<meta name=\"robots\" content=\"index, follow, max-snippet:-1, max-image-preview:large, max-video-preview:-1\" \/>\n<link rel=\"canonical\" href=\"https:\/\/be-accepted.com\/tr\/gtc\/\" \/>\n<meta property=\"og:locale\" content=\"tr_TR\" \/>\n<meta property=\"og:type\" content=\"article\" \/>\n<meta property=\"og:title\" content=\"GTC - Be accepted\" \/>\n<meta property=\"og:description\" content=\"Genel H\u00fck\u00fcm ve Ko\u015fullar \u00a7 1 G\u015eK&#8217;nin Ge\u00e7erlili\u011fi Bu G\u015eK, Be accepted ile yap\u0131lan t\u00fcm s\u00f6zle\u015fmeler ve verilen sipari\u015fler i\u00e7in ge\u00e7erlidir. Buna ek olarak, m\u00fc\u015fterinin ayr\u0131ca bilgilendirilece\u011fi ilgili teklifler i\u00e7in tamamlay\u0131c\u0131 \u00f6zel s\u00f6zle\u015fme h\u00fck\u00fcmleri ge\u00e7erlidir. Hi\u00e7bir s\u00f6zl\u00fc teminat anla\u015fmas\u0131 yap\u0131lmam\u0131\u015ft\u0131r. G\u015eK&#8217;yi bilgisayar\u0131n\u0131za kaydedebilir ve\/veya yazd\u0131rabilirsiniz. Be accepted&#8217;in G\u015eK&#8217;si m\u00fcnhas\u0131ran ge\u00e7erlidir. \u00a7 2 S\u00f6zle\u015fme ortaklar\u0131 Be [&hellip;]\" \/>\n<meta property=\"og:url\" content=\"https:\/\/be-accepted.com\/tr\/gtc\/\" \/>\n<meta property=\"og:site_name\" content=\"Be accepted\" \/>\n<meta property=\"article:modified_time\" content=\"2024-09-20T13:40:45+00:00\" \/>\n<meta name=\"twitter:card\" content=\"summary_large_image\" \/>\n<meta name=\"twitter:label1\" content=\"Tahmini okuma s\u00fcresi\" \/>\n\t<meta name=\"twitter:data1\" content=\"9 dakika\" \/>\n<script type=\"application\/ld+json\" class=\"yoast-schema-graph\">{\"@context\":\"https:\\\/\\\/schema.org\",\"@graph\":[{\"@type\":\"WebPage\",\"@id\":\"https:\\\/\\\/be-accepted.com\\\/tr\\\/gtc\\\/\",\"url\":\"https:\\\/\\\/be-accepted.com\\\/tr\\\/gtc\\\/\",\"name\":\"GTC - Be accepted\",\"isPartOf\":{\"@id\":\"https:\\\/\\\/be-accepted.com\\\/tr\\\/#website\"},\"datePublished\":\"2024-09-20T13:40:41+00:00\",\"dateModified\":\"2024-09-20T13:40:45+00:00\",\"breadcrumb\":{\"@id\":\"https:\\\/\\\/be-accepted.com\\\/tr\\\/gtc\\\/#breadcrumb\"},\"inLanguage\":\"tr\",\"potentialAction\":[{\"@type\":\"ReadAction\",\"target\":[\"https:\\\/\\\/be-accepted.com\\\/tr\\\/gtc\\\/\"]}]},{\"@type\":\"BreadcrumbList\",\"@id\":\"https:\\\/\\\/be-accepted.com\\\/tr\\\/gtc\\\/#breadcrumb\",\"itemListElement\":[{\"@type\":\"ListItem\",\"position\":1,\"name\":\"Startseite\",\"item\":\"https:\\\/\\\/be-accepted.com\\\/tr\\\/kabul-edilmek\\\/\"},{\"@type\":\"ListItem\",\"position\":2,\"name\":\"GTC\"}]},{\"@type\":\"WebSite\",\"@id\":\"https:\\\/\\\/be-accepted.com\\\/tr\\\/#website\",\"url\":\"https:\\\/\\\/be-accepted.com\\\/tr\\\/\",\"name\":\"Be accepted\",\"description\":\"Be accepted by Caro\",\"publisher\":{\"@id\":\"https:\\\/\\\/be-accepted.com\\\/tr\\\/#organization\"},\"potentialAction\":[{\"@type\":\"SearchAction\",\"target\":{\"@type\":\"EntryPoint\",\"urlTemplate\":\"https:\\\/\\\/be-accepted.com\\\/tr\\\/?s={search_term_string}\"},\"query-input\":{\"@type\":\"PropertyValueSpecification\",\"valueRequired\":true,\"valueName\":\"search_term_string\"}}],\"inLanguage\":\"tr\"},{\"@type\":\"Organization\",\"@id\":\"https:\\\/\\\/be-accepted.com\\\/tr\\\/#organization\",\"name\":\"BE accepted\",\"url\":\"https:\\\/\\\/be-accepted.com\\\/tr\\\/\",\"logo\":{\"@type\":\"ImageObject\",\"inLanguage\":\"tr\",\"@id\":\"https:\\\/\\\/be-accepted.com\\\/tr\\\/#\\\/schema\\\/logo\\\/image\\\/\",\"url\":\"\",\"contentUrl\":\"\",\"caption\":\"BE accepted\"},\"image\":{\"@id\":\"https:\\\/\\\/be-accepted.com\\\/tr\\\/#\\\/schema\\\/logo\\\/image\\\/\"}}]}<\/script>\n<!-- \/ Yoast SEO plugin. -->","yoast_head_json":{"title":"GTC - Be accepted","robots":{"index":"index","follow":"follow","max-snippet":"max-snippet:-1","max-image-preview":"max-image-preview:large","max-video-preview":"max-video-preview:-1"},"canonical":"https:\/\/be-accepted.com\/tr\/gtc\/","og_locale":"tr_TR","og_type":"article","og_title":"GTC - Be accepted","og_description":"Genel H\u00fck\u00fcm ve Ko\u015fullar \u00a7 1 G\u015eK&#8217;nin Ge\u00e7erlili\u011fi Bu G\u015eK, Be accepted ile yap\u0131lan t\u00fcm s\u00f6zle\u015fmeler ve verilen sipari\u015fler i\u00e7in ge\u00e7erlidir. Buna ek olarak, m\u00fc\u015fterinin ayr\u0131ca bilgilendirilece\u011fi ilgili teklifler i\u00e7in tamamlay\u0131c\u0131 \u00f6zel s\u00f6zle\u015fme h\u00fck\u00fcmleri ge\u00e7erlidir. Hi\u00e7bir s\u00f6zl\u00fc teminat anla\u015fmas\u0131 yap\u0131lmam\u0131\u015ft\u0131r. G\u015eK&#8217;yi bilgisayar\u0131n\u0131za kaydedebilir ve\/veya yazd\u0131rabilirsiniz. Be accepted&#8217;in G\u015eK&#8217;si m\u00fcnhas\u0131ran ge\u00e7erlidir. \u00a7 2 S\u00f6zle\u015fme ortaklar\u0131 Be [&hellip;]","og_url":"https:\/\/be-accepted.com\/tr\/gtc\/","og_site_name":"Be accepted","article_modified_time":"2024-09-20T13:40:45+00:00","twitter_card":"summary_large_image","twitter_misc":{"Tahmini okuma s\u00fcresi":"9 dakika"},"schema":{"@context":"https:\/\/schema.org","@graph":[{"@type":"WebPage","@id":"https:\/\/be-accepted.com\/tr\/gtc\/","url":"https:\/\/be-accepted.com\/tr\/gtc\/","name":"GTC - Be accepted","isPartOf":{"@id":"https:\/\/be-accepted.com\/tr\/#website"},"datePublished":"2024-09-20T13:40:41+00:00","dateModified":"2024-09-20T13:40:45+00:00","breadcrumb":{"@id":"https:\/\/be-accepted.com\/tr\/gtc\/#breadcrumb"},"inLanguage":"tr","potentialAction":[{"@type":"ReadAction","target":["https:\/\/be-accepted.com\/tr\/gtc\/"]}]},{"@type":"BreadcrumbList","@id":"https:\/\/be-accepted.com\/tr\/gtc\/#breadcrumb","itemListElement":[{"@type":"ListItem","position":1,"name":"Startseite","item":"https:\/\/be-accepted.com\/tr\/kabul-edilmek\/"},{"@type":"ListItem","position":2,"name":"GTC"}]},{"@type":"WebSite","@id":"https:\/\/be-accepted.com\/tr\/#website","url":"https:\/\/be-accepted.com\/tr\/","name":"Be accepted","description":"Be accepted by Caro","publisher":{"@id":"https:\/\/be-accepted.com\/tr\/#organization"},"potentialAction":[{"@type":"SearchAction","target":{"@type":"EntryPoint","urlTemplate":"https:\/\/be-accepted.com\/tr\/?s={search_term_string}"},"query-input":{"@type":"PropertyValueSpecification","valueRequired":true,"valueName":"search_term_string"}}],"inLanguage":"tr"},{"@type":"Organization","@id":"https:\/\/be-accepted.com\/tr\/#organization","name":"BE accepted","url":"https:\/\/be-accepted.com\/tr\/","logo":{"@type":"ImageObject","inLanguage":"tr","@id":"https:\/\/be-accepted.com\/tr\/#\/schema\/logo\/image\/","url":"","contentUrl":"","caption":"BE accepted"},"image":{"@id":"https:\/\/be-accepted.com\/tr\/#\/schema\/logo\/image\/"}}]}},"_links":{"self":[{"href":"https:\/\/be-accepted.com\/tr\/wp-json\/wp\/v2\/pages\/28488","targetHints":{"allow":["GET"]}}],"collection":[{"href":"https:\/\/be-accepted.com\/tr\/wp-json\/wp\/v2\/pages"}],"about":[{"href":"https:\/\/be-accepted.com\/tr\/wp-json\/wp\/v2\/types\/page"}],"author":[{"embeddable":true,"href":"https:\/\/be-accepted.com\/tr\/wp-json\/wp\/v2\/users\/14"}],"replies":[{"embeddable":true,"href":"https:\/\/be-accepted.com\/tr\/wp-json\/wp\/v2\/comments?post=28488"}],"version-history":[{"count":0,"href":"https:\/\/be-accepted.com\/tr\/wp-json\/wp\/v2\/pages\/28488\/revisions"}],"wp:attachment":[{"href":"https:\/\/be-accepted.com\/tr\/wp-json\/wp\/v2\/media?parent=28488"}],"curies":[{"name":"wp","href":"https:\/\/api.w.org\/{rel}","templated":true}]}}