{"id":28583,"date":"2024-09-20T13:41:28","date_gmt":"2024-09-20T13:41:28","guid":{"rendered":"https:\/\/be-accepted.com\/atoelye-calismalari\/yemek-pisirme\/"},"modified":"2026-03-13T06:12:43","modified_gmt":"2026-03-13T06:12:43","slug":"yemek-pisirme","status":"publish","type":"page","link":"https:\/\/be-accepted.com\/tr\/atoelye-calismalari\/yemek-pisirme\/","title":{"rendered":"Yemek pi\u015firme"},"content":{"rendered":"\t\t<div data-elementor-type=\"wp-page\" data-elementor-id=\"28583\" class=\"elementor elementor-28583 elementor-10519\" data-elementor-post-type=\"page\">\n\t\t\t\t<div class=\"elementor-element elementor-element-b2f2d9d e-flex e-con-boxed e-con e-parent\" data-id=\"b2f2d9d\" data-element_type=\"container\" data-e-type=\"container\">\n\t\t\t\t\t<div class=\"e-con-inner\">\n\t\t<div class=\"elementor-element elementor-element-f5a6ba7 e-con-full e-flex e-con e-child\" data-id=\"f5a6ba7\" data-element_type=\"container\" data-e-type=\"container\" data-settings=\"{&quot;background_background&quot;:&quot;classic&quot;}\">\n\t\t\t\t<div class=\"elementor-element elementor-element-db9ce53 elementor-widget elementor-widget-heading\" data-id=\"db9ce53\" data-element_type=\"widget\" data-e-type=\"widget\" data-widget_type=\"heading.default\">\n\t\t\t\t\t<h4 class=\"elementor-heading-title elementor-size-default\">Fermantasyon \"basit\u00e7e\" sa\u011fl\u0131kl\u0131<\/h4>\t\t\t\t<\/div>\n\t\t\t\t<div class=\"elementor-element elementor-element-b056013 elementor-widget__width-inherit elementor-widget elementor-widget-video\" data-id=\"b056013\" data-element_type=\"widget\" data-e-type=\"widget\" data-settings=\"{&quot;video_type&quot;:&quot;hosted&quot;,&quot;controls&quot;:&quot;yes&quot;}\" data-widget_type=\"video.default\">\n\t\t\t\t\t\t\t<div class=\"e-hosted-video elementor-wrapper elementor-open-inline\">\n\t\t\t\t\t<video class=\"elementor-video\" src=\"https:\/\/be-accepted.com\/wp-content\/uploads\/2023\/02\/mojo_video.mp4\" controls=\"\" preload=\"metadata\" controlsList=\"nodownload\"><\/video>\n\t\t\t\t<\/div>\n\t\t\t\t\t\t<\/div>\n\t\t\t\t<\/div>\n\t\t<div class=\"elementor-element elementor-element-8befd10 e-con-full e-flex e-con e-child\" data-id=\"8befd10\" data-element_type=\"container\" data-e-type=\"container\" data-settings=\"{&quot;background_background&quot;:&quot;classic&quot;}\">\n\t\t\t\t<div class=\"elementor-element elementor-element-fab0c44 elementor-widget elementor-widget-heading\" data-id=\"fab0c44\" data-element_type=\"widget\" data-e-type=\"widget\" data-widget_type=\"heading.default\">\n\t\t\t\t\t<h4 class=\"elementor-heading-title elementor-size-default\">Limon fermantasyonu<\/h4>\t\t\t\t<\/div>\n\t\t\t\t<div class=\"elementor-element elementor-element-668f3c2 elementor-widget__width-inherit elementor-widget elementor-widget-video\" data-id=\"668f3c2\" data-element_type=\"widget\" data-e-type=\"widget\" data-settings=\"{&quot;video_type&quot;:&quot;hosted&quot;,&quot;controls&quot;:&quot;yes&quot;}\" data-widget_type=\"video.default\">\n\t\t\t\t\t\t\t<div class=\"e-hosted-video elementor-wrapper elementor-open-inline\">\n\t\t\t\t\t<video class=\"elementor-video\" src=\"https:\/\/be-accepted.com\/wp-content\/uploads\/2023\/02\/F085D56D-3CDF-430E-ABDD-AEC03DA9C17C.mp4\" controls=\"\" preload=\"metadata\" controlsList=\"nodownload\"><\/video>\n\t\t\t\t<\/div>\n\t\t\t\t\t\t<\/div>\n\t\t\t\t<\/div>\n\t\t<div class=\"elementor-element elementor-element-4d1e8c8 e-con-full e-flex e-con e-child\" data-id=\"4d1e8c8\" data-element_type=\"container\" data-e-type=\"container\" data-settings=\"{&quot;background_background&quot;:&quot;classic&quot;}\">\n\t\t\t\t<div class=\"elementor-element elementor-element-5c2f9cf elementor-widget elementor-widget-heading\" data-id=\"5c2f9cf\" data-element_type=\"widget\" data-e-type=\"widget\" data-widget_type=\"heading.default\">\n\t\t\t\t\t<h4 class=\"elementor-heading-title elementor-size-default\">Anti-inflamatuar ba\u011f\u0131\u015f\u0131kl\u0131k sistemi g\u00fc\u00e7lendirici: Limon * Zerde\u00e7al * Karabiber * S\u0131cak su  <\/h4>\t\t\t\t<\/div>\n\t\t\t\t<div class=\"elementor-element elementor-element-74bf60c elementor-widget__width-inherit elementor-widget elementor-widget-video\" data-id=\"74bf60c\" data-element_type=\"widget\" data-e-type=\"widget\" data-settings=\"{&quot;video_type&quot;:&quot;hosted&quot;,&quot;controls&quot;:&quot;yes&quot;}\" data-widget_type=\"video.default\">\n\t\t\t\t\t\t\t<div class=\"e-hosted-video elementor-wrapper elementor-open-inline\">\n\t\t\t\t\t<video class=\"elementor-video\" src=\"https:\/\/be-accepted.com\/wp-content\/uploads\/2023\/02\/mojo_video-1.mp4\" controls=\"\" preload=\"metadata\" controlsList=\"nodownload\"><\/video>\n\t\t\t\t<\/div>\n\t\t\t\t\t\t<\/div>\n\t\t\t\t<\/div>\n\t\t<div class=\"elementor-element elementor-element-31d8ceb e-con-full e-flex e-con e-child\" data-id=\"31d8ceb\" data-element_type=\"container\" data-e-type=\"container\" data-settings=\"{&quot;background_background&quot;:&quot;classic&quot;}\">\n\t\t\t\t<div class=\"elementor-element elementor-element-a74a104 elementor-widget elementor-widget-heading\" data-id=\"a74a104\" data-element_type=\"widget\" data-e-type=\"widget\" data-widget_type=\"heading.default\">\n\t\t\t\t\t<h4 class=\"elementor-heading-title elementor-size-default\">Ad\u0131m Ad\u0131m Haz\u0131r Tencere Tavuk Pho<\/h4>\t\t\t\t<\/div>\n\t\t\t\t<div class=\"elementor-element elementor-element-4353f1a elementor-widget__width-inherit elementor-widget elementor-widget-video\" data-id=\"4353f1a\" data-element_type=\"widget\" data-e-type=\"widget\" data-settings=\"{&quot;video_type&quot;:&quot;hosted&quot;,&quot;controls&quot;:&quot;yes&quot;}\" data-widget_type=\"video.default\">\n\t\t\t\t\t\t\t<div class=\"e-hosted-video elementor-wrapper elementor-open-inline\">\n\t\t\t\t\t<video class=\"elementor-video\" src=\"https:\/\/be-accepted.com\/wp-content\/uploads\/2023\/02\/Instant-Pot-Chicken-Pho-Step-by-step.mp4\" controls=\"\" preload=\"metadata\" controlsList=\"nodownload\"><\/video>\n\t\t\t\t<\/div>\n\t\t\t\t\t\t<\/div>\n\t\t\t\t<\/div>\n\t\t\t\t<div class=\"elementor-element elementor-element-df0de87 stax-condition-yes stax-user_role_enabled-yes elementor-widget-divider--view-line elementor-widget elementor-widget-divider\" data-id=\"df0de87\" data-element_type=\"widget\" data-e-type=\"widget\" data-widget_type=\"divider.default\">\n\t\t\t\t\t\t\t<div class=\"elementor-divider\">\n\t\t\t<span class=\"elementor-divider-separator\">\n\t\t\t\t\t\t<\/span>\n\t\t<\/div>\n\t\t\t\t\t\t<\/div>\n\t\t\t\t<div class=\"elementor-element elementor-element-8e8d842 red-link stax-user_role_enabled-yes stax-condition-yes elementor-widget elementor-widget-text-editor\" data-id=\"8e8d842\" data-element_type=\"widget\" data-e-type=\"widget\" data-widget_type=\"text-editor.default\">\n\t\t\t\t\t\t\t\t\t<p><div class=\"swpm_mini_login_wrapper\"><span class=\"swpm_mini_login_login_here\"><a href=\"https:\/\/be-accepted.com\/my-account\/?swpm_redirect_to=https%3A%2F%2Fbe-accepted.com%2Ftr%2Fwp-json%2Fwp%2Fv2%2Fpages%2F28583\">Giri\u015f yap\u0131n<\/a><\/span><span class=\"swpm_mini_login_no_membership\"> | \u00dcye de\u011fil misiniz? <\/span><span class=\"swpm_mini_login_join_now\"><a href=\"https:\/\/be-accepted.com\/produkt\/be-accepted-mitglied-werden\/\">\u015eimdi Kat\u0131l<\/a><\/span><\/div><\/p>\t\t\t\t\t\t\t\t<\/div>\n\t\t\t\t\t<\/div>\n\t\t\t\t<\/div>\n\t\t\t\t<\/div>\n\t\t","protected":false},"excerpt":{"rendered":"<p>Fermantasyon &#8220;basit\u00e7e&#8221; sa\u011fl\u0131kl\u0131 https:\/\/be-accepted.com\/wp-content\/uploads\/2023\/02\/mojo_video.mp4 Limon fermantasyonu https:\/\/be-accepted.com\/wp-content\/uploads\/2023\/02\/F085D56D-3CDF-430E-ABDD-AEC03DA9C17C.mp4 Anti-inflamatuar ba\u011f\u0131\u015f\u0131kl\u0131k sistemi g\u00fc\u00e7lendirici: Limon * Zerde\u00e7al * Karabiber * S\u0131cak su https:\/\/be-accepted.com\/wp-content\/uploads\/2023\/02\/mojo_video-1.mp4 Ad\u0131m Ad\u0131m Haz\u0131r Tencere Tavuk Pho https:\/\/be-accepted.com\/wp-content\/uploads\/2023\/02\/Instant-Pot-Chicken-Pho-Step-by-step.mp4<\/p>\n","protected":false},"author":14,"featured_media":0,"parent":28535,"menu_order":0,"comment_status":"closed","ping_status":"closed","template":"elementor_header_footer","meta":{"_acf_changed":false,"footnotes":""},"class_list":["post-28583","page","type-page","status-publish","hentry"],"acf":[],"yoast_head":"<!-- This site is optimized with the Yoast SEO plugin v27.6 - https:\/\/yoast.com\/product\/yoast-seo-wordpress\/ -->\n<title>Yemek pi\u015firme - Be accepted<\/title>\n<meta name=\"robots\" content=\"index, follow, max-snippet:-1, max-image-preview:large, max-video-preview:-1\" \/>\n<link rel=\"canonical\" href=\"https:\/\/be-accepted.com\/tr\/atoelye-calismalari\/yemek-pisirme\/\" \/>\n<meta property=\"og:locale\" content=\"tr_TR\" \/>\n<meta property=\"og:type\" content=\"article\" \/>\n<meta property=\"og:title\" content=\"Yemek pi\u015firme - Be accepted\" \/>\n<meta property=\"og:description\" content=\"Fermantasyon &#8220;basit\u00e7e&#8221; sa\u011fl\u0131kl\u0131 https:\/\/be-accepted.com\/wp-content\/uploads\/2023\/02\/mojo_video.mp4 Limon fermantasyonu https:\/\/be-accepted.com\/wp-content\/uploads\/2023\/02\/F085D56D-3CDF-430E-ABDD-AEC03DA9C17C.mp4 Anti-inflamatuar ba\u011f\u0131\u015f\u0131kl\u0131k sistemi g\u00fc\u00e7lendirici: Limon * Zerde\u00e7al * Karabiber * S\u0131cak su https:\/\/be-accepted.com\/wp-content\/uploads\/2023\/02\/mojo_video-1.mp4 Ad\u0131m Ad\u0131m Haz\u0131r Tencere Tavuk Pho https:\/\/be-accepted.com\/wp-content\/uploads\/2023\/02\/Instant-Pot-Chicken-Pho-Step-by-step.mp4\" \/>\n<meta property=\"og:url\" content=\"https:\/\/be-accepted.com\/tr\/atoelye-calismalari\/yemek-pisirme\/\" \/>\n<meta property=\"og:site_name\" content=\"Be accepted\" \/>\n<meta property=\"article:modified_time\" content=\"2026-03-13T06:12:43+00:00\" \/>\n<meta name=\"twitter:card\" content=\"summary_large_image\" \/>\n<script type=\"application\/ld+json\" class=\"yoast-schema-graph\">{\"@context\":\"https:\\\/\\\/schema.org\",\"@graph\":[{\"@type\":\"WebPage\",\"@id\":\"https:\\\/\\\/be-accepted.com\\\/tr\\\/atoelye-calismalari\\\/yemek-pisirme\\\/\",\"url\":\"https:\\\/\\\/be-accepted.com\\\/tr\\\/atoelye-calismalari\\\/yemek-pisirme\\\/\",\"name\":\"Yemek pi\u015firme - Be accepted\",\"isPartOf\":{\"@id\":\"https:\\\/\\\/be-accepted.com\\\/tr\\\/#website\"},\"datePublished\":\"2024-09-20T13:41:28+00:00\",\"dateModified\":\"2026-03-13T06:12:43+00:00\",\"breadcrumb\":{\"@id\":\"https:\\\/\\\/be-accepted.com\\\/tr\\\/atoelye-calismalari\\\/yemek-pisirme\\\/#breadcrumb\"},\"inLanguage\":\"tr\",\"potentialAction\":[{\"@type\":\"ReadAction\",\"target\":[\"https:\\\/\\\/be-accepted.com\\\/tr\\\/atoelye-calismalari\\\/yemek-pisirme\\\/\"]}]},{\"@type\":\"BreadcrumbList\",\"@id\":\"https:\\\/\\\/be-accepted.com\\\/tr\\\/atoelye-calismalari\\\/yemek-pisirme\\\/#breadcrumb\",\"itemListElement\":[{\"@type\":\"ListItem\",\"position\":1,\"name\":\"Startseite\",\"item\":\"https:\\\/\\\/be-accepted.com\\\/tr\\\/kabul-edilmek\\\/\"},{\"@type\":\"ListItem\",\"position\":2,\"name\":\"At\u00f6lye \u00c7al\u0131\u015fmalar\u0131\",\"item\":\"https:\\\/\\\/be-accepted.com\\\/tr\\\/atoelye-calismalari\\\/\"},{\"@type\":\"ListItem\",\"position\":3,\"name\":\"Yemek pi\u015firme\"}]},{\"@type\":\"WebSite\",\"@id\":\"https:\\\/\\\/be-accepted.com\\\/tr\\\/#website\",\"url\":\"https:\\\/\\\/be-accepted.com\\\/tr\\\/\",\"name\":\"Be accepted\",\"description\":\"Be accepted by Caro\",\"publisher\":{\"@id\":\"https:\\\/\\\/be-accepted.com\\\/tr\\\/#organization\"},\"potentialAction\":[{\"@type\":\"SearchAction\",\"target\":{\"@type\":\"EntryPoint\",\"urlTemplate\":\"https:\\\/\\\/be-accepted.com\\\/tr\\\/?s={search_term_string}\"},\"query-input\":{\"@type\":\"PropertyValueSpecification\",\"valueRequired\":true,\"valueName\":\"search_term_string\"}}],\"inLanguage\":\"tr\"},{\"@type\":\"Organization\",\"@id\":\"https:\\\/\\\/be-accepted.com\\\/tr\\\/#organization\",\"name\":\"BE accepted\",\"url\":\"https:\\\/\\\/be-accepted.com\\\/tr\\\/\",\"logo\":{\"@type\":\"ImageObject\",\"inLanguage\":\"tr\",\"@id\":\"https:\\\/\\\/be-accepted.com\\\/tr\\\/#\\\/schema\\\/logo\\\/image\\\/\",\"url\":\"\",\"contentUrl\":\"\",\"caption\":\"BE accepted\"},\"image\":{\"@id\":\"https:\\\/\\\/be-accepted.com\\\/tr\\\/#\\\/schema\\\/logo\\\/image\\\/\"}}]}<\/script>\n<!-- \/ Yoast SEO plugin. -->","yoast_head_json":{"title":"Yemek pi\u015firme - Be accepted","robots":{"index":"index","follow":"follow","max-snippet":"max-snippet:-1","max-image-preview":"max-image-preview:large","max-video-preview":"max-video-preview:-1"},"canonical":"https:\/\/be-accepted.com\/tr\/atoelye-calismalari\/yemek-pisirme\/","og_locale":"tr_TR","og_type":"article","og_title":"Yemek pi\u015firme - Be accepted","og_description":"Fermantasyon &#8220;basit\u00e7e&#8221; sa\u011fl\u0131kl\u0131 https:\/\/be-accepted.com\/wp-content\/uploads\/2023\/02\/mojo_video.mp4 Limon fermantasyonu https:\/\/be-accepted.com\/wp-content\/uploads\/2023\/02\/F085D56D-3CDF-430E-ABDD-AEC03DA9C17C.mp4 Anti-inflamatuar ba\u011f\u0131\u015f\u0131kl\u0131k sistemi g\u00fc\u00e7lendirici: Limon * Zerde\u00e7al * Karabiber * S\u0131cak su https:\/\/be-accepted.com\/wp-content\/uploads\/2023\/02\/mojo_video-1.mp4 Ad\u0131m Ad\u0131m Haz\u0131r Tencere Tavuk Pho https:\/\/be-accepted.com\/wp-content\/uploads\/2023\/02\/Instant-Pot-Chicken-Pho-Step-by-step.mp4","og_url":"https:\/\/be-accepted.com\/tr\/atoelye-calismalari\/yemek-pisirme\/","og_site_name":"Be accepted","article_modified_time":"2026-03-13T06:12:43+00:00","twitter_card":"summary_large_image","schema":{"@context":"https:\/\/schema.org","@graph":[{"@type":"WebPage","@id":"https:\/\/be-accepted.com\/tr\/atoelye-calismalari\/yemek-pisirme\/","url":"https:\/\/be-accepted.com\/tr\/atoelye-calismalari\/yemek-pisirme\/","name":"Yemek pi\u015firme - Be accepted","isPartOf":{"@id":"https:\/\/be-accepted.com\/tr\/#website"},"datePublished":"2024-09-20T13:41:28+00:00","dateModified":"2026-03-13T06:12:43+00:00","breadcrumb":{"@id":"https:\/\/be-accepted.com\/tr\/atoelye-calismalari\/yemek-pisirme\/#breadcrumb"},"inLanguage":"tr","potentialAction":[{"@type":"ReadAction","target":["https:\/\/be-accepted.com\/tr\/atoelye-calismalari\/yemek-pisirme\/"]}]},{"@type":"BreadcrumbList","@id":"https:\/\/be-accepted.com\/tr\/atoelye-calismalari\/yemek-pisirme\/#breadcrumb","itemListElement":[{"@type":"ListItem","position":1,"name":"Startseite","item":"https:\/\/be-accepted.com\/tr\/kabul-edilmek\/"},{"@type":"ListItem","position":2,"name":"At\u00f6lye \u00c7al\u0131\u015fmalar\u0131","item":"https:\/\/be-accepted.com\/tr\/atoelye-calismalari\/"},{"@type":"ListItem","position":3,"name":"Yemek pi\u015firme"}]},{"@type":"WebSite","@id":"https:\/\/be-accepted.com\/tr\/#website","url":"https:\/\/be-accepted.com\/tr\/","name":"Be accepted","description":"Be accepted by Caro","publisher":{"@id":"https:\/\/be-accepted.com\/tr\/#organization"},"potentialAction":[{"@type":"SearchAction","target":{"@type":"EntryPoint","urlTemplate":"https:\/\/be-accepted.com\/tr\/?s={search_term_string}"},"query-input":{"@type":"PropertyValueSpecification","valueRequired":true,"valueName":"search_term_string"}}],"inLanguage":"tr"},{"@type":"Organization","@id":"https:\/\/be-accepted.com\/tr\/#organization","name":"BE accepted","url":"https:\/\/be-accepted.com\/tr\/","logo":{"@type":"ImageObject","inLanguage":"tr","@id":"https:\/\/be-accepted.com\/tr\/#\/schema\/logo\/image\/","url":"","contentUrl":"","caption":"BE accepted"},"image":{"@id":"https:\/\/be-accepted.com\/tr\/#\/schema\/logo\/image\/"}}]}},"_links":{"self":[{"href":"https:\/\/be-accepted.com\/tr\/wp-json\/wp\/v2\/pages\/28583","targetHints":{"allow":["GET"]}}],"collection":[{"href":"https:\/\/be-accepted.com\/tr\/wp-json\/wp\/v2\/pages"}],"about":[{"href":"https:\/\/be-accepted.com\/tr\/wp-json\/wp\/v2\/types\/page"}],"author":[{"embeddable":true,"href":"https:\/\/be-accepted.com\/tr\/wp-json\/wp\/v2\/users\/14"}],"replies":[{"embeddable":true,"href":"https:\/\/be-accepted.com\/tr\/wp-json\/wp\/v2\/comments?post=28583"}],"version-history":[{"count":0,"href":"https:\/\/be-accepted.com\/tr\/wp-json\/wp\/v2\/pages\/28583\/revisions"}],"up":[{"embeddable":true,"href":"https:\/\/be-accepted.com\/tr\/wp-json\/wp\/v2\/pages\/28535"}],"wp:attachment":[{"href":"https:\/\/be-accepted.com\/tr\/wp-json\/wp\/v2\/media?parent=28583"}],"curies":[{"name":"wp","href":"https:\/\/api.w.org\/{rel}","templated":true}]}}