{"id":28686,"date":"2024-09-20T13:45:26","date_gmt":"2024-09-20T13:45:26","guid":{"rendered":"https:\/\/be-accepted.com\/akilli-8\/"},"modified":"2025-01-09T15:19:32","modified_gmt":"2025-01-09T15:19:32","slug":"akilli-8","status":"publish","type":"page","link":"https:\/\/be-accepted.com\/tr\/akilli-8\/","title":{"rendered":"Ak\u0131ll\u0131 8"},"content":{"rendered":"\t\t<div data-elementor-type=\"wp-page\" data-elementor-id=\"28686\" class=\"elementor elementor-28686 elementor-1973\" data-elementor-post-type=\"page\">\n\t\t\t\t<div class=\"elementor-element elementor-element-d10c5f2 e-flex e-con-boxed e-con e-parent\" data-id=\"d10c5f2\" data-element_type=\"container\" data-e-type=\"container\" data-settings=\"{&quot;background_background&quot;:&quot;classic&quot;}\">\n\t\t\t\t\t<div class=\"e-con-inner\">\n\t\t<div class=\"elementor-element elementor-element-329c9e1 e-con-full e-flex e-con e-child\" data-id=\"329c9e1\" data-element_type=\"container\" data-e-type=\"container\">\n\t\t\t\t<div class=\"elementor-element elementor-element-460dfdf elementor-invisible elementor-widget elementor-widget-heading\" data-id=\"460dfdf\" data-element_type=\"widget\" data-e-type=\"widget\" data-settings=\"{&quot;_animation&quot;:&quot;fadeInDown&quot;}\" data-widget_type=\"heading.default\">\n\t\t\t\t\t<h2 class=\"elementor-heading-title elementor-size-default\">Hakk\u0131m\u0131zda<\/h2>\t\t\t\t<\/div>\n\t\t\t\t<\/div>\n\t\t\t\t\t<\/div>\n\t\t\t\t<\/div>\n\t\t<div class=\"elementor-element elementor-element-f0699dc e-con-full e-flex e-con e-parent\" data-id=\"f0699dc\" data-element_type=\"container\" data-e-type=\"container\" data-settings=\"{&quot;background_background&quot;:&quot;classic&quot;}\">\n\t\t<div class=\"elementor-element elementor-element-48bca56 e-con-full e-flex e-con e-child\" data-id=\"48bca56\" data-element_type=\"container\" data-e-type=\"container\">\n\t\t\t\t<div class=\"elementor-element elementor-element-046b577 elementor-widget elementor-widget-heading\" data-id=\"046b577\" data-element_type=\"widget\" data-e-type=\"widget\" data-widget_type=\"heading.default\">\n\t\t\t\t\t<h5 class=\"elementor-heading-title elementor-size-default\">Foto\u011fraf (soldan sa\u011fa)  Caroline Justich &amp; Caro Justich<\/h5>\t\t\t\t<\/div>\n\t\t\t\t<\/div>\n\t\t\t\t<\/div>\n\t\t<div class=\"elementor-element elementor-element-5577a4f e-flex e-con-boxed e-con e-parent\" data-id=\"5577a4f\" data-element_type=\"container\" data-e-type=\"container\">\n\t\t\t\t\t<div class=\"e-con-inner\">\n\t\t<div class=\"elementor-element elementor-element-7cb1237 e-con-full e-flex e-con e-child\" data-id=\"7cb1237\" data-element_type=\"container\" data-e-type=\"container\">\n\t\t\t\t<div class=\"elementor-element elementor-element-44d2ab0 elementor-widget__width-initial elementor-widget elementor-widget-text-editor\" data-id=\"44d2ab0\" data-element_type=\"widget\" data-e-type=\"widget\" data-widget_type=\"text-editor.default\">\n\t\t\t\t\t\t\t\t\t<p style=\"text-align: justify;\">\u00a0<\/p><p><strong>Biz, Caro ve &#8216;iz.<\/strong><\/p><p>Caro, kanser tan\u0131s\u0131 alman\u0131n ne demek oldu\u011funu biliyor.<\/p><p> ise kanser hakk\u0131nda, hasta yak\u0131n\u0131 olarak bilgi sahibi. \u0130kimiz de gu\u0308lmeyi ve ya\u015famay\u0131 seviyoruz. Ne kadar zor g\u00f6ru\u0308nse de olumluya odaklanmay\u0131 ba\u015farabiliyoruz.<\/p><p>\u0130yi ve k\u00f6tu\u0308 gu\u0308nlerinizde yan\u0131n\u0131zda olmak, sizi hem motive edip hem de bilgilendirmek, bu ini\u015fli \u00e7\u0131k\u0131\u015fl\u0131 su\u0308re\u00e7teki yolculu\u011funuzda size destek olmak istiyoruz. Size iyile\u015fme s\u00f6zu\u0308 veremeyiz ancak bu d\u00f6nemi, yani \u201cyeni\u201d hayat\u0131n\u0131z\u0131 olabildi\u011fince olumlu ve gu\u0308zel ge\u00e7irmeniz i\u00e7in size yard\u0131mc\u0131 olabiliriz.<\/p><p>Tedavinin ba\u015far\u0131l\u0131 olmas\u0131 genellikle mucize de\u011fildir; doktorlar, \u00e7evre fakt\u00f6rleri, aktif ve uyumlu hastalarda olu\u015fan bir ekibin i\u015f birli\u011fi i\u00e7inde \u00e7al\u0131\u015fmas\u0131n\u0131n sonucudur. Dergimiz, konvansiyonel ve tamamlay\u0131c\u0131 t\u0131p aras\u0131nda bir k\u00f6pru\u0308 kuran, sa\u011flam temellere dayanan bilgiler sunarak zaman ve bilgi a\u00e7\u0131s\u0131ndan size avantaj sa\u011flayan bir rehberdir.<\/p><p>BE accepted ile size hemen aktif bir hasta olmaya ba\u015flayabilece\u011finiz bir bak\u0131\u015f a\u00e7\u0131s\u0131 sunuyoruz.<\/p><p>KABUL ED\u0130N &#8211; \u00d6NG\u00d6R\u00dcN &#8211; HAREKETE GE\u00c7\u0130N &#8211; DEVAM ED\u0130N<\/p><p>\u015eu anda neyin \u00f6nemli oldu\u011funu \u00f6zetleyen yol g\u00f6sterici ilke budur!<\/p><p>Ama\u00e7, mu\u0308mku\u0308n oldu\u011funca fazla say\u0131da modern t\u0131p tedavisi alabilmektir. Bedeninizin ve zihninizin adeta y\u0131ld\u0131z sporcular gibi u\u0308stu\u0308n bir performans g\u00f6stermesi i\u00e7in kendinizi fiziksel ve zihinsel a\u00e7\u0131dan su\u0308rekli gu\u0308\u00e7lendirerek desteklemelisiniz. Bunun i\u00e7in size \u00e7e\u015fitli se\u00e7enekle sunuyoruz, b\u00f6ylece sizin i\u00e7in en uygun olanlar\u0131 se\u00e7ebilirsiniz. G\u00f6sterdi\u011fimiz tu\u0308m y\u00f6ntemler amaca y\u00f6neliktir ve gu\u0308nlu\u0308k ya\u015famda uygulanmas\u0131 kolayd\u0131r. Burada s\u00f6z konusu olan, tu\u0308m b\u00f6lu\u0308mlerin kombine edilerek uygulanmas\u0131d\u0131r.<\/p><p>Stanford \u00dcniversitesi&#8217;nin de aralar\u0131nda bulundu\u011fu,<\/p><p>du\u0308nya \u00e7ap\u0131nda yap\u0131lan bir\u00e7ok ara\u015ft\u0131rma, konvansiyonel ve tamamlay\u0131c\u0131 t\u0131p uygulamalar\u0131n\u0131n makul ve \u00f6zenli bir \u015fekilde birlikte kullan\u0131lmas\u0131yla iyile\u015fme olas\u0131l\u0131\u011f\u0131n\u0131n \u00f6nemli \u00f6l\u00e7u\u0308de artt\u0131\u011f\u0131n\u0131 ortaya koymu\u015ftur.<\/p><p>Bas\u0131l\u0131 derginin yan\u0131 s\u0131ra bulut gibi i\u015flev g\u00f6ren ve \u201cpes etmeden devam etmek\u201d i\u00e7in gerekli tu\u0308m motivasyonu sa\u011flayan www.be-accepted.com web sitemiz de mevcuttur. Bu web sitesi ile, alan\u0131nda lider uzmanlar\u0131n bilgi birikimini ve f\u0131rsatlarla dolu bir du\u0308nyay\u0131, du\u0308\u015fu\u0308k maliyetle<\/p><p>tu\u0308m kad\u0131nlar\u0131n kullan\u0131m\u0131na a\u00e7mak istiyoruz. Web sitesinde videolar, kurslar, konu\u015fmalar, podcast&#8217;ler, uzman videolar\u0131, sohbet odas\u0131, yemek tarifleri ve ma\u011faza bulunmaktad\u0131r. \u201cKad\u0131n olmak, kad\u0131n kalmak\u201d konusu bizim i\u00e7in \u00f6zellikle \u00f6nemlidir. \u00c7u\u0308nku\u0308 kanser kad\u0131nl\u0131\u011f\u0131m\u0131z\u0131n \u00f6zu\u0308ne dokunsa da biz, di\u015fili\u011fimizi hissetmek ve ya\u015famak isteyen kad\u0131nlar\u0131z.<\/p><p>Bu sizin hayat\u0131n\u0131z, kanser de art\u0131k bu hayat\u0131n bir par\u00e7as\u0131.<\/p><p>Ald\u0131\u011f\u0131n\u0131z kararlarla neler yapabilece\u011finizi g\u00f6ru\u0308n! Biz, sizler i\u00e7in buraday\u0131z ve ba\u015f\u0131n\u0131za gelenlerden daha gu\u0308\u00e7lu\u0308 oldu\u011funuzu biliyoruz!<\/p><p>\u00a0<\/p><p>CAROLINE JUSTICH | JUDITH TSCHEPPE<\/p><p>KURUCU + ED\u0130T\u00d6R<\/p><p>Caro ve <\/p>\t\t\t\t\t\t\t\t<\/div>\n\t\t\t\t<\/div>\n\t\t\t\t\t<\/div>\n\t\t\t\t<\/div>\n\t\t<div class=\"elementor-element elementor-element-0ba102b elementor-hidden-desktop elementor-hidden-tablet elementor-hidden-mobile e-flex e-con-boxed e-con e-parent\" data-id=\"0ba102b\" data-element_type=\"container\" data-e-type=\"container\">\n\t\t\t\t\t<div class=\"e-con-inner\">\n\t\t<div class=\"elementor-element elementor-element-85b7541 e-con-full e-flex e-con e-child\" data-id=\"85b7541\" data-element_type=\"container\" data-e-type=\"container\">\n\t\t\t\t<div class=\"elementor-element elementor-element-31ac201 elementor-align-center elementor-widget elementor-widget-button\" data-id=\"31ac201\" data-element_type=\"widget\" data-e-type=\"widget\" data-widget_type=\"button.default\">\n\t\t\t\t\t\t\t\t\t\t<a class=\"elementor-button elementor-button-link elementor-size-sm\" href=\"https:\/\/be-accepted.com\/tr\/?page_id=28405\">\n\t\t\t\t\t\t<span class=\"elementor-button-content-wrapper\">\n\t\t\t\t\t\t\t\t\t<span class=\"elementor-button-text\">Uzmanlar\u0131m\u0131z<\/span>\n\t\t\t\t\t<\/span>\n\t\t\t\t\t<\/a>\n\t\t\t\t\t\t\t\t<\/div>\n\t\t\t\t<\/div>\n\t\t\t\t\t<\/div>\n\t\t\t\t<\/div>\n\t\t<div class=\"elementor-element elementor-element-3e5185a e-flex e-con-boxed e-con e-parent\" data-id=\"3e5185a\" data-element_type=\"container\" data-e-type=\"container\" data-settings=\"{&quot;background_background&quot;:&quot;classic&quot;}\">\n\t\t\t\t\t<div class=\"e-con-inner\">\n\t\t<div class=\"elementor-element elementor-element-7560994 e-con-full e-flex e-con e-child\" data-id=\"7560994\" data-element_type=\"container\" data-e-type=\"container\">\n\t\t\t\t<div class=\"elementor-element elementor-element-0938d66 elementor-widget elementor-widget-image\" data-id=\"0938d66\" data-element_type=\"widget\" data-e-type=\"widget\" data-widget_type=\"image.default\">\n\t\t\t\t\t\t\t\t\t\t\t\t\t\t\t\t<a href=\"https:\/\/be-accepted.com\/smart-8\/\">\n\t\t\t\t\t\t\t<img fetchpriority=\"high\" decoding=\"async\" width=\"549\" height=\"471\" src=\"https:\/\/be-accepted.com\/wp-content\/uploads\/2022\/07\/Be_Accepted_Octopus_Blue-1.png\" class=\"attachment-large size-large wp-image-2261\" alt=\"\" srcset=\"https:\/\/be-accepted.com\/wp-content\/uploads\/2022\/07\/Be_Accepted_Octopus_Blue-1.png 549w, https:\/\/be-accepted.com\/wp-content\/uploads\/2022\/07\/Be_Accepted_Octopus_Blue-1-450x386.png 450w, https:\/\/be-accepted.com\/wp-content\/uploads\/2022\/07\/Be_Accepted_Octopus_Blue-1-300x257.png 300w\" sizes=\"(max-width: 549px) 100vw, 549px\" \/>\t\t\t\t\t\t\t\t<\/a>\n\t\t\t\t\t\t\t\t\t\t\t\t\t\t\t<\/div>\n\t\t\t\t<div class=\"elementor-element elementor-element-e986412 elementor-widget elementor-widget-heading\" data-id=\"e986412\" data-element_type=\"widget\" data-e-type=\"widget\" data-widget_type=\"heading.default\">\n\t\t\t\t\t<h2 class=\"elementor-heading-title elementor-size-default\">Ak\u0131ll\u0131 8'in evi<\/h2>\t\t\t\t<\/div>\n\t\t\t\t<div class=\"elementor-element elementor-element-ca46565 elementor-widget__width-inherit elementor-widget elementor-widget-text-editor\" data-id=\"ca46565\" data-element_type=\"widget\" data-e-type=\"widget\" data-widget_type=\"text-editor.default\">\n\t\t\t\t\t\t\t\t\t<p style=\"text-align: justify;\">Ahtapotun 8 dokunac\u0131 Kabul Edilmek kategorilerini temsil eder.<br \/>\nHepsi kendi ba\u015f\u0131na iyi \u00e7al\u0131\u015f\u0131r, ancak ahtapot ancak onlar\u0131 birlikte kullan\u0131rsa en iyi performans\u0131n\u0131 sergileyebilir.<br \/>\nBedenlerimiz i\u00e7in de durum tamamen ayn\u0131d\u0131r.<br \/>\nStanford \u00dcniversitesi de dahil olmak \u00fczere d\u00fcnya \u00e7ap\u0131nda giderek daha fazla ara\u015ft\u0131rma, geleneksel ve tamamlay\u0131c\u0131 t\u0131bb\u0131n mant\u0131kl\u0131 bir kombinasyonuyla iyile\u015fme \u015fans\u0131n\u0131n artt\u0131\u011f\u0131n\u0131 kan\u0131tl\u0131yor.<br \/>\n8 b\u00f6l\u00fcm\u00fcm\u00fczde, m\u00fcmk\u00fcn oldu\u011funca \u00e7ok say\u0131da geleneksel t\u0131bbi tedavi alabilmek i\u00e7in kendinizi zihinsel ve fiziksel olarak nas\u0131l g\u00fc\u00e7lendirebilece\u011finizi g\u00f6steriyoruz.<br \/>\nHer b\u00f6l\u00fcmde size en uygun olan\u0131 se\u00e7ebilece\u011finiz farkl\u0131 se\u00e7enekler g\u00f6sterilmektedir.<br \/>\nHangisini se\u00e7ti\u011finiz \u00f6nemli de\u011fil, sadece harekete ge\u00e7meniz ve hepsinin kombinasyonunun g\u00fcc\u00fcn\u00fc kullanman\u0131z \u00f6nemli.      <\/p>\n\t\t\t\t\t\t\t\t<\/div>\n\t\t\t\t<\/div>\n\t\t\t\t\t<\/div>\n\t\t\t\t<\/div>\n\t\t\t\t<\/div>\n\t\t","protected":false},"excerpt":{"rendered":"<p>Hakk\u0131m\u0131zda Foto\u011fraf (soldan sa\u011fa) Caroline Justich &amp; Caro Justich \u00a0 Biz, Caro ve &#8216;iz. Caro, kanser tan\u0131s\u0131 alman\u0131n ne demek oldu\u011funu biliyor. ise kanser hakk\u0131nda, hasta yak\u0131n\u0131 olarak bilgi sahibi. \u0130kimiz de gu\u0308lmeyi ve ya\u015famay\u0131 seviyoruz. Ne kadar zor g\u00f6ru\u0308nse de olumluya odaklanmay\u0131 ba\u015farabiliyoruz. \u0130yi ve k\u00f6tu\u0308 gu\u0308nlerinizde yan\u0131n\u0131zda olmak, sizi hem motive edip hem [&hellip;]<\/p>\n","protected":false},"author":14,"featured_media":0,"parent":0,"menu_order":0,"comment_status":"closed","ping_status":"closed","template":"elementor_header_footer","meta":{"_acf_changed":false,"footnotes":""},"class_list":["post-28686","page","type-page","status-publish","hentry"],"acf":[],"yoast_head":"<!-- This site is optimized with the Yoast SEO plugin v27.6 - https:\/\/yoast.com\/product\/yoast-seo-wordpress\/ -->\n<title>Ak\u0131ll\u0131 8 - Be accepted<\/title>\n<meta name=\"robots\" content=\"index, follow, max-snippet:-1, max-image-preview:large, max-video-preview:-1\" \/>\n<link rel=\"canonical\" href=\"https:\/\/be-accepted.com\/tr\/akilli-8\/\" \/>\n<meta property=\"og:locale\" content=\"tr_TR\" \/>\n<meta property=\"og:type\" content=\"article\" \/>\n<meta property=\"og:title\" content=\"Ak\u0131ll\u0131 8 - Be accepted\" \/>\n<meta property=\"og:description\" content=\"Hakk\u0131m\u0131zda Foto\u011fraf (soldan sa\u011fa) Caroline Justich &amp; Caro Justich \u00a0 Biz, Caro ve &#8216;iz. Caro, kanser tan\u0131s\u0131 alman\u0131n ne demek oldu\u011funu biliyor. ise kanser hakk\u0131nda, hasta yak\u0131n\u0131 olarak bilgi sahibi. \u0130kimiz de gu\u0308lmeyi ve ya\u015famay\u0131 seviyoruz. Ne kadar zor g\u00f6ru\u0308nse de olumluya odaklanmay\u0131 ba\u015farabiliyoruz. \u0130yi ve k\u00f6tu\u0308 gu\u0308nlerinizde yan\u0131n\u0131zda olmak, sizi hem motive edip hem [&hellip;]\" \/>\n<meta property=\"og:url\" content=\"https:\/\/be-accepted.com\/tr\/akilli-8\/\" \/>\n<meta property=\"og:site_name\" content=\"Be accepted\" \/>\n<meta property=\"article:modified_time\" content=\"2025-01-09T15:19:32+00:00\" \/>\n<meta property=\"og:image\" content=\"https:\/\/be-accepted.com\/wp-content\/uploads\/2022\/07\/Be_Accepted_Octopus_Blue-1.png\" \/>\n\t<meta property=\"og:image:width\" content=\"549\" \/>\n\t<meta property=\"og:image:height\" content=\"471\" \/>\n\t<meta property=\"og:image:type\" content=\"image\/png\" \/>\n<meta name=\"twitter:card\" content=\"summary_large_image\" \/>\n<meta name=\"twitter:label1\" content=\"Tahmini okuma s\u00fcresi\" \/>\n\t<meta name=\"twitter:data1\" content=\"3 dakika\" \/>\n<script type=\"application\/ld+json\" class=\"yoast-schema-graph\">{\"@context\":\"https:\\\/\\\/schema.org\",\"@graph\":[{\"@type\":\"WebPage\",\"@id\":\"https:\\\/\\\/be-accepted.com\\\/tr\\\/akilli-8\\\/\",\"url\":\"https:\\\/\\\/be-accepted.com\\\/tr\\\/akilli-8\\\/\",\"name\":\"Ak\u0131ll\u0131 8 - Be accepted\",\"isPartOf\":{\"@id\":\"https:\\\/\\\/be-accepted.com\\\/tr\\\/#website\"},\"primaryImageOfPage\":{\"@id\":\"https:\\\/\\\/be-accepted.com\\\/tr\\\/akilli-8\\\/#primaryimage\"},\"image\":{\"@id\":\"https:\\\/\\\/be-accepted.com\\\/tr\\\/akilli-8\\\/#primaryimage\"},\"thumbnailUrl\":\"https:\\\/\\\/be-accepted.com\\\/wp-content\\\/uploads\\\/2022\\\/07\\\/Be_Accepted_Octopus_Blue-1.png\",\"datePublished\":\"2024-09-20T13:45:26+00:00\",\"dateModified\":\"2025-01-09T15:19:32+00:00\",\"breadcrumb\":{\"@id\":\"https:\\\/\\\/be-accepted.com\\\/tr\\\/akilli-8\\\/#breadcrumb\"},\"inLanguage\":\"tr\",\"potentialAction\":[{\"@type\":\"ReadAction\",\"target\":[\"https:\\\/\\\/be-accepted.com\\\/tr\\\/akilli-8\\\/\"]}]},{\"@type\":\"ImageObject\",\"inLanguage\":\"tr\",\"@id\":\"https:\\\/\\\/be-accepted.com\\\/tr\\\/akilli-8\\\/#primaryimage\",\"url\":\"https:\\\/\\\/be-accepted.com\\\/wp-content\\\/uploads\\\/2022\\\/07\\\/Be_Accepted_Octopus_Blue-1.png\",\"contentUrl\":\"https:\\\/\\\/be-accepted.com\\\/wp-content\\\/uploads\\\/2022\\\/07\\\/Be_Accepted_Octopus_Blue-1.png\"},{\"@type\":\"BreadcrumbList\",\"@id\":\"https:\\\/\\\/be-accepted.com\\\/tr\\\/akilli-8\\\/#breadcrumb\",\"itemListElement\":[{\"@type\":\"ListItem\",\"position\":1,\"name\":\"Startseite\",\"item\":\"https:\\\/\\\/be-accepted.com\\\/tr\\\/kabul-edilmek\\\/\"},{\"@type\":\"ListItem\",\"position\":2,\"name\":\"Ak\u0131ll\u0131 8\"}]},{\"@type\":\"WebSite\",\"@id\":\"https:\\\/\\\/be-accepted.com\\\/tr\\\/#website\",\"url\":\"https:\\\/\\\/be-accepted.com\\\/tr\\\/\",\"name\":\"Be accepted\",\"description\":\"Be accepted by Caro\",\"publisher\":{\"@id\":\"https:\\\/\\\/be-accepted.com\\\/tr\\\/#organization\"},\"potentialAction\":[{\"@type\":\"SearchAction\",\"target\":{\"@type\":\"EntryPoint\",\"urlTemplate\":\"https:\\\/\\\/be-accepted.com\\\/tr\\\/?s={search_term_string}\"},\"query-input\":{\"@type\":\"PropertyValueSpecification\",\"valueRequired\":true,\"valueName\":\"search_term_string\"}}],\"inLanguage\":\"tr\"},{\"@type\":\"Organization\",\"@id\":\"https:\\\/\\\/be-accepted.com\\\/tr\\\/#organization\",\"name\":\"BE accepted\",\"url\":\"https:\\\/\\\/be-accepted.com\\\/tr\\\/\",\"logo\":{\"@type\":\"ImageObject\",\"inLanguage\":\"tr\",\"@id\":\"https:\\\/\\\/be-accepted.com\\\/tr\\\/#\\\/schema\\\/logo\\\/image\\\/\",\"url\":\"\",\"contentUrl\":\"\",\"caption\":\"BE accepted\"},\"image\":{\"@id\":\"https:\\\/\\\/be-accepted.com\\\/tr\\\/#\\\/schema\\\/logo\\\/image\\\/\"}}]}<\/script>\n<!-- \/ Yoast SEO plugin. -->","yoast_head_json":{"title":"Ak\u0131ll\u0131 8 - Be accepted","robots":{"index":"index","follow":"follow","max-snippet":"max-snippet:-1","max-image-preview":"max-image-preview:large","max-video-preview":"max-video-preview:-1"},"canonical":"https:\/\/be-accepted.com\/tr\/akilli-8\/","og_locale":"tr_TR","og_type":"article","og_title":"Ak\u0131ll\u0131 8 - Be accepted","og_description":"Hakk\u0131m\u0131zda Foto\u011fraf (soldan sa\u011fa) Caroline Justich &amp; Caro Justich \u00a0 Biz, Caro ve &#8216;iz. Caro, kanser tan\u0131s\u0131 alman\u0131n ne demek oldu\u011funu biliyor. ise kanser hakk\u0131nda, hasta yak\u0131n\u0131 olarak bilgi sahibi. \u0130kimiz de gu\u0308lmeyi ve ya\u015famay\u0131 seviyoruz. Ne kadar zor g\u00f6ru\u0308nse de olumluya odaklanmay\u0131 ba\u015farabiliyoruz. \u0130yi ve k\u00f6tu\u0308 gu\u0308nlerinizde yan\u0131n\u0131zda olmak, sizi hem motive edip hem [&hellip;]","og_url":"https:\/\/be-accepted.com\/tr\/akilli-8\/","og_site_name":"Be accepted","article_modified_time":"2025-01-09T15:19:32+00:00","og_image":[{"width":549,"height":471,"url":"https:\/\/be-accepted.com\/wp-content\/uploads\/2022\/07\/Be_Accepted_Octopus_Blue-1.png","type":"image\/png"}],"twitter_card":"summary_large_image","twitter_misc":{"Tahmini okuma s\u00fcresi":"3 dakika"},"schema":{"@context":"https:\/\/schema.org","@graph":[{"@type":"WebPage","@id":"https:\/\/be-accepted.com\/tr\/akilli-8\/","url":"https:\/\/be-accepted.com\/tr\/akilli-8\/","name":"Ak\u0131ll\u0131 8 - Be accepted","isPartOf":{"@id":"https:\/\/be-accepted.com\/tr\/#website"},"primaryImageOfPage":{"@id":"https:\/\/be-accepted.com\/tr\/akilli-8\/#primaryimage"},"image":{"@id":"https:\/\/be-accepted.com\/tr\/akilli-8\/#primaryimage"},"thumbnailUrl":"https:\/\/be-accepted.com\/wp-content\/uploads\/2022\/07\/Be_Accepted_Octopus_Blue-1.png","datePublished":"2024-09-20T13:45:26+00:00","dateModified":"2025-01-09T15:19:32+00:00","breadcrumb":{"@id":"https:\/\/be-accepted.com\/tr\/akilli-8\/#breadcrumb"},"inLanguage":"tr","potentialAction":[{"@type":"ReadAction","target":["https:\/\/be-accepted.com\/tr\/akilli-8\/"]}]},{"@type":"ImageObject","inLanguage":"tr","@id":"https:\/\/be-accepted.com\/tr\/akilli-8\/#primaryimage","url":"https:\/\/be-accepted.com\/wp-content\/uploads\/2022\/07\/Be_Accepted_Octopus_Blue-1.png","contentUrl":"https:\/\/be-accepted.com\/wp-content\/uploads\/2022\/07\/Be_Accepted_Octopus_Blue-1.png"},{"@type":"BreadcrumbList","@id":"https:\/\/be-accepted.com\/tr\/akilli-8\/#breadcrumb","itemListElement":[{"@type":"ListItem","position":1,"name":"Startseite","item":"https:\/\/be-accepted.com\/tr\/kabul-edilmek\/"},{"@type":"ListItem","position":2,"name":"Ak\u0131ll\u0131 8"}]},{"@type":"WebSite","@id":"https:\/\/be-accepted.com\/tr\/#website","url":"https:\/\/be-accepted.com\/tr\/","name":"Be accepted","description":"Be accepted by Caro","publisher":{"@id":"https:\/\/be-accepted.com\/tr\/#organization"},"potentialAction":[{"@type":"SearchAction","target":{"@type":"EntryPoint","urlTemplate":"https:\/\/be-accepted.com\/tr\/?s={search_term_string}"},"query-input":{"@type":"PropertyValueSpecification","valueRequired":true,"valueName":"search_term_string"}}],"inLanguage":"tr"},{"@type":"Organization","@id":"https:\/\/be-accepted.com\/tr\/#organization","name":"BE accepted","url":"https:\/\/be-accepted.com\/tr\/","logo":{"@type":"ImageObject","inLanguage":"tr","@id":"https:\/\/be-accepted.com\/tr\/#\/schema\/logo\/image\/","url":"","contentUrl":"","caption":"BE accepted"},"image":{"@id":"https:\/\/be-accepted.com\/tr\/#\/schema\/logo\/image\/"}}]}},"_links":{"self":[{"href":"https:\/\/be-accepted.com\/tr\/wp-json\/wp\/v2\/pages\/28686","targetHints":{"allow":["GET"]}}],"collection":[{"href":"https:\/\/be-accepted.com\/tr\/wp-json\/wp\/v2\/pages"}],"about":[{"href":"https:\/\/be-accepted.com\/tr\/wp-json\/wp\/v2\/types\/page"}],"author":[{"embeddable":true,"href":"https:\/\/be-accepted.com\/tr\/wp-json\/wp\/v2\/users\/14"}],"replies":[{"embeddable":true,"href":"https:\/\/be-accepted.com\/tr\/wp-json\/wp\/v2\/comments?post=28686"}],"version-history":[{"count":0,"href":"https:\/\/be-accepted.com\/tr\/wp-json\/wp\/v2\/pages\/28686\/revisions"}],"wp:attachment":[{"href":"https:\/\/be-accepted.com\/tr\/wp-json\/wp\/v2\/media?parent=28686"}],"curies":[{"name":"wp","href":"https:\/\/api.w.org\/{rel}","templated":true}]}}