{"id":28687,"date":"2024-09-20T13:45:26","date_gmt":"2024-09-20T13:45:26","guid":{"rendered":"https:\/\/be-accepted.com\/nefes-al\/"},"modified":"2026-03-13T06:12:28","modified_gmt":"2026-03-13T06:12:28","slug":"nefes-al","status":"publish","type":"page","link":"https:\/\/be-accepted.com\/tr\/nefes-al\/","title":{"rendered":"Nefes al"},"content":{"rendered":"\t\t<div data-elementor-type=\"wp-page\" data-elementor-id=\"28687\" class=\"elementor elementor-28687 elementor-1968\" data-elementor-post-type=\"page\">\n\t\t\t\t<div class=\"elementor-element elementor-element-62c5030 e-flex e-con-boxed e-con e-parent\" data-id=\"62c5030\" data-element_type=\"container\" data-e-type=\"container\" data-settings=\"{&quot;background_background&quot;:&quot;video&quot;,&quot;background_video_link&quot;:&quot;https:\\\/\\\/be-accepted.com\\\/wp-content\\\/uploads\\\/2022\\\/06\\\/beaccepted_Breathing_Button_with_Video_1080x1080_220519.mp4&quot;,&quot;background_play_on_mobile&quot;:&quot;yes&quot;}\">\n\t\t\t\t\t<div class=\"e-con-inner\">\n\t\t<div class=\"elementor-background-video-container\">\n\t\t\t\t\t\t\t<video class=\"elementor-background-video-hosted\" role=\"presentation\" autoplay muted playsinline loop><\/video>\n\t\t\t\t\t<\/div><div class=\"elementor-element elementor-element-385fa7b e-con-full e-flex e-con e-child\" data-id=\"385fa7b\" data-element_type=\"container\" data-e-type=\"container\">\n\t\t\t\t<div class=\"elementor-element elementor-element-cef78b2 elementor-align-center elementor-widget elementor-widget-button\" data-id=\"cef78b2\" data-element_type=\"widget\" data-e-type=\"widget\" data-widget_type=\"button.default\">\n\t\t\t\t\t\t\t\t\t\t<a class=\"elementor-button elementor-size-sm\" role=\"button\">\n\t\t\t\t\t\t<span class=\"elementor-button-content-wrapper\">\n\t\t\t\t\t\t\t\t\t<span class=\"elementor-button-text\"><br> Stres d\u00f6ng\u00fcs\u00fcn\u00fc k\u0131rmak i\u00e7in: G\u00fcnde 3 kez 3 tekrar<\/span>\n\t\t\t\t\t<\/span>\n\t\t\t\t\t<\/a>\n\t\t\t\t\t\t\t\t<\/div>\n\t\t\t\t<\/div>\n\t\t\t\t\t<\/div>\n\t\t\t\t<\/div>\n\t\t<div class=\"elementor-element elementor-element-2e73c3b e-flex e-con-boxed e-con e-parent\" data-id=\"2e73c3b\" data-element_type=\"container\" data-e-type=\"container\">\n\t\t\t\t\t<div class=\"e-con-inner\">\n\t\t\t\t<div class=\"elementor-element elementor-element-66f0d3e elementor-widget elementor-widget-heading\" data-id=\"66f0d3e\" data-element_type=\"widget\" data-e-type=\"widget\" data-widget_type=\"heading.default\">\n\t\t\t\t\t<h5 class=\"elementor-heading-title elementor-size-default\">Nazik destekleriyle:<\/h5>\t\t\t\t<\/div>\n\t\t\t\t<div class=\"elementor-element elementor-element-f7a2b94 elementor-widget elementor-widget-image\" data-id=\"f7a2b94\" data-element_type=\"widget\" data-e-type=\"widget\" data-widget_type=\"image.default\">\n\t\t\t\t\t\t\t\t\t\t\t\t\t\t\t<img fetchpriority=\"high\" decoding=\"async\" width=\"800\" height=\"495\" src=\"https:\/\/be-accepted.com\/wp-content\/uploads\/2022\/12\/DZ10-1024x634.png\" class=\"attachment-large size-large wp-image-35866\" alt=\"\" srcset=\"https:\/\/be-accepted.com\/wp-content\/uploads\/2022\/12\/DZ10-1024x634.png 1024w, https:\/\/be-accepted.com\/wp-content\/uploads\/2022\/12\/DZ10-1000x619.png 1000w, https:\/\/be-accepted.com\/wp-content\/uploads\/2022\/12\/DZ10-300x186.png 300w, https:\/\/be-accepted.com\/wp-content\/uploads\/2022\/12\/DZ10-768x476.png 768w, https:\/\/be-accepted.com\/wp-content\/uploads\/2022\/12\/DZ10.png 1027w\" sizes=\"(max-width: 800px) 100vw, 800px\" \/>\t\t\t\t\t\t\t\t\t\t\t\t\t\t\t<\/div>\n\t\t\t\t\t<\/div>\n\t\t\t\t<\/div>\n\t\t\t\t<\/div>\n\t\t","protected":false},"excerpt":{"rendered":"<p>Stres d\u00f6ng\u00fcs\u00fcn\u00fc k\u0131rmak i\u00e7in: G\u00fcnde 3 kez 3 tekrar Nazik destekleriyle:<\/p>\n","protected":false},"author":14,"featured_media":0,"parent":0,"menu_order":0,"comment_status":"closed","ping_status":"closed","template":"elementor_header_footer","meta":{"_acf_changed":false,"footnotes":""},"class_list":["post-28687","page","type-page","status-publish","hentry"],"acf":[],"yoast_head":"<!-- This site is optimized with the Yoast SEO plugin v27.5 - https:\/\/yoast.com\/product\/yoast-seo-wordpress\/ -->\n<title>Nefes al - Be accepted<\/title>\n<meta name=\"robots\" content=\"index, follow, max-snippet:-1, max-image-preview:large, max-video-preview:-1\" \/>\n<link rel=\"canonical\" href=\"https:\/\/be-accepted.com\/tr\/nefes-al\/\" \/>\n<meta property=\"og:locale\" content=\"tr_TR\" \/>\n<meta property=\"og:type\" content=\"article\" \/>\n<meta property=\"og:title\" content=\"Nefes al - Be accepted\" \/>\n<meta property=\"og:description\" content=\"Stres d\u00f6ng\u00fcs\u00fcn\u00fc k\u0131rmak i\u00e7in: G\u00fcnde 3 kez 3 tekrar Nazik destekleriyle:\" \/>\n<meta property=\"og:url\" content=\"https:\/\/be-accepted.com\/tr\/nefes-al\/\" \/>\n<meta property=\"og:site_name\" content=\"Be accepted\" \/>\n<meta property=\"article:modified_time\" content=\"2026-03-13T06:12:28+00:00\" \/>\n<meta property=\"og:image\" content=\"https:\/\/be-accepted.com\/wp-content\/uploads\/2022\/12\/DZ10-1024x634.png\" \/>\n<meta name=\"twitter:card\" content=\"summary_large_image\" \/>\n<script type=\"application\/ld+json\" class=\"yoast-schema-graph\">{\"@context\":\"https:\\\/\\\/schema.org\",\"@graph\":[{\"@type\":\"WebPage\",\"@id\":\"https:\\\/\\\/be-accepted.com\\\/tr\\\/nefes-al\\\/\",\"url\":\"https:\\\/\\\/be-accepted.com\\\/tr\\\/nefes-al\\\/\",\"name\":\"Nefes al - Be accepted\",\"isPartOf\":{\"@id\":\"https:\\\/\\\/be-accepted.com\\\/tr\\\/#website\"},\"primaryImageOfPage\":{\"@id\":\"https:\\\/\\\/be-accepted.com\\\/tr\\\/nefes-al\\\/#primaryimage\"},\"image\":{\"@id\":\"https:\\\/\\\/be-accepted.com\\\/tr\\\/nefes-al\\\/#primaryimage\"},\"thumbnailUrl\":\"https:\\\/\\\/be-accepted.com\\\/wp-content\\\/uploads\\\/2022\\\/12\\\/DZ10-1024x634.png\",\"datePublished\":\"2024-09-20T13:45:26+00:00\",\"dateModified\":\"2026-03-13T06:12:28+00:00\",\"breadcrumb\":{\"@id\":\"https:\\\/\\\/be-accepted.com\\\/tr\\\/nefes-al\\\/#breadcrumb\"},\"inLanguage\":\"tr\",\"potentialAction\":[{\"@type\":\"ReadAction\",\"target\":[\"https:\\\/\\\/be-accepted.com\\\/tr\\\/nefes-al\\\/\"]}]},{\"@type\":\"ImageObject\",\"inLanguage\":\"tr\",\"@id\":\"https:\\\/\\\/be-accepted.com\\\/tr\\\/nefes-al\\\/#primaryimage\",\"url\":\"https:\\\/\\\/be-accepted.com\\\/wp-content\\\/uploads\\\/2022\\\/12\\\/DZ10-1024x634.png\",\"contentUrl\":\"https:\\\/\\\/be-accepted.com\\\/wp-content\\\/uploads\\\/2022\\\/12\\\/DZ10-1024x634.png\"},{\"@type\":\"BreadcrumbList\",\"@id\":\"https:\\\/\\\/be-accepted.com\\\/tr\\\/nefes-al\\\/#breadcrumb\",\"itemListElement\":[{\"@type\":\"ListItem\",\"position\":1,\"name\":\"Startseite\",\"item\":\"https:\\\/\\\/be-accepted.com\\\/tr\\\/kabul-edilmek\\\/\"},{\"@type\":\"ListItem\",\"position\":2,\"name\":\"Nefes al\"}]},{\"@type\":\"WebSite\",\"@id\":\"https:\\\/\\\/be-accepted.com\\\/tr\\\/#website\",\"url\":\"https:\\\/\\\/be-accepted.com\\\/tr\\\/\",\"name\":\"Be accepted\",\"description\":\"Be accepted by Caro\",\"publisher\":{\"@id\":\"https:\\\/\\\/be-accepted.com\\\/tr\\\/#organization\"},\"potentialAction\":[{\"@type\":\"SearchAction\",\"target\":{\"@type\":\"EntryPoint\",\"urlTemplate\":\"https:\\\/\\\/be-accepted.com\\\/tr\\\/?s={search_term_string}\"},\"query-input\":{\"@type\":\"PropertyValueSpecification\",\"valueRequired\":true,\"valueName\":\"search_term_string\"}}],\"inLanguage\":\"tr\"},{\"@type\":\"Organization\",\"@id\":\"https:\\\/\\\/be-accepted.com\\\/tr\\\/#organization\",\"name\":\"BE accepted\",\"url\":\"https:\\\/\\\/be-accepted.com\\\/tr\\\/\",\"logo\":{\"@type\":\"ImageObject\",\"inLanguage\":\"tr\",\"@id\":\"https:\\\/\\\/be-accepted.com\\\/tr\\\/#\\\/schema\\\/logo\\\/image\\\/\",\"url\":\"\",\"contentUrl\":\"\",\"caption\":\"BE accepted\"},\"image\":{\"@id\":\"https:\\\/\\\/be-accepted.com\\\/tr\\\/#\\\/schema\\\/logo\\\/image\\\/\"}}]}<\/script>\n<!-- \/ Yoast SEO plugin. -->","yoast_head_json":{"title":"Nefes al - Be accepted","robots":{"index":"index","follow":"follow","max-snippet":"max-snippet:-1","max-image-preview":"max-image-preview:large","max-video-preview":"max-video-preview:-1"},"canonical":"https:\/\/be-accepted.com\/tr\/nefes-al\/","og_locale":"tr_TR","og_type":"article","og_title":"Nefes al - Be accepted","og_description":"Stres d\u00f6ng\u00fcs\u00fcn\u00fc k\u0131rmak i\u00e7in: G\u00fcnde 3 kez 3 tekrar Nazik destekleriyle:","og_url":"https:\/\/be-accepted.com\/tr\/nefes-al\/","og_site_name":"Be accepted","article_modified_time":"2026-03-13T06:12:28+00:00","og_image":[{"url":"https:\/\/be-accepted.com\/wp-content\/uploads\/2022\/12\/DZ10-1024x634.png","type":"","width":"","height":""}],"twitter_card":"summary_large_image","schema":{"@context":"https:\/\/schema.org","@graph":[{"@type":"WebPage","@id":"https:\/\/be-accepted.com\/tr\/nefes-al\/","url":"https:\/\/be-accepted.com\/tr\/nefes-al\/","name":"Nefes al - Be accepted","isPartOf":{"@id":"https:\/\/be-accepted.com\/tr\/#website"},"primaryImageOfPage":{"@id":"https:\/\/be-accepted.com\/tr\/nefes-al\/#primaryimage"},"image":{"@id":"https:\/\/be-accepted.com\/tr\/nefes-al\/#primaryimage"},"thumbnailUrl":"https:\/\/be-accepted.com\/wp-content\/uploads\/2022\/12\/DZ10-1024x634.png","datePublished":"2024-09-20T13:45:26+00:00","dateModified":"2026-03-13T06:12:28+00:00","breadcrumb":{"@id":"https:\/\/be-accepted.com\/tr\/nefes-al\/#breadcrumb"},"inLanguage":"tr","potentialAction":[{"@type":"ReadAction","target":["https:\/\/be-accepted.com\/tr\/nefes-al\/"]}]},{"@type":"ImageObject","inLanguage":"tr","@id":"https:\/\/be-accepted.com\/tr\/nefes-al\/#primaryimage","url":"https:\/\/be-accepted.com\/wp-content\/uploads\/2022\/12\/DZ10-1024x634.png","contentUrl":"https:\/\/be-accepted.com\/wp-content\/uploads\/2022\/12\/DZ10-1024x634.png"},{"@type":"BreadcrumbList","@id":"https:\/\/be-accepted.com\/tr\/nefes-al\/#breadcrumb","itemListElement":[{"@type":"ListItem","position":1,"name":"Startseite","item":"https:\/\/be-accepted.com\/tr\/kabul-edilmek\/"},{"@type":"ListItem","position":2,"name":"Nefes al"}]},{"@type":"WebSite","@id":"https:\/\/be-accepted.com\/tr\/#website","url":"https:\/\/be-accepted.com\/tr\/","name":"Be accepted","description":"Be accepted by Caro","publisher":{"@id":"https:\/\/be-accepted.com\/tr\/#organization"},"potentialAction":[{"@type":"SearchAction","target":{"@type":"EntryPoint","urlTemplate":"https:\/\/be-accepted.com\/tr\/?s={search_term_string}"},"query-input":{"@type":"PropertyValueSpecification","valueRequired":true,"valueName":"search_term_string"}}],"inLanguage":"tr"},{"@type":"Organization","@id":"https:\/\/be-accepted.com\/tr\/#organization","name":"BE accepted","url":"https:\/\/be-accepted.com\/tr\/","logo":{"@type":"ImageObject","inLanguage":"tr","@id":"https:\/\/be-accepted.com\/tr\/#\/schema\/logo\/image\/","url":"","contentUrl":"","caption":"BE accepted"},"image":{"@id":"https:\/\/be-accepted.com\/tr\/#\/schema\/logo\/image\/"}}]}},"_links":{"self":[{"href":"https:\/\/be-accepted.com\/tr\/wp-json\/wp\/v2\/pages\/28687","targetHints":{"allow":["GET"]}}],"collection":[{"href":"https:\/\/be-accepted.com\/tr\/wp-json\/wp\/v2\/pages"}],"about":[{"href":"https:\/\/be-accepted.com\/tr\/wp-json\/wp\/v2\/types\/page"}],"author":[{"embeddable":true,"href":"https:\/\/be-accepted.com\/tr\/wp-json\/wp\/v2\/users\/14"}],"replies":[{"embeddable":true,"href":"https:\/\/be-accepted.com\/tr\/wp-json\/wp\/v2\/comments?post=28687"}],"version-history":[{"count":0,"href":"https:\/\/be-accepted.com\/tr\/wp-json\/wp\/v2\/pages\/28687\/revisions"}],"wp:attachment":[{"href":"https:\/\/be-accepted.com\/tr\/wp-json\/wp\/v2\/media?parent=28687"}],"curies":[{"name":"wp","href":"https:\/\/api.w.org\/{rel}","templated":true}]}}