{"id":28712,"date":"2024-09-20T13:45:38","date_gmt":"2024-09-20T13:45:38","guid":{"rendered":"https:\/\/be-accepted.com\/kuenye\/"},"modified":"2025-05-15T15:10:05","modified_gmt":"2025-05-15T15:10:05","slug":"kuenye","status":"publish","type":"page","link":"https:\/\/be-accepted.com\/tr\/kuenye\/","title":{"rendered":"K\u00fcnye"},"content":{"rendered":"\t\t<div data-elementor-type=\"wp-page\" data-elementor-id=\"28712\" class=\"elementor elementor-28712 elementor-2218\" data-elementor-post-type=\"page\">\n\t\t\t\t\t\t<section class=\"elementor-section elementor-top-section elementor-element elementor-element-322ac21 elementor-section-boxed elementor-section-height-default elementor-section-height-default\" data-id=\"322ac21\" data-element_type=\"section\" data-e-type=\"section\" data-settings=\"{&quot;background_background&quot;:&quot;classic&quot;}\">\n\t\t\t\t\t\t\t<div class=\"elementor-background-overlay\"><\/div>\n\t\t\t\t\t\t\t<div class=\"elementor-container elementor-column-gap-default\">\n\t\t\t\t\t<div class=\"elementor-column elementor-col-100 elementor-top-column elementor-element elementor-element-e7839dc\" data-id=\"e7839dc\" data-element_type=\"column\" data-e-type=\"column\">\n\t\t\t<div class=\"elementor-widget-wrap elementor-element-populated\">\n\t\t\t\t\t\t\t<\/div>\n\t\t<\/div>\n\t\t\t\t\t<\/div>\n\t\t<\/section>\n\t\t\t\t<section class=\"elementor-section elementor-top-section elementor-element elementor-element-1a638ad elementor-section-boxed elementor-section-height-default elementor-section-height-default\" data-id=\"1a638ad\" data-element_type=\"section\" data-e-type=\"section\">\n\t\t\t\t\t\t<div class=\"elementor-container elementor-column-gap-default\">\n\t\t\t\t\t<div class=\"elementor-column elementor-col-100 elementor-top-column elementor-element elementor-element-654ee67\" data-id=\"654ee67\" data-element_type=\"column\" data-e-type=\"column\">\n\t\t\t<div class=\"elementor-widget-wrap elementor-element-populated\">\n\t\t\t\t\t\t<div class=\"elementor-element elementor-element-3b2b6e5 elementor-widget elementor-widget-text-editor\" data-id=\"3b2b6e5\" data-element_type=\"widget\" data-e-type=\"widget\" data-widget_type=\"text-editor.default\">\n\t\t\t\t\t\t\t\t\t<p><strong>Medya sahibi ve yay\u0131nc\u0131<\/strong><\/p><p>Kabul edilmek GmbH<\/p><p>Vegagasse 4\/2, 1190 Viyana<\/p><p><strong>\u0130leti\u015fim bilgileri:<\/strong><\/p><p>Pazartesi &#8211; Cuma g\u00fcnleri 9.00 &#8211; 13.00 saatleri aras\u0131ndaki \u00e7al\u0131\u015fma saatlerimizde bize ula\u015fabilirsiniz:<\/p><p>Telefon: 0676 \/ 7766628<\/p><p>Bize istedi\u011finiz zaman a\u015fa\u011f\u0131daki e-posta adresinden e-posta g\u00f6nderebilirsiniz:<\/p><p>E-posta: <a href=\"mailto:office@be-accepted.com\">office@be-accepted.com<\/a><\/p><p><strong>Yasal bi\u00e7im<\/strong>: Limited \u015firket<\/p><p>FN 581324 p<\/p><p>Yetkili mahkeme: Viyana Ticaret Mahkemesi<\/p><p><strong>UID: <\/strong>ATU 78176368<\/p><p><strong>Y\u00f6netim:<\/strong><\/p><p>Stephanie Bruggraber<\/p><h5><span style=\"color: var( --e-global-color-text );\">Vegagasse 4<\/span><\/h5><p>1190 Viyana<\/p><p><strong>Editoryal sorumluluk:<\/strong><\/p><p>Caroline Justich<\/p><p><strong>i\u015f kolu:<\/strong><\/p><p>Medya \u015firketi<\/p><p><strong>Orta\/yaprak hatt\u0131n\u0131n hizalanmas\u0131:<\/strong><\/p><p>Kabullenilmek, ilk kez kanser te\u015fhisi konan kad\u0131nlar i\u00e7in bir rehberdir. Amac\u0131, geleneksel t\u0131p ve se\u00e7ilmi\u015f tamamlay\u0131c\u0131 t\u0131p hakk\u0131nda bilgi sa\u011flamakt\u0131r.<\/p><p>Serbest ticaret<\/p><p>WKO Viyana \u00dcyesi<\/p><p><strong>Programlama:<\/strong><\/p><p><a href=\"https:\/\/webmando.at\" target=\"_blank\" rel=\"noopener\">Webmando Websolutions KG<\/a><\/p><p>\u00a0<\/p><p><strong>Feragatname (Disclaimer):<\/strong><\/p><p>Bu dergi en y\u00fcksek \u00f6zenle haz\u0131rlanm\u0131\u015ft\u0131r. Ancak, i\u00e7eri\u011fin do\u011frulu\u011fu, eksiksizli\u011fi veya g\u00fcncelli\u011fi konusunda herhangi bir garanti veremeyiz. Bu dergide yer alan bilgilerin kullan\u0131m\u0131 tamamen kullan\u0131c\u0131n\u0131n kendi sorumlulu\u011fundad\u0131r. Dergideki t\u00fcm i\u00e7eriklerin yaln\u0131zca bilgilendirme ama\u00e7l\u0131 oldu\u011funu ve hi\u00e7bir \u015fekilde profesyonel t\u0131bbi tavsiyenin yerine ge\u00e7medi\u011fini a\u00e7\u0131k\u00e7a belirtiriz.<\/p><p>Yap\u0131lan t\u00fcm a\u00e7\u0131klamalar ve ifadeler yaln\u0131zca bizim g\u00f6r\u00fc\u015f\u00fcm\u00fczd\u00fcr ve sa\u011fl\u0131k durumunuz, sa\u011fl\u0131k sonu\u00e7lar\u0131n\u0131z veya sa\u011fl\u0131k durumunuzdaki de\u011fi\u015fikliklerle ilgili herhangi bir beyan, vaat, garanti veya teminat niteli\u011fi ta\u015f\u0131maz.<\/p><p>Bu dergide yer alan bilgilerin profesyonel t\u0131bbi veya psikolojik tavsiye olarak de\u011ferlendirilmemesi gerekti\u011fini, sadece e\u011fitici bilgiler sundu\u011funu \u00f6zellikle belirtiriz.<\/p><p>Sa\u011fl\u0131\u011f\u0131n\u0131zla ilgili herhangi bir sorunuz varsa mutlaka nitelikli bir sa\u011fl\u0131k uzman\u0131na dan\u0131\u015f\u0131n. Bu dergide okudu\u011funuz bir bilgi nedeniyle asla profesyonel t\u0131bbi tavsiyeyi g\u00f6rmezden gelmeyin veya t\u0131bbi yard\u0131m almaktan \u00e7ekinmeyin.<\/p><p>Profesyonel standartlara uygun do\u011fru \u00e7eviriler sa\u011flamak i\u00e7in makul \u00e7aba g\u00f6sterilmi\u015f olsa da, baz\u0131 b\u00f6l\u00fcmlerde hatalar olabilir. \u0130ngilizce \u00e7evirideki herhangi bir hata, eksiklik veya belirsizlikten dolay\u0131 hi\u00e7bir sorumluluk kabul edilmez. Be accepted, \u00e7evrilmi\u015f bilgilere duyulan g\u00fcven nedeniyle olu\u015fabilecek herhangi bir kay\u0131ptan sorumlu tutulamaz.<\/p>\t\t\t\t\t\t\t\t<\/div>\n\t\t\t\t\t<\/div>\n\t\t<\/div>\n\t\t\t\t\t<\/div>\n\t\t<\/section>\n\t\t\t\t<\/div>\n\t\t","protected":false},"excerpt":{"rendered":"<p>Medya sahibi ve yay\u0131nc\u0131 Kabul edilmek GmbH Vegagasse 4\/2, 1190 Viyana \u0130leti\u015fim bilgileri: Pazartesi &#8211; Cuma g\u00fcnleri 9.00 &#8211; 13.00 saatleri aras\u0131ndaki \u00e7al\u0131\u015fma saatlerimizde bize ula\u015fabilirsiniz: Telefon: 0676 \/ 7766628 Bize istedi\u011finiz zaman a\u015fa\u011f\u0131daki e-posta adresinden e-posta g\u00f6nderebilirsiniz: E-posta: office@be-accepted.com Yasal bi\u00e7im: Limited \u015firket FN 581324 p Yetkili mahkeme: Viyana Ticaret Mahkemesi UID: ATU 78176368 [&hellip;]<\/p>\n","protected":false},"author":14,"featured_media":0,"parent":0,"menu_order":0,"comment_status":"closed","ping_status":"closed","template":"elementor_header_footer","meta":{"_acf_changed":false,"footnotes":""},"class_list":["post-28712","page","type-page","status-publish","hentry"],"acf":[],"yoast_head":"<!-- This site is optimized with the Yoast SEO plugin v27.6 - https:\/\/yoast.com\/product\/yoast-seo-wordpress\/ -->\n<title>K\u00fcnye - Be accepted<\/title>\n<meta name=\"robots\" content=\"index, follow, max-snippet:-1, max-image-preview:large, max-video-preview:-1\" \/>\n<link rel=\"canonical\" href=\"https:\/\/be-accepted.com\/tr\/kuenye\/\" \/>\n<meta property=\"og:locale\" content=\"tr_TR\" \/>\n<meta property=\"og:type\" content=\"article\" \/>\n<meta property=\"og:title\" content=\"K\u00fcnye - Be accepted\" \/>\n<meta property=\"og:description\" content=\"Medya sahibi ve yay\u0131nc\u0131 Kabul edilmek GmbH Vegagasse 4\/2, 1190 Viyana \u0130leti\u015fim bilgileri: Pazartesi &#8211; Cuma g\u00fcnleri 9.00 &#8211; 13.00 saatleri aras\u0131ndaki \u00e7al\u0131\u015fma saatlerimizde bize ula\u015fabilirsiniz: Telefon: 0676 \/ 7766628 Bize istedi\u011finiz zaman a\u015fa\u011f\u0131daki e-posta adresinden e-posta g\u00f6nderebilirsiniz: E-posta: office@be-accepted.com Yasal bi\u00e7im: Limited \u015firket FN 581324 p Yetkili mahkeme: Viyana Ticaret Mahkemesi UID: ATU 78176368 [&hellip;]\" \/>\n<meta property=\"og:url\" content=\"https:\/\/be-accepted.com\/tr\/kuenye\/\" \/>\n<meta property=\"og:site_name\" content=\"Be accepted\" \/>\n<meta property=\"article:modified_time\" content=\"2025-05-15T15:10:05+00:00\" \/>\n<meta name=\"twitter:card\" content=\"summary_large_image\" \/>\n<meta name=\"twitter:label1\" content=\"Tahmini okuma s\u00fcresi\" \/>\n\t<meta name=\"twitter:data1\" content=\"2 dakika\" \/>\n<script type=\"application\/ld+json\" class=\"yoast-schema-graph\">{\"@context\":\"https:\\\/\\\/schema.org\",\"@graph\":[{\"@type\":\"WebPage\",\"@id\":\"https:\\\/\\\/be-accepted.com\\\/tr\\\/kuenye\\\/\",\"url\":\"https:\\\/\\\/be-accepted.com\\\/tr\\\/kuenye\\\/\",\"name\":\"K\u00fcnye - Be accepted\",\"isPartOf\":{\"@id\":\"https:\\\/\\\/be-accepted.com\\\/tr\\\/#website\"},\"datePublished\":\"2024-09-20T13:45:38+00:00\",\"dateModified\":\"2025-05-15T15:10:05+00:00\",\"breadcrumb\":{\"@id\":\"https:\\\/\\\/be-accepted.com\\\/tr\\\/kuenye\\\/#breadcrumb\"},\"inLanguage\":\"tr\",\"potentialAction\":[{\"@type\":\"ReadAction\",\"target\":[\"https:\\\/\\\/be-accepted.com\\\/tr\\\/kuenye\\\/\"]}]},{\"@type\":\"BreadcrumbList\",\"@id\":\"https:\\\/\\\/be-accepted.com\\\/tr\\\/kuenye\\\/#breadcrumb\",\"itemListElement\":[{\"@type\":\"ListItem\",\"position\":1,\"name\":\"Startseite\",\"item\":\"https:\\\/\\\/be-accepted.com\\\/tr\\\/kabul-edilmek\\\/\"},{\"@type\":\"ListItem\",\"position\":2,\"name\":\"K\u00fcnye\"}]},{\"@type\":\"WebSite\",\"@id\":\"https:\\\/\\\/be-accepted.com\\\/tr\\\/#website\",\"url\":\"https:\\\/\\\/be-accepted.com\\\/tr\\\/\",\"name\":\"Be accepted\",\"description\":\"Be accepted by Caro\",\"publisher\":{\"@id\":\"https:\\\/\\\/be-accepted.com\\\/tr\\\/#organization\"},\"potentialAction\":[{\"@type\":\"SearchAction\",\"target\":{\"@type\":\"EntryPoint\",\"urlTemplate\":\"https:\\\/\\\/be-accepted.com\\\/tr\\\/?s={search_term_string}\"},\"query-input\":{\"@type\":\"PropertyValueSpecification\",\"valueRequired\":true,\"valueName\":\"search_term_string\"}}],\"inLanguage\":\"tr\"},{\"@type\":\"Organization\",\"@id\":\"https:\\\/\\\/be-accepted.com\\\/tr\\\/#organization\",\"name\":\"BE accepted\",\"url\":\"https:\\\/\\\/be-accepted.com\\\/tr\\\/\",\"logo\":{\"@type\":\"ImageObject\",\"inLanguage\":\"tr\",\"@id\":\"https:\\\/\\\/be-accepted.com\\\/tr\\\/#\\\/schema\\\/logo\\\/image\\\/\",\"url\":\"\",\"contentUrl\":\"\",\"caption\":\"BE accepted\"},\"image\":{\"@id\":\"https:\\\/\\\/be-accepted.com\\\/tr\\\/#\\\/schema\\\/logo\\\/image\\\/\"}}]}<\/script>\n<!-- \/ Yoast SEO plugin. -->","yoast_head_json":{"title":"K\u00fcnye - Be accepted","robots":{"index":"index","follow":"follow","max-snippet":"max-snippet:-1","max-image-preview":"max-image-preview:large","max-video-preview":"max-video-preview:-1"},"canonical":"https:\/\/be-accepted.com\/tr\/kuenye\/","og_locale":"tr_TR","og_type":"article","og_title":"K\u00fcnye - Be accepted","og_description":"Medya sahibi ve yay\u0131nc\u0131 Kabul edilmek GmbH Vegagasse 4\/2, 1190 Viyana \u0130leti\u015fim bilgileri: Pazartesi &#8211; Cuma g\u00fcnleri 9.00 &#8211; 13.00 saatleri aras\u0131ndaki \u00e7al\u0131\u015fma saatlerimizde bize ula\u015fabilirsiniz: Telefon: 0676 \/ 7766628 Bize istedi\u011finiz zaman a\u015fa\u011f\u0131daki e-posta adresinden e-posta g\u00f6nderebilirsiniz: E-posta: office@be-accepted.com Yasal bi\u00e7im: Limited \u015firket FN 581324 p Yetkili mahkeme: Viyana Ticaret Mahkemesi UID: ATU 78176368 [&hellip;]","og_url":"https:\/\/be-accepted.com\/tr\/kuenye\/","og_site_name":"Be accepted","article_modified_time":"2025-05-15T15:10:05+00:00","twitter_card":"summary_large_image","twitter_misc":{"Tahmini okuma s\u00fcresi":"2 dakika"},"schema":{"@context":"https:\/\/schema.org","@graph":[{"@type":"WebPage","@id":"https:\/\/be-accepted.com\/tr\/kuenye\/","url":"https:\/\/be-accepted.com\/tr\/kuenye\/","name":"K\u00fcnye - Be accepted","isPartOf":{"@id":"https:\/\/be-accepted.com\/tr\/#website"},"datePublished":"2024-09-20T13:45:38+00:00","dateModified":"2025-05-15T15:10:05+00:00","breadcrumb":{"@id":"https:\/\/be-accepted.com\/tr\/kuenye\/#breadcrumb"},"inLanguage":"tr","potentialAction":[{"@type":"ReadAction","target":["https:\/\/be-accepted.com\/tr\/kuenye\/"]}]},{"@type":"BreadcrumbList","@id":"https:\/\/be-accepted.com\/tr\/kuenye\/#breadcrumb","itemListElement":[{"@type":"ListItem","position":1,"name":"Startseite","item":"https:\/\/be-accepted.com\/tr\/kabul-edilmek\/"},{"@type":"ListItem","position":2,"name":"K\u00fcnye"}]},{"@type":"WebSite","@id":"https:\/\/be-accepted.com\/tr\/#website","url":"https:\/\/be-accepted.com\/tr\/","name":"Be accepted","description":"Be accepted by Caro","publisher":{"@id":"https:\/\/be-accepted.com\/tr\/#organization"},"potentialAction":[{"@type":"SearchAction","target":{"@type":"EntryPoint","urlTemplate":"https:\/\/be-accepted.com\/tr\/?s={search_term_string}"},"query-input":{"@type":"PropertyValueSpecification","valueRequired":true,"valueName":"search_term_string"}}],"inLanguage":"tr"},{"@type":"Organization","@id":"https:\/\/be-accepted.com\/tr\/#organization","name":"BE accepted","url":"https:\/\/be-accepted.com\/tr\/","logo":{"@type":"ImageObject","inLanguage":"tr","@id":"https:\/\/be-accepted.com\/tr\/#\/schema\/logo\/image\/","url":"","contentUrl":"","caption":"BE accepted"},"image":{"@id":"https:\/\/be-accepted.com\/tr\/#\/schema\/logo\/image\/"}}]}},"_links":{"self":[{"href":"https:\/\/be-accepted.com\/tr\/wp-json\/wp\/v2\/pages\/28712","targetHints":{"allow":["GET"]}}],"collection":[{"href":"https:\/\/be-accepted.com\/tr\/wp-json\/wp\/v2\/pages"}],"about":[{"href":"https:\/\/be-accepted.com\/tr\/wp-json\/wp\/v2\/types\/page"}],"author":[{"embeddable":true,"href":"https:\/\/be-accepted.com\/tr\/wp-json\/wp\/v2\/users\/14"}],"replies":[{"embeddable":true,"href":"https:\/\/be-accepted.com\/tr\/wp-json\/wp\/v2\/comments?post=28712"}],"version-history":[{"count":0,"href":"https:\/\/be-accepted.com\/tr\/wp-json\/wp\/v2\/pages\/28712\/revisions"}],"wp:attachment":[{"href":"https:\/\/be-accepted.com\/tr\/wp-json\/wp\/v2\/media?parent=28712"}],"curies":[{"name":"wp","href":"https:\/\/api.w.org\/{rel}","templated":true}]}}