{"id":28852,"date":"2022-07-14T22:10:25","date_gmt":"2022-07-14T22:10:25","guid":{"rendered":"https:\/\/be-accepted.com\/product\/dergiye-kabul-edilme\/"},"modified":"2025-12-10T14:36:52","modified_gmt":"2025-12-10T14:36:52","slug":"dergiye-kabul-edilme","status":"publish","type":"product","link":"https:\/\/be-accepted.com\/tr\/urun\/dergiye-kabul-edilme\/","title":{"rendered":"Dergiye kabul edilme"},"content":{"rendered":"<p>Be Accepted Dergisi<\/p>\n","protected":false},"excerpt":{"rendered":"<p>Bas\u0131l\u0131 olarak kabul edilmek, elinizde tutmak ve okumak i\u00e7in. Geleneksel ve tamamlay\u0131c\u0131 t\u0131p aras\u0131ndaki bo\u015flu\u011fu dolduruyor ve iyile\u015fme ba\u015far\u0131n\u0131z\u0131 m\u00fcmk\u00fcn olan en iyi \u015fekilde desteklemek i\u00e7in nas\u0131l hemen harekete ge\u00e7ebilece\u011finizi g\u00f6steriyoruz. \u00c7\u00fcnk\u00fc siz kar\u015f\u0131n\u0131za \u00e7\u0131kan her \u015feyden daha g\u00fc\u00e7l\u00fcs\u00fcn\u00fcz!  <\/p>\n","protected":false},"featured_media":28578,"template":"","meta":{"_acf_changed":false},"product_brand":[],"product_cat":[370,369],"product_tag":[372,374,371],"class_list":{"0":"post-28852","1":"product","2":"type-product","3":"status-publish","4":"has-post-thumbnail","6":"product_cat-kabul-edilmek","7":"product_cat-kategorize-edilmemis","8":"product_tag-dergi","9":"product_tag-kanser","10":"product_tag-saglik","12":"first","13":"instock","14":"taxable","15":"shipping-taxable","16":"purchasable","17":"product-type-simple"},"acf":[],"yoast_head":"<!-- This site is optimized with the Yoast SEO plugin v27.6 - https:\/\/yoast.com\/product\/yoast-seo-wordpress\/ -->\n<title>Dergiye kabul edilme - Be accepted<\/title>\n<meta name=\"robots\" content=\"index, follow, max-snippet:-1, max-image-preview:large, max-video-preview:-1\" \/>\n<link rel=\"canonical\" href=\"https:\/\/be-accepted.com\/tr\/urun\/dergiye-kabul-edilme\/\" \/>\n<meta property=\"og:locale\" content=\"tr_TR\" \/>\n<meta property=\"og:type\" content=\"article\" \/>\n<meta property=\"og:title\" content=\"Dergiye kabul edilme - Be accepted\" \/>\n<meta property=\"og:description\" content=\"Bas\u0131l\u0131 olarak kabul edilmek, elinizde tutmak ve okumak i\u00e7in. Geleneksel ve tamamlay\u0131c\u0131 t\u0131p aras\u0131ndaki bo\u015flu\u011fu dolduruyor ve iyile\u015fme ba\u015far\u0131n\u0131z\u0131 m\u00fcmk\u00fcn olan en iyi \u015fekilde desteklemek i\u00e7in nas\u0131l hemen harekete ge\u00e7ebilece\u011finizi g\u00f6steriyoruz. \u00c7\u00fcnk\u00fc siz kar\u015f\u0131n\u0131za \u00e7\u0131kan her \u015feyden daha g\u00fc\u00e7l\u00fcs\u00fcn\u00fcz!\" \/>\n<meta property=\"og:url\" content=\"https:\/\/be-accepted.com\/tr\/urun\/dergiye-kabul-edilme\/\" \/>\n<meta property=\"og:site_name\" content=\"Be accepted\" \/>\n<meta property=\"article:modified_time\" content=\"2025-12-10T14:36:52+00:00\" \/>\n<meta property=\"og:image\" content=\"https:\/\/be-accepted.com\/wp-content\/uploads\/2025\/08\/Cover-TR-1.jpg\" \/>\n\t<meta property=\"og:image:width\" content=\"495\" \/>\n\t<meta property=\"og:image:height\" content=\"682\" \/>\n\t<meta property=\"og:image:type\" content=\"image\/jpeg\" \/>\n<meta name=\"twitter:card\" content=\"summary_large_image\" \/>\n<script type=\"application\/ld+json\" class=\"yoast-schema-graph\">{\"@context\":\"https:\\\/\\\/schema.org\",\"@graph\":[{\"@type\":\"WebPage\",\"@id\":\"https:\\\/\\\/be-accepted.com\\\/tr\\\/urun\\\/dergiye-kabul-edilme\\\/\",\"url\":\"https:\\\/\\\/be-accepted.com\\\/tr\\\/urun\\\/dergiye-kabul-edilme\\\/\",\"name\":\"Dergiye kabul edilme - Be accepted\",\"isPartOf\":{\"@id\":\"https:\\\/\\\/be-accepted.com\\\/tr\\\/#website\"},\"primaryImageOfPage\":{\"@id\":\"https:\\\/\\\/be-accepted.com\\\/tr\\\/urun\\\/dergiye-kabul-edilme\\\/#primaryimage\"},\"image\":{\"@id\":\"https:\\\/\\\/be-accepted.com\\\/tr\\\/urun\\\/dergiye-kabul-edilme\\\/#primaryimage\"},\"thumbnailUrl\":\"https:\\\/\\\/be-accepted.com\\\/wp-content\\\/uploads\\\/2025\\\/08\\\/Cover-TR-1.jpg\",\"datePublished\":\"2022-07-14T22:10:25+00:00\",\"dateModified\":\"2025-12-10T14:36:52+00:00\",\"breadcrumb\":{\"@id\":\"https:\\\/\\\/be-accepted.com\\\/tr\\\/urun\\\/dergiye-kabul-edilme\\\/#breadcrumb\"},\"inLanguage\":\"tr\",\"potentialAction\":[{\"@type\":\"ReadAction\",\"target\":[\"https:\\\/\\\/be-accepted.com\\\/tr\\\/urun\\\/dergiye-kabul-edilme\\\/\"]}]},{\"@type\":\"ImageObject\",\"inLanguage\":\"tr\",\"@id\":\"https:\\\/\\\/be-accepted.com\\\/tr\\\/urun\\\/dergiye-kabul-edilme\\\/#primaryimage\",\"url\":\"https:\\\/\\\/be-accepted.com\\\/wp-content\\\/uploads\\\/2025\\\/08\\\/Cover-TR-1.jpg\",\"contentUrl\":\"https:\\\/\\\/be-accepted.com\\\/wp-content\\\/uploads\\\/2025\\\/08\\\/Cover-TR-1.jpg\",\"width\":495,\"height\":682,\"caption\":\"Dergi Kapa\u011f\u0131 TR\"},{\"@type\":\"BreadcrumbList\",\"@id\":\"https:\\\/\\\/be-accepted.com\\\/tr\\\/urun\\\/dergiye-kabul-edilme\\\/#breadcrumb\",\"itemListElement\":[{\"@type\":\"ListItem\",\"position\":1,\"name\":\"Startseite\",\"item\":\"https:\\\/\\\/be-accepted.com\\\/tr\\\/kabul-edilmek\\\/\"},{\"@type\":\"ListItem\",\"position\":2,\"name\":\"Ma\u011faza\",\"item\":\"https:\\\/\\\/be-accepted.com\\\/tr\\\/magaza\\\/\"},{\"@type\":\"ListItem\",\"position\":3,\"name\":\"Dergiye kabul edilme\"}]},{\"@type\":\"WebSite\",\"@id\":\"https:\\\/\\\/be-accepted.com\\\/tr\\\/#website\",\"url\":\"https:\\\/\\\/be-accepted.com\\\/tr\\\/\",\"name\":\"Be accepted\",\"description\":\"Be accepted by Caro\",\"publisher\":{\"@id\":\"https:\\\/\\\/be-accepted.com\\\/tr\\\/#organization\"},\"potentialAction\":[{\"@type\":\"SearchAction\",\"target\":{\"@type\":\"EntryPoint\",\"urlTemplate\":\"https:\\\/\\\/be-accepted.com\\\/tr\\\/?s={search_term_string}\"},\"query-input\":{\"@type\":\"PropertyValueSpecification\",\"valueRequired\":true,\"valueName\":\"search_term_string\"}}],\"inLanguage\":\"tr\"},{\"@type\":\"Organization\",\"@id\":\"https:\\\/\\\/be-accepted.com\\\/tr\\\/#organization\",\"name\":\"BE accepted\",\"url\":\"https:\\\/\\\/be-accepted.com\\\/tr\\\/\",\"logo\":{\"@type\":\"ImageObject\",\"inLanguage\":\"tr\",\"@id\":\"https:\\\/\\\/be-accepted.com\\\/tr\\\/#\\\/schema\\\/logo\\\/image\\\/\",\"url\":\"\",\"contentUrl\":\"\",\"caption\":\"BE accepted\"},\"image\":{\"@id\":\"https:\\\/\\\/be-accepted.com\\\/tr\\\/#\\\/schema\\\/logo\\\/image\\\/\"}}]}<\/script>\n<!-- \/ Yoast SEO plugin. -->","yoast_head_json":{"title":"Dergiye kabul edilme - Be accepted","robots":{"index":"index","follow":"follow","max-snippet":"max-snippet:-1","max-image-preview":"max-image-preview:large","max-video-preview":"max-video-preview:-1"},"canonical":"https:\/\/be-accepted.com\/tr\/urun\/dergiye-kabul-edilme\/","og_locale":"tr_TR","og_type":"article","og_title":"Dergiye kabul edilme - Be accepted","og_description":"Bas\u0131l\u0131 olarak kabul edilmek, elinizde tutmak ve okumak i\u00e7in. Geleneksel ve tamamlay\u0131c\u0131 t\u0131p aras\u0131ndaki bo\u015flu\u011fu dolduruyor ve iyile\u015fme ba\u015far\u0131n\u0131z\u0131 m\u00fcmk\u00fcn olan en iyi \u015fekilde desteklemek i\u00e7in nas\u0131l hemen harekete ge\u00e7ebilece\u011finizi g\u00f6steriyoruz. \u00c7\u00fcnk\u00fc siz kar\u015f\u0131n\u0131za \u00e7\u0131kan her \u015feyden daha g\u00fc\u00e7l\u00fcs\u00fcn\u00fcz!","og_url":"https:\/\/be-accepted.com\/tr\/urun\/dergiye-kabul-edilme\/","og_site_name":"Be accepted","article_modified_time":"2025-12-10T14:36:52+00:00","og_image":[{"width":495,"height":682,"url":"https:\/\/be-accepted.com\/wp-content\/uploads\/2025\/08\/Cover-TR-1.jpg","type":"image\/jpeg"}],"twitter_card":"summary_large_image","schema":{"@context":"https:\/\/schema.org","@graph":[{"@type":"WebPage","@id":"https:\/\/be-accepted.com\/tr\/urun\/dergiye-kabul-edilme\/","url":"https:\/\/be-accepted.com\/tr\/urun\/dergiye-kabul-edilme\/","name":"Dergiye kabul edilme - Be accepted","isPartOf":{"@id":"https:\/\/be-accepted.com\/tr\/#website"},"primaryImageOfPage":{"@id":"https:\/\/be-accepted.com\/tr\/urun\/dergiye-kabul-edilme\/#primaryimage"},"image":{"@id":"https:\/\/be-accepted.com\/tr\/urun\/dergiye-kabul-edilme\/#primaryimage"},"thumbnailUrl":"https:\/\/be-accepted.com\/wp-content\/uploads\/2025\/08\/Cover-TR-1.jpg","datePublished":"2022-07-14T22:10:25+00:00","dateModified":"2025-12-10T14:36:52+00:00","breadcrumb":{"@id":"https:\/\/be-accepted.com\/tr\/urun\/dergiye-kabul-edilme\/#breadcrumb"},"inLanguage":"tr","potentialAction":[{"@type":"ReadAction","target":["https:\/\/be-accepted.com\/tr\/urun\/dergiye-kabul-edilme\/"]}]},{"@type":"ImageObject","inLanguage":"tr","@id":"https:\/\/be-accepted.com\/tr\/urun\/dergiye-kabul-edilme\/#primaryimage","url":"https:\/\/be-accepted.com\/wp-content\/uploads\/2025\/08\/Cover-TR-1.jpg","contentUrl":"https:\/\/be-accepted.com\/wp-content\/uploads\/2025\/08\/Cover-TR-1.jpg","width":495,"height":682,"caption":"Dergi Kapa\u011f\u0131 TR"},{"@type":"BreadcrumbList","@id":"https:\/\/be-accepted.com\/tr\/urun\/dergiye-kabul-edilme\/#breadcrumb","itemListElement":[{"@type":"ListItem","position":1,"name":"Startseite","item":"https:\/\/be-accepted.com\/tr\/kabul-edilmek\/"},{"@type":"ListItem","position":2,"name":"Ma\u011faza","item":"https:\/\/be-accepted.com\/tr\/magaza\/"},{"@type":"ListItem","position":3,"name":"Dergiye kabul edilme"}]},{"@type":"WebSite","@id":"https:\/\/be-accepted.com\/tr\/#website","url":"https:\/\/be-accepted.com\/tr\/","name":"Be accepted","description":"Be accepted by Caro","publisher":{"@id":"https:\/\/be-accepted.com\/tr\/#organization"},"potentialAction":[{"@type":"SearchAction","target":{"@type":"EntryPoint","urlTemplate":"https:\/\/be-accepted.com\/tr\/?s={search_term_string}"},"query-input":{"@type":"PropertyValueSpecification","valueRequired":true,"valueName":"search_term_string"}}],"inLanguage":"tr"},{"@type":"Organization","@id":"https:\/\/be-accepted.com\/tr\/#organization","name":"BE accepted","url":"https:\/\/be-accepted.com\/tr\/","logo":{"@type":"ImageObject","inLanguage":"tr","@id":"https:\/\/be-accepted.com\/tr\/#\/schema\/logo\/image\/","url":"","contentUrl":"","caption":"BE accepted"},"image":{"@id":"https:\/\/be-accepted.com\/tr\/#\/schema\/logo\/image\/"}}]}},"_links":{"self":[{"href":"https:\/\/be-accepted.com\/tr\/wp-json\/wp\/v2\/product\/28852","targetHints":{"allow":["GET"]}}],"collection":[{"href":"https:\/\/be-accepted.com\/tr\/wp-json\/wp\/v2\/product"}],"about":[{"href":"https:\/\/be-accepted.com\/tr\/wp-json\/wp\/v2\/types\/product"}],"version-history":[{"count":0,"href":"https:\/\/be-accepted.com\/tr\/wp-json\/wp\/v2\/product\/28852\/revisions"}],"wp:featuredmedia":[{"embeddable":true,"href":"https:\/\/be-accepted.com\/tr\/wp-json\/wp\/v2\/media\/28578"}],"wp:attachment":[{"href":"https:\/\/be-accepted.com\/tr\/wp-json\/wp\/v2\/media?parent=28852"}],"wp:term":[{"taxonomy":"product_brand","embeddable":true,"href":"https:\/\/be-accepted.com\/tr\/wp-json\/wp\/v2\/product_brand?post=28852"},{"taxonomy":"product_cat","embeddable":true,"href":"https:\/\/be-accepted.com\/tr\/wp-json\/wp\/v2\/product_cat?post=28852"},{"taxonomy":"product_tag","embeddable":true,"href":"https:\/\/be-accepted.com\/tr\/wp-json\/wp\/v2\/product_tag?post=28852"}],"curies":[{"name":"wp","href":"https:\/\/api.w.org\/{rel}","templated":true}]}}