{"id":28884,"date":"2024-06-12T12:13:01","date_gmt":"2024-06-12T12:13:01","guid":{"rendered":"https:\/\/be-accepted.com\/product\/kabul-edilmek-ueye-olmak-abonelik\/"},"modified":"2025-12-10T15:00:47","modified_gmt":"2025-12-10T15:00:47","slug":"kabul-edilmek-ueye-olmak-abonelik","status":"publish","type":"product","link":"https:\/\/be-accepted.com\/tr\/urun\/kabul-edilmek-ueye-olmak-abonelik\/","title":{"rendered":"Kabul edilmek \u00dcye olmak Abonelik"},"content":{"rendered":"<div class=\"elementor-element elementor-element-78d3961 elementor-widget elementor-widget-heading\" data-id=\"78d3961\" data-element_type=\"widget\" data-widget_type=\"heading.default\">\n<div class=\"elementor-widget-container\">\n<h2 class=\"elementor-heading-title elementor-size-default\">Derginin \u00f6zel i\u00e7eri\u011fine ve hasta avatar\u0131m\u0131za y\u0131ll\u0131k 22 EUR kar\u015f\u0131l\u0131\u011f\u0131nda eri\u015fim.<\/h2>\n<\/div>\n<\/div>\n","protected":false},"excerpt":{"rendered":"<p>Derginin \u00f6zel i\u00e7eri\u011fine ve hasta avatar\u0131m\u0131za y\u0131ll\u0131k 22 EUR kar\u015f\u0131l\u0131\u011f\u0131nda eri\u015fim.<\/p>\n","protected":false},"featured_media":35639,"template":"","meta":{"_acf_changed":false},"product_brand":[],"product_cat":[370],"product_tag":[],"class_list":{"0":"post-28884","1":"product","2":"type-product","3":"status-publish","4":"has-post-thumbnail","6":"product_cat-kabul-edilmek","8":"first","9":"instock","10":"virtual","11":"sold-individually","12":"taxable","13":"purchasable","14":"product-type-subscription"},"acf":[],"yoast_head":"<!-- This site is optimized with the Yoast SEO plugin v27.6 - https:\/\/yoast.com\/product\/yoast-seo-wordpress\/ -->\n<title>Kabul edilmek \u00dcye olmak Abonelik - Be accepted<\/title>\n<meta name=\"robots\" content=\"index, follow, max-snippet:-1, max-image-preview:large, max-video-preview:-1\" \/>\n<link rel=\"canonical\" href=\"https:\/\/be-accepted.com\/tr\/urun\/kabul-edilmek-ueye-olmak-abonelik\/\" \/>\n<meta property=\"og:locale\" content=\"tr_TR\" \/>\n<meta property=\"og:type\" content=\"article\" \/>\n<meta property=\"og:title\" content=\"Kabul edilmek \u00dcye olmak Abonelik - Be accepted\" \/>\n<meta property=\"og:description\" content=\"Derginin \u00f6zel i\u00e7eri\u011fine ve hasta avatar\u0131m\u0131za y\u0131ll\u0131k 22 EUR kar\u015f\u0131l\u0131\u011f\u0131nda eri\u015fim.\" \/>\n<meta property=\"og:url\" content=\"https:\/\/be-accepted.com\/tr\/urun\/kabul-edilmek-ueye-olmak-abonelik\/\" \/>\n<meta property=\"og:site_name\" content=\"Be accepted\" \/>\n<meta property=\"article:modified_time\" content=\"2025-12-10T15:00:47+00:00\" \/>\n<meta name=\"twitter:card\" content=\"summary_large_image\" \/>\n<script type=\"application\/ld+json\" class=\"yoast-schema-graph\">{\"@context\":\"https:\\\/\\\/schema.org\",\"@graph\":[{\"@type\":\"WebPage\",\"@id\":\"https:\\\/\\\/be-accepted.com\\\/tr\\\/urun\\\/kabul-edilmek-ueye-olmak-abonelik\\\/\",\"url\":\"https:\\\/\\\/be-accepted.com\\\/tr\\\/urun\\\/kabul-edilmek-ueye-olmak-abonelik\\\/\",\"name\":\"Kabul edilmek \u00dcye olmak Abonelik - Be accepted\",\"isPartOf\":{\"@id\":\"https:\\\/\\\/be-accepted.com\\\/tr\\\/#website\"},\"primaryImageOfPage\":{\"@id\":\"https:\\\/\\\/be-accepted.com\\\/tr\\\/urun\\\/kabul-edilmek-ueye-olmak-abonelik\\\/#primaryimage\"},\"image\":{\"@id\":\"https:\\\/\\\/be-accepted.com\\\/tr\\\/urun\\\/kabul-edilmek-ueye-olmak-abonelik\\\/#primaryimage\"},\"thumbnailUrl\":\"https:\\\/\\\/be-accepted.com\\\/wp-content\\\/uploads\\\/2022\\\/12\\\/Be_accepted_Oktopus.svg\",\"datePublished\":\"2024-06-12T12:13:01+00:00\",\"dateModified\":\"2025-12-10T15:00:47+00:00\",\"breadcrumb\":{\"@id\":\"https:\\\/\\\/be-accepted.com\\\/tr\\\/urun\\\/kabul-edilmek-ueye-olmak-abonelik\\\/#breadcrumb\"},\"inLanguage\":\"tr\",\"potentialAction\":[{\"@type\":\"ReadAction\",\"target\":[\"https:\\\/\\\/be-accepted.com\\\/tr\\\/urun\\\/kabul-edilmek-ueye-olmak-abonelik\\\/\"]}]},{\"@type\":\"ImageObject\",\"inLanguage\":\"tr\",\"@id\":\"https:\\\/\\\/be-accepted.com\\\/tr\\\/urun\\\/kabul-edilmek-ueye-olmak-abonelik\\\/#primaryimage\",\"url\":\"https:\\\/\\\/be-accepted.com\\\/wp-content\\\/uploads\\\/2022\\\/12\\\/Be_accepted_Oktopus.svg\",\"contentUrl\":\"https:\\\/\\\/be-accepted.com\\\/wp-content\\\/uploads\\\/2022\\\/12\\\/Be_accepted_Oktopus.svg\"},{\"@type\":\"BreadcrumbList\",\"@id\":\"https:\\\/\\\/be-accepted.com\\\/tr\\\/urun\\\/kabul-edilmek-ueye-olmak-abonelik\\\/#breadcrumb\",\"itemListElement\":[{\"@type\":\"ListItem\",\"position\":1,\"name\":\"Startseite\",\"item\":\"https:\\\/\\\/be-accepted.com\\\/tr\\\/kabul-edilmek\\\/\"},{\"@type\":\"ListItem\",\"position\":2,\"name\":\"Ma\u011faza\",\"item\":\"https:\\\/\\\/be-accepted.com\\\/tr\\\/magaza\\\/\"},{\"@type\":\"ListItem\",\"position\":3,\"name\":\"Kabul edilmek \u00dcye olmak Abonelik\"}]},{\"@type\":\"WebSite\",\"@id\":\"https:\\\/\\\/be-accepted.com\\\/tr\\\/#website\",\"url\":\"https:\\\/\\\/be-accepted.com\\\/tr\\\/\",\"name\":\"Be accepted\",\"description\":\"Be accepted by Caro\",\"publisher\":{\"@id\":\"https:\\\/\\\/be-accepted.com\\\/tr\\\/#organization\"},\"potentialAction\":[{\"@type\":\"SearchAction\",\"target\":{\"@type\":\"EntryPoint\",\"urlTemplate\":\"https:\\\/\\\/be-accepted.com\\\/tr\\\/?s={search_term_string}\"},\"query-input\":{\"@type\":\"PropertyValueSpecification\",\"valueRequired\":true,\"valueName\":\"search_term_string\"}}],\"inLanguage\":\"tr\"},{\"@type\":\"Organization\",\"@id\":\"https:\\\/\\\/be-accepted.com\\\/tr\\\/#organization\",\"name\":\"BE accepted\",\"url\":\"https:\\\/\\\/be-accepted.com\\\/tr\\\/\",\"logo\":{\"@type\":\"ImageObject\",\"inLanguage\":\"tr\",\"@id\":\"https:\\\/\\\/be-accepted.com\\\/tr\\\/#\\\/schema\\\/logo\\\/image\\\/\",\"url\":\"\",\"contentUrl\":\"\",\"caption\":\"BE accepted\"},\"image\":{\"@id\":\"https:\\\/\\\/be-accepted.com\\\/tr\\\/#\\\/schema\\\/logo\\\/image\\\/\"}}]}<\/script>\n<!-- \/ Yoast SEO plugin. -->","yoast_head_json":{"title":"Kabul edilmek \u00dcye olmak Abonelik - Be accepted","robots":{"index":"index","follow":"follow","max-snippet":"max-snippet:-1","max-image-preview":"max-image-preview:large","max-video-preview":"max-video-preview:-1"},"canonical":"https:\/\/be-accepted.com\/tr\/urun\/kabul-edilmek-ueye-olmak-abonelik\/","og_locale":"tr_TR","og_type":"article","og_title":"Kabul edilmek \u00dcye olmak Abonelik - Be accepted","og_description":"Derginin \u00f6zel i\u00e7eri\u011fine ve hasta avatar\u0131m\u0131za y\u0131ll\u0131k 22 EUR kar\u015f\u0131l\u0131\u011f\u0131nda eri\u015fim.","og_url":"https:\/\/be-accepted.com\/tr\/urun\/kabul-edilmek-ueye-olmak-abonelik\/","og_site_name":"Be accepted","article_modified_time":"2025-12-10T15:00:47+00:00","twitter_card":"summary_large_image","schema":{"@context":"https:\/\/schema.org","@graph":[{"@type":"WebPage","@id":"https:\/\/be-accepted.com\/tr\/urun\/kabul-edilmek-ueye-olmak-abonelik\/","url":"https:\/\/be-accepted.com\/tr\/urun\/kabul-edilmek-ueye-olmak-abonelik\/","name":"Kabul edilmek \u00dcye olmak Abonelik - Be accepted","isPartOf":{"@id":"https:\/\/be-accepted.com\/tr\/#website"},"primaryImageOfPage":{"@id":"https:\/\/be-accepted.com\/tr\/urun\/kabul-edilmek-ueye-olmak-abonelik\/#primaryimage"},"image":{"@id":"https:\/\/be-accepted.com\/tr\/urun\/kabul-edilmek-ueye-olmak-abonelik\/#primaryimage"},"thumbnailUrl":"https:\/\/be-accepted.com\/wp-content\/uploads\/2022\/12\/Be_accepted_Oktopus.svg","datePublished":"2024-06-12T12:13:01+00:00","dateModified":"2025-12-10T15:00:47+00:00","breadcrumb":{"@id":"https:\/\/be-accepted.com\/tr\/urun\/kabul-edilmek-ueye-olmak-abonelik\/#breadcrumb"},"inLanguage":"tr","potentialAction":[{"@type":"ReadAction","target":["https:\/\/be-accepted.com\/tr\/urun\/kabul-edilmek-ueye-olmak-abonelik\/"]}]},{"@type":"ImageObject","inLanguage":"tr","@id":"https:\/\/be-accepted.com\/tr\/urun\/kabul-edilmek-ueye-olmak-abonelik\/#primaryimage","url":"https:\/\/be-accepted.com\/wp-content\/uploads\/2022\/12\/Be_accepted_Oktopus.svg","contentUrl":"https:\/\/be-accepted.com\/wp-content\/uploads\/2022\/12\/Be_accepted_Oktopus.svg"},{"@type":"BreadcrumbList","@id":"https:\/\/be-accepted.com\/tr\/urun\/kabul-edilmek-ueye-olmak-abonelik\/#breadcrumb","itemListElement":[{"@type":"ListItem","position":1,"name":"Startseite","item":"https:\/\/be-accepted.com\/tr\/kabul-edilmek\/"},{"@type":"ListItem","position":2,"name":"Ma\u011faza","item":"https:\/\/be-accepted.com\/tr\/magaza\/"},{"@type":"ListItem","position":3,"name":"Kabul edilmek \u00dcye olmak Abonelik"}]},{"@type":"WebSite","@id":"https:\/\/be-accepted.com\/tr\/#website","url":"https:\/\/be-accepted.com\/tr\/","name":"Be accepted","description":"Be accepted by Caro","publisher":{"@id":"https:\/\/be-accepted.com\/tr\/#organization"},"potentialAction":[{"@type":"SearchAction","target":{"@type":"EntryPoint","urlTemplate":"https:\/\/be-accepted.com\/tr\/?s={search_term_string}"},"query-input":{"@type":"PropertyValueSpecification","valueRequired":true,"valueName":"search_term_string"}}],"inLanguage":"tr"},{"@type":"Organization","@id":"https:\/\/be-accepted.com\/tr\/#organization","name":"BE accepted","url":"https:\/\/be-accepted.com\/tr\/","logo":{"@type":"ImageObject","inLanguage":"tr","@id":"https:\/\/be-accepted.com\/tr\/#\/schema\/logo\/image\/","url":"","contentUrl":"","caption":"BE accepted"},"image":{"@id":"https:\/\/be-accepted.com\/tr\/#\/schema\/logo\/image\/"}}]}},"_links":{"self":[{"href":"https:\/\/be-accepted.com\/tr\/wp-json\/wp\/v2\/product\/28884","targetHints":{"allow":["GET"]}}],"collection":[{"href":"https:\/\/be-accepted.com\/tr\/wp-json\/wp\/v2\/product"}],"about":[{"href":"https:\/\/be-accepted.com\/tr\/wp-json\/wp\/v2\/types\/product"}],"version-history":[{"count":0,"href":"https:\/\/be-accepted.com\/tr\/wp-json\/wp\/v2\/product\/28884\/revisions"}],"wp:featuredmedia":[{"embeddable":true,"href":"https:\/\/be-accepted.com\/tr\/wp-json\/wp\/v2\/media\/35639"}],"wp:attachment":[{"href":"https:\/\/be-accepted.com\/tr\/wp-json\/wp\/v2\/media?parent=28884"}],"wp:term":[{"taxonomy":"product_brand","embeddable":true,"href":"https:\/\/be-accepted.com\/tr\/wp-json\/wp\/v2\/product_brand?post=28884"},{"taxonomy":"product_cat","embeddable":true,"href":"https:\/\/be-accepted.com\/tr\/wp-json\/wp\/v2\/product_cat?post=28884"},{"taxonomy":"product_tag","embeddable":true,"href":"https:\/\/be-accepted.com\/tr\/wp-json\/wp\/v2\/product_tag?post=28884"}],"curies":[{"name":"wp","href":"https:\/\/api.w.org\/{rel}","templated":true}]}}