{"id":35697,"date":"2025-11-11T09:28:51","date_gmt":"2025-11-11T09:28:51","guid":{"rendered":"https:\/\/be-accepted.com\/product\/kristalli-kuecuek-altin-ahtapot-bros\/"},"modified":"2025-11-11T09:32:06","modified_gmt":"2025-11-11T09:32:06","slug":"kristalli-kuecuek-altin-ahtapot-bros","status":"publish","type":"product","link":"https:\/\/be-accepted.com\/tr\/urun\/kristalli-kuecuek-altin-ahtapot-bros\/","title":{"rendered":"Kristalli k\u00fc\u00e7\u00fck alt\u0131n ahtapot bro\u015f"},"content":{"rendered":"<p data-start=\"86\" data-end=\"442\">Bu zarif, kompakt ahtapot bro\u015f (yakla\u015f\u0131k 3,4 \u00d7 3,4 cm) \u015f\u0131k tasar\u0131m\u0131 ve y\u00fcksek kaliteli i\u015f\u00e7ili\u011fiyle etkileyicidir. Sofistike bir alt\u0131n kaplamaya sahip metalden yap\u0131lm\u0131\u015f olan bro\u015f, y\u00fczeyi \u015feffaf kristallerle s\u00fcslenmi\u015f ince i\u015f\u00e7ilikli bir ahtapota sahiptir. Bu, m\u00fccevher par\u00e7as\u0131na ince ama zarif bir parlakl\u0131k verir.  <\/p>\n<p data-start=\"444\" data-end=\"720\" data-is-last-node=\"\" data-is-only-node=\"\">Bro\u015f bireysellik, g\u00fc\u00e7 ve ifade g\u00fcc\u00fc anlam\u0131na gelir &#8211; sembolik anlam\u0131 olan sade \u015f\u0131kl\u0131\u011f\u0131 takdir eden herkes i\u00e7in m\u00fckemmeldir. Hem g\u00fcnl\u00fck ya\u015famda hem de \u00f6zel g\u00fcnlerde etkileyecek \u015f\u0131k bir aksesuar. <\/p>\n","protected":false},"excerpt":{"rendered":"<p>Bu zarif, kompakt ahtapot bro\u015f (yakla\u015f\u0131k 3,4 \u00d7 3,4 cm) \u015f\u0131k tasar\u0131m\u0131 ve y\u00fcksek kaliteli i\u015f\u00e7ili\u011fiyle etkileyicidir. Sofistike bir alt\u0131n kaplamaya sahip metalden yap\u0131lm\u0131\u015f olan bro\u015f, y\u00fczeyi \u015feffaf kristallerle s\u00fcslenmi\u015f ince i\u015f\u00e7ilikli bir ahtapota sahiptir. Bu, m\u00fccevher par\u00e7as\u0131na ince ama zarif bir parlakl\u0131k verir. Bro\u015f bireysellik, g\u00fc\u00e7 ve ifade g\u00fcc\u00fc anlam\u0131na gelir &#8211; sembolik anlam\u0131 [&hellip;]<\/p>\n","protected":false},"featured_media":35688,"template":"","meta":{"_acf_changed":false},"product_brand":[],"product_cat":[370],"product_tag":[],"class_list":{"0":"post-35697","1":"product","2":"type-product","3":"status-publish","4":"has-post-thumbnail","6":"product_cat-kabul-edilmek","8":"first","9":"instock","10":"taxable","11":"shipping-taxable","12":"purchasable","13":"product-type-simple"},"acf":[],"yoast_head":"<!-- This site is optimized with the Yoast SEO plugin v27.5 - https:\/\/yoast.com\/product\/yoast-seo-wordpress\/ -->\n<title>Kristalli k\u00fc\u00e7\u00fck alt\u0131n ahtapot bro\u015f - Be accepted<\/title>\n<meta name=\"description\" content=\"Kristalli k\u00fc\u00e7\u00fck alt\u0131n ahtapot bro\u015f\" \/>\n<meta name=\"robots\" content=\"index, follow, max-snippet:-1, max-image-preview:large, max-video-preview:-1\" \/>\n<link rel=\"canonical\" href=\"https:\/\/be-accepted.com\/tr\/urun\/kristalli-kuecuek-altin-ahtapot-bros\/\" \/>\n<meta property=\"og:locale\" content=\"tr_TR\" \/>\n<meta property=\"og:type\" content=\"article\" \/>\n<meta property=\"og:title\" content=\"Kristalli k\u00fc\u00e7\u00fck alt\u0131n ahtapot bro\u015f - Be accepted\" \/>\n<meta property=\"og:description\" content=\"Kristalli k\u00fc\u00e7\u00fck alt\u0131n ahtapot bro\u015f\" \/>\n<meta property=\"og:url\" content=\"https:\/\/be-accepted.com\/tr\/urun\/kristalli-kuecuek-altin-ahtapot-bros\/\" \/>\n<meta property=\"og:site_name\" content=\"Be accepted\" \/>\n<meta property=\"article:modified_time\" content=\"2025-11-11T09:32:06+00:00\" \/>\n<meta property=\"og:image\" content=\"https:\/\/be-accepted.com\/wp-content\/uploads\/2025\/11\/IMG_5481.jpg\" \/>\n\t<meta property=\"og:image:width\" content=\"614\" \/>\n\t<meta property=\"og:image:height\" content=\"518\" \/>\n\t<meta property=\"og:image:type\" content=\"image\/jpeg\" \/>\n<meta name=\"twitter:card\" content=\"summary_large_image\" \/>\n<script type=\"application\/ld+json\" class=\"yoast-schema-graph\">{\"@context\":\"https:\\\/\\\/schema.org\",\"@graph\":[{\"@type\":\"WebPage\",\"@id\":\"https:\\\/\\\/be-accepted.com\\\/tr\\\/urun\\\/kristalli-kuecuek-altin-ahtapot-bros\\\/\",\"url\":\"https:\\\/\\\/be-accepted.com\\\/tr\\\/urun\\\/kristalli-kuecuek-altin-ahtapot-bros\\\/\",\"name\":\"Kristalli k\u00fc\u00e7\u00fck alt\u0131n ahtapot bro\u015f - Be accepted\",\"isPartOf\":{\"@id\":\"https:\\\/\\\/be-accepted.com\\\/tr\\\/#website\"},\"primaryImageOfPage\":{\"@id\":\"https:\\\/\\\/be-accepted.com\\\/tr\\\/urun\\\/kristalli-kuecuek-altin-ahtapot-bros\\\/#primaryimage\"},\"image\":{\"@id\":\"https:\\\/\\\/be-accepted.com\\\/tr\\\/urun\\\/kristalli-kuecuek-altin-ahtapot-bros\\\/#primaryimage\"},\"thumbnailUrl\":\"https:\\\/\\\/be-accepted.com\\\/wp-content\\\/uploads\\\/2025\\\/11\\\/IMG_5481.jpg\",\"datePublished\":\"2025-11-11T09:28:51+00:00\",\"dateModified\":\"2025-11-11T09:32:06+00:00\",\"description\":\"Kristalli k\u00fc\u00e7\u00fck alt\u0131n ahtapot bro\u015f\",\"breadcrumb\":{\"@id\":\"https:\\\/\\\/be-accepted.com\\\/tr\\\/urun\\\/kristalli-kuecuek-altin-ahtapot-bros\\\/#breadcrumb\"},\"inLanguage\":\"tr\",\"potentialAction\":[{\"@type\":\"ReadAction\",\"target\":[\"https:\\\/\\\/be-accepted.com\\\/tr\\\/urun\\\/kristalli-kuecuek-altin-ahtapot-bros\\\/\"]}]},{\"@type\":\"ImageObject\",\"inLanguage\":\"tr\",\"@id\":\"https:\\\/\\\/be-accepted.com\\\/tr\\\/urun\\\/kristalli-kuecuek-altin-ahtapot-bros\\\/#primaryimage\",\"url\":\"https:\\\/\\\/be-accepted.com\\\/wp-content\\\/uploads\\\/2025\\\/11\\\/IMG_5481.jpg\",\"contentUrl\":\"https:\\\/\\\/be-accepted.com\\\/wp-content\\\/uploads\\\/2025\\\/11\\\/IMG_5481.jpg\",\"width\":614,\"height\":518},{\"@type\":\"BreadcrumbList\",\"@id\":\"https:\\\/\\\/be-accepted.com\\\/tr\\\/urun\\\/kristalli-kuecuek-altin-ahtapot-bros\\\/#breadcrumb\",\"itemListElement\":[{\"@type\":\"ListItem\",\"position\":1,\"name\":\"Startseite\",\"item\":\"https:\\\/\\\/be-accepted.com\\\/tr\\\/kabul-edilmek\\\/\"},{\"@type\":\"ListItem\",\"position\":2,\"name\":\"Ma\u011faza\",\"item\":\"https:\\\/\\\/be-accepted.com\\\/tr\\\/magaza\\\/\"},{\"@type\":\"ListItem\",\"position\":3,\"name\":\"Kristalli k\u00fc\u00e7\u00fck alt\u0131n ahtapot bro\u015f\"}]},{\"@type\":\"WebSite\",\"@id\":\"https:\\\/\\\/be-accepted.com\\\/tr\\\/#website\",\"url\":\"https:\\\/\\\/be-accepted.com\\\/tr\\\/\",\"name\":\"Be accepted\",\"description\":\"Be accepted by Caro\",\"publisher\":{\"@id\":\"https:\\\/\\\/be-accepted.com\\\/tr\\\/#organization\"},\"potentialAction\":[{\"@type\":\"SearchAction\",\"target\":{\"@type\":\"EntryPoint\",\"urlTemplate\":\"https:\\\/\\\/be-accepted.com\\\/tr\\\/?s={search_term_string}\"},\"query-input\":{\"@type\":\"PropertyValueSpecification\",\"valueRequired\":true,\"valueName\":\"search_term_string\"}}],\"inLanguage\":\"tr\"},{\"@type\":\"Organization\",\"@id\":\"https:\\\/\\\/be-accepted.com\\\/tr\\\/#organization\",\"name\":\"BE accepted\",\"url\":\"https:\\\/\\\/be-accepted.com\\\/tr\\\/\",\"logo\":{\"@type\":\"ImageObject\",\"inLanguage\":\"tr\",\"@id\":\"https:\\\/\\\/be-accepted.com\\\/tr\\\/#\\\/schema\\\/logo\\\/image\\\/\",\"url\":\"\",\"contentUrl\":\"\",\"caption\":\"BE accepted\"},\"image\":{\"@id\":\"https:\\\/\\\/be-accepted.com\\\/tr\\\/#\\\/schema\\\/logo\\\/image\\\/\"}}]}<\/script>\n<!-- \/ Yoast SEO plugin. -->","yoast_head_json":{"title":"Kristalli k\u00fc\u00e7\u00fck alt\u0131n ahtapot bro\u015f - Be accepted","description":"Kristalli k\u00fc\u00e7\u00fck alt\u0131n ahtapot bro\u015f","robots":{"index":"index","follow":"follow","max-snippet":"max-snippet:-1","max-image-preview":"max-image-preview:large","max-video-preview":"max-video-preview:-1"},"canonical":"https:\/\/be-accepted.com\/tr\/urun\/kristalli-kuecuek-altin-ahtapot-bros\/","og_locale":"tr_TR","og_type":"article","og_title":"Kristalli k\u00fc\u00e7\u00fck alt\u0131n ahtapot bro\u015f - Be accepted","og_description":"Kristalli k\u00fc\u00e7\u00fck alt\u0131n ahtapot bro\u015f","og_url":"https:\/\/be-accepted.com\/tr\/urun\/kristalli-kuecuek-altin-ahtapot-bros\/","og_site_name":"Be accepted","article_modified_time":"2025-11-11T09:32:06+00:00","og_image":[{"width":614,"height":518,"url":"https:\/\/be-accepted.com\/wp-content\/uploads\/2025\/11\/IMG_5481.jpg","type":"image\/jpeg"}],"twitter_card":"summary_large_image","schema":{"@context":"https:\/\/schema.org","@graph":[{"@type":"WebPage","@id":"https:\/\/be-accepted.com\/tr\/urun\/kristalli-kuecuek-altin-ahtapot-bros\/","url":"https:\/\/be-accepted.com\/tr\/urun\/kristalli-kuecuek-altin-ahtapot-bros\/","name":"Kristalli k\u00fc\u00e7\u00fck alt\u0131n ahtapot bro\u015f - Be accepted","isPartOf":{"@id":"https:\/\/be-accepted.com\/tr\/#website"},"primaryImageOfPage":{"@id":"https:\/\/be-accepted.com\/tr\/urun\/kristalli-kuecuek-altin-ahtapot-bros\/#primaryimage"},"image":{"@id":"https:\/\/be-accepted.com\/tr\/urun\/kristalli-kuecuek-altin-ahtapot-bros\/#primaryimage"},"thumbnailUrl":"https:\/\/be-accepted.com\/wp-content\/uploads\/2025\/11\/IMG_5481.jpg","datePublished":"2025-11-11T09:28:51+00:00","dateModified":"2025-11-11T09:32:06+00:00","description":"Kristalli k\u00fc\u00e7\u00fck alt\u0131n ahtapot bro\u015f","breadcrumb":{"@id":"https:\/\/be-accepted.com\/tr\/urun\/kristalli-kuecuek-altin-ahtapot-bros\/#breadcrumb"},"inLanguage":"tr","potentialAction":[{"@type":"ReadAction","target":["https:\/\/be-accepted.com\/tr\/urun\/kristalli-kuecuek-altin-ahtapot-bros\/"]}]},{"@type":"ImageObject","inLanguage":"tr","@id":"https:\/\/be-accepted.com\/tr\/urun\/kristalli-kuecuek-altin-ahtapot-bros\/#primaryimage","url":"https:\/\/be-accepted.com\/wp-content\/uploads\/2025\/11\/IMG_5481.jpg","contentUrl":"https:\/\/be-accepted.com\/wp-content\/uploads\/2025\/11\/IMG_5481.jpg","width":614,"height":518},{"@type":"BreadcrumbList","@id":"https:\/\/be-accepted.com\/tr\/urun\/kristalli-kuecuek-altin-ahtapot-bros\/#breadcrumb","itemListElement":[{"@type":"ListItem","position":1,"name":"Startseite","item":"https:\/\/be-accepted.com\/tr\/kabul-edilmek\/"},{"@type":"ListItem","position":2,"name":"Ma\u011faza","item":"https:\/\/be-accepted.com\/tr\/magaza\/"},{"@type":"ListItem","position":3,"name":"Kristalli k\u00fc\u00e7\u00fck alt\u0131n ahtapot bro\u015f"}]},{"@type":"WebSite","@id":"https:\/\/be-accepted.com\/tr\/#website","url":"https:\/\/be-accepted.com\/tr\/","name":"Be accepted","description":"Be accepted by Caro","publisher":{"@id":"https:\/\/be-accepted.com\/tr\/#organization"},"potentialAction":[{"@type":"SearchAction","target":{"@type":"EntryPoint","urlTemplate":"https:\/\/be-accepted.com\/tr\/?s={search_term_string}"},"query-input":{"@type":"PropertyValueSpecification","valueRequired":true,"valueName":"search_term_string"}}],"inLanguage":"tr"},{"@type":"Organization","@id":"https:\/\/be-accepted.com\/tr\/#organization","name":"BE accepted","url":"https:\/\/be-accepted.com\/tr\/","logo":{"@type":"ImageObject","inLanguage":"tr","@id":"https:\/\/be-accepted.com\/tr\/#\/schema\/logo\/image\/","url":"","contentUrl":"","caption":"BE accepted"},"image":{"@id":"https:\/\/be-accepted.com\/tr\/#\/schema\/logo\/image\/"}}]}},"_links":{"self":[{"href":"https:\/\/be-accepted.com\/tr\/wp-json\/wp\/v2\/product\/35697","targetHints":{"allow":["GET"]}}],"collection":[{"href":"https:\/\/be-accepted.com\/tr\/wp-json\/wp\/v2\/product"}],"about":[{"href":"https:\/\/be-accepted.com\/tr\/wp-json\/wp\/v2\/types\/product"}],"version-history":[{"count":0,"href":"https:\/\/be-accepted.com\/tr\/wp-json\/wp\/v2\/product\/35697\/revisions"}],"wp:featuredmedia":[{"embeddable":true,"href":"https:\/\/be-accepted.com\/tr\/wp-json\/wp\/v2\/media\/35688"}],"wp:attachment":[{"href":"https:\/\/be-accepted.com\/tr\/wp-json\/wp\/v2\/media?parent=35697"}],"wp:term":[{"taxonomy":"product_brand","embeddable":true,"href":"https:\/\/be-accepted.com\/tr\/wp-json\/wp\/v2\/product_brand?post=35697"},{"taxonomy":"product_cat","embeddable":true,"href":"https:\/\/be-accepted.com\/tr\/wp-json\/wp\/v2\/product_cat?post=35697"},{"taxonomy":"product_tag","embeddable":true,"href":"https:\/\/be-accepted.com\/tr\/wp-json\/wp\/v2\/product_tag?post=35697"}],"curies":[{"name":"wp","href":"https:\/\/api.w.org\/{rel}","templated":true}]}}