{"id":35718,"date":"2025-11-11T09:27:39","date_gmt":"2025-11-11T09:27:39","guid":{"rendered":"https:\/\/be-accepted.com\/product\/eflatun-pembe-ve-goekkusagi-renklerinde-elmas-tasli-mat-altin-ahtapot-bros\/"},"modified":"2025-11-11T09:32:05","modified_gmt":"2025-11-11T09:32:05","slug":"eflatun-pembe-ve-goekkusagi-renklerinde-elmas-tasli-mat-altin-ahtapot-bros","status":"publish","type":"product","link":"https:\/\/be-accepted.com\/tr\/urun\/eflatun-pembe-ve-goekkusagi-renklerinde-elmas-tasli-mat-altin-ahtapot-bros\/","title":{"rendered":"Eflatun, pembe ve g\u00f6kku\u015fa\u011f\u0131 renklerinde elmas ta\u015fl\u0131 mat alt\u0131n ahtapot bro\u015f"},"content":{"rendered":"<p data-start=\"96\" data-end=\"411\">Bu ustal\u0131kla tasarlanm\u0131\u015f ahtapot bro\u015f (yakla\u015f\u0131k 4,5 \u00d7 4 cm) denizcilik cazibesini sofistike bir zarafetle birle\u015ftiriyor. Mat alt\u0131n renginde y\u00fcksek kaliteli metalden \u00fcretilen bro\u015f, detayl\u0131 tasar\u0131m\u0131 ve sevgiyle yerle\u015ftirilmi\u015f eflatun, pembe ve yanard\u00f6ner g\u00f6kku\u015fa\u011f\u0131 renklerindeki yapay elmaslar\u0131yla etkileyicidir. <\/p>\n<p data-start=\"413\" data-end=\"602\">I\u015f\u0131lt\u0131l\u0131 ta\u015flar \u0131\u015f\u0131\u011f\u0131 b\u00fcy\u00fcleyici n\u00fcanslarla yans\u0131t\u0131r ve bro\u015fa canl\u0131, e\u011flenceli bir g\u00f6r\u00fcn\u00fcm verir &#8211; sanki ahtapot hareket ediyormu\u015f gibi.<\/p>\n<p data-start=\"604\" data-end=\"818\" data-is-last-node=\"\" data-is-only-node=\"\">\u0130ster blazer ceket, ister elbise, ister e\u015farp ya da el \u00e7antas\u0131 \u00fczerinde \u015f\u0131k bir vurgu olarak kullan\u0131ls\u0131n, bu s\u0131ra d\u0131\u015f\u0131 m\u00fccevher par\u00e7as\u0131 herkesin dikkatini \u00e7ekecek ve kendine g\u00fcvenen, bireysel bir moda anlay\u0131\u015f\u0131n\u0131n alt\u0131n\u0131 \u00e7izecektir.<\/p>\n","protected":false},"excerpt":{"rendered":"<p>Bu ustal\u0131kla tasarlanm\u0131\u015f ahtapot bro\u015f (yakla\u015f\u0131k 4,5 \u00d7 4 cm) denizcilik cazibesini sofistike bir zarafetle birle\u015ftiriyor. Mat alt\u0131n renginde y\u00fcksek kaliteli metalden \u00fcretilen bro\u015f, detayl\u0131 tasar\u0131m\u0131 ve sevgiyle yerle\u015ftirilmi\u015f eflatun, pembe ve yanard\u00f6ner g\u00f6kku\u015fa\u011f\u0131 renklerindeki yapay elmaslar\u0131yla etkileyicidir. I\u015f\u0131lt\u0131l\u0131 ta\u015flar \u0131\u015f\u0131\u011f\u0131 b\u00fcy\u00fcleyici n\u00fcanslarla yans\u0131t\u0131r ve bro\u015fa canl\u0131, e\u011flenceli bir g\u00f6r\u00fcn\u00fcm verir &#8211; sanki ahtapot hareket [&hellip;]<\/p>\n","protected":false},"featured_media":35689,"template":"","meta":{"_acf_changed":false},"product_brand":[],"product_cat":[370],"product_tag":[],"class_list":{"0":"post-35718","1":"product","2":"type-product","3":"status-publish","4":"has-post-thumbnail","6":"product_cat-kabul-edilmek","8":"first","9":"instock","10":"taxable","11":"shipping-taxable","12":"purchasable","13":"product-type-simple"},"acf":[],"yoast_head":"<!-- This site is optimized with the Yoast SEO plugin v27.5 - https:\/\/yoast.com\/product\/yoast-seo-wordpress\/ -->\n<title>Eflatun, pembe ve g\u00f6kku\u015fa\u011f\u0131 renklerinde elmas ta\u015fl\u0131 mat alt\u0131n ahtapot bro\u015f<\/title>\n<meta name=\"description\" content=\"Eflatun, pembe ve g\u00f6kku\u015fa\u011f\u0131 renklerinde elmas ta\u015fl\u0131 mat alt\u0131n ahtapot bro\u015f\" \/>\n<meta name=\"robots\" content=\"index, follow, max-snippet:-1, max-image-preview:large, max-video-preview:-1\" \/>\n<link rel=\"canonical\" href=\"https:\/\/be-accepted.com\/tr\/urun\/eflatun-pembe-ve-goekkusagi-renklerinde-elmas-tasli-mat-altin-ahtapot-bros\/\" \/>\n<meta property=\"og:locale\" content=\"tr_TR\" \/>\n<meta property=\"og:type\" content=\"article\" \/>\n<meta property=\"og:title\" content=\"Eflatun, pembe ve g\u00f6kku\u015fa\u011f\u0131 renklerinde elmas ta\u015fl\u0131 mat alt\u0131n ahtapot bro\u015f\" \/>\n<meta property=\"og:description\" content=\"Eflatun, pembe ve g\u00f6kku\u015fa\u011f\u0131 renklerinde elmas ta\u015fl\u0131 mat alt\u0131n ahtapot bro\u015f\" \/>\n<meta property=\"og:url\" content=\"https:\/\/be-accepted.com\/tr\/urun\/eflatun-pembe-ve-goekkusagi-renklerinde-elmas-tasli-mat-altin-ahtapot-bros\/\" \/>\n<meta property=\"og:site_name\" content=\"Be accepted\" \/>\n<meta property=\"article:modified_time\" content=\"2025-11-11T09:32:05+00:00\" \/>\n<meta property=\"og:image\" content=\"https:\/\/be-accepted.com\/wp-content\/uploads\/2025\/11\/IMG_5671.jpg\" \/>\n\t<meta property=\"og:image:width\" content=\"640\" \/>\n\t<meta property=\"og:image:height\" content=\"636\" \/>\n\t<meta property=\"og:image:type\" content=\"image\/jpeg\" \/>\n<meta name=\"twitter:card\" content=\"summary_large_image\" \/>\n<meta name=\"twitter:label1\" content=\"Tahmini okuma s\u00fcresi\" \/>\n\t<meta name=\"twitter:data1\" content=\"1 dakika\" \/>\n<script type=\"application\/ld+json\" class=\"yoast-schema-graph\">{\"@context\":\"https:\\\/\\\/schema.org\",\"@graph\":[{\"@type\":\"WebPage\",\"@id\":\"https:\\\/\\\/be-accepted.com\\\/tr\\\/urun\\\/eflatun-pembe-ve-goekkusagi-renklerinde-elmas-tasli-mat-altin-ahtapot-bros\\\/\",\"url\":\"https:\\\/\\\/be-accepted.com\\\/tr\\\/urun\\\/eflatun-pembe-ve-goekkusagi-renklerinde-elmas-tasli-mat-altin-ahtapot-bros\\\/\",\"name\":\"Eflatun, pembe ve g\u00f6kku\u015fa\u011f\u0131 renklerinde elmas ta\u015fl\u0131 mat alt\u0131n ahtapot bro\u015f\",\"isPartOf\":{\"@id\":\"https:\\\/\\\/be-accepted.com\\\/tr\\\/#website\"},\"primaryImageOfPage\":{\"@id\":\"https:\\\/\\\/be-accepted.com\\\/tr\\\/urun\\\/eflatun-pembe-ve-goekkusagi-renklerinde-elmas-tasli-mat-altin-ahtapot-bros\\\/#primaryimage\"},\"image\":{\"@id\":\"https:\\\/\\\/be-accepted.com\\\/tr\\\/urun\\\/eflatun-pembe-ve-goekkusagi-renklerinde-elmas-tasli-mat-altin-ahtapot-bros\\\/#primaryimage\"},\"thumbnailUrl\":\"https:\\\/\\\/be-accepted.com\\\/wp-content\\\/uploads\\\/2025\\\/11\\\/IMG_5671.jpg\",\"datePublished\":\"2025-11-11T09:27:39+00:00\",\"dateModified\":\"2025-11-11T09:32:05+00:00\",\"description\":\"Eflatun, pembe ve g\u00f6kku\u015fa\u011f\u0131 renklerinde elmas ta\u015fl\u0131 mat alt\u0131n ahtapot bro\u015f\",\"breadcrumb\":{\"@id\":\"https:\\\/\\\/be-accepted.com\\\/tr\\\/urun\\\/eflatun-pembe-ve-goekkusagi-renklerinde-elmas-tasli-mat-altin-ahtapot-bros\\\/#breadcrumb\"},\"inLanguage\":\"tr\",\"potentialAction\":[{\"@type\":\"ReadAction\",\"target\":[\"https:\\\/\\\/be-accepted.com\\\/tr\\\/urun\\\/eflatun-pembe-ve-goekkusagi-renklerinde-elmas-tasli-mat-altin-ahtapot-bros\\\/\"]}]},{\"@type\":\"ImageObject\",\"inLanguage\":\"tr\",\"@id\":\"https:\\\/\\\/be-accepted.com\\\/tr\\\/urun\\\/eflatun-pembe-ve-goekkusagi-renklerinde-elmas-tasli-mat-altin-ahtapot-bros\\\/#primaryimage\",\"url\":\"https:\\\/\\\/be-accepted.com\\\/wp-content\\\/uploads\\\/2025\\\/11\\\/IMG_5671.jpg\",\"contentUrl\":\"https:\\\/\\\/be-accepted.com\\\/wp-content\\\/uploads\\\/2025\\\/11\\\/IMG_5671.jpg\",\"width\":640,\"height\":636},{\"@type\":\"BreadcrumbList\",\"@id\":\"https:\\\/\\\/be-accepted.com\\\/tr\\\/urun\\\/eflatun-pembe-ve-goekkusagi-renklerinde-elmas-tasli-mat-altin-ahtapot-bros\\\/#breadcrumb\",\"itemListElement\":[{\"@type\":\"ListItem\",\"position\":1,\"name\":\"Startseite\",\"item\":\"https:\\\/\\\/be-accepted.com\\\/tr\\\/kabul-edilmek\\\/\"},{\"@type\":\"ListItem\",\"position\":2,\"name\":\"Ma\u011faza\",\"item\":\"https:\\\/\\\/be-accepted.com\\\/tr\\\/magaza\\\/\"},{\"@type\":\"ListItem\",\"position\":3,\"name\":\"Eflatun, pembe ve g\u00f6kku\u015fa\u011f\u0131 renklerinde elmas ta\u015fl\u0131 mat alt\u0131n ahtapot bro\u015f\"}]},{\"@type\":\"WebSite\",\"@id\":\"https:\\\/\\\/be-accepted.com\\\/tr\\\/#website\",\"url\":\"https:\\\/\\\/be-accepted.com\\\/tr\\\/\",\"name\":\"Be accepted\",\"description\":\"Be accepted by Caro\",\"publisher\":{\"@id\":\"https:\\\/\\\/be-accepted.com\\\/tr\\\/#organization\"},\"potentialAction\":[{\"@type\":\"SearchAction\",\"target\":{\"@type\":\"EntryPoint\",\"urlTemplate\":\"https:\\\/\\\/be-accepted.com\\\/tr\\\/?s={search_term_string}\"},\"query-input\":{\"@type\":\"PropertyValueSpecification\",\"valueRequired\":true,\"valueName\":\"search_term_string\"}}],\"inLanguage\":\"tr\"},{\"@type\":\"Organization\",\"@id\":\"https:\\\/\\\/be-accepted.com\\\/tr\\\/#organization\",\"name\":\"BE accepted\",\"url\":\"https:\\\/\\\/be-accepted.com\\\/tr\\\/\",\"logo\":{\"@type\":\"ImageObject\",\"inLanguage\":\"tr\",\"@id\":\"https:\\\/\\\/be-accepted.com\\\/tr\\\/#\\\/schema\\\/logo\\\/image\\\/\",\"url\":\"\",\"contentUrl\":\"\",\"caption\":\"BE accepted\"},\"image\":{\"@id\":\"https:\\\/\\\/be-accepted.com\\\/tr\\\/#\\\/schema\\\/logo\\\/image\\\/\"}}]}<\/script>\n<!-- \/ Yoast SEO plugin. -->","yoast_head_json":{"title":"Eflatun, pembe ve g\u00f6kku\u015fa\u011f\u0131 renklerinde elmas ta\u015fl\u0131 mat alt\u0131n ahtapot bro\u015f","description":"Eflatun, pembe ve g\u00f6kku\u015fa\u011f\u0131 renklerinde elmas ta\u015fl\u0131 mat alt\u0131n ahtapot bro\u015f","robots":{"index":"index","follow":"follow","max-snippet":"max-snippet:-1","max-image-preview":"max-image-preview:large","max-video-preview":"max-video-preview:-1"},"canonical":"https:\/\/be-accepted.com\/tr\/urun\/eflatun-pembe-ve-goekkusagi-renklerinde-elmas-tasli-mat-altin-ahtapot-bros\/","og_locale":"tr_TR","og_type":"article","og_title":"Eflatun, pembe ve g\u00f6kku\u015fa\u011f\u0131 renklerinde elmas ta\u015fl\u0131 mat alt\u0131n ahtapot bro\u015f","og_description":"Eflatun, pembe ve g\u00f6kku\u015fa\u011f\u0131 renklerinde elmas ta\u015fl\u0131 mat alt\u0131n ahtapot bro\u015f","og_url":"https:\/\/be-accepted.com\/tr\/urun\/eflatun-pembe-ve-goekkusagi-renklerinde-elmas-tasli-mat-altin-ahtapot-bros\/","og_site_name":"Be accepted","article_modified_time":"2025-11-11T09:32:05+00:00","og_image":[{"width":640,"height":636,"url":"https:\/\/be-accepted.com\/wp-content\/uploads\/2025\/11\/IMG_5671.jpg","type":"image\/jpeg"}],"twitter_card":"summary_large_image","twitter_misc":{"Tahmini okuma s\u00fcresi":"1 dakika"},"schema":{"@context":"https:\/\/schema.org","@graph":[{"@type":"WebPage","@id":"https:\/\/be-accepted.com\/tr\/urun\/eflatun-pembe-ve-goekkusagi-renklerinde-elmas-tasli-mat-altin-ahtapot-bros\/","url":"https:\/\/be-accepted.com\/tr\/urun\/eflatun-pembe-ve-goekkusagi-renklerinde-elmas-tasli-mat-altin-ahtapot-bros\/","name":"Eflatun, pembe ve g\u00f6kku\u015fa\u011f\u0131 renklerinde elmas ta\u015fl\u0131 mat alt\u0131n ahtapot bro\u015f","isPartOf":{"@id":"https:\/\/be-accepted.com\/tr\/#website"},"primaryImageOfPage":{"@id":"https:\/\/be-accepted.com\/tr\/urun\/eflatun-pembe-ve-goekkusagi-renklerinde-elmas-tasli-mat-altin-ahtapot-bros\/#primaryimage"},"image":{"@id":"https:\/\/be-accepted.com\/tr\/urun\/eflatun-pembe-ve-goekkusagi-renklerinde-elmas-tasli-mat-altin-ahtapot-bros\/#primaryimage"},"thumbnailUrl":"https:\/\/be-accepted.com\/wp-content\/uploads\/2025\/11\/IMG_5671.jpg","datePublished":"2025-11-11T09:27:39+00:00","dateModified":"2025-11-11T09:32:05+00:00","description":"Eflatun, pembe ve g\u00f6kku\u015fa\u011f\u0131 renklerinde elmas ta\u015fl\u0131 mat alt\u0131n ahtapot bro\u015f","breadcrumb":{"@id":"https:\/\/be-accepted.com\/tr\/urun\/eflatun-pembe-ve-goekkusagi-renklerinde-elmas-tasli-mat-altin-ahtapot-bros\/#breadcrumb"},"inLanguage":"tr","potentialAction":[{"@type":"ReadAction","target":["https:\/\/be-accepted.com\/tr\/urun\/eflatun-pembe-ve-goekkusagi-renklerinde-elmas-tasli-mat-altin-ahtapot-bros\/"]}]},{"@type":"ImageObject","inLanguage":"tr","@id":"https:\/\/be-accepted.com\/tr\/urun\/eflatun-pembe-ve-goekkusagi-renklerinde-elmas-tasli-mat-altin-ahtapot-bros\/#primaryimage","url":"https:\/\/be-accepted.com\/wp-content\/uploads\/2025\/11\/IMG_5671.jpg","contentUrl":"https:\/\/be-accepted.com\/wp-content\/uploads\/2025\/11\/IMG_5671.jpg","width":640,"height":636},{"@type":"BreadcrumbList","@id":"https:\/\/be-accepted.com\/tr\/urun\/eflatun-pembe-ve-goekkusagi-renklerinde-elmas-tasli-mat-altin-ahtapot-bros\/#breadcrumb","itemListElement":[{"@type":"ListItem","position":1,"name":"Startseite","item":"https:\/\/be-accepted.com\/tr\/kabul-edilmek\/"},{"@type":"ListItem","position":2,"name":"Ma\u011faza","item":"https:\/\/be-accepted.com\/tr\/magaza\/"},{"@type":"ListItem","position":3,"name":"Eflatun, pembe ve g\u00f6kku\u015fa\u011f\u0131 renklerinde elmas ta\u015fl\u0131 mat alt\u0131n ahtapot bro\u015f"}]},{"@type":"WebSite","@id":"https:\/\/be-accepted.com\/tr\/#website","url":"https:\/\/be-accepted.com\/tr\/","name":"Be accepted","description":"Be accepted by Caro","publisher":{"@id":"https:\/\/be-accepted.com\/tr\/#organization"},"potentialAction":[{"@type":"SearchAction","target":{"@type":"EntryPoint","urlTemplate":"https:\/\/be-accepted.com\/tr\/?s={search_term_string}"},"query-input":{"@type":"PropertyValueSpecification","valueRequired":true,"valueName":"search_term_string"}}],"inLanguage":"tr"},{"@type":"Organization","@id":"https:\/\/be-accepted.com\/tr\/#organization","name":"BE accepted","url":"https:\/\/be-accepted.com\/tr\/","logo":{"@type":"ImageObject","inLanguage":"tr","@id":"https:\/\/be-accepted.com\/tr\/#\/schema\/logo\/image\/","url":"","contentUrl":"","caption":"BE accepted"},"image":{"@id":"https:\/\/be-accepted.com\/tr\/#\/schema\/logo\/image\/"}}]}},"_links":{"self":[{"href":"https:\/\/be-accepted.com\/tr\/wp-json\/wp\/v2\/product\/35718","targetHints":{"allow":["GET"]}}],"collection":[{"href":"https:\/\/be-accepted.com\/tr\/wp-json\/wp\/v2\/product"}],"about":[{"href":"https:\/\/be-accepted.com\/tr\/wp-json\/wp\/v2\/types\/product"}],"version-history":[{"count":0,"href":"https:\/\/be-accepted.com\/tr\/wp-json\/wp\/v2\/product\/35718\/revisions"}],"wp:featuredmedia":[{"embeddable":true,"href":"https:\/\/be-accepted.com\/tr\/wp-json\/wp\/v2\/media\/35689"}],"wp:attachment":[{"href":"https:\/\/be-accepted.com\/tr\/wp-json\/wp\/v2\/media?parent=35718"}],"wp:term":[{"taxonomy":"product_brand","embeddable":true,"href":"https:\/\/be-accepted.com\/tr\/wp-json\/wp\/v2\/product_brand?post=35718"},{"taxonomy":"product_cat","embeddable":true,"href":"https:\/\/be-accepted.com\/tr\/wp-json\/wp\/v2\/product_cat?post=35718"},{"taxonomy":"product_tag","embeddable":true,"href":"https:\/\/be-accepted.com\/tr\/wp-json\/wp\/v2\/product_tag?post=35718"}],"curies":[{"name":"wp","href":"https:\/\/api.w.org\/{rel}","templated":true}]}}